{"id":16923,"date":"2021-01-07T16:10:12","date_gmt":"2021-01-07T14:10:12","guid":{"rendered":"https:\/\/www.telelogos.com\/?page_id=16923"},"modified":"2025-08-27T10:06:10","modified_gmt":"2025-08-27T08:06:10","slug":"contact","status":"publish","type":"page","link":"https:\/\/www.telelogos.com\/en\/contact\/","title":{"rendered":"Contact us"},"content":{"rendered":"<div id=\"pl-16923\"  class=\"panel-layout\" ><div id=\"pg-16923-0\"  class=\"panel-grid panel-no-style\" ><div id=\"pgc-16923-0-0\"  class=\"panel-grid-cell\" ><div id=\"panel-16923-0-0-0\" class=\"so-panel widget widget_sow-editor panel-first-child\" data-index=\"0\" ><div\n\t\t\t\n\t\t\tclass=\"so-widget-sow-editor so-widget-sow-editor-base\"\n\t\t\t\n\t\t>\n<div class=\"siteorigin-widget-tinymce textwidget\">\n\t<div class=\"titre_tiret_bleu\">Our location<\/div>\n<\/div>\n<\/div><\/div><div id=\"panel-16923-0-0-1\" class=\"so-panel widget widget_sow-editor\" data-index=\"1\" ><div\n\t\t\t\n\t\t\tclass=\"so-widget-sow-editor so-widget-sow-editor-base\"\n\t\t\t\n\t\t>\n<div class=\"siteorigin-widget-tinymce textwidget\">\n\t<div id=\"pgc-w6038b279488da-0-0\" class=\"panel-grid-cell\" data-weight=\"0.15\">\n<div id=\"panel-w6038b279488da-0-0-0\" class=\"so-panel widget widget_sow-editor panel-first-child panel-last-child\" data-index=\"0\" data-style=\"{&quot;background_image_attachment&quot;:false,&quot;background_display&quot;:&quot;tile&quot;}\">\n<div class=\"so-widget-sow-editor so-widget-sow-editor-base\">\n<div class=\"siteorigin-widget-tinymce textwidget\">\n<p><img decoding=\"async\" class=\"alignnone size-full wp-image-17056\" src=\"https:\/\/www.telelogos.com\/wp-content\/uploads\/2021\/01\/LOCALISATION.png\" alt=\"\" width=\"28\" height=\"37\"\/><\/p>\n<\/div>\n<\/div>\n<\/div>\n<\/div>\n<div id=\"pgc-w6038b279488da-0-1\" class=\"panel-grid-cell\" data-weight=\"0.85\">\n<div id=\"panel-w6038b279488da-0-1-0\" class=\"so-panel widget widget_sow-editor panel-first-child panel-last-child\" data-index=\"1\" data-style=\"{&quot;class&quot;:&quot;adresse&quot;,&quot;background_image_attachment&quot;:false,&quot;background_display&quot;:&quot;tile&quot;}\">\n<div class=\"adresse panel-widget-style panel-widget-style-for-w6038b279488da-0-1-0\">\n<div class=\"so-widget-sow-editor so-widget-sow-editor-base\">\n<div class=\"siteorigin-widget-tinymce textwidget\">\n<p><strong>Telelogos Headquarters<\/strong><br \/> 3, avenue du Bois l\u2019Abb\u00e9,<br \/> 49070 Beaucouz\u00e9<br \/> France<\/p>\n<\/div>\n<\/div>\n<\/div>\n<\/div>\n<\/div>\n<\/div>\n<\/div><\/div><div id=\"panel-16923-0-0-2\" class=\"so-panel widget widget_sow-editor\" data-index=\"2\" ><div\n\t\t\t\n\t\t\tclass=\"so-widget-sow-editor so-widget-sow-editor-base\"\n\t\t\t\n\t\t>\n<div class=\"siteorigin-widget-tinymce textwidget\">\n\t<div id=\"pgc-w6038b27948dc6-0-0\" class=\"panel-grid-cell\" data-weight=\"0.15\">\n<div id=\"panel-w6038b27948dc6-0-0-0\" class=\"so-panel widget widget_sow-editor panel-first-child panel-last-child\" data-index=\"0\" data-style=\"{&quot;background_image_attachment&quot;:false,&quot;background_display&quot;:&quot;tile&quot;}\">\n<div class=\"so-widget-sow-editor so-widget-sow-editor-base\">\n<div class=\"siteorigin-widget-tinymce textwidget\">\n<p><img decoding=\"async\" class=\"alignnone size-full wp-image-17056\" src=\"https:\/\/www.telelogos.com\/wp-content\/uploads\/2021\/01\/LOCALISATION.png\" alt=\"\" width=\"28\" height=\"37\" \/><\/p>\n<\/div>\n<\/div>\n<\/div>\n<\/div>\n<div id=\"pgc-w6038b27948dc6-0-1\" class=\"panel-grid-cell\" data-weight=\"0.85\">\n<div id=\"panel-w6038b27948dc6-0-1-0\" class=\"so-panel widget widget_sow-editor panel-first-child panel-last-child\" data-index=\"1\" data-style=\"{&quot;class&quot;:&quot;adresse&quot;,&quot;background_image_attachment&quot;:false,&quot;background_display&quot;:&quot;tile&quot;}\">\n<div class=\"adresse panel-widget-style panel-widget-style-for-w6038b27948dc6-0-1-0\">\n<div class=\"so-widget-sow-editor so-widget-sow-editor-base\">\n<div class=\"siteorigin-widget-tinymce textwidget\">\n<p><strong>Telelogos M\u00e9xico<\/strong><br \/>\nAv. de la rep\u00fablica 9, Tabacalera, Cuauht\u00e9moc,<br \/>\n06030 Ciudad de M\u00e9xico,<br \/>\nCDMX<\/p>\n<\/div>\n<\/div>\n<\/div>\n<\/div>\n<\/div>\n<\/div>\n<\/div><\/div><div id=\"panel-16923-0-0-3\" class=\"so-panel widget widget_sow-editor panel-last-child\" data-index=\"3\" ><div\n\t\t\t\n\t\t\tclass=\"so-widget-sow-editor so-widget-sow-editor-base\"\n\t\t\t\n\t\t>\n<div class=\"siteorigin-widget-tinymce textwidget\">\n\t<div id=\"pgc-w6038b27948dc6-0-0\" class=\"panel-grid-cell\" data-weight=\"0.15\">\n<div id=\"panel-w6038b27948dc6-0-0-0\" class=\"so-panel widget widget_sow-editor panel-first-child panel-last-child\" data-index=\"0\" data-style=\"{&quot;background_image_attachment&quot;:false,&quot;background_display&quot;:&quot;tile&quot;}\">\n<div class=\"so-widget-sow-editor so-widget-sow-editor-base\">\n<div class=\"siteorigin-widget-tinymce textwidget\">\n<p><img decoding=\"async\" class=\"alignnone size-full wp-image-17056\" src=\"https:\/\/www.telelogos.com\/wp-content\/uploads\/2021\/01\/LOCALISATION.png\" alt=\"\" width=\"28\" height=\"37\" \/><\/p>\n<\/div>\n<\/div>\n<\/div>\n<\/div>\n<div id=\"pgc-w6038b27948dc6-0-1\" class=\"panel-grid-cell\" data-weight=\"0.85\">\n<div id=\"panel-w6038b27948dc6-0-1-0\" class=\"so-panel widget widget_sow-editor panel-first-child panel-last-child\" data-index=\"1\" data-style=\"{&quot;class&quot;:&quot;adresse&quot;,&quot;background_image_attachment&quot;:false,&quot;background_display&quot;:&quot;tile&quot;}\">\n<div class=\"adresse panel-widget-style panel-widget-style-for-w6038b27948dc6-0-1-0\">\n<div class=\"so-widget-sow-editor so-widget-sow-editor-base\">\n<div class=\"siteorigin-widget-tinymce textwidget\">\n<p><strong>Telelogos USA<\/strong><br \/>\n233 S. Wacker Drive<br \/>\nChicago, Illinois 60606 \u2013 USA<\/p>\n<\/div>\n<\/div>\n<\/div>\n<\/div>\n<\/div>\n<\/div>\n<\/div><\/div><\/div><div id=\"pgc-16923-0-1\"  class=\"panel-grid-cell\" ><div id=\"panel-16923-0-1-0\" class=\"so-panel widget widget_siteorigin-panels-builder panel-first-child panel-last-child\" data-index=\"4\" ><div class=\"texte_blanc animation_gauche_droite panel-widget-style panel-widget-style-for-16923-0-1-0\" ><div id=\"pl-w68aebc723d680\"  class=\"panel-layout\" ><div id=\"pg-w68aebc723d680-0\"  class=\"panel-grid panel-has-style\" ><div class=\"panel-row-style panel-row-style-for-w68aebc723d680-0\" ><div id=\"pgc-w68aebc723d680-0-0\"  class=\"panel-grid-cell\" ><div id=\"panel-w68aebc723d680-0-0-0\" class=\"so-panel widget widget_sow-editor panel-first-child\" data-index=\"0\" ><div\n\t\t\t\n\t\t\tclass=\"so-widget-sow-editor so-widget-sow-editor-base\"\n\t\t\t\n\t\t>\n<div class=\"siteorigin-widget-tinymce textwidget\">\n\t<p><img decoding=\"async\" class=\"size-full wp-image-17259 alignleft\" src=\"https:\/\/www.telelogos.com\/wp-content\/uploads\/2021\/01\/Groupe-2524.png\" alt=\"\" width=\"220\" height=\"44\" srcset=\"https:\/\/www.telelogos.com\/wp-content\/uploads\/2021\/01\/Groupe-2524.png 220w, https:\/\/www.telelogos.com\/wp-content\/uploads\/2021\/01\/Groupe-2524-195x39.png 195w\" sizes=\"(max-width: 220px) 100vw, 220px\" \/><\/p>\n<\/div>\n<\/div><\/div><div id=\"panel-w68aebc723d680-0-0-1\" class=\"so-panel widget widget_sow-editor\" data-index=\"1\" ><div class=\"telephone panel-widget-style panel-widget-style-for-w68aebc723d680-0-0-1\" ><div\n\t\t\t\n\t\t\tclass=\"so-widget-sow-editor so-widget-sow-editor-base\"\n\t\t\t\n\t\t>\n<div class=\"siteorigin-widget-tinymce textwidget\">\n\t<p><strong>For any questions:<\/strong><\/p>\n<p>GLOBAL : <img decoding=\"async\" class=\"size-full wp-image-17261 alignleft\" src=\"https:\/\/www.telelogos.com\/wp-content\/uploads\/2021\/01\/phone-call.png\" alt=\"\" width=\"29\" height=\"36\" \/><a href=\"tel:+33 (0)2 41 22 70 00\">+33 (0)2 41 22 70 00\u00a0<\/a><\/p>\n<p>&nbsp;<\/p>\n<p><img decoding=\"async\" class=\"size-full wp-image-17261 alignleft\" src=\"https:\/\/www.telelogos.com\/wp-content\/uploads\/2021\/01\/phone-call.png\" alt=\"\" width=\"29\" height=\"36\" \/>NORTH AMERICA : <a href=\"tel:+33 (0)2 41 22 70 00\">+1 (737) 263-1872<\/a><\/p>\n<p>&nbsp;<\/p>\n<\/div>\n<\/div><\/div><\/div><div id=\"panel-w68aebc723d680-0-0-2\" class=\"so-panel widget widget_sow-editor\" data-index=\"2\" ><div class=\"panel-widget-style panel-widget-style-for-w68aebc723d680-0-0-2\" ><div\n\t\t\t\n\t\t\tclass=\"so-widget-sow-editor so-widget-sow-editor-base\"\n\t\t\t\n\t\t>\n<div class=\"siteorigin-widget-tinymce textwidget\">\n\t<p><strong>Our client services are open:<\/strong><\/p>\n<p><strong>Mon. - Thurs. :<\/strong> 9:00 AM - 12:00 PM \/ 2:00 PM - 6:00 PM<\/p>\n<p><strong>Fri. :<\/strong> 9:00 AM - 12:00 PM \/ 2:00 PM - 5:00 PM<\/p>\n<\/div>\n<\/div><\/div><\/div><div id=\"panel-w68aebc723d680-0-0-3\" class=\"so-panel widget widget_sow-editor panel-last-child\" data-index=\"3\" ><div class=\"panel-widget-style panel-widget-style-for-w68aebc723d680-0-0-3\" ><div\n\t\t\t\n\t\t\tclass=\"so-widget-sow-editor so-widget-sow-editor-base\"\n\t\t\t\n\t\t>\n<div class=\"siteorigin-widget-tinymce textwidget\">\n\t<p><strong>Follow us on:<\/strong><\/p>\n<p><a href=\"https:\/\/www.linkedin.com\/company\/telelogos?originalSubdomain=fr\" target=\"_blank\" rel=\"noopener\"><i class=\"fab fa-linkedin\"><\/i><\/a><\/p>\n<\/div>\n<\/div><\/div><\/div><\/div><\/div><\/div><\/div><\/div><\/div><\/div><\/div><div id=\"pg-16923-1\"  class=\"panel-grid panel-no-style\" ><div id=\"pgc-16923-1-0\"  class=\"panel-grid-cell\" ><div id=\"panel-16923-1-0-0\" class=\"widget_text so-panel widget widget_custom_html panel-first-child panel-last-child\" data-index=\"5\" ><div class=\"textwidget custom-html-widget\"><div class=\"so-iframe-wrapper <?php if (!wp_is_mobile()) { echo 'no-padding'; } ?>\">\n<iframe src=\"https:\/\/business.telelogos.com\/form-contact-en\">height=\"825px\" width=\"1200px\"style=\"border:0px #ffffff none;\" <\/iframe>\n<\/div><\/div><\/div><\/div><\/div><\/div>","protected":false},"excerpt":{"rendered":"<p>Our location Telelogos Headquarters 3, avenue du Bois l\u2019Abb\u00e9, 49070 Beaucouz\u00e9 France Telelogos M\u00e9xico Av. de la rep\u00fablica 9, Tabacalera, Cuauht\u00e9moc, 06030 Ciudad de M\u00e9xico, CDMX Telelogos USA 233 [&hellip;]<\/p>\n","protected":false},"author":4,"featured_media":0,"parent":0,"menu_order":511,"comment_status":"closed","ping_status":"closed","template":"","meta":{"footnotes":""},"class_list":["post-16923","page","type-page","status-publish","hentry"],"yoast_head":"<!-- This site is optimized with the Yoast SEO plugin v27.3 - https:\/\/yoast.com\/product\/yoast-seo-wordpress\/ -->\n<title>Contact us - Telelogos<\/title>\n<meta name=\"description\" content=\"Contact Telelogos for any inquiries or information requests. Our team is here to support you in your projects.\" \/>\n<meta name=\"robots\" content=\"index, follow, max-snippet:-1, max-image-preview:large, max-video-preview:-1\" \/>\n<link rel=\"canonical\" href=\"https:\/\/www.telelogos.com\/en\/contact\/\" \/>\n<meta name=\"twitter:label1\" content=\"Est. reading time\" \/>\n\t<meta name=\"twitter:data1\" content=\"2 minutes\" \/>\n<script type=\"application\/ld+json\" class=\"yoast-schema-graph\">{\"@context\":\"https:\\\/\\\/schema.org\",\"@graph\":[{\"@type\":\"WebPage\",\"@id\":\"https:\\\/\\\/www.telelogos.com\\\/en\\\/contact\\\/\",\"url\":\"https:\\\/\\\/www.telelogos.com\\\/en\\\/contact\\\/\",\"name\":\"Contact us - Telelogos\",\"isPartOf\":{\"@id\":\"https:\\\/\\\/www.telelogos.com\\\/en\\\/#website\"},\"primaryImageOfPage\":{\"@id\":\"https:\\\/\\\/www.telelogos.com\\\/en\\\/contact\\\/#primaryimage\"},\"image\":{\"@id\":\"https:\\\/\\\/www.telelogos.com\\\/en\\\/contact\\\/#primaryimage\"},\"thumbnailUrl\":\"https:\\\/\\\/www.telelogos.com\\\/wp-content\\\/uploads\\\/2021\\\/01\\\/LOCALISATION.png\",\"datePublished\":\"2021-01-07T14:10:12+00:00\",\"dateModified\":\"2025-08-27T08:06:10+00:00\",\"description\":\"Contact Telelogos for any inquiries or information requests. Our team is here to support you in your projects.\",\"breadcrumb\":{\"@id\":\"https:\\\/\\\/www.telelogos.com\\\/en\\\/contact\\\/#breadcrumb\"},\"inLanguage\":\"en-US\",\"potentialAction\":[{\"@type\":\"ReadAction\",\"target\":[\"https:\\\/\\\/www.telelogos.com\\\/en\\\/contact\\\/\"]}]},{\"@type\":\"ImageObject\",\"inLanguage\":\"en-US\",\"@id\":\"https:\\\/\\\/www.telelogos.com\\\/en\\\/contact\\\/#primaryimage\",\"url\":\"https:\\\/\\\/www.telelogos.com\\\/wp-content\\\/uploads\\\/2021\\\/01\\\/LOCALISATION.png\",\"contentUrl\":\"https:\\\/\\\/www.telelogos.com\\\/wp-content\\\/uploads\\\/2021\\\/01\\\/LOCALISATION.png\"},{\"@type\":\"BreadcrumbList\",\"@id\":\"https:\\\/\\\/www.telelogos.com\\\/en\\\/contact\\\/#breadcrumb\",\"itemListElement\":[{\"@type\":\"ListItem\",\"position\":1,\"name\":\"Home\",\"item\":\"https:\\\/\\\/www.telelogos.com\\\/en\\\/\"},{\"@type\":\"ListItem\",\"position\":2,\"name\":\"Contact us\"}]},{\"@type\":\"WebSite\",\"@id\":\"https:\\\/\\\/www.telelogos.com\\\/en\\\/#website\",\"url\":\"https:\\\/\\\/www.telelogos.com\\\/en\\\/\",\"name\":\"Telelogos\",\"description\":\"\",\"publisher\":{\"@id\":\"https:\\\/\\\/www.telelogos.com\\\/en\\\/#organization\"},\"potentialAction\":[{\"@type\":\"SearchAction\",\"target\":{\"@type\":\"EntryPoint\",\"urlTemplate\":\"https:\\\/\\\/www.telelogos.com\\\/en\\\/?s={search_term_string}\"},\"query-input\":{\"@type\":\"PropertyValueSpecification\",\"valueRequired\":true,\"valueName\":\"search_term_string\"}}],\"inLanguage\":\"en-US\"},{\"@type\":\"Organization\",\"@id\":\"https:\\\/\\\/www.telelogos.com\\\/en\\\/#organization\",\"name\":\"Telelogos\",\"url\":\"https:\\\/\\\/www.telelogos.com\\\/en\\\/\",\"logo\":{\"@type\":\"ImageObject\",\"inLanguage\":\"en-US\",\"@id\":\"https:\\\/\\\/www.telelogos.com\\\/en\\\/#\\\/schema\\\/logo\\\/image\\\/\",\"url\":\"https:\\\/\\\/www.telelogos.com\\\/wp-content\\\/uploads\\\/2022\\\/07\\\/Logo-Telelogos-e1664355618654.png\",\"contentUrl\":\"https:\\\/\\\/www.telelogos.com\\\/wp-content\\\/uploads\\\/2022\\\/07\\\/Logo-Telelogos-e1664355618654.png\",\"width\":100,\"height\":35,\"caption\":\"Telelogos\"},\"image\":{\"@id\":\"https:\\\/\\\/www.telelogos.com\\\/en\\\/#\\\/schema\\\/logo\\\/image\\\/\"},\"sameAs\":[\"https:\\\/\\\/fr.linkedin.com\\\/company\\\/telelogos\"]}]}<\/script>\n<!-- \/ Yoast SEO plugin. -->","yoast_head_json":{"title":"Contact us - Telelogos","description":"Contact Telelogos for any inquiries or information requests. Our team is here to support you in your projects.","robots":{"index":"index","follow":"follow","max-snippet":"max-snippet:-1","max-image-preview":"max-image-preview:large","max-video-preview":"max-video-preview:-1"},"canonical":"https:\/\/www.telelogos.com\/en\/contact\/","twitter_misc":{"Est. reading time":"2 minutes"},"schema":{"@context":"https:\/\/schema.org","@graph":[{"@type":"WebPage","@id":"https:\/\/www.telelogos.com\/en\/contact\/","url":"https:\/\/www.telelogos.com\/en\/contact\/","name":"Contact us - Telelogos","isPartOf":{"@id":"https:\/\/www.telelogos.com\/en\/#website"},"primaryImageOfPage":{"@id":"https:\/\/www.telelogos.com\/en\/contact\/#primaryimage"},"image":{"@id":"https:\/\/www.telelogos.com\/en\/contact\/#primaryimage"},"thumbnailUrl":"https:\/\/www.telelogos.com\/wp-content\/uploads\/2021\/01\/LOCALISATION.png","datePublished":"2021-01-07T14:10:12+00:00","dateModified":"2025-08-27T08:06:10+00:00","description":"Contact Telelogos for any inquiries or information requests. Our team is here to support you in your projects.","breadcrumb":{"@id":"https:\/\/www.telelogos.com\/en\/contact\/#breadcrumb"},"inLanguage":"en-US","potentialAction":[{"@type":"ReadAction","target":["https:\/\/www.telelogos.com\/en\/contact\/"]}]},{"@type":"ImageObject","inLanguage":"en-US","@id":"https:\/\/www.telelogos.com\/en\/contact\/#primaryimage","url":"https:\/\/www.telelogos.com\/wp-content\/uploads\/2021\/01\/LOCALISATION.png","contentUrl":"https:\/\/www.telelogos.com\/wp-content\/uploads\/2021\/01\/LOCALISATION.png"},{"@type":"BreadcrumbList","@id":"https:\/\/www.telelogos.com\/en\/contact\/#breadcrumb","itemListElement":[{"@type":"ListItem","position":1,"name":"Home","item":"https:\/\/www.telelogos.com\/en\/"},{"@type":"ListItem","position":2,"name":"Contact us"}]},{"@type":"WebSite","@id":"https:\/\/www.telelogos.com\/en\/#website","url":"https:\/\/www.telelogos.com\/en\/","name":"Telelogos","description":"","publisher":{"@id":"https:\/\/www.telelogos.com\/en\/#organization"},"potentialAction":[{"@type":"SearchAction","target":{"@type":"EntryPoint","urlTemplate":"https:\/\/www.telelogos.com\/en\/?s={search_term_string}"},"query-input":{"@type":"PropertyValueSpecification","valueRequired":true,"valueName":"search_term_string"}}],"inLanguage":"en-US"},{"@type":"Organization","@id":"https:\/\/www.telelogos.com\/en\/#organization","name":"Telelogos","url":"https:\/\/www.telelogos.com\/en\/","logo":{"@type":"ImageObject","inLanguage":"en-US","@id":"https:\/\/www.telelogos.com\/en\/#\/schema\/logo\/image\/","url":"https:\/\/www.telelogos.com\/wp-content\/uploads\/2022\/07\/Logo-Telelogos-e1664355618654.png","contentUrl":"https:\/\/www.telelogos.com\/wp-content\/uploads\/2022\/07\/Logo-Telelogos-e1664355618654.png","width":100,"height":35,"caption":"Telelogos"},"image":{"@id":"https:\/\/www.telelogos.com\/en\/#\/schema\/logo\/image\/"},"sameAs":["https:\/\/fr.linkedin.com\/company\/telelogos"]}]}},"_links":{"self":[{"href":"https:\/\/www.telelogos.com\/en\/wp-json\/wp\/v2\/pages\/16923","targetHints":{"allow":["GET"]}}],"collection":[{"href":"https:\/\/www.telelogos.com\/en\/wp-json\/wp\/v2\/pages"}],"about":[{"href":"https:\/\/www.telelogos.com\/en\/wp-json\/wp\/v2\/types\/page"}],"author":[{"embeddable":true,"href":"https:\/\/www.telelogos.com\/en\/wp-json\/wp\/v2\/users\/4"}],"replies":[{"embeddable":true,"href":"https:\/\/www.telelogos.com\/en\/wp-json\/wp\/v2\/comments?post=16923"}],"version-history":[{"count":8,"href":"https:\/\/www.telelogos.com\/en\/wp-json\/wp\/v2\/pages\/16923\/revisions"}],"predecessor-version":[{"id":60088,"href":"https:\/\/www.telelogos.com\/en\/wp-json\/wp\/v2\/pages\/16923\/revisions\/60088"}],"wp:attachment":[{"href":"https:\/\/www.telelogos.com\/en\/wp-json\/wp\/v2\/media?parent=16923"}],"curies":[{"name":"wp","href":"https:\/\/api.w.org\/{rel}","templated":true}]}}