{"id":22649,"date":"2021-04-12T09:47:46","date_gmt":"2021-04-12T07:47:46","guid":{"rendered":"https:\/\/www.telelogos.com\/affichage-dynamique\/"},"modified":"2023-12-04T16:10:33","modified_gmt":"2023-12-04T14:10:33","slug":"visualizacion-dinamica","status":"publish","type":"page","link":"https:\/\/www.telelogos.com\/es\/soluciones\/mediacontact-mediatransfer-gestion-de-redes-de-puestos-fijos-transferencia-y-sincronizacion-de-datos\/visualizacion-dinamica\/","title":{"rendered":"Gesti\u00f3n de players y pantallas de visualizaci\u00f3n din\u00e1mica"},"content":{"rendered":"<div id=\"pl-22649\"  class=\"panel-layout\" ><div id=\"pg-22649-0\"  class=\"panel-grid panel-no-style\" ><div id=\"pgc-22649-0-0\"  class=\"panel-grid-cell\" ><div id=\"panel-22649-0-0-0\" class=\"so-panel widget widget_sow-editor panel-first-child panel-last-child\" data-index=\"0\" ><div\n\t\t\t\n\t\t\tclass=\"so-widget-sow-editor so-widget-sow-editor-base\"\n\t\t\t\n\t\t>\n<div class=\"siteorigin-widget-tinymce textwidget\">\n\t<p><img decoding=\"async\" class=\"alignnone wp-image-20538\" src=\"https:\/\/www.telelogos.com\/wp-content\/uploads\/2021\/04\/Media4Display-300x235.jpg\" alt=\"\" width=\"750\" height=\"587\" srcset=\"https:\/\/www.telelogos.com\/wp-content\/uploads\/2021\/04\/Media4Display-300x235.jpg 300w, https:\/\/www.telelogos.com\/wp-content\/uploads\/2021\/04\/Media4Display-1024x801.jpg 1024w, https:\/\/www.telelogos.com\/wp-content\/uploads\/2021\/04\/Media4Display-1536x1202.jpg 1536w, https:\/\/www.telelogos.com\/wp-content\/uploads\/2021\/04\/Media4Display-2048x1603.jpg 2048w, https:\/\/www.telelogos.com\/wp-content\/uploads\/2021\/04\/Media4Display-195x153.jpg 195w\" sizes=\"(max-width: 750px) 100vw, 750px\" \/><\/p>\n<\/div>\n<\/div><\/div><\/div><div id=\"pgc-22649-0-1\"  class=\"panel-grid-cell\" ><div id=\"panel-22649-0-1-0\" class=\"so-panel widget widget_sow-editor panel-first-child panel-last-child\" data-index=\"1\" ><div class=\"panel-widget-style panel-widget-style-for-22649-0-1-0\" ><div\n\t\t\t\n\t\t\tclass=\"so-widget-sow-editor so-widget-sow-editor-base\"\n\t\t\t\n\t\t>\n<div class=\"siteorigin-widget-tinymce textwidget\">\n\t<p>&nbsp;<\/p>\n<h2>Gesti\u00f3n de players y pantallas de visualizaci\u00f3n din\u00e1mica<\/h2>\n<p>Las players y pantallas de visualizaci\u00f3n se han convertido en equipos estrat\u00e9gicos. Por lo general, est\u00e1n diseminados en todo el territorio y el acceso a ellos suele ser dif\u00edcil, sin que haya recursos de mantenimiento pr\u00f3ximos. Para evitar el s\u00edndrome de la \u201cpantalla negra\u201d, los problemas de funcionamiento y seguridad, es primordial disponer de una soluci\u00f3n de Device Management. En especial, esta debe garantizar la gesti\u00f3n y el mantenimiento de los elementos cr\u00edticos de estos equipos, su seguridad y permitir actuar en todo momento a cualquier distancia.<\/p>\n<\/div>\n<\/div><\/div><\/div><\/div><\/div><div id=\"pg-22649-1\"  class=\"panel-grid panel-has-style\" ><div class=\"panel-row-style panel-row-style-for-22649-1\" ><div id=\"pgc-22649-1-0\"  class=\"panel-grid-cell\" ><div id=\"panel-22649-1-0-0\" class=\"so-panel widget widget_sow-editor panel-first-child panel-last-child\" data-index=\"2\" ><div class=\"panel-widget-style panel-widget-style-for-22649-1-0-0\" ><div\n\t\t\t\n\t\t\tclass=\"so-widget-sow-editor so-widget-sow-editor-base\"\n\t\t\t\n\t\t>\n<div class=\"siteorigin-widget-tinymce textwidget\">\n\t<div class=\"h3-like\">\n<p>Caracter\u00edsticas<\/p>\n<\/div>\n<p>&nbsp;<\/p>\n<ul>\n<li>Instalaci\u00f3n y actualizaci\u00f3n de software, actualizaci\u00f3n de las fuentes, etc.<\/li>\n<li>Planificaci\u00f3n y activaci\u00f3n de programa: PowerShell, Script, comando de sistema, etc.<\/li>\n<li>Control\/arreglo remoto<\/li>\n<li>Inventario de hardware, software, claves de registro, propiedad de los archivos, etc.<\/li>\n<li>Control o arreglo remoto de las terminales<\/li>\n<li>Vigilancia de hardware\/software, alarmas y activaci\u00f3n de acciones asociadas<\/li>\n<li>Control de conexiones y redes, de la bater\u00eda, memoria, CPU, etc.<\/li>\n<li>Security Management: Control (antivirus, aplicaciones, firewall, etc.), bloquear los puertos USB, kiosco aplicativo, activar o bloquear las actualizaciones del sistema, etc.<\/li>\n<li>Transferencia y sincronizaci\u00f3n de datos<\/li>\n<li>Extracci\u00f3n de datos: ejecuci\u00f3n de consultas SQL, script, servicios web, generaci\u00f3n de archivos<\/li>\n<\/ul>\n<\/div>\n<\/div><\/div><\/div><\/div><div id=\"pgc-22649-1-1\"  class=\"panel-grid-cell\" ><div id=\"panel-22649-1-1-0\" class=\"so-panel widget widget_sow-editor panel-first-child panel-last-child\" data-index=\"3\" ><div class=\"panel-widget-style panel-widget-style-for-22649-1-1-0\" ><div\n\t\t\t\n\t\t\tclass=\"so-widget-sow-editor so-widget-sow-editor-base\"\n\t\t\t\n\t\t>\n<div class=\"siteorigin-widget-tinymce textwidget\">\n\t<p>&nbsp;<\/p>\n<div class=\"h3-like\">\n<p>Usos pr\u00e1cticos<\/p>\n<\/div>\n<p>&nbsp;<\/p>\n<ul>\n<li>Instalaci\u00f3n de un nuevo software en players, nuevas fuentes, etc.<\/li>\n<li>Actualizaci\u00f3n de las versiones ya instaladas de todo tipo de software y programaci\u00f3n de la instalaci\u00f3n (por la noche, al reiniciarse la terminal, a una hora determinada, etc.)<\/li>\n<li>Control de las pantallas mediante la ejecuci\u00f3n de comandos RS232\/RJ45 en el dispositivo para establecer la configuraci\u00f3n obligatoria de la pantalla (fuente\/volumen\/contraste, etc.).<\/li>\n<li>Vigilancia: Limpieza autom\u00e1tica de los archivos obsoletos si se establece un l\u00edmite previo a la saturaci\u00f3n del disco<\/li>\n<li>En pantallas t\u00e1ctiles o tabletas, instalaci\u00f3n de un modo de gesti\u00f3n dedicada (modo kiosco) que limita el acceso al sistema operativo, dejando accesibles solo las aplicaciones y configuraci\u00f3n autorizadas<\/li>\n<li>Bloqueo del acceso a los puertos USB para segurizar las pantallas y players<\/li>\n<li>Extracci\u00f3n autom\u00e1tica de datos procedentes de una base de datos o de una aplicaci\u00f3n profesional, para visualizar esos datos en tiempo real en un tablero digital.<\/li>\n<\/ul>\n<\/div>\n<\/div><\/div><\/div><\/div><\/div><\/div><\/div>","protected":false},"excerpt":{"rendered":"<p>&nbsp; Gesti\u00f3n de players y pantallas de visualizaci\u00f3n din\u00e1mica Las players y pantallas de visualizaci\u00f3n se han convertido en equipos estrat\u00e9gicos. Por lo general, est\u00e1n diseminados en todo el [&hellip;]<\/p>\n","protected":false},"author":20,"featured_media":0,"parent":22683,"menu_order":237,"comment_status":"closed","ping_status":"closed","template":"page-solution.php","meta":{"footnotes":""},"class_list":["post-22649","page","type-page","status-publish","hentry"],"yoast_head":"<!-- This site is optimized with the Yoast SEO plugin v27.4 - https:\/\/yoast.com\/product\/yoast-seo-wordpress\/ -->\n<title>Gesti\u00f3n de players y pantallas de visualizaci\u00f3n din\u00e1mica<\/title>\n<meta name=\"description\" content=\"Para evitar el s\u00edndrome de la &quot;pantalla negra&quot;, los fallos de funcionamiento y los problemas de seguridad, es esencial contar con una soluci\u00f3n de gesti\u00f3n de dispositivos. Esta soluci\u00f3n debe garantizar la gesti\u00f3n y el mantenimiento de los elementos cr\u00edticos de estos equipos, su seguridad, y permitir la actuaci\u00f3n remota en cualquier momento\" \/>\n<meta name=\"robots\" content=\"index, follow, max-snippet:-1, max-image-preview:large, max-video-preview:-1\" \/>\n<link rel=\"canonical\" href=\"https:\/\/www.telelogos.com\/es\/soluciones\/mediacontact-mediatransfer-gestion-de-redes-de-puestos-fijos-transferencia-y-sincronizacion-de-datos\/visualizacion-dinamica\/\" \/>\n<meta name=\"twitter:label1\" content=\"Est. reading time\" \/>\n\t<meta name=\"twitter:data1\" content=\"2 minutes\" \/>\n<script type=\"application\/ld+json\" class=\"yoast-schema-graph\">{\"@context\":\"https:\\\/\\\/schema.org\",\"@graph\":[{\"@type\":\"WebPage\",\"@id\":\"https:\\\/\\\/www.telelogos.com\\\/es\\\/soluciones\\\/mediacontact-mediatransfer-gestion-de-redes-de-puestos-fijos-transferencia-y-sincronizacion-de-datos\\\/visualizacion-dinamica\\\/\",\"url\":\"https:\\\/\\\/www.telelogos.com\\\/es\\\/soluciones\\\/mediacontact-mediatransfer-gestion-de-redes-de-puestos-fijos-transferencia-y-sincronizacion-de-datos\\\/visualizacion-dinamica\\\/\",\"name\":\"Gesti\u00f3n de players y pantallas de visualizaci\u00f3n din\u00e1mica\",\"isPartOf\":{\"@id\":\"https:\\\/\\\/www.telelogos.com\\\/es\\\/#website\"},\"primaryImageOfPage\":{\"@id\":\"https:\\\/\\\/www.telelogos.com\\\/es\\\/soluciones\\\/mediacontact-mediatransfer-gestion-de-redes-de-puestos-fijos-transferencia-y-sincronizacion-de-datos\\\/visualizacion-dinamica\\\/#primaryimage\"},\"image\":{\"@id\":\"https:\\\/\\\/www.telelogos.com\\\/es\\\/soluciones\\\/mediacontact-mediatransfer-gestion-de-redes-de-puestos-fijos-transferencia-y-sincronizacion-de-datos\\\/visualizacion-dinamica\\\/#primaryimage\"},\"thumbnailUrl\":\"https:\\\/\\\/www.telelogos.com\\\/wp-content\\\/uploads\\\/2021\\\/04\\\/Media4Display-300x235.jpg\",\"datePublished\":\"2021-04-12T07:47:46+00:00\",\"dateModified\":\"2023-12-04T14:10:33+00:00\",\"description\":\"Para evitar el s\u00edndrome de la \\\"pantalla negra\\\", los fallos de funcionamiento y los problemas de seguridad, es esencial contar con una soluci\u00f3n de gesti\u00f3n de dispositivos. Esta soluci\u00f3n debe garantizar la gesti\u00f3n y el mantenimiento de los elementos cr\u00edticos de estos equipos, su seguridad, y permitir la actuaci\u00f3n remota en cualquier momento\",\"breadcrumb\":{\"@id\":\"https:\\\/\\\/www.telelogos.com\\\/es\\\/soluciones\\\/mediacontact-mediatransfer-gestion-de-redes-de-puestos-fijos-transferencia-y-sincronizacion-de-datos\\\/visualizacion-dinamica\\\/#breadcrumb\"},\"inLanguage\":\"es-ES\",\"potentialAction\":[{\"@type\":\"ReadAction\",\"target\":[\"https:\\\/\\\/www.telelogos.com\\\/es\\\/soluciones\\\/mediacontact-mediatransfer-gestion-de-redes-de-puestos-fijos-transferencia-y-sincronizacion-de-datos\\\/visualizacion-dinamica\\\/\"]}]},{\"@type\":\"ImageObject\",\"inLanguage\":\"es-ES\",\"@id\":\"https:\\\/\\\/www.telelogos.com\\\/es\\\/soluciones\\\/mediacontact-mediatransfer-gestion-de-redes-de-puestos-fijos-transferencia-y-sincronizacion-de-datos\\\/visualizacion-dinamica\\\/#primaryimage\",\"url\":\"https:\\\/\\\/www.telelogos.com\\\/wp-content\\\/uploads\\\/2021\\\/04\\\/Media4Display-300x235.jpg\",\"contentUrl\":\"https:\\\/\\\/www.telelogos.com\\\/wp-content\\\/uploads\\\/2021\\\/04\\\/Media4Display-300x235.jpg\"},{\"@type\":\"BreadcrumbList\",\"@id\":\"https:\\\/\\\/www.telelogos.com\\\/es\\\/soluciones\\\/mediacontact-mediatransfer-gestion-de-redes-de-puestos-fijos-transferencia-y-sincronizacion-de-datos\\\/visualizacion-dinamica\\\/#breadcrumb\",\"itemListElement\":[{\"@type\":\"ListItem\",\"position\":1,\"name\":\"Inicio\",\"item\":\"https:\\\/\\\/www.telelogos.com\\\/es\\\/\"},{\"@type\":\"ListItem\",\"position\":2,\"name\":\"Soluciones\",\"item\":\"https:\\\/\\\/www.telelogos.com\\\/es\\\/soluciones\\\/\"},{\"@type\":\"ListItem\",\"position\":3,\"name\":\"MediaContact \\\/ MediaTransfer\",\"item\":\"https:\\\/\\\/www.telelogos.com\\\/es\\\/soluciones\\\/mediacontact-mediatransfer-gestion-de-redes-de-puestos-fijos-transferencia-y-sincronizacion-de-datos\\\/\"},{\"@type\":\"ListItem\",\"position\":4,\"name\":\"Gesti\u00f3n de players y pantallas de visualizaci\u00f3n din\u00e1mica\"}]},{\"@type\":\"WebSite\",\"@id\":\"https:\\\/\\\/www.telelogos.com\\\/es\\\/#website\",\"url\":\"https:\\\/\\\/www.telelogos.com\\\/es\\\/\",\"name\":\"Telelogos\",\"description\":\"\",\"publisher\":{\"@id\":\"https:\\\/\\\/www.telelogos.com\\\/es\\\/#organization\"},\"potentialAction\":[{\"@type\":\"SearchAction\",\"target\":{\"@type\":\"EntryPoint\",\"urlTemplate\":\"https:\\\/\\\/www.telelogos.com\\\/es\\\/?s={search_term_string}\"},\"query-input\":{\"@type\":\"PropertyValueSpecification\",\"valueRequired\":true,\"valueName\":\"search_term_string\"}}],\"inLanguage\":\"es-ES\"},{\"@type\":\"Organization\",\"@id\":\"https:\\\/\\\/www.telelogos.com\\\/es\\\/#organization\",\"name\":\"Telelogos\",\"url\":\"https:\\\/\\\/www.telelogos.com\\\/es\\\/\",\"logo\":{\"@type\":\"ImageObject\",\"inLanguage\":\"es-ES\",\"@id\":\"https:\\\/\\\/www.telelogos.com\\\/es\\\/#\\\/schema\\\/logo\\\/image\\\/\",\"url\":\"https:\\\/\\\/www.telelogos.com\\\/wp-content\\\/uploads\\\/2022\\\/07\\\/Logo-Telelogos-e1664355618654.png\",\"contentUrl\":\"https:\\\/\\\/www.telelogos.com\\\/wp-content\\\/uploads\\\/2022\\\/07\\\/Logo-Telelogos-e1664355618654.png\",\"width\":100,\"height\":35,\"caption\":\"Telelogos\"},\"image\":{\"@id\":\"https:\\\/\\\/www.telelogos.com\\\/es\\\/#\\\/schema\\\/logo\\\/image\\\/\"},\"sameAs\":[\"https:\\\/\\\/fr.linkedin.com\\\/company\\\/telelogos\"]}]}<\/script>\n<!-- \/ Yoast SEO plugin. -->","yoast_head_json":{"title":"Gesti\u00f3n de players y pantallas de visualizaci\u00f3n din\u00e1mica","description":"Para evitar el s\u00edndrome de la \"pantalla negra\", los fallos de funcionamiento y los problemas de seguridad, es esencial contar con una soluci\u00f3n de gesti\u00f3n de dispositivos. Esta soluci\u00f3n debe garantizar la gesti\u00f3n y el mantenimiento de los elementos cr\u00edticos de estos equipos, su seguridad, y permitir la actuaci\u00f3n remota en cualquier momento","robots":{"index":"index","follow":"follow","max-snippet":"max-snippet:-1","max-image-preview":"max-image-preview:large","max-video-preview":"max-video-preview:-1"},"canonical":"https:\/\/www.telelogos.com\/es\/soluciones\/mediacontact-mediatransfer-gestion-de-redes-de-puestos-fijos-transferencia-y-sincronizacion-de-datos\/visualizacion-dinamica\/","twitter_misc":{"Est. reading time":"2 minutes"},"schema":{"@context":"https:\/\/schema.org","@graph":[{"@type":"WebPage","@id":"https:\/\/www.telelogos.com\/es\/soluciones\/mediacontact-mediatransfer-gestion-de-redes-de-puestos-fijos-transferencia-y-sincronizacion-de-datos\/visualizacion-dinamica\/","url":"https:\/\/www.telelogos.com\/es\/soluciones\/mediacontact-mediatransfer-gestion-de-redes-de-puestos-fijos-transferencia-y-sincronizacion-de-datos\/visualizacion-dinamica\/","name":"Gesti\u00f3n de players y pantallas de visualizaci\u00f3n din\u00e1mica","isPartOf":{"@id":"https:\/\/www.telelogos.com\/es\/#website"},"primaryImageOfPage":{"@id":"https:\/\/www.telelogos.com\/es\/soluciones\/mediacontact-mediatransfer-gestion-de-redes-de-puestos-fijos-transferencia-y-sincronizacion-de-datos\/visualizacion-dinamica\/#primaryimage"},"image":{"@id":"https:\/\/www.telelogos.com\/es\/soluciones\/mediacontact-mediatransfer-gestion-de-redes-de-puestos-fijos-transferencia-y-sincronizacion-de-datos\/visualizacion-dinamica\/#primaryimage"},"thumbnailUrl":"https:\/\/www.telelogos.com\/wp-content\/uploads\/2021\/04\/Media4Display-300x235.jpg","datePublished":"2021-04-12T07:47:46+00:00","dateModified":"2023-12-04T14:10:33+00:00","description":"Para evitar el s\u00edndrome de la \"pantalla negra\", los fallos de funcionamiento y los problemas de seguridad, es esencial contar con una soluci\u00f3n de gesti\u00f3n de dispositivos. Esta soluci\u00f3n debe garantizar la gesti\u00f3n y el mantenimiento de los elementos cr\u00edticos de estos equipos, su seguridad, y permitir la actuaci\u00f3n remota en cualquier momento","breadcrumb":{"@id":"https:\/\/www.telelogos.com\/es\/soluciones\/mediacontact-mediatransfer-gestion-de-redes-de-puestos-fijos-transferencia-y-sincronizacion-de-datos\/visualizacion-dinamica\/#breadcrumb"},"inLanguage":"es-ES","potentialAction":[{"@type":"ReadAction","target":["https:\/\/www.telelogos.com\/es\/soluciones\/mediacontact-mediatransfer-gestion-de-redes-de-puestos-fijos-transferencia-y-sincronizacion-de-datos\/visualizacion-dinamica\/"]}]},{"@type":"ImageObject","inLanguage":"es-ES","@id":"https:\/\/www.telelogos.com\/es\/soluciones\/mediacontact-mediatransfer-gestion-de-redes-de-puestos-fijos-transferencia-y-sincronizacion-de-datos\/visualizacion-dinamica\/#primaryimage","url":"https:\/\/www.telelogos.com\/wp-content\/uploads\/2021\/04\/Media4Display-300x235.jpg","contentUrl":"https:\/\/www.telelogos.com\/wp-content\/uploads\/2021\/04\/Media4Display-300x235.jpg"},{"@type":"BreadcrumbList","@id":"https:\/\/www.telelogos.com\/es\/soluciones\/mediacontact-mediatransfer-gestion-de-redes-de-puestos-fijos-transferencia-y-sincronizacion-de-datos\/visualizacion-dinamica\/#breadcrumb","itemListElement":[{"@type":"ListItem","position":1,"name":"Inicio","item":"https:\/\/www.telelogos.com\/es\/"},{"@type":"ListItem","position":2,"name":"Soluciones","item":"https:\/\/www.telelogos.com\/es\/soluciones\/"},{"@type":"ListItem","position":3,"name":"MediaContact \/ MediaTransfer","item":"https:\/\/www.telelogos.com\/es\/soluciones\/mediacontact-mediatransfer-gestion-de-redes-de-puestos-fijos-transferencia-y-sincronizacion-de-datos\/"},{"@type":"ListItem","position":4,"name":"Gesti\u00f3n de players y pantallas de visualizaci\u00f3n din\u00e1mica"}]},{"@type":"WebSite","@id":"https:\/\/www.telelogos.com\/es\/#website","url":"https:\/\/www.telelogos.com\/es\/","name":"Telelogos","description":"","publisher":{"@id":"https:\/\/www.telelogos.com\/es\/#organization"},"potentialAction":[{"@type":"SearchAction","target":{"@type":"EntryPoint","urlTemplate":"https:\/\/www.telelogos.com\/es\/?s={search_term_string}"},"query-input":{"@type":"PropertyValueSpecification","valueRequired":true,"valueName":"search_term_string"}}],"inLanguage":"es-ES"},{"@type":"Organization","@id":"https:\/\/www.telelogos.com\/es\/#organization","name":"Telelogos","url":"https:\/\/www.telelogos.com\/es\/","logo":{"@type":"ImageObject","inLanguage":"es-ES","@id":"https:\/\/www.telelogos.com\/es\/#\/schema\/logo\/image\/","url":"https:\/\/www.telelogos.com\/wp-content\/uploads\/2022\/07\/Logo-Telelogos-e1664355618654.png","contentUrl":"https:\/\/www.telelogos.com\/wp-content\/uploads\/2022\/07\/Logo-Telelogos-e1664355618654.png","width":100,"height":35,"caption":"Telelogos"},"image":{"@id":"https:\/\/www.telelogos.com\/es\/#\/schema\/logo\/image\/"},"sameAs":["https:\/\/fr.linkedin.com\/company\/telelogos"]}]}},"_links":{"self":[{"href":"https:\/\/www.telelogos.com\/es\/wp-json\/wp\/v2\/pages\/22649","targetHints":{"allow":["GET"]}}],"collection":[{"href":"https:\/\/www.telelogos.com\/es\/wp-json\/wp\/v2\/pages"}],"about":[{"href":"https:\/\/www.telelogos.com\/es\/wp-json\/wp\/v2\/types\/page"}],"author":[{"embeddable":true,"href":"https:\/\/www.telelogos.com\/es\/wp-json\/wp\/v2\/users\/20"}],"replies":[{"embeddable":true,"href":"https:\/\/www.telelogos.com\/es\/wp-json\/wp\/v2\/comments?post=22649"}],"version-history":[{"count":5,"href":"https:\/\/www.telelogos.com\/es\/wp-json\/wp\/v2\/pages\/22649\/revisions"}],"predecessor-version":[{"id":26134,"href":"https:\/\/www.telelogos.com\/es\/wp-json\/wp\/v2\/pages\/22649\/revisions\/26134"}],"up":[{"embeddable":true,"href":"https:\/\/www.telelogos.com\/es\/wp-json\/wp\/v2\/pages\/22683"}],"wp:attachment":[{"href":"https:\/\/www.telelogos.com\/es\/wp-json\/wp\/v2\/media?parent=22649"}],"curies":[{"name":"wp","href":"https:\/\/api.w.org\/{rel}","templated":true}]}}