{"id":22650,"date":"2021-04-12T09:32:45","date_gmt":"2021-04-12T07:32:45","guid":{"rendered":"https:\/\/www.telelogos.com\/retail\/"},"modified":"2023-12-04T16:10:33","modified_gmt":"2023-12-04T14:10:33","slug":"comercio-minorista","status":"publish","type":"page","link":"https:\/\/www.telelogos.com\/es\/soluciones\/mediacontact-mediatransfer-gestion-de-redes-de-puestos-fijos-transferencia-y-sincronizacion-de-datos\/comercio-minorista\/","title":{"rendered":"El comercio minorista"},"content":{"rendered":"<div id=\"pl-22650\"  class=\"panel-layout\" ><div id=\"pg-22650-0\"  class=\"panel-grid panel-no-style\" ><div id=\"pgc-22650-0-0\"  class=\"panel-grid-cell\" ><div id=\"panel-22650-0-0-0\" class=\"so-panel widget widget_sow-editor panel-first-child panel-last-child\" data-index=\"0\" ><div class=\"animation_gauche_droite panel-widget-style panel-widget-style-for-22650-0-0-0\" ><div\n\t\t\t\n\t\t\tclass=\"so-widget-sow-editor so-widget-sow-editor-base\"\n\t\t\t\n\t\t>\n<div class=\"siteorigin-widget-tinymce textwidget\">\n\t<p><img decoding=\"async\" class=\"alignnone wp-image-20518\" src=\"https:\/\/www.telelogos.com\/wp-content\/uploads\/2021\/04\/58105807_s.jpg\" alt=\"\" width=\"650\" height=\"434\" srcset=\"https:\/\/www.telelogos.com\/wp-content\/uploads\/2021\/04\/58105807_s.jpg 847w, https:\/\/www.telelogos.com\/wp-content\/uploads\/2021\/04\/58105807_s-300x200.jpg 300w, https:\/\/www.telelogos.com\/wp-content\/uploads\/2021\/04\/58105807_s-195x130.jpg 195w, https:\/\/www.telelogos.com\/wp-content\/uploads\/2021\/04\/58105807_s-272x182.jpg 272w\" sizes=\"(max-width: 650px) 100vw, 650px\" \/><\/p>\n<\/div>\n<\/div><\/div><\/div><\/div><div id=\"pgc-22650-0-1\"  class=\"panel-grid-cell\" ><div id=\"panel-22650-0-1-0\" class=\"so-panel widget widget_sow-editor panel-first-child panel-last-child\" data-index=\"1\" ><div class=\"panel-widget-style panel-widget-style-for-22650-0-1-0\" ><div\n\t\t\t\n\t\t\tclass=\"so-widget-sow-editor so-widget-sow-editor-base\"\n\t\t\t\n\t\t>\n<div class=\"siteorigin-widget-tinymce textwidget\">\n\t<h2>Soluciones de sincronizaci\u00f3n de datos de redes de puntos de venta<\/h2>\n<p>MediaContact colabora en la digitalizaci\u00f3n de las redes de puntos de venta (Retail) a trav\u00e9s de sus funciones de sincronizaci\u00f3n de datos y de administraci\u00f3n para todas las terminales presentes en los puntos de venta: servidores back office, TPV\/POS, terminales interactivas, pantallas de visualizaci\u00f3n din\u00e1mica, etc. Adem\u00e1s, MediaContact permite administrar terminales m\u00f3viles usadas en el sector Retail, ya sean terminales m\u00f3viles para la gesti\u00f3n de los espacios de presentaci\u00f3n, del stock, de los dep\u00f3sitos, etc., o bien tabletas (herramientas de asistencia para la venta) a disposici\u00f3n de los vendedores.<\/p>\n<\/div>\n<\/div><\/div><\/div><\/div><\/div><div id=\"pg-22650-1\"  class=\"panel-grid panel-has-style\" ><div class=\"panel-row-style panel-row-style-for-22650-1\" ><div id=\"pgc-22650-1-0\"  class=\"panel-grid-cell\" ><div id=\"panel-22650-1-0-0\" class=\"so-panel widget widget_sow-editor panel-first-child panel-last-child\" data-index=\"2\" ><div class=\"panel-widget-style panel-widget-style-for-22650-1-0-0\" ><div\n\t\t\t\n\t\t\tclass=\"so-widget-sow-editor so-widget-sow-editor-base\"\n\t\t\t\n\t\t>\n<div class=\"siteorigin-widget-tinymce textwidget\">\n\t<div class=\"h3-like\">Caracter\u00edsticas<\/div>\n<p>&nbsp;<\/p>\n<ul>\n<li>Sincronizaci\u00f3n de servidores back office (puntos de venta &lt;-&gt; sede)<\/li>\n<li>Administraci\u00f3n de POS\/TPV (terminales de puntos de venta)<\/li>\n<li>Teledistribuci\u00f3n en los puntos de venta de software, aplicaciones, actualizaciones, parches, etc.<\/li>\n<li>Inventario de hardware y software de las terminales de los puntos de venta<\/li>\n<li>Vigilancia y control del estado de las terminales de los puntos de venta (on-line\/off-line)<\/li>\n<li>Optimizaci\u00f3n de las comunicaciones<\/li>\n<li>Sincronizaci\u00f3n diferencial o en tiempo real de todos los tipos de archivos y estructuras<\/li>\n<\/ul>\n<\/div>\n<\/div><\/div><\/div><\/div><div id=\"pgc-22650-1-1\"  class=\"panel-grid-cell\" ><div id=\"panel-22650-1-1-0\" class=\"so-panel widget widget_sow-editor panel-first-child panel-last-child\" data-index=\"3\" ><div class=\"panel-widget-style panel-widget-style-for-22650-1-1-0\" ><div\n\t\t\t\n\t\t\tclass=\"so-widget-sow-editor so-widget-sow-editor-base\"\n\t\t\t\n\t\t>\n<div class=\"siteorigin-widget-tinymce textwidget\">\n\t<div class=\"h3-like\">Usos pr\u00e1cticos<\/div>\n<p>&nbsp;<\/p>\n<ul>\n<li>Recopilaci\u00f3n centralizada de las ventas, tickets de caja, facturas, \u00f3rdenes de entrega, informaci\u00f3n del personal, etc.<\/li>\n<li>Distribuci\u00f3n a los puntos de venta de los archivos de art\u00edculos, tarifas, promociones, soportes de formaci\u00f3n, cat\u00e1logos de productos, informaci\u00f3n multimedia, etc.<\/li>\n<li>Carga de las ventas en tiempo real e intercambio de datos para la gesti\u00f3n de tarjetas de fidelidad para los clientes<\/li>\n<li>Administraci\u00f3n de todas las terminales de los puntos de venta (fijas o m\u00f3viles) a trav\u00e9s de una interfaz centralizada y \u00fanica<\/li>\n<li>Gesti\u00f3n de las terminales destinadas al p\u00fablico (tabletas integradas)<\/li>\n<li>Distribuci\u00f3n de archivos a los proveedores y organismos (pedidos, estad\u00edsticas, etc.)<\/li>\n<\/ul>\n<\/div>\n<\/div><\/div><\/div><\/div><\/div><\/div><\/div>","protected":false},"excerpt":{"rendered":"<p>Soluciones de sincronizaci\u00f3n de datos de redes de puntos de ventaMediaContact colabora en la digitalizaci\u00f3n de las redes de puntos de venta (Retail) a trav\u00e9s de sus funciones de [&hellip;]<\/p>\n","protected":false},"author":20,"featured_media":0,"parent":22683,"menu_order":241,"comment_status":"closed","ping_status":"closed","template":"page-solution.php","meta":{"footnotes":""},"class_list":["post-22650","page","type-page","status-publish","hentry"],"yoast_head":"<!-- This site is optimized with the Yoast SEO plugin v27.3 - https:\/\/yoast.com\/product\/yoast-seo-wordpress\/ -->\n<title>Soluciones de sincronizaci\u00f3n de datos de redes de puntos de venta<\/title>\n<meta name=\"description\" content=\"MediaContact apoya la digitalizaci\u00f3n de las redes minoristas gracias a sus funciones de sincronizaci\u00f3n y administraci\u00f3n de datos para todos los terminales presentes en los puntos de venta: servidores de backoffice, TPV, terminales interactivos, pantallas de se\u00f1alizaci\u00f3n digital, etc.\" \/>\n<meta name=\"robots\" content=\"index, follow, max-snippet:-1, max-image-preview:large, max-video-preview:-1\" \/>\n<link rel=\"canonical\" href=\"https:\/\/www.telelogos.com\/es\/soluciones\/mediacontact-mediatransfer-gestion-de-redes-de-puestos-fijos-transferencia-y-sincronizacion-de-datos\/comercio-minorista\/\" \/>\n<meta name=\"twitter:label1\" content=\"Est. reading time\" \/>\n\t<meta name=\"twitter:data1\" content=\"2 minutes\" \/>\n<script type=\"application\/ld+json\" class=\"yoast-schema-graph\">{\"@context\":\"https:\\\/\\\/schema.org\",\"@graph\":[{\"@type\":\"WebPage\",\"@id\":\"https:\\\/\\\/www.telelogos.com\\\/es\\\/soluciones\\\/mediacontact-mediatransfer-gestion-de-redes-de-puestos-fijos-transferencia-y-sincronizacion-de-datos\\\/comercio-minorista\\\/\",\"url\":\"https:\\\/\\\/www.telelogos.com\\\/es\\\/soluciones\\\/mediacontact-mediatransfer-gestion-de-redes-de-puestos-fijos-transferencia-y-sincronizacion-de-datos\\\/comercio-minorista\\\/\",\"name\":\"Soluciones de sincronizaci\u00f3n de datos de redes de puntos de venta\",\"isPartOf\":{\"@id\":\"https:\\\/\\\/www.telelogos.com\\\/es\\\/#website\"},\"primaryImageOfPage\":{\"@id\":\"https:\\\/\\\/www.telelogos.com\\\/es\\\/soluciones\\\/mediacontact-mediatransfer-gestion-de-redes-de-puestos-fijos-transferencia-y-sincronizacion-de-datos\\\/comercio-minorista\\\/#primaryimage\"},\"image\":{\"@id\":\"https:\\\/\\\/www.telelogos.com\\\/es\\\/soluciones\\\/mediacontact-mediatransfer-gestion-de-redes-de-puestos-fijos-transferencia-y-sincronizacion-de-datos\\\/comercio-minorista\\\/#primaryimage\"},\"thumbnailUrl\":\"https:\\\/\\\/www.telelogos.com\\\/wp-content\\\/uploads\\\/2021\\\/04\\\/58105807_s.jpg\",\"datePublished\":\"2021-04-12T07:32:45+00:00\",\"dateModified\":\"2023-12-04T14:10:33+00:00\",\"description\":\"MediaContact apoya la digitalizaci\u00f3n de las redes minoristas gracias a sus funciones de sincronizaci\u00f3n y administraci\u00f3n de datos para todos los terminales presentes en los puntos de venta: servidores de backoffice, TPV, terminales interactivos, pantallas de se\u00f1alizaci\u00f3n digital, etc.\",\"breadcrumb\":{\"@id\":\"https:\\\/\\\/www.telelogos.com\\\/es\\\/soluciones\\\/mediacontact-mediatransfer-gestion-de-redes-de-puestos-fijos-transferencia-y-sincronizacion-de-datos\\\/comercio-minorista\\\/#breadcrumb\"},\"inLanguage\":\"es-ES\",\"potentialAction\":[{\"@type\":\"ReadAction\",\"target\":[\"https:\\\/\\\/www.telelogos.com\\\/es\\\/soluciones\\\/mediacontact-mediatransfer-gestion-de-redes-de-puestos-fijos-transferencia-y-sincronizacion-de-datos\\\/comercio-minorista\\\/\"]}]},{\"@type\":\"ImageObject\",\"inLanguage\":\"es-ES\",\"@id\":\"https:\\\/\\\/www.telelogos.com\\\/es\\\/soluciones\\\/mediacontact-mediatransfer-gestion-de-redes-de-puestos-fijos-transferencia-y-sincronizacion-de-datos\\\/comercio-minorista\\\/#primaryimage\",\"url\":\"https:\\\/\\\/www.telelogos.com\\\/wp-content\\\/uploads\\\/2021\\\/04\\\/58105807_s.jpg\",\"contentUrl\":\"https:\\\/\\\/www.telelogos.com\\\/wp-content\\\/uploads\\\/2021\\\/04\\\/58105807_s.jpg\"},{\"@type\":\"BreadcrumbList\",\"@id\":\"https:\\\/\\\/www.telelogos.com\\\/es\\\/soluciones\\\/mediacontact-mediatransfer-gestion-de-redes-de-puestos-fijos-transferencia-y-sincronizacion-de-datos\\\/comercio-minorista\\\/#breadcrumb\",\"itemListElement\":[{\"@type\":\"ListItem\",\"position\":1,\"name\":\"Inicio\",\"item\":\"https:\\\/\\\/www.telelogos.com\\\/es\\\/\"},{\"@type\":\"ListItem\",\"position\":2,\"name\":\"Soluciones\",\"item\":\"https:\\\/\\\/www.telelogos.com\\\/es\\\/soluciones\\\/\"},{\"@type\":\"ListItem\",\"position\":3,\"name\":\"MediaContact \\\/ MediaTransfer\",\"item\":\"https:\\\/\\\/www.telelogos.com\\\/es\\\/soluciones\\\/mediacontact-mediatransfer-gestion-de-redes-de-puestos-fijos-transferencia-y-sincronizacion-de-datos\\\/\"},{\"@type\":\"ListItem\",\"position\":4,\"name\":\"El comercio minorista\"}]},{\"@type\":\"WebSite\",\"@id\":\"https:\\\/\\\/www.telelogos.com\\\/es\\\/#website\",\"url\":\"https:\\\/\\\/www.telelogos.com\\\/es\\\/\",\"name\":\"Telelogos\",\"description\":\"\",\"publisher\":{\"@id\":\"https:\\\/\\\/www.telelogos.com\\\/es\\\/#organization\"},\"potentialAction\":[{\"@type\":\"SearchAction\",\"target\":{\"@type\":\"EntryPoint\",\"urlTemplate\":\"https:\\\/\\\/www.telelogos.com\\\/es\\\/?s={search_term_string}\"},\"query-input\":{\"@type\":\"PropertyValueSpecification\",\"valueRequired\":true,\"valueName\":\"search_term_string\"}}],\"inLanguage\":\"es-ES\"},{\"@type\":\"Organization\",\"@id\":\"https:\\\/\\\/www.telelogos.com\\\/es\\\/#organization\",\"name\":\"Telelogos\",\"url\":\"https:\\\/\\\/www.telelogos.com\\\/es\\\/\",\"logo\":{\"@type\":\"ImageObject\",\"inLanguage\":\"es-ES\",\"@id\":\"https:\\\/\\\/www.telelogos.com\\\/es\\\/#\\\/schema\\\/logo\\\/image\\\/\",\"url\":\"https:\\\/\\\/www.telelogos.com\\\/wp-content\\\/uploads\\\/2022\\\/07\\\/Logo-Telelogos-e1664355618654.png\",\"contentUrl\":\"https:\\\/\\\/www.telelogos.com\\\/wp-content\\\/uploads\\\/2022\\\/07\\\/Logo-Telelogos-e1664355618654.png\",\"width\":100,\"height\":35,\"caption\":\"Telelogos\"},\"image\":{\"@id\":\"https:\\\/\\\/www.telelogos.com\\\/es\\\/#\\\/schema\\\/logo\\\/image\\\/\"},\"sameAs\":[\"https:\\\/\\\/fr.linkedin.com\\\/company\\\/telelogos\"]}]}<\/script>\n<!-- \/ Yoast SEO plugin. -->","yoast_head_json":{"title":"Soluciones de sincronizaci\u00f3n de datos de redes de puntos de venta","description":"MediaContact apoya la digitalizaci\u00f3n de las redes minoristas gracias a sus funciones de sincronizaci\u00f3n y administraci\u00f3n de datos para todos los terminales presentes en los puntos de venta: servidores de backoffice, TPV, terminales interactivos, pantallas de se\u00f1alizaci\u00f3n digital, etc.","robots":{"index":"index","follow":"follow","max-snippet":"max-snippet:-1","max-image-preview":"max-image-preview:large","max-video-preview":"max-video-preview:-1"},"canonical":"https:\/\/www.telelogos.com\/es\/soluciones\/mediacontact-mediatransfer-gestion-de-redes-de-puestos-fijos-transferencia-y-sincronizacion-de-datos\/comercio-minorista\/","twitter_misc":{"Est. reading time":"2 minutes"},"schema":{"@context":"https:\/\/schema.org","@graph":[{"@type":"WebPage","@id":"https:\/\/www.telelogos.com\/es\/soluciones\/mediacontact-mediatransfer-gestion-de-redes-de-puestos-fijos-transferencia-y-sincronizacion-de-datos\/comercio-minorista\/","url":"https:\/\/www.telelogos.com\/es\/soluciones\/mediacontact-mediatransfer-gestion-de-redes-de-puestos-fijos-transferencia-y-sincronizacion-de-datos\/comercio-minorista\/","name":"Soluciones de sincronizaci\u00f3n de datos de redes de puntos de venta","isPartOf":{"@id":"https:\/\/www.telelogos.com\/es\/#website"},"primaryImageOfPage":{"@id":"https:\/\/www.telelogos.com\/es\/soluciones\/mediacontact-mediatransfer-gestion-de-redes-de-puestos-fijos-transferencia-y-sincronizacion-de-datos\/comercio-minorista\/#primaryimage"},"image":{"@id":"https:\/\/www.telelogos.com\/es\/soluciones\/mediacontact-mediatransfer-gestion-de-redes-de-puestos-fijos-transferencia-y-sincronizacion-de-datos\/comercio-minorista\/#primaryimage"},"thumbnailUrl":"https:\/\/www.telelogos.com\/wp-content\/uploads\/2021\/04\/58105807_s.jpg","datePublished":"2021-04-12T07:32:45+00:00","dateModified":"2023-12-04T14:10:33+00:00","description":"MediaContact apoya la digitalizaci\u00f3n de las redes minoristas gracias a sus funciones de sincronizaci\u00f3n y administraci\u00f3n de datos para todos los terminales presentes en los puntos de venta: servidores de backoffice, TPV, terminales interactivos, pantallas de se\u00f1alizaci\u00f3n digital, etc.","breadcrumb":{"@id":"https:\/\/www.telelogos.com\/es\/soluciones\/mediacontact-mediatransfer-gestion-de-redes-de-puestos-fijos-transferencia-y-sincronizacion-de-datos\/comercio-minorista\/#breadcrumb"},"inLanguage":"es-ES","potentialAction":[{"@type":"ReadAction","target":["https:\/\/www.telelogos.com\/es\/soluciones\/mediacontact-mediatransfer-gestion-de-redes-de-puestos-fijos-transferencia-y-sincronizacion-de-datos\/comercio-minorista\/"]}]},{"@type":"ImageObject","inLanguage":"es-ES","@id":"https:\/\/www.telelogos.com\/es\/soluciones\/mediacontact-mediatransfer-gestion-de-redes-de-puestos-fijos-transferencia-y-sincronizacion-de-datos\/comercio-minorista\/#primaryimage","url":"https:\/\/www.telelogos.com\/wp-content\/uploads\/2021\/04\/58105807_s.jpg","contentUrl":"https:\/\/www.telelogos.com\/wp-content\/uploads\/2021\/04\/58105807_s.jpg"},{"@type":"BreadcrumbList","@id":"https:\/\/www.telelogos.com\/es\/soluciones\/mediacontact-mediatransfer-gestion-de-redes-de-puestos-fijos-transferencia-y-sincronizacion-de-datos\/comercio-minorista\/#breadcrumb","itemListElement":[{"@type":"ListItem","position":1,"name":"Inicio","item":"https:\/\/www.telelogos.com\/es\/"},{"@type":"ListItem","position":2,"name":"Soluciones","item":"https:\/\/www.telelogos.com\/es\/soluciones\/"},{"@type":"ListItem","position":3,"name":"MediaContact \/ MediaTransfer","item":"https:\/\/www.telelogos.com\/es\/soluciones\/mediacontact-mediatransfer-gestion-de-redes-de-puestos-fijos-transferencia-y-sincronizacion-de-datos\/"},{"@type":"ListItem","position":4,"name":"El comercio minorista"}]},{"@type":"WebSite","@id":"https:\/\/www.telelogos.com\/es\/#website","url":"https:\/\/www.telelogos.com\/es\/","name":"Telelogos","description":"","publisher":{"@id":"https:\/\/www.telelogos.com\/es\/#organization"},"potentialAction":[{"@type":"SearchAction","target":{"@type":"EntryPoint","urlTemplate":"https:\/\/www.telelogos.com\/es\/?s={search_term_string}"},"query-input":{"@type":"PropertyValueSpecification","valueRequired":true,"valueName":"search_term_string"}}],"inLanguage":"es-ES"},{"@type":"Organization","@id":"https:\/\/www.telelogos.com\/es\/#organization","name":"Telelogos","url":"https:\/\/www.telelogos.com\/es\/","logo":{"@type":"ImageObject","inLanguage":"es-ES","@id":"https:\/\/www.telelogos.com\/es\/#\/schema\/logo\/image\/","url":"https:\/\/www.telelogos.com\/wp-content\/uploads\/2022\/07\/Logo-Telelogos-e1664355618654.png","contentUrl":"https:\/\/www.telelogos.com\/wp-content\/uploads\/2022\/07\/Logo-Telelogos-e1664355618654.png","width":100,"height":35,"caption":"Telelogos"},"image":{"@id":"https:\/\/www.telelogos.com\/es\/#\/schema\/logo\/image\/"},"sameAs":["https:\/\/fr.linkedin.com\/company\/telelogos"]}]}},"_links":{"self":[{"href":"https:\/\/www.telelogos.com\/es\/wp-json\/wp\/v2\/pages\/22650","targetHints":{"allow":["GET"]}}],"collection":[{"href":"https:\/\/www.telelogos.com\/es\/wp-json\/wp\/v2\/pages"}],"about":[{"href":"https:\/\/www.telelogos.com\/es\/wp-json\/wp\/v2\/types\/page"}],"author":[{"embeddable":true,"href":"https:\/\/www.telelogos.com\/es\/wp-json\/wp\/v2\/users\/20"}],"replies":[{"embeddable":true,"href":"https:\/\/www.telelogos.com\/es\/wp-json\/wp\/v2\/comments?post=22650"}],"version-history":[{"count":4,"href":"https:\/\/www.telelogos.com\/es\/wp-json\/wp\/v2\/pages\/22650\/revisions"}],"predecessor-version":[{"id":26048,"href":"https:\/\/www.telelogos.com\/es\/wp-json\/wp\/v2\/pages\/22650\/revisions\/26048"}],"up":[{"embeddable":true,"href":"https:\/\/www.telelogos.com\/es\/wp-json\/wp\/v2\/pages\/22683"}],"wp:attachment":[{"href":"https:\/\/www.telelogos.com\/es\/wp-json\/wp\/v2\/media?parent=22650"}],"curies":[{"name":"wp","href":"https:\/\/api.w.org\/{rel}","templated":true}]}}