{"id":22652,"date":"2021-03-31T15:39:06","date_gmt":"2021-03-31T13:39:06","guid":{"rendered":"https:\/\/www.telelogos.com\/nos-partenaires\/"},"modified":"2025-03-19T18:20:33","modified_gmt":"2025-03-19T16:20:33","slug":"nuestros-socios","status":"publish","type":"page","link":"https:\/\/www.telelogos.com\/es\/nuestros-socios\/","title":{"rendered":"Nuestros socios"},"content":{"rendered":"<div id=\"pl-22652\"  class=\"panel-layout\" ><div id=\"pg-22652-0\"  class=\"panel-grid panel-no-style\" ><div id=\"pgc-22652-0-0\"  class=\"panel-grid-cell\" ><div id=\"panel-22652-0-0-0\" class=\"so-panel widget widget_sow-editor panel-first-child panel-last-child\" data-index=\"0\" ><div\n\t\t\t\n\t\t\tclass=\"so-widget-sow-editor so-widget-sow-editor-base\"\n\t\t\t\n\t\t>\n<div class=\"siteorigin-widget-tinymce textwidget\">\n\t<div class=\"titre_tiret_bleu h1-like h2-like\">Nuestros socios revendedores e integradores<\/div>\n<div>\n<ul>\n<li>Telelogos ha construido y expandido una<strong> red de socios<\/strong> integradores y revendedores certificados. Estos socios se eligen a partir de criterios exigentes que combinan las <strong>necesidades<\/strong> de los clientes en los territorios correspondientes con los <strong>conocimientos t\u00e9cnicos<\/strong> que pueden aportar.<\/li>\n<li>Esta red de calidad <strong>internacional<\/strong> permiti\u00f3 instalar las soluciones de Telelogos en m\u00e1s de 50 pa\u00edses.<\/li>\n<li>Los socios integradores y revendedores de Telelogos reciben <strong>capacitaci\u00f3n<\/strong> t\u00e9cnica y comercial, cuentan con<strong> herramientas<\/strong>, un <strong>portal<\/strong> espec\u00edfico y <strong>asesoramiento<\/strong> especializado para la instalaci\u00f3n de nuestras soluciones.<\/li>\n<\/ul>\n<p>&nbsp;<\/p>\n<div class=\"btn_bleu\"><a href=\"https:\/\/www.telelogos.com\/es\/nuestros-socios\/socios-revendedores\/\">M\u00e1s informaci\u00f3n<\/a><\/div>\n<\/div>\n<p>&nbsp;<\/p>\n<div><\/div>\n<div class=\"titre_tiret_bleu h1-like h2-like\">Nuestros socios tecnol\u00f3gicos<\/div>\n<div>\n<ul>\n<li>Los programas de Telelogos se estudian para poder <strong>integrarse f\u00e1cilmente<\/strong> en muchos entornos t\u00e9cnicos y profesionales.<\/li>\n<li>Por este motivo, Telelogos ha sabido desarrollar, desde su creaci\u00f3n, una red de socios tecnol\u00f3gicos de primer nivel tanto para los <strong>equipamientos<\/strong> (procesadores, pantallas, players, terminales m\u00f3viles, impresoras) como para el <strong>software<\/strong> (sistemas operativos, bases de datos, software profesional, software t\u00e9cnico).<\/li>\n<\/ul>\n<p>&nbsp;<\/p>\n<\/div>\n<div class=\"btn_bleu\"><a href=\"https:\/\/www.telelogos.com\/es\/nuestros-socios\/socios-tecnologicos\/\">M\u00e1s informaci\u00f3n<\/a><\/div>\n<p>&nbsp;<\/p>\n<\/div>\n<\/div><\/div><\/div><\/div><\/div>","protected":false},"excerpt":{"rendered":"<p>Nuestros socios revendedores e integradores Telelogos ha construido y expandido una red de socios integradores y revendedores certificados. Estos socios se eligen a partir de criterios exigentes que combinan [&hellip;]<\/p>\n","protected":false},"author":20,"featured_media":0,"parent":0,"menu_order":546,"comment_status":"closed","ping_status":"closed","template":"","meta":{"footnotes":""},"class_list":["post-22652","page","type-page","status-publish","hentry"],"yoast_head":"<!-- This site is optimized with the Yoast SEO plugin v27.3 - https:\/\/yoast.com\/product\/yoast-seo-wordpress\/ -->\n<title>Nuestros socios - Telelogos<\/title>\n<meta name=\"description\" content=\"Descubra nuestra red de socios tecnol\u00f3gicos y distribuidores. Juntos, ofrecemos soluciones en MDM, carteler\u00eda digital, reserva de salas y alertas.\" \/>\n<meta name=\"robots\" content=\"index, follow, max-snippet:-1, max-image-preview:large, max-video-preview:-1\" \/>\n<link rel=\"canonical\" href=\"https:\/\/www.telelogos.com\/es\/nuestros-socios\/\" \/>\n<meta name=\"twitter:label1\" content=\"Est. reading time\" \/>\n\t<meta name=\"twitter:data1\" content=\"1 minute\" \/>\n<script type=\"application\/ld+json\" class=\"yoast-schema-graph\">{\"@context\":\"https:\\\/\\\/schema.org\",\"@graph\":[{\"@type\":\"WebPage\",\"@id\":\"https:\\\/\\\/www.telelogos.com\\\/es\\\/nuestros-socios\\\/\",\"url\":\"https:\\\/\\\/www.telelogos.com\\\/es\\\/nuestros-socios\\\/\",\"name\":\"Nuestros socios - Telelogos\",\"isPartOf\":{\"@id\":\"https:\\\/\\\/www.telelogos.com\\\/es\\\/#website\"},\"datePublished\":\"2021-03-31T13:39:06+00:00\",\"dateModified\":\"2025-03-19T16:20:33+00:00\",\"description\":\"Descubra nuestra red de socios tecnol\u00f3gicos y distribuidores. Juntos, ofrecemos soluciones en MDM, carteler\u00eda digital, reserva de salas y alertas.\",\"breadcrumb\":{\"@id\":\"https:\\\/\\\/www.telelogos.com\\\/es\\\/nuestros-socios\\\/#breadcrumb\"},\"inLanguage\":\"es-ES\",\"potentialAction\":[{\"@type\":\"ReadAction\",\"target\":[\"https:\\\/\\\/www.telelogos.com\\\/es\\\/nuestros-socios\\\/\"]}]},{\"@type\":\"BreadcrumbList\",\"@id\":\"https:\\\/\\\/www.telelogos.com\\\/es\\\/nuestros-socios\\\/#breadcrumb\",\"itemListElement\":[{\"@type\":\"ListItem\",\"position\":1,\"name\":\"Inicio\",\"item\":\"https:\\\/\\\/www.telelogos.com\\\/es\\\/\"},{\"@type\":\"ListItem\",\"position\":2,\"name\":\"Nuestros socios\"}]},{\"@type\":\"WebSite\",\"@id\":\"https:\\\/\\\/www.telelogos.com\\\/es\\\/#website\",\"url\":\"https:\\\/\\\/www.telelogos.com\\\/es\\\/\",\"name\":\"Telelogos\",\"description\":\"\",\"publisher\":{\"@id\":\"https:\\\/\\\/www.telelogos.com\\\/es\\\/#organization\"},\"potentialAction\":[{\"@type\":\"SearchAction\",\"target\":{\"@type\":\"EntryPoint\",\"urlTemplate\":\"https:\\\/\\\/www.telelogos.com\\\/es\\\/?s={search_term_string}\"},\"query-input\":{\"@type\":\"PropertyValueSpecification\",\"valueRequired\":true,\"valueName\":\"search_term_string\"}}],\"inLanguage\":\"es-ES\"},{\"@type\":\"Organization\",\"@id\":\"https:\\\/\\\/www.telelogos.com\\\/es\\\/#organization\",\"name\":\"Telelogos\",\"url\":\"https:\\\/\\\/www.telelogos.com\\\/es\\\/\",\"logo\":{\"@type\":\"ImageObject\",\"inLanguage\":\"es-ES\",\"@id\":\"https:\\\/\\\/www.telelogos.com\\\/es\\\/#\\\/schema\\\/logo\\\/image\\\/\",\"url\":\"https:\\\/\\\/www.telelogos.com\\\/wp-content\\\/uploads\\\/2022\\\/07\\\/Logo-Telelogos-e1664355618654.png\",\"contentUrl\":\"https:\\\/\\\/www.telelogos.com\\\/wp-content\\\/uploads\\\/2022\\\/07\\\/Logo-Telelogos-e1664355618654.png\",\"width\":100,\"height\":35,\"caption\":\"Telelogos\"},\"image\":{\"@id\":\"https:\\\/\\\/www.telelogos.com\\\/es\\\/#\\\/schema\\\/logo\\\/image\\\/\"},\"sameAs\":[\"https:\\\/\\\/fr.linkedin.com\\\/company\\\/telelogos\"]}]}<\/script>\n<!-- \/ Yoast SEO plugin. -->","yoast_head_json":{"title":"Nuestros socios - Telelogos","description":"Descubra nuestra red de socios tecnol\u00f3gicos y distribuidores. Juntos, ofrecemos soluciones en MDM, carteler\u00eda digital, reserva de salas y alertas.","robots":{"index":"index","follow":"follow","max-snippet":"max-snippet:-1","max-image-preview":"max-image-preview:large","max-video-preview":"max-video-preview:-1"},"canonical":"https:\/\/www.telelogos.com\/es\/nuestros-socios\/","twitter_misc":{"Est. reading time":"1 minute"},"schema":{"@context":"https:\/\/schema.org","@graph":[{"@type":"WebPage","@id":"https:\/\/www.telelogos.com\/es\/nuestros-socios\/","url":"https:\/\/www.telelogos.com\/es\/nuestros-socios\/","name":"Nuestros socios - Telelogos","isPartOf":{"@id":"https:\/\/www.telelogos.com\/es\/#website"},"datePublished":"2021-03-31T13:39:06+00:00","dateModified":"2025-03-19T16:20:33+00:00","description":"Descubra nuestra red de socios tecnol\u00f3gicos y distribuidores. Juntos, ofrecemos soluciones en MDM, carteler\u00eda digital, reserva de salas y alertas.","breadcrumb":{"@id":"https:\/\/www.telelogos.com\/es\/nuestros-socios\/#breadcrumb"},"inLanguage":"es-ES","potentialAction":[{"@type":"ReadAction","target":["https:\/\/www.telelogos.com\/es\/nuestros-socios\/"]}]},{"@type":"BreadcrumbList","@id":"https:\/\/www.telelogos.com\/es\/nuestros-socios\/#breadcrumb","itemListElement":[{"@type":"ListItem","position":1,"name":"Inicio","item":"https:\/\/www.telelogos.com\/es\/"},{"@type":"ListItem","position":2,"name":"Nuestros socios"}]},{"@type":"WebSite","@id":"https:\/\/www.telelogos.com\/es\/#website","url":"https:\/\/www.telelogos.com\/es\/","name":"Telelogos","description":"","publisher":{"@id":"https:\/\/www.telelogos.com\/es\/#organization"},"potentialAction":[{"@type":"SearchAction","target":{"@type":"EntryPoint","urlTemplate":"https:\/\/www.telelogos.com\/es\/?s={search_term_string}"},"query-input":{"@type":"PropertyValueSpecification","valueRequired":true,"valueName":"search_term_string"}}],"inLanguage":"es-ES"},{"@type":"Organization","@id":"https:\/\/www.telelogos.com\/es\/#organization","name":"Telelogos","url":"https:\/\/www.telelogos.com\/es\/","logo":{"@type":"ImageObject","inLanguage":"es-ES","@id":"https:\/\/www.telelogos.com\/es\/#\/schema\/logo\/image\/","url":"https:\/\/www.telelogos.com\/wp-content\/uploads\/2022\/07\/Logo-Telelogos-e1664355618654.png","contentUrl":"https:\/\/www.telelogos.com\/wp-content\/uploads\/2022\/07\/Logo-Telelogos-e1664355618654.png","width":100,"height":35,"caption":"Telelogos"},"image":{"@id":"https:\/\/www.telelogos.com\/es\/#\/schema\/logo\/image\/"},"sameAs":["https:\/\/fr.linkedin.com\/company\/telelogos"]}]}},"_links":{"self":[{"href":"https:\/\/www.telelogos.com\/es\/wp-json\/wp\/v2\/pages\/22652","targetHints":{"allow":["GET"]}}],"collection":[{"href":"https:\/\/www.telelogos.com\/es\/wp-json\/wp\/v2\/pages"}],"about":[{"href":"https:\/\/www.telelogos.com\/es\/wp-json\/wp\/v2\/types\/page"}],"author":[{"embeddable":true,"href":"https:\/\/www.telelogos.com\/es\/wp-json\/wp\/v2\/users\/20"}],"replies":[{"embeddable":true,"href":"https:\/\/www.telelogos.com\/es\/wp-json\/wp\/v2\/comments?post=22652"}],"version-history":[{"count":5,"href":"https:\/\/www.telelogos.com\/es\/wp-json\/wp\/v2\/pages\/22652\/revisions"}],"predecessor-version":[{"id":58397,"href":"https:\/\/www.telelogos.com\/es\/wp-json\/wp\/v2\/pages\/22652\/revisions\/58397"}],"wp:attachment":[{"href":"https:\/\/www.telelogos.com\/es\/wp-json\/wp\/v2\/media?parent=22652"}],"curies":[{"name":"wp","href":"https:\/\/api.w.org\/{rel}","templated":true}]}}