{"id":22653,"date":"2021-03-31T15:27:54","date_gmt":"2021-03-31T13:27:54","guid":{"rendered":"https:\/\/www.telelogos.com\/partenaires-technologiques\/"},"modified":"2025-03-20T17:57:08","modified_gmt":"2025-03-20T15:57:08","slug":"socios-tecnologicos","status":"publish","type":"page","link":"https:\/\/www.telelogos.com\/es\/nuestros-socios\/socios-tecnologicos\/","title":{"rendered":"Nuestros socios tecnol\u00f3gicos"},"content":{"rendered":"<div id=\"pl-20220\" class=\"panel-layout\">\n<div id=\"pg-20220-0\" class=\"panel-grid panel-no-style\" data-style=\"{&quot;background_image_attachment&quot;:false,&quot;background_display&quot;:&quot;tile&quot;,&quot;cell_alignment&quot;:&quot;flex-start&quot;}\" data-ratio=\"1\" data-ratio-direction=\"right\">\n<div id=\"pgc-20220-0-0\" class=\"panel-grid-cell\" data-weight=\"1\">\n<div id=\"panel-20220-0-0-0\" class=\"so-panel widget widget_sow-editor panel-first-child panel-last-child\" data-index=\"0\" data-style=\"{&quot;background_image_attachment&quot;:false,&quot;background_display&quot;:&quot;tile&quot;}\">\n<div class=\"so-widget-sow-editor so-widget-sow-editor-base\">\n<div class=\"siteorigin-widget-tinymce textwidget\">\n<div class=\"titre_tiret_bleu h2-like\">La red de socios de Telelogos<\/div>\n<div>\u00a0<\/div>\n<div>\n<ul>\n<li>Los programas de Telelogos se estudian para poder integrarse f\u00e1cilmente en muchos entornos t\u00e9cnicos y profesionales.<\/li>\n<li>Por este motivo, Telelogos ha sabido desarrollar, desde su creaci\u00f3n, una red de socios tecnol\u00f3gicos de primer nivel tanto para los equipamientos (procesadores, pantallas, lectores, terminales m\u00f3viles, impresoras) como para el software (sistemas operativos, bases de datos, software profesional, software t\u00e9cnico).<\/li>\n<\/ul>\n<\/div>\n<\/div>\n<\/div>\n<\/div>\n<\/div>\n<\/div>\n<\/div>\n","protected":false},"excerpt":{"rendered":"<p>La red de socios de Telelogos \u00a0 Los programas de Telelogos se estudian para poder integrarse f\u00e1cilmente en muchos entornos t\u00e9cnicos y profesionales. Por este motivo, Telelogos ha sabido [&hellip;]<\/p>\n","protected":false},"author":20,"featured_media":0,"parent":22652,"menu_order":552,"comment_status":"closed","ping_status":"closed","template":"page-partenaires.php","meta":{"footnotes":""},"class_list":["post-22653","page","type-page","status-publish","hentry"],"yoast_head":"<!-- This site is optimized with the Yoast SEO plugin v27.3 - https:\/\/yoast.com\/product\/yoast-seo-wordpress\/ -->\n<title>Nuestros socios tecnol\u00f3gicos - Telelogos<\/title>\n<meta name=\"description\" content=\"Telelogos colabora con socios tecnol\u00f3gicos estrat\u00e9gicos para ofrecer soluciones en carteler\u00eda digital, MDM y comunicaci\u00f3n interna.\" \/>\n<meta name=\"robots\" content=\"index, follow, max-snippet:-1, max-image-preview:large, max-video-preview:-1\" \/>\n<link rel=\"canonical\" href=\"https:\/\/www.telelogos.com\/es\/nuestros-socios\/socios-tecnologicos\/\" \/>\n<meta name=\"twitter:label1\" content=\"Est. reading time\" \/>\n\t<meta name=\"twitter:data1\" content=\"1 minute\" \/>\n<script type=\"application\/ld+json\" class=\"yoast-schema-graph\">{\"@context\":\"https:\\\/\\\/schema.org\",\"@graph\":[{\"@type\":\"WebPage\",\"@id\":\"https:\\\/\\\/www.telelogos.com\\\/es\\\/nuestros-socios\\\/socios-tecnologicos\\\/\",\"url\":\"https:\\\/\\\/www.telelogos.com\\\/es\\\/nuestros-socios\\\/socios-tecnologicos\\\/\",\"name\":\"Nuestros socios tecnol\u00f3gicos - Telelogos\",\"isPartOf\":{\"@id\":\"https:\\\/\\\/www.telelogos.com\\\/es\\\/#website\"},\"datePublished\":\"2021-03-31T13:27:54+00:00\",\"dateModified\":\"2025-03-20T15:57:08+00:00\",\"description\":\"Telelogos colabora con socios tecnol\u00f3gicos estrat\u00e9gicos para ofrecer soluciones en carteler\u00eda digital, MDM y comunicaci\u00f3n interna.\",\"breadcrumb\":{\"@id\":\"https:\\\/\\\/www.telelogos.com\\\/es\\\/nuestros-socios\\\/socios-tecnologicos\\\/#breadcrumb\"},\"inLanguage\":\"es-ES\",\"potentialAction\":[{\"@type\":\"ReadAction\",\"target\":[\"https:\\\/\\\/www.telelogos.com\\\/es\\\/nuestros-socios\\\/socios-tecnologicos\\\/\"]}]},{\"@type\":\"BreadcrumbList\",\"@id\":\"https:\\\/\\\/www.telelogos.com\\\/es\\\/nuestros-socios\\\/socios-tecnologicos\\\/#breadcrumb\",\"itemListElement\":[{\"@type\":\"ListItem\",\"position\":1,\"name\":\"Inicio\",\"item\":\"https:\\\/\\\/www.telelogos.com\\\/es\\\/\"},{\"@type\":\"ListItem\",\"position\":2,\"name\":\"Nuestros socios\",\"item\":\"https:\\\/\\\/www.telelogos.com\\\/es\\\/nuestros-socios\\\/\"},{\"@type\":\"ListItem\",\"position\":3,\"name\":\"Nuestros socios tecnol\u00f3gicos\"}]},{\"@type\":\"WebSite\",\"@id\":\"https:\\\/\\\/www.telelogos.com\\\/es\\\/#website\",\"url\":\"https:\\\/\\\/www.telelogos.com\\\/es\\\/\",\"name\":\"Telelogos\",\"description\":\"\",\"publisher\":{\"@id\":\"https:\\\/\\\/www.telelogos.com\\\/es\\\/#organization\"},\"potentialAction\":[{\"@type\":\"SearchAction\",\"target\":{\"@type\":\"EntryPoint\",\"urlTemplate\":\"https:\\\/\\\/www.telelogos.com\\\/es\\\/?s={search_term_string}\"},\"query-input\":{\"@type\":\"PropertyValueSpecification\",\"valueRequired\":true,\"valueName\":\"search_term_string\"}}],\"inLanguage\":\"es-ES\"},{\"@type\":\"Organization\",\"@id\":\"https:\\\/\\\/www.telelogos.com\\\/es\\\/#organization\",\"name\":\"Telelogos\",\"url\":\"https:\\\/\\\/www.telelogos.com\\\/es\\\/\",\"logo\":{\"@type\":\"ImageObject\",\"inLanguage\":\"es-ES\",\"@id\":\"https:\\\/\\\/www.telelogos.com\\\/es\\\/#\\\/schema\\\/logo\\\/image\\\/\",\"url\":\"https:\\\/\\\/www.telelogos.com\\\/wp-content\\\/uploads\\\/2022\\\/07\\\/Logo-Telelogos-e1664355618654.png\",\"contentUrl\":\"https:\\\/\\\/www.telelogos.com\\\/wp-content\\\/uploads\\\/2022\\\/07\\\/Logo-Telelogos-e1664355618654.png\",\"width\":100,\"height\":35,\"caption\":\"Telelogos\"},\"image\":{\"@id\":\"https:\\\/\\\/www.telelogos.com\\\/es\\\/#\\\/schema\\\/logo\\\/image\\\/\"},\"sameAs\":[\"https:\\\/\\\/fr.linkedin.com\\\/company\\\/telelogos\"]}]}<\/script>\n<!-- \/ Yoast SEO plugin. -->","yoast_head_json":{"title":"Nuestros socios tecnol\u00f3gicos - Telelogos","description":"Telelogos colabora con socios tecnol\u00f3gicos estrat\u00e9gicos para ofrecer soluciones en carteler\u00eda digital, MDM y comunicaci\u00f3n interna.","robots":{"index":"index","follow":"follow","max-snippet":"max-snippet:-1","max-image-preview":"max-image-preview:large","max-video-preview":"max-video-preview:-1"},"canonical":"https:\/\/www.telelogos.com\/es\/nuestros-socios\/socios-tecnologicos\/","twitter_misc":{"Est. reading time":"1 minute"},"schema":{"@context":"https:\/\/schema.org","@graph":[{"@type":"WebPage","@id":"https:\/\/www.telelogos.com\/es\/nuestros-socios\/socios-tecnologicos\/","url":"https:\/\/www.telelogos.com\/es\/nuestros-socios\/socios-tecnologicos\/","name":"Nuestros socios tecnol\u00f3gicos - Telelogos","isPartOf":{"@id":"https:\/\/www.telelogos.com\/es\/#website"},"datePublished":"2021-03-31T13:27:54+00:00","dateModified":"2025-03-20T15:57:08+00:00","description":"Telelogos colabora con socios tecnol\u00f3gicos estrat\u00e9gicos para ofrecer soluciones en carteler\u00eda digital, MDM y comunicaci\u00f3n interna.","breadcrumb":{"@id":"https:\/\/www.telelogos.com\/es\/nuestros-socios\/socios-tecnologicos\/#breadcrumb"},"inLanguage":"es-ES","potentialAction":[{"@type":"ReadAction","target":["https:\/\/www.telelogos.com\/es\/nuestros-socios\/socios-tecnologicos\/"]}]},{"@type":"BreadcrumbList","@id":"https:\/\/www.telelogos.com\/es\/nuestros-socios\/socios-tecnologicos\/#breadcrumb","itemListElement":[{"@type":"ListItem","position":1,"name":"Inicio","item":"https:\/\/www.telelogos.com\/es\/"},{"@type":"ListItem","position":2,"name":"Nuestros socios","item":"https:\/\/www.telelogos.com\/es\/nuestros-socios\/"},{"@type":"ListItem","position":3,"name":"Nuestros socios tecnol\u00f3gicos"}]},{"@type":"WebSite","@id":"https:\/\/www.telelogos.com\/es\/#website","url":"https:\/\/www.telelogos.com\/es\/","name":"Telelogos","description":"","publisher":{"@id":"https:\/\/www.telelogos.com\/es\/#organization"},"potentialAction":[{"@type":"SearchAction","target":{"@type":"EntryPoint","urlTemplate":"https:\/\/www.telelogos.com\/es\/?s={search_term_string}"},"query-input":{"@type":"PropertyValueSpecification","valueRequired":true,"valueName":"search_term_string"}}],"inLanguage":"es-ES"},{"@type":"Organization","@id":"https:\/\/www.telelogos.com\/es\/#organization","name":"Telelogos","url":"https:\/\/www.telelogos.com\/es\/","logo":{"@type":"ImageObject","inLanguage":"es-ES","@id":"https:\/\/www.telelogos.com\/es\/#\/schema\/logo\/image\/","url":"https:\/\/www.telelogos.com\/wp-content\/uploads\/2022\/07\/Logo-Telelogos-e1664355618654.png","contentUrl":"https:\/\/www.telelogos.com\/wp-content\/uploads\/2022\/07\/Logo-Telelogos-e1664355618654.png","width":100,"height":35,"caption":"Telelogos"},"image":{"@id":"https:\/\/www.telelogos.com\/es\/#\/schema\/logo\/image\/"},"sameAs":["https:\/\/fr.linkedin.com\/company\/telelogos"]}]}},"_links":{"self":[{"href":"https:\/\/www.telelogos.com\/es\/wp-json\/wp\/v2\/pages\/22653","targetHints":{"allow":["GET"]}}],"collection":[{"href":"https:\/\/www.telelogos.com\/es\/wp-json\/wp\/v2\/pages"}],"about":[{"href":"https:\/\/www.telelogos.com\/es\/wp-json\/wp\/v2\/types\/page"}],"author":[{"embeddable":true,"href":"https:\/\/www.telelogos.com\/es\/wp-json\/wp\/v2\/users\/20"}],"replies":[{"embeddable":true,"href":"https:\/\/www.telelogos.com\/es\/wp-json\/wp\/v2\/comments?post=22653"}],"version-history":[{"count":3,"href":"https:\/\/www.telelogos.com\/es\/wp-json\/wp\/v2\/pages\/22653\/revisions"}],"predecessor-version":[{"id":58402,"href":"https:\/\/www.telelogos.com\/es\/wp-json\/wp\/v2\/pages\/22653\/revisions\/58402"}],"up":[{"embeddable":true,"href":"https:\/\/www.telelogos.com\/es\/wp-json\/wp\/v2\/pages\/22652"}],"wp:attachment":[{"href":"https:\/\/www.telelogos.com\/es\/wp-json\/wp\/v2\/media?parent=22653"}],"curies":[{"name":"wp","href":"https:\/\/api.w.org\/{rel}","templated":true}]}}