{"id":22654,"date":"2021-03-30T17:59:36","date_gmt":"2021-03-30T15:59:36","guid":{"rendered":"https:\/\/www.telelogos.com\/partenaires-revendeurs\/"},"modified":"2023-12-04T16:09:07","modified_gmt":"2023-12-04T14:09:07","slug":"socios-revendedores","status":"publish","type":"page","link":"https:\/\/www.telelogos.com\/es\/nuestros-socios\/socios-revendedores\/","title":{"rendered":"Socios Revendedores e Integradores"},"content":{"rendered":"<div id=\"pl-22654\"  class=\"panel-layout\" ><div id=\"pg-22654-0\"  class=\"panel-grid panel-no-style\" ><div id=\"pgc-22654-0-0\"  class=\"panel-grid-cell\" ><div id=\"panel-22654-0-0-0\" class=\"so-panel widget widget_sow-editor panel-first-child panel-last-child\" data-index=\"0\" ><div\n\t\t\t\n\t\t\tclass=\"so-widget-sow-editor so-widget-sow-editor-base\"\n\t\t\t\n\t\t>\n<div class=\"siteorigin-widget-tinymce textwidget\">\n\t<div class=\"h3-like titre_tiret_bleu\">La red de socios de Telelogos<\/div>\n<\/div>\n<\/div><\/div><\/div><\/div><div id=\"pg-22654-1\"  class=\"panel-grid panel-no-style\" ><div id=\"pgc-22654-1-0\"  class=\"panel-grid-cell\" ><div id=\"panel-22654-1-0-0\" class=\"so-panel widget widget_sow-editor panel-first-child panel-last-child\" data-index=\"1\" ><div\n\t\t\t\n\t\t\tclass=\"so-widget-sow-editor so-widget-sow-editor-base\"\n\t\t\t\n\t\t>\n<div class=\"siteorigin-widget-tinymce textwidget\">\n\t<ul>\n<li>Telelogos ha construido y expandido una red de socios <strong>integradores<\/strong> <strong>y revendedores<\/strong> certificados. Estos socios se eligen a partir de criterios exigentes que combinan las necesidades de los clientes en los territorios correspondientes con los conocimientos t\u00e9cnicos que pueden aportar.<\/li>\n<li>Esta <strong>red de calidad internacional<\/strong> permiti\u00f3 instalar las soluciones de Telelogos en m\u00e1s de 50 pa\u00edses.<\/li>\n<li>Los socios integradores y revendedores de Telelogos reciben <strong>capacitaci\u00f3n<\/strong> t\u00e9cnica y comercial, cuentan con herramientas, un portal espec\u00edfico y <strong>asesoramiento<\/strong> especializado para la instalaci\u00f3n de nuestras soluciones.<\/li>\n<li>Telelogos se dedica exclusivamente a mejorar en forma continua sus soluciones, dejando en manos de los socios la prestaci\u00f3n de <strong>servicios de calidad<\/strong> a los clientes.<\/li>\n<\/ul>\n<\/div>\n<\/div><\/div><\/div><div id=\"pgc-22654-1-1\"  class=\"panel-grid-cell\" ><div id=\"panel-22654-1-1-0\" class=\"so-panel widget widget_sow-editor panel-first-child panel-last-child\" data-index=\"2\" ><div\n\t\t\t\n\t\t\tclass=\"so-widget-sow-editor so-widget-sow-editor-base\"\n\t\t\t\n\t\t>\n<div class=\"siteorigin-widget-tinymce textwidget\">\n\t<p><img decoding=\"async\" class=\"wp-image-20300 size-medium alignnone aligncenter\" src=\"https:\/\/www.telelogos.com\/wp-content\/uploads\/2021\/04\/telelogos-partner-convention-300x296.png\" alt=\"\" width=\"300\" height=\"296\" srcset=\"https:\/\/www.telelogos.com\/wp-content\/uploads\/2021\/04\/telelogos-partner-convention-300x296.png 300w, https:\/\/www.telelogos.com\/wp-content\/uploads\/2021\/04\/telelogos-partner-convention-195x193.png 195w, https:\/\/www.telelogos.com\/wp-content\/uploads\/2021\/04\/telelogos-partner-convention.png 548w\" sizes=\"(max-width: 300px) 100vw, 300px\" \/><\/p>\n<h6 style=\"text-align: center;\"><em>Telelogos Partner Convention @ Renault - Champs Elys\u00e9es<\/em><\/h6>\n<h6 style=\"text-align: right;\"><\/h6>\n<\/div>\n<\/div><\/div><\/div><\/div><div id=\"pg-22654-2\"  class=\"panel-grid panel-no-style\" ><div id=\"pgc-22654-2-0\"  class=\"panel-grid-cell\" ><div id=\"panel-22654-2-0-0\" class=\"so-panel widget widget_sow-editor panel-first-child panel-last-child\" data-index=\"3\" ><div\n\t\t\t\n\t\t\tclass=\"so-widget-sow-editor so-widget-sow-editor-base\"\n\t\t\t\n\t\t>\n<div class=\"siteorigin-widget-tinymce textwidget\">\n\t<div class=\"h3-like titre_tiret_bleu\">\u00bfPor qu\u00e9 unirse a la red de socios de Telelogos?<\/div>\n<\/div>\n<\/div><\/div><\/div><\/div><div id=\"pg-22654-3\"  class=\"panel-grid panel-no-style\" ><div id=\"pgc-22654-3-0\"  class=\"panel-grid-cell\" ><div id=\"panel-22654-3-0-0\" class=\"so-panel widget widget_sow-editor panel-first-child panel-last-child\" data-index=\"4\" ><div\n\t\t\t\n\t\t\tclass=\"so-widget-sow-editor so-widget-sow-editor-base\"\n\t\t\t\n\t\t>\n<div class=\"siteorigin-widget-tinymce textwidget\">\n\t<p>&nbsp;<\/p>\n<h6><\/h6>\n<h6><\/h6>\n<h6><img decoding=\"async\" class=\"alignnone wp-image-31423\" src=\"https:\/\/www.telelogos.com\/wp-content\/uploads\/2022\/09\/telelogos-ise-2022-300x200.jpg\" alt=\"telelogos-ise-2022\" width=\"500\" height=\"333\" srcset=\"https:\/\/www.telelogos.com\/wp-content\/uploads\/2022\/09\/telelogos-ise-2022-300x200.jpg 300w, https:\/\/www.telelogos.com\/wp-content\/uploads\/2022\/09\/telelogos-ise-2022-1024x683.jpg 1024w, https:\/\/www.telelogos.com\/wp-content\/uploads\/2022\/09\/telelogos-ise-2022-1536x1024.jpg 1536w, https:\/\/www.telelogos.com\/wp-content\/uploads\/2022\/09\/telelogos-ise-2022-195x130.jpg 195w, https:\/\/www.telelogos.com\/wp-content\/uploads\/2022\/09\/telelogos-ise-2022-272x182.jpg 272w, https:\/\/www.telelogos.com\/wp-content\/uploads\/2022\/09\/telelogos-ise-2022.jpg 2048w\" sizes=\"(max-width: 500px) 100vw, 500px\" \/><br \/>\n<em>Telelogos @ Integrated Systems Europe (ISE) 2022 - Barcelona<\/em><\/h6>\n<\/div>\n<\/div><\/div><\/div><div id=\"pgc-22654-3-1\"  class=\"panel-grid-cell\" ><div id=\"panel-22654-3-1-0\" class=\"so-panel widget widget_sow-editor panel-first-child panel-last-child\" data-index=\"5\" ><div\n\t\t\t\n\t\t\tclass=\"so-widget-sow-editor so-widget-sow-editor-base\"\n\t\t\t\n\t\t>\n<div class=\"siteorigin-widget-tinymce textwidget\">\n\t<p>La cultura de negocio de Telelogos se basa en un modelo de distribuci\u00f3n indirecto en el que Telelogos trabaja estrechamente con socios para lograr el despliegue de sus soluciones; de modo que todos los equipos de Telelogos trabajan para el \u00e9xito de nuestros socios. Convertirse en socio de Telelogos, es poder:<\/p>\n<ul>\n<li>Contar con un <strong>programa de certificaci\u00f3n acorde<\/strong> a su perfil y al personal que dirige<\/li>\n<li>Contar con el soporte de todos los departamentos de Telelogos (Comercial, Asistencia, Preventa, Marketing)<\/li>\n<li>Tener acceso a <strong>referencias de proyectos similares y <\/strong>basarse en nuestra red internacional de socios para la instalaci\u00f3n de sus proyectos<\/li>\n<li>Estar acompa\u00f1ado al responder a los proyectos y sacar provecho de las acciones de Telelogos dirigidas a los clientes y <strong>al ecosistema<\/strong><\/li>\n<li>\n<div class=\"rtecenter\">Poder <strong>acceder gratuitamente al soporte t\u00e9cnico<\/strong> de Telelogos<\/div>\n<\/li>\n<\/ul>\n<p>Nuestras soluciones est\u00e1n disponibles en modo SaaS u On Premise, adem\u00e1s, como socio tambi\u00e9n puede alojar nuestras soluciones en modo SaaS en sus propios servidores por cuenta de sus clientes<\/p>\n<div>\n<div class=\"rtecenter\"><\/div>\n<\/div>\n<p>&nbsp;<\/p>\n<p>&nbsp;<\/p>\n<\/div>\n<\/div><\/div><\/div><\/div><div id=\"pg-22654-4\"  class=\"panel-grid panel-no-style\" ><div id=\"pgc-22654-4-0\"  class=\"panel-grid-cell\" ><div id=\"panel-22654-4-0-0\" class=\"widget_text so-panel widget widget_custom_html panel-first-child panel-last-child\" data-index=\"6\" ><div class=\"textwidget custom-html-widget\"><div class=\"so-iframe-wrapper <?php if (!wp_is_mobile()) { echo 'no-padding'; } ?>\">\n<iframe src=\"https:\/\/business.telelogos.com\/form-contact-es\">height=\"825px\" width=\"1200px\"style=\"border:0px #ffffff none;\" <\/iframe>\n<\/div>\n<\/div><\/div><\/div><\/div><\/div>","protected":false},"excerpt":{"rendered":"<p>La red de socios de Telelogos Telelogos ha construido y expandido una red de socios integradores y revendedores certificados. Estos socios se eligen a partir de criterios exigentes que [&hellip;]<\/p>\n","protected":false},"author":20,"featured_media":0,"parent":22652,"menu_order":561,"comment_status":"closed","ping_status":"closed","template":"","meta":{"footnotes":""},"class_list":["post-22654","page","type-page","status-publish","hentry"],"yoast_head":"<!-- This site is optimized with the Yoast SEO plugin v27.5 - https:\/\/yoast.com\/product\/yoast-seo-wordpress\/ -->\n<title>Convi\u00e9rtase en socio de Telelogos<\/title>\n<meta name=\"description\" content=\"\u00bfIntegrador, distribuidor...? \u00bfDesea convertirse en socio y revender una o varias soluciones de Telelogos?\" \/>\n<meta name=\"robots\" content=\"index, follow, max-snippet:-1, max-image-preview:large, max-video-preview:-1\" \/>\n<link rel=\"canonical\" href=\"https:\/\/www.telelogos.com\/es\/nuestros-socios\/socios-revendedores\/\" \/>\n<meta name=\"twitter:label1\" content=\"Est. reading time\" \/>\n\t<meta name=\"twitter:data1\" content=\"2 minutes\" \/>\n<script type=\"application\/ld+json\" class=\"yoast-schema-graph\">{\"@context\":\"https:\\\/\\\/schema.org\",\"@graph\":[{\"@type\":\"WebPage\",\"@id\":\"https:\\\/\\\/www.telelogos.com\\\/es\\\/nuestros-socios\\\/socios-revendedores\\\/\",\"url\":\"https:\\\/\\\/www.telelogos.com\\\/es\\\/nuestros-socios\\\/socios-revendedores\\\/\",\"name\":\"Convi\u00e9rtase en socio de Telelogos\",\"isPartOf\":{\"@id\":\"https:\\\/\\\/www.telelogos.com\\\/es\\\/#website\"},\"primaryImageOfPage\":{\"@id\":\"https:\\\/\\\/www.telelogos.com\\\/es\\\/nuestros-socios\\\/socios-revendedores\\\/#primaryimage\"},\"image\":{\"@id\":\"https:\\\/\\\/www.telelogos.com\\\/es\\\/nuestros-socios\\\/socios-revendedores\\\/#primaryimage\"},\"thumbnailUrl\":\"https:\\\/\\\/www.telelogos.com\\\/wp-content\\\/uploads\\\/2021\\\/04\\\/telelogos-partner-convention-300x296.png\",\"datePublished\":\"2021-03-30T15:59:36+00:00\",\"dateModified\":\"2023-12-04T14:09:07+00:00\",\"description\":\"\u00bfIntegrador, distribuidor...? \u00bfDesea convertirse en socio y revender una o varias soluciones de Telelogos?\",\"breadcrumb\":{\"@id\":\"https:\\\/\\\/www.telelogos.com\\\/es\\\/nuestros-socios\\\/socios-revendedores\\\/#breadcrumb\"},\"inLanguage\":\"es-ES\",\"potentialAction\":[{\"@type\":\"ReadAction\",\"target\":[\"https:\\\/\\\/www.telelogos.com\\\/es\\\/nuestros-socios\\\/socios-revendedores\\\/\"]}]},{\"@type\":\"ImageObject\",\"inLanguage\":\"es-ES\",\"@id\":\"https:\\\/\\\/www.telelogos.com\\\/es\\\/nuestros-socios\\\/socios-revendedores\\\/#primaryimage\",\"url\":\"https:\\\/\\\/www.telelogos.com\\\/wp-content\\\/uploads\\\/2021\\\/04\\\/telelogos-partner-convention-300x296.png\",\"contentUrl\":\"https:\\\/\\\/www.telelogos.com\\\/wp-content\\\/uploads\\\/2021\\\/04\\\/telelogos-partner-convention-300x296.png\"},{\"@type\":\"BreadcrumbList\",\"@id\":\"https:\\\/\\\/www.telelogos.com\\\/es\\\/nuestros-socios\\\/socios-revendedores\\\/#breadcrumb\",\"itemListElement\":[{\"@type\":\"ListItem\",\"position\":1,\"name\":\"Inicio\",\"item\":\"https:\\\/\\\/www.telelogos.com\\\/es\\\/\"},{\"@type\":\"ListItem\",\"position\":2,\"name\":\"Nuestros socios\",\"item\":\"https:\\\/\\\/www.telelogos.com\\\/es\\\/nuestros-socios\\\/\"},{\"@type\":\"ListItem\",\"position\":3,\"name\":\"Socios Revendedores e Integradores\"}]},{\"@type\":\"WebSite\",\"@id\":\"https:\\\/\\\/www.telelogos.com\\\/es\\\/#website\",\"url\":\"https:\\\/\\\/www.telelogos.com\\\/es\\\/\",\"name\":\"Telelogos\",\"description\":\"\",\"publisher\":{\"@id\":\"https:\\\/\\\/www.telelogos.com\\\/es\\\/#organization\"},\"potentialAction\":[{\"@type\":\"SearchAction\",\"target\":{\"@type\":\"EntryPoint\",\"urlTemplate\":\"https:\\\/\\\/www.telelogos.com\\\/es\\\/?s={search_term_string}\"},\"query-input\":{\"@type\":\"PropertyValueSpecification\",\"valueRequired\":true,\"valueName\":\"search_term_string\"}}],\"inLanguage\":\"es-ES\"},{\"@type\":\"Organization\",\"@id\":\"https:\\\/\\\/www.telelogos.com\\\/es\\\/#organization\",\"name\":\"Telelogos\",\"url\":\"https:\\\/\\\/www.telelogos.com\\\/es\\\/\",\"logo\":{\"@type\":\"ImageObject\",\"inLanguage\":\"es-ES\",\"@id\":\"https:\\\/\\\/www.telelogos.com\\\/es\\\/#\\\/schema\\\/logo\\\/image\\\/\",\"url\":\"https:\\\/\\\/www.telelogos.com\\\/wp-content\\\/uploads\\\/2022\\\/07\\\/Logo-Telelogos-e1664355618654.png\",\"contentUrl\":\"https:\\\/\\\/www.telelogos.com\\\/wp-content\\\/uploads\\\/2022\\\/07\\\/Logo-Telelogos-e1664355618654.png\",\"width\":100,\"height\":35,\"caption\":\"Telelogos\"},\"image\":{\"@id\":\"https:\\\/\\\/www.telelogos.com\\\/es\\\/#\\\/schema\\\/logo\\\/image\\\/\"},\"sameAs\":[\"https:\\\/\\\/fr.linkedin.com\\\/company\\\/telelogos\"]}]}<\/script>\n<!-- \/ Yoast SEO plugin. -->","yoast_head_json":{"title":"Convi\u00e9rtase en socio de Telelogos","description":"\u00bfIntegrador, distribuidor...? \u00bfDesea convertirse en socio y revender una o varias soluciones de Telelogos?","robots":{"index":"index","follow":"follow","max-snippet":"max-snippet:-1","max-image-preview":"max-image-preview:large","max-video-preview":"max-video-preview:-1"},"canonical":"https:\/\/www.telelogos.com\/es\/nuestros-socios\/socios-revendedores\/","twitter_misc":{"Est. reading time":"2 minutes"},"schema":{"@context":"https:\/\/schema.org","@graph":[{"@type":"WebPage","@id":"https:\/\/www.telelogos.com\/es\/nuestros-socios\/socios-revendedores\/","url":"https:\/\/www.telelogos.com\/es\/nuestros-socios\/socios-revendedores\/","name":"Convi\u00e9rtase en socio de Telelogos","isPartOf":{"@id":"https:\/\/www.telelogos.com\/es\/#website"},"primaryImageOfPage":{"@id":"https:\/\/www.telelogos.com\/es\/nuestros-socios\/socios-revendedores\/#primaryimage"},"image":{"@id":"https:\/\/www.telelogos.com\/es\/nuestros-socios\/socios-revendedores\/#primaryimage"},"thumbnailUrl":"https:\/\/www.telelogos.com\/wp-content\/uploads\/2021\/04\/telelogos-partner-convention-300x296.png","datePublished":"2021-03-30T15:59:36+00:00","dateModified":"2023-12-04T14:09:07+00:00","description":"\u00bfIntegrador, distribuidor...? \u00bfDesea convertirse en socio y revender una o varias soluciones de Telelogos?","breadcrumb":{"@id":"https:\/\/www.telelogos.com\/es\/nuestros-socios\/socios-revendedores\/#breadcrumb"},"inLanguage":"es-ES","potentialAction":[{"@type":"ReadAction","target":["https:\/\/www.telelogos.com\/es\/nuestros-socios\/socios-revendedores\/"]}]},{"@type":"ImageObject","inLanguage":"es-ES","@id":"https:\/\/www.telelogos.com\/es\/nuestros-socios\/socios-revendedores\/#primaryimage","url":"https:\/\/www.telelogos.com\/wp-content\/uploads\/2021\/04\/telelogos-partner-convention-300x296.png","contentUrl":"https:\/\/www.telelogos.com\/wp-content\/uploads\/2021\/04\/telelogos-partner-convention-300x296.png"},{"@type":"BreadcrumbList","@id":"https:\/\/www.telelogos.com\/es\/nuestros-socios\/socios-revendedores\/#breadcrumb","itemListElement":[{"@type":"ListItem","position":1,"name":"Inicio","item":"https:\/\/www.telelogos.com\/es\/"},{"@type":"ListItem","position":2,"name":"Nuestros socios","item":"https:\/\/www.telelogos.com\/es\/nuestros-socios\/"},{"@type":"ListItem","position":3,"name":"Socios Revendedores e Integradores"}]},{"@type":"WebSite","@id":"https:\/\/www.telelogos.com\/es\/#website","url":"https:\/\/www.telelogos.com\/es\/","name":"Telelogos","description":"","publisher":{"@id":"https:\/\/www.telelogos.com\/es\/#organization"},"potentialAction":[{"@type":"SearchAction","target":{"@type":"EntryPoint","urlTemplate":"https:\/\/www.telelogos.com\/es\/?s={search_term_string}"},"query-input":{"@type":"PropertyValueSpecification","valueRequired":true,"valueName":"search_term_string"}}],"inLanguage":"es-ES"},{"@type":"Organization","@id":"https:\/\/www.telelogos.com\/es\/#organization","name":"Telelogos","url":"https:\/\/www.telelogos.com\/es\/","logo":{"@type":"ImageObject","inLanguage":"es-ES","@id":"https:\/\/www.telelogos.com\/es\/#\/schema\/logo\/image\/","url":"https:\/\/www.telelogos.com\/wp-content\/uploads\/2022\/07\/Logo-Telelogos-e1664355618654.png","contentUrl":"https:\/\/www.telelogos.com\/wp-content\/uploads\/2022\/07\/Logo-Telelogos-e1664355618654.png","width":100,"height":35,"caption":"Telelogos"},"image":{"@id":"https:\/\/www.telelogos.com\/es\/#\/schema\/logo\/image\/"},"sameAs":["https:\/\/fr.linkedin.com\/company\/telelogos"]}]}},"_links":{"self":[{"href":"https:\/\/www.telelogos.com\/es\/wp-json\/wp\/v2\/pages\/22654","targetHints":{"allow":["GET"]}}],"collection":[{"href":"https:\/\/www.telelogos.com\/es\/wp-json\/wp\/v2\/pages"}],"about":[{"href":"https:\/\/www.telelogos.com\/es\/wp-json\/wp\/v2\/types\/page"}],"author":[{"embeddable":true,"href":"https:\/\/www.telelogos.com\/es\/wp-json\/wp\/v2\/users\/20"}],"replies":[{"embeddable":true,"href":"https:\/\/www.telelogos.com\/es\/wp-json\/wp\/v2\/comments?post=22654"}],"version-history":[{"count":5,"href":"https:\/\/www.telelogos.com\/es\/wp-json\/wp\/v2\/pages\/22654\/revisions"}],"predecessor-version":[{"id":41710,"href":"https:\/\/www.telelogos.com\/es\/wp-json\/wp\/v2\/pages\/22654\/revisions\/41710"}],"up":[{"embeddable":true,"href":"https:\/\/www.telelogos.com\/es\/wp-json\/wp\/v2\/pages\/22652"}],"wp:attachment":[{"href":"https:\/\/www.telelogos.com\/es\/wp-json\/wp\/v2\/media?parent=22654"}],"curies":[{"name":"wp","href":"https:\/\/api.w.org\/{rel}","templated":true}]}}