{"id":22656,"date":"2021-03-18T18:33:47","date_gmt":"2021-03-18T16:33:47","guid":{"rendered":"https:\/\/www.telelogos.com\/nous-rejoindre\/"},"modified":"2026-03-23T16:39:58","modified_gmt":"2026-03-23T14:39:58","slug":"unirse-a-nosotros","status":"publish","type":"page","link":"https:\/\/www.telelogos.com\/es\/unirse-a-nosotros\/","title":{"rendered":"Unirse a nosotros"},"content":{"rendered":"<div id=\"pl-22656\"  class=\"panel-layout\" ><div id=\"pg-22656-0\"  class=\"panel-grid panel-no-style\" ><div id=\"pgc-22656-0-0\"  class=\"panel-grid-cell\" ><div id=\"panel-22656-0-0-0\" class=\"so-panel widget widget_sow-editor panel-first-child\" data-index=\"0\" ><div id=\"Choisir-Telelogos\" class=\"panel-widget-style panel-widget-style-for-22656-0-0-0\" ><div\n\t\t\t\n\t\t\tclass=\"so-widget-sow-editor so-widget-sow-editor-base\"\n\t\t\t\n\t\t>\n<div class=\"siteorigin-widget-tinymce textwidget\">\n\t<p>&nbsp;<\/p>\n<div><\/div>\n<div><\/div>\n<div class=\"titre_tiret_bleu h2-like\">Ambici\u00f3n, diversidad y excelencia<\/div>\n<p><span data-contrast=\"none\">Telelogos ofrece a todos perspectivas excepcionales para <\/span><b><span data-contrast=\"none\">crecer en <\/span><\/b><b><span data-contrast=\"none\">experiencia y en el manejo de responsabilidades:<\/span><\/b><\/p>\n<ul>\n<li>la seguridad de una empresa <strong>s\u00f3lida<\/strong> e <strong>independiente<\/strong> financieramente<\/li>\n<li>la incorporaci\u00f3n a un <strong>equipo experimentado<\/strong>, que cuenta con casi 60 profesionales de todas partes del mundo, en constante crecimiento<\/li>\n<li>El encuentro con otros talentos que comparten el mismo <strong>deseo<\/strong>\u202fde seguir desarrollando sus <strong>competencias<\/strong> e iniciativa de manera r\u00e1pida, adecuada y duradera<\/li>\n<\/ul>\n<p>&nbsp;<\/p>\n<p>&nbsp;<\/p>\n<\/div>\n<\/div><\/div><\/div><div id=\"panel-22656-0-0-1\" class=\"so-panel widget widget_sow-editor\" data-index=\"1\" ><div\n\t\t\t\n\t\t\tclass=\"so-widget-sow-editor so-widget-sow-editor-base\"\n\t\t\t\n\t\t>\n<div class=\"siteorigin-widget-tinymce textwidget\">\n\t<p style=\"text-align: center;\"><img decoding=\"async\" class=\"alignnone size-full wp-image-19941\" src=\"https:\/\/www.telelogos.com\/wp-content\/uploads\/2021\/03\/eseo.png\" alt=\"eseo\" width=\"136\" height=\"53\"> <img decoding=\"async\" class=\"alignnone size-full wp-image-20667\" src=\"https:\/\/www.telelogos.com\/wp-content\/uploads\/2021\/04\/univ-angers.png\" alt=\"Universidad Angers\" width=\"136\" height=\"53\"> <img decoding=\"async\" class=\"alignnone size-full wp-image-20675\" src=\"https:\/\/www.telelogos.com\/wp-content\/uploads\/2021\/04\/Polytech.png\" alt=\"Polytech\" width=\"53\" height=\"53\"> <img decoding=\"async\" class=\"alignnone size-full wp-image-19965\" src=\"https:\/\/www.telelogos.com\/wp-content\/uploads\/2021\/03\/cnam.png\" alt=\"\" width=\"136\" height=\"53\"> <span style=\"font-size: 1em;\"><img decoding=\"async\" class=\"alignnone size-full wp-image-19973\" src=\"https:\/\/www.telelogos.com\/wp-content\/uploads\/2021\/03\/esaip.png\" alt=\"esaip\" width=\"136\" height=\"53\"> <img decoding=\"async\" class=\"alignnone size-full wp-image-19949\" src=\"https:\/\/www.telelogos.com\/wp-content\/uploads\/2021\/03\/IUT-ANGERS.png\" alt=\"\" width=\"136\" height=\"53\"> <img decoding=\"async\" class=\"alignnone size-full wp-image-20646\" src=\"https:\/\/www.telelogos.com\/wp-content\/uploads\/2021\/04\/IIA-Laval.png\" alt=\"Instituto de Inform\u00e1tica Aplicada Laval\" width=\"136\" height=\"53\"> <img decoding=\"async\" class=\"alignnone size-full wp-image-20649\" src=\"https:\/\/www.telelogos.com\/wp-content\/uploads\/2021\/04\/Saint-Charles-Sainte-Croix.png\" alt=\"Saint Charles Sainte Croix Le Mans\" width=\"136\" height=\"53\"> <img decoding=\"async\" class=\"alignnone size-full wp-image-20654\" src=\"https:\/\/www.telelogos.com\/wp-content\/uploads\/2021\/04\/ENI.png\" alt=\"ENI Formaciones CPF en inform\u00e1tica\" width=\"53\" height=\"53\"><\/span><\/p>\n<\/div>\n<\/div><\/div><div id=\"panel-22656-0-0-2\" class=\"so-panel widget widget_sow-editor panel-last-child\" data-index=\"2\" ><div\n\t\t\t\n\t\t\tclass=\"so-widget-sow-editor so-widget-sow-editor-base\"\n\t\t\t\n\t\t>\n<div class=\"siteorigin-widget-tinymce textwidget\">\n\t<p style=\"text-align: center;\"><img decoding=\"async\" class=\"alignnone size-full wp-image-19939\" src=\"https:\/\/www.telelogos.com\/wp-content\/uploads\/2021\/03\/audencia-1.png\" alt=\"\" width=\"136\" height=\"53\"> <img decoding=\"async\" class=\"alignnone size-full wp-image-19951\" src=\"https:\/\/www.telelogos.com\/wp-content\/uploads\/2021\/03\/neoma.png\" alt=\"\" width=\"136\" height=\"53\"> <img decoding=\"async\" class=\"alignnone size-full wp-image-19945\" src=\"https:\/\/www.telelogos.com\/wp-content\/uploads\/2021\/03\/excellia.png\" alt=\"\" width=\"136\" height=\"53\"> <img decoding=\"async\" class=\"alignnone size-full wp-image-19943\" src=\"https:\/\/www.telelogos.com\/wp-content\/uploads\/2021\/03\/essca.png\" alt=\"\" width=\"53\" height=\"53\"> <img decoding=\"async\" class=\"alignnone size-full wp-image-19957\" src=\"https:\/\/www.telelogos.com\/wp-content\/uploads\/2021\/03\/sc-po-1.png\" alt=\"\" width=\"136\" height=\"53\"> <img decoding=\"async\" class=\"alignnone size-full wp-image-19947\" src=\"https:\/\/www.telelogos.com\/wp-content\/uploads\/2021\/03\/idaho.png\" alt=\"\" width=\"53\" height=\"53\"> <img decoding=\"async\" class=\"alignnone size-full wp-image-19961\" src=\"https:\/\/www.telelogos.com\/wp-content\/uploads\/2021\/03\/paris-1-sorbonne.png\" alt=\"\" width=\"136\" height=\"53\"> <span style=\"font-size: 1em;\"><img decoding=\"async\" class=\"alignnone size-full wp-image-19953\" src=\"https:\/\/www.telelogos.com\/wp-content\/uploads\/2021\/03\/portsmouth.png\" alt=\"\" width=\"136\" height=\"53\"> <img decoding=\"async\" class=\"alignnone size-full wp-image-20664\" src=\"https:\/\/www.telelogos.com\/wp-content\/uploads\/2021\/04\/Le-Mans-Universite.png\" alt=\"Le Mans Universidad\" width=\"136\" height=\"53\"><\/span><\/p>\n<\/div>\n<\/div><\/div><\/div><\/div><div id=\"pg-22656-1\"  class=\"panel-grid panel-no-style\" ><div id=\"pgc-22656-1-0\"  class=\"panel-grid-cell\" ><div id=\"panel-22656-1-0-0\" class=\"so-panel widget widget_sow-editor panel-first-child\" data-index=\"3\" ><div class=\"panel-widget-style panel-widget-style-for-22656-1-0-0\" ><div\n\t\t\t\n\t\t\tclass=\"so-widget-sow-editor so-widget-sow-editor-base\"\n\t\t\t\n\t\t>\n<div class=\"siteorigin-widget-tinymce textwidget\">\n\t<div class=\"titre_tiret_bleu h1-like h2-like\"><b><span data-contrast=\"none\">Bienestar<\/span><\/b><\/div>\n<div>\n<p>Telelogos cuenta con grandes instalaciones en Angers, una de las ciudades de Francia que <strong>encabeza los r\u00e1nquines de calidad de vida<\/strong>, se encuentra a mitad de camino entre Par\u00eds y el oc\u00e9ano y ofrece a quienes se incorporan a la compa\u00f1\u00eda:<\/p>\n<ul>\n<li>un entorno laboral privilegiado con <strong>trabajo remoto<\/strong>, deporte, agilidad, innovaci\u00f3n<\/li>\n<li>el beneficio de un convenio de <strong>incentivos <\/strong>vigente hace m\u00e1s de 20 a\u00f1os.<\/li>\n<li>la posibilidad de que cada empleado <strong>se convierta en accionista<\/strong><\/li>\n<\/ul>\n<\/div>\n<\/div>\n<\/div><\/div><\/div><div id=\"panel-22656-1-0-1\" class=\"so-panel widget widget_sow-editor panel-last-child\" data-index=\"4\" ><div\n\t\t\t\n\t\t\tclass=\"so-widget-sow-editor so-widget-sow-editor-base\"\n\t\t\t\n\t\t>\n<div class=\"siteorigin-widget-tinymce textwidget\">\n\t<h6><img decoding=\"async\" class=\"alignnone wp-image-20330 size-full\" src=\"https:\/\/www.telelogos.com\/wp-content\/uploads\/2021\/04\/bandeausitetourismecampagneadt2019.jpg\" alt=\"\" width=\"1920\" height=\"685\" srcset=\"https:\/\/www.telelogos.com\/wp-content\/uploads\/2021\/04\/bandeausitetourismecampagneadt2019.jpg 1920w, https:\/\/www.telelogos.com\/wp-content\/uploads\/2021\/04\/bandeausitetourismecampagneadt2019-300x107.jpg 300w, https:\/\/www.telelogos.com\/wp-content\/uploads\/2021\/04\/bandeausitetourismecampagneadt2019-1024x365.jpg 1024w, https:\/\/www.telelogos.com\/wp-content\/uploads\/2021\/04\/bandeausitetourismecampagneadt2019-1536x548.jpg 1536w, https:\/\/www.telelogos.com\/wp-content\/uploads\/2021\/04\/bandeausitetourismecampagneadt2019-195x70.jpg 195w\" sizes=\"(max-width: 1920px) 100vw, 1920px\" \/><br \/> <em>copyright @DestinationAngers<\/em><\/h6>\n<\/div>\n<\/div><\/div><\/div><\/div><div id=\"pg-22656-2\"  class=\"panel-grid panel-has-style\" ><div class=\"texte_blanc siteorigin-panels-stretch panel-row-style panel-row-style-for-22656-2\" id=\"jobs\" data-stretch-type=\"full\" ><div id=\"pgc-22656-2-0\"  class=\"panel-grid-cell\" ><div id=\"panel-22656-2-0-0\" class=\"so-panel widget widget_sow-editor panel-first-child\" data-index=\"5\" ><div\n\t\t\t\n\t\t\tclass=\"so-widget-sow-editor so-widget-sow-editor-base\"\n\t\t\t\n\t\t>\n<div class=\"siteorigin-widget-tinymce textwidget\">\n\t<div class=\"titre_tiret_bleu h1-like h2-like\">Empleos<\/div>\n<\/div>\n<\/div><\/div><div id=\"panel-22656-2-0-1\" class=\"so-panel widget widget_siteorigin-panels-builder panel-last-child\" data-index=\"6\" ><div class=\"bloc_media panel-widget-style panel-widget-style-for-22656-2-0-1\" ><div id=\"pl-w61420a7be802b\"  class=\"panel-layout\" ><div id=\"pg-w61420a7be802b-0\"  class=\"panel-grid panel-has-style\" ><div class=\"texte_blanc panel-row-style panel-row-style-for-w61420a7be802b-0\" id=\"fields\" ><div id=\"pgc-w61420a7be802b-0-0\"  class=\"panel-grid-cell\" ><div id=\"panel-w61420a7be802b-0-0-0\" class=\"so-panel widget widget_encart-text-img-link panel-first-child panel-last-child\" data-index=\"0\" ><div\n\t\t\t\n\t\t\tclass=\"so-widget-encart-text-img-link so-widget-encart-text-img-link-base\"\n\t\t\t\n\t\t><div class=\"etil-block-container\">\n    <a href=\"https:\/\/www.telelogos.com\/es\/unirse-a-nosotros\/#web-fullstack\" class=\"etil-block-link\" title=\"\">\t<img decoding=\"async\" class=\"etil-img\" src=\"https:\/\/www.telelogos.com\/wp-content\/uploads\/2021\/03\/dev-logiciel.jpg\" alt=\"\" \/>\n        <div class=\"etil-block-text\">\n            <div class=\"h4-like\">Ingeniero desarrollador Web Full Stack (Hombre\/Mujer)<\/div>\n&nbsp;\n<div class=\"btn_blanc_puce\">M\u00e1s informaci\u00f3n<\/div>        <\/div>\n    <\/a>        \n<\/div>\n<\/div><\/div><\/div><div id=\"pgc-w61420a7be802b-0-1\"  class=\"panel-grid-cell\" ><div id=\"panel-w61420a7be802b-0-1-0\" class=\"so-panel widget widget_encart-text-img-link panel-first-child panel-last-child\" data-index=\"1\" ><div\n\t\t\t\n\t\t\tclass=\"so-widget-encart-text-img-link so-widget-encart-text-img-link-base\"\n\t\t\t\n\t\t><div class=\"etil-block-container\">\n    <a href=\"https:\/\/www.telelogos.com\/es\/unirse-a-nosotros\/#dev-android\" class=\"etil-block-link\" title=\"\">\t<img decoding=\"async\" class=\"etil-img\" src=\"https:\/\/www.telelogos.com\/wp-content\/uploads\/2021\/03\/dev-logiciel.jpg\" alt=\"\" \/>\n        <div class=\"etil-block-text\">\n            <div class=\"h4-like\">Ingeniero de desarrollo de software en C\/C++\/Android (hombre\/mujer)<\/div>\n&nbsp;\n<div class=\"btn_blanc_puce\">M\u00e1s informaci\u00f3n<\/div>        <\/div>\n    <\/a>        \n<\/div>\n<\/div><\/div><\/div><div id=\"pgc-w61420a7be802b-0-2\"  class=\"panel-grid-cell panel-grid-cell-mobile-last\" ><div id=\"panel-w61420a7be802b-0-2-0\" class=\"so-panel widget widget_encart-text-img-link panel-first-child panel-last-child\" data-index=\"2\" ><div\n\t\t\t\n\t\t\tclass=\"so-widget-encart-text-img-link so-widget-encart-text-img-link-base\"\n\t\t\t\n\t\t><div class=\"etil-block-container\">\n    <a href=\"https:\/\/www.telelogos.com\/es\/unirse-a-nosotros\/#candidats\" class=\"etil-block-link\" title=\"\">\t<img decoding=\"async\" class=\"etil-img\" src=\"https:\/\/www.telelogos.com\/wp-content\/uploads\/2021\/04\/38396543_s-392x315.jpg\" alt=\"\" \/>\n        <div class=\"etil-block-text\">\n            <div class=\"h4-like\">Postulaci\u00f3n espont\u00e1nea<\/div>\n&nbsp;\n<div class=\"btn_blanc_puce\">M\u00e1s informaci\u00f3n<\/div>        <\/div>\n    <\/a>        \n<\/div>\n<\/div><\/div><\/div><div id=\"pgc-w61420a7be802b-0-3\"  class=\"panel-grid-cell panel-grid-cell-empty\" ><\/div><\/div><\/div><div id=\"pg-w61420a7be802b-1\"  class=\"panel-grid panel-no-style\" ><div id=\"pgc-w61420a7be802b-1-0\"  class=\"panel-grid-cell\" ><div id=\"panel-w61420a7be802b-1-0-0\" class=\"so-panel widget widget_sow-editor panel-first-child panel-last-child\" data-index=\"3\" ><div\n\t\t\t\n\t\t\tclass=\"so-widget-sow-editor so-widget-sow-editor-base\"\n\t\t\t\n\t\t>\n<div class=\"siteorigin-widget-tinymce textwidget\">\n\t<\/div>\n<\/div><\/div><\/div><\/div><\/div><\/div><\/div><\/div><\/div><\/div><div id=\"pg-22656-3\"  class=\"panel-grid panel-has-style\" ><div class=\"siteorigin-panels-stretch panel-row-style panel-row-style-for-22656-3\" data-stretch-type=\"full\" ><div id=\"pgc-22656-3-0\"  class=\"panel-grid-cell panel-grid-cell-empty\" ><\/div><\/div><\/div><div id=\"pg-22656-4\"  class=\"panel-grid panel-no-style\" ><div id=\"pgc-22656-4-0\"  class=\"panel-grid-cell\" ><div id=\"panel-22656-4-0-0\" class=\"so-panel widget widget_sow-editor panel-first-child panel-last-child\" data-index=\"7\" ><div\n\t\t\t\n\t\t\tclass=\"so-widget-sow-editor so-widget-sow-editor-base\"\n\t\t\t\n\t\t>\n<div class=\"siteorigin-widget-tinymce textwidget\">\n\t<p>No hay vacantes disponibles actualmente<\/p>\n<div>\n<h4><strong>Anticiparse a las oportunidades del ma\u00f1ana<\/strong><\/h4>\n<h4><br data-start=\"601\" data-end=\"604\" \/>Aunque no haya vacantes abiertas, los perfiles motivados y alineados con las \u00e1reas de especializaci\u00f3n de la empresa son evaluados con atenci\u00f3n.<\/h4>\n<p data-start=\"749\" data-end=\"860\">Una candidatura espont\u00e1nea permite establecer un primer contacto y ser identificado para futuras oportunidades.<\/p>\n<p data-start=\"862\" data-end=\"920\" data-is-last-node=\"\" data-is-only-node=\"\"><strong data-start=\"862\" data-end=\"920\" data-is-last-node=\"\">Enviar una candidatura (CV + mensaje de motivaci\u00f3n) a<\/strong><\/p>\n<\/div>\n<div class=\"btn_bleu\"><a href=\"mailto:recrutement@telelogos.com\">Postularse<\/a><\/div>\n<p>&nbsp;<\/p>\n<\/div>\n<\/div><\/div><\/div><\/div><div id=\"pg-22656-5\"  class=\"panel-grid panel-has-style\" ><div class=\"siteorigin-panels-stretch panel-row-style panel-row-style-for-22656-5\" data-stretch-type=\"full\" ><div id=\"pgc-22656-5-0\"  class=\"panel-grid-cell\" ><div id=\"panel-22656-5-0-0\" class=\"so-panel widget widget_sow-editor panel-first-child panel-last-child\" data-index=\"8\" ><div class=\"texte_blanc panel-widget-style panel-widget-style-for-22656-5-0-0\" ><div\n\t\t\t\n\t\t\tclass=\"so-widget-sow-editor so-widget-sow-editor-base\"\n\t\t\t\n\t\t>\n<div class=\"siteorigin-widget-tinymce textwidget\">\n\t<h2>Postulaci\u00f3n espont\u00e1nea<\/h2>\n<h3><\/h3>\n<div>\n<p>\u00bfDesea presentar una postulaci\u00f3n espont\u00e1nea?<\/p>\n<p>Entonces \u00a1post\u00falese ahora para sumarse a la Familia de Telelogos en Angers!<\/p>\n<p>Env\u00ede su postulaci\u00f3n a recrutement@telelogos.com o haga clic abajo<\/p>\n<\/div>\n<div><\/div>\n<div class=\"btn_bleu btn_blanc\"><a href=\"mailto:recrutement@telelogos.com\">Postularse<\/a><\/div>\n<p>&nbsp;<\/p>\n<\/div>\n<\/div><\/div><\/div><\/div><\/div><\/div><\/div>","protected":false},"excerpt":{"rendered":"<p>&nbsp; Ambici\u00f3n, diversidad y excelencia Telelogos ofrece a todos perspectivas excepcionales para crecer en experiencia y en el manejo de responsabilidades: la seguridad de una empresa s\u00f3lida e independiente [&hellip;]<\/p>\n","protected":false},"author":20,"featured_media":0,"parent":0,"menu_order":542,"comment_status":"closed","ping_status":"closed","template":"","meta":{"footnotes":""},"class_list":["post-22656","page","type-page","status-publish","hentry"],"yoast_head":"<!-- This site is optimized with the Yoast SEO plugin v27.3 - https:\/\/yoast.com\/product\/yoast-seo-wordpress\/ -->\n<title>Unirse a nosotros - Telelogos<\/title>\n<meta name=\"description\" content=\"Encuentra los anuncios de contrataci\u00f3n de Telelogos, Fullstack Web Developer\" \/>\n<meta name=\"robots\" content=\"index, follow, max-snippet:-1, max-image-preview:large, max-video-preview:-1\" \/>\n<link rel=\"canonical\" href=\"https:\/\/www.telelogos.com\/es\/unirse-a-nosotros\/\" \/>\n<meta name=\"twitter:label1\" content=\"Est. reading time\" \/>\n\t<meta name=\"twitter:data1\" content=\"6 minutes\" \/>\n<script type=\"application\/ld+json\" class=\"yoast-schema-graph\">{\"@context\":\"https:\\\/\\\/schema.org\",\"@graph\":[{\"@type\":\"WebPage\",\"@id\":\"https:\\\/\\\/www.telelogos.com\\\/es\\\/unirse-a-nosotros\\\/\",\"url\":\"https:\\\/\\\/www.telelogos.com\\\/es\\\/unirse-a-nosotros\\\/\",\"name\":\"Unirse a nosotros - Telelogos\",\"isPartOf\":{\"@id\":\"https:\\\/\\\/www.telelogos.com\\\/es\\\/#website\"},\"primaryImageOfPage\":{\"@id\":\"https:\\\/\\\/www.telelogos.com\\\/es\\\/unirse-a-nosotros\\\/#primaryimage\"},\"image\":{\"@id\":\"https:\\\/\\\/www.telelogos.com\\\/es\\\/unirse-a-nosotros\\\/#primaryimage\"},\"thumbnailUrl\":\"https:\\\/\\\/www.telelogos.com\\\/wp-content\\\/uploads\\\/2021\\\/03\\\/eseo.png\",\"datePublished\":\"2021-03-18T16:33:47+00:00\",\"dateModified\":\"2026-03-23T14:39:58+00:00\",\"description\":\"Encuentra los anuncios de contrataci\u00f3n de Telelogos, Fullstack Web Developer\",\"breadcrumb\":{\"@id\":\"https:\\\/\\\/www.telelogos.com\\\/es\\\/unirse-a-nosotros\\\/#breadcrumb\"},\"inLanguage\":\"es-ES\",\"potentialAction\":[{\"@type\":\"ReadAction\",\"target\":[\"https:\\\/\\\/www.telelogos.com\\\/es\\\/unirse-a-nosotros\\\/\"]}]},{\"@type\":\"ImageObject\",\"inLanguage\":\"es-ES\",\"@id\":\"https:\\\/\\\/www.telelogos.com\\\/es\\\/unirse-a-nosotros\\\/#primaryimage\",\"url\":\"https:\\\/\\\/www.telelogos.com\\\/wp-content\\\/uploads\\\/2021\\\/03\\\/eseo.png\",\"contentUrl\":\"https:\\\/\\\/www.telelogos.com\\\/wp-content\\\/uploads\\\/2021\\\/03\\\/eseo.png\"},{\"@type\":\"BreadcrumbList\",\"@id\":\"https:\\\/\\\/www.telelogos.com\\\/es\\\/unirse-a-nosotros\\\/#breadcrumb\",\"itemListElement\":[{\"@type\":\"ListItem\",\"position\":1,\"name\":\"Inicio\",\"item\":\"https:\\\/\\\/www.telelogos.com\\\/es\\\/\"},{\"@type\":\"ListItem\",\"position\":2,\"name\":\"Unirse a nosotros\"}]},{\"@type\":\"WebSite\",\"@id\":\"https:\\\/\\\/www.telelogos.com\\\/es\\\/#website\",\"url\":\"https:\\\/\\\/www.telelogos.com\\\/es\\\/\",\"name\":\"Telelogos\",\"description\":\"\",\"publisher\":{\"@id\":\"https:\\\/\\\/www.telelogos.com\\\/es\\\/#organization\"},\"potentialAction\":[{\"@type\":\"SearchAction\",\"target\":{\"@type\":\"EntryPoint\",\"urlTemplate\":\"https:\\\/\\\/www.telelogos.com\\\/es\\\/?s={search_term_string}\"},\"query-input\":{\"@type\":\"PropertyValueSpecification\",\"valueRequired\":true,\"valueName\":\"search_term_string\"}}],\"inLanguage\":\"es-ES\"},{\"@type\":\"Organization\",\"@id\":\"https:\\\/\\\/www.telelogos.com\\\/es\\\/#organization\",\"name\":\"Telelogos\",\"url\":\"https:\\\/\\\/www.telelogos.com\\\/es\\\/\",\"logo\":{\"@type\":\"ImageObject\",\"inLanguage\":\"es-ES\",\"@id\":\"https:\\\/\\\/www.telelogos.com\\\/es\\\/#\\\/schema\\\/logo\\\/image\\\/\",\"url\":\"https:\\\/\\\/www.telelogos.com\\\/wp-content\\\/uploads\\\/2022\\\/07\\\/Logo-Telelogos-e1664355618654.png\",\"contentUrl\":\"https:\\\/\\\/www.telelogos.com\\\/wp-content\\\/uploads\\\/2022\\\/07\\\/Logo-Telelogos-e1664355618654.png\",\"width\":100,\"height\":35,\"caption\":\"Telelogos\"},\"image\":{\"@id\":\"https:\\\/\\\/www.telelogos.com\\\/es\\\/#\\\/schema\\\/logo\\\/image\\\/\"},\"sameAs\":[\"https:\\\/\\\/fr.linkedin.com\\\/company\\\/telelogos\"]}]}<\/script>\n<!-- \/ Yoast SEO plugin. -->","yoast_head_json":{"title":"Unirse a nosotros - Telelogos","description":"Encuentra los anuncios de contrataci\u00f3n de Telelogos, Fullstack Web Developer","robots":{"index":"index","follow":"follow","max-snippet":"max-snippet:-1","max-image-preview":"max-image-preview:large","max-video-preview":"max-video-preview:-1"},"canonical":"https:\/\/www.telelogos.com\/es\/unirse-a-nosotros\/","twitter_misc":{"Est. reading time":"6 minutes"},"schema":{"@context":"https:\/\/schema.org","@graph":[{"@type":"WebPage","@id":"https:\/\/www.telelogos.com\/es\/unirse-a-nosotros\/","url":"https:\/\/www.telelogos.com\/es\/unirse-a-nosotros\/","name":"Unirse a nosotros - Telelogos","isPartOf":{"@id":"https:\/\/www.telelogos.com\/es\/#website"},"primaryImageOfPage":{"@id":"https:\/\/www.telelogos.com\/es\/unirse-a-nosotros\/#primaryimage"},"image":{"@id":"https:\/\/www.telelogos.com\/es\/unirse-a-nosotros\/#primaryimage"},"thumbnailUrl":"https:\/\/www.telelogos.com\/wp-content\/uploads\/2021\/03\/eseo.png","datePublished":"2021-03-18T16:33:47+00:00","dateModified":"2026-03-23T14:39:58+00:00","description":"Encuentra los anuncios de contrataci\u00f3n de Telelogos, Fullstack Web Developer","breadcrumb":{"@id":"https:\/\/www.telelogos.com\/es\/unirse-a-nosotros\/#breadcrumb"},"inLanguage":"es-ES","potentialAction":[{"@type":"ReadAction","target":["https:\/\/www.telelogos.com\/es\/unirse-a-nosotros\/"]}]},{"@type":"ImageObject","inLanguage":"es-ES","@id":"https:\/\/www.telelogos.com\/es\/unirse-a-nosotros\/#primaryimage","url":"https:\/\/www.telelogos.com\/wp-content\/uploads\/2021\/03\/eseo.png","contentUrl":"https:\/\/www.telelogos.com\/wp-content\/uploads\/2021\/03\/eseo.png"},{"@type":"BreadcrumbList","@id":"https:\/\/www.telelogos.com\/es\/unirse-a-nosotros\/#breadcrumb","itemListElement":[{"@type":"ListItem","position":1,"name":"Inicio","item":"https:\/\/www.telelogos.com\/es\/"},{"@type":"ListItem","position":2,"name":"Unirse a nosotros"}]},{"@type":"WebSite","@id":"https:\/\/www.telelogos.com\/es\/#website","url":"https:\/\/www.telelogos.com\/es\/","name":"Telelogos","description":"","publisher":{"@id":"https:\/\/www.telelogos.com\/es\/#organization"},"potentialAction":[{"@type":"SearchAction","target":{"@type":"EntryPoint","urlTemplate":"https:\/\/www.telelogos.com\/es\/?s={search_term_string}"},"query-input":{"@type":"PropertyValueSpecification","valueRequired":true,"valueName":"search_term_string"}}],"inLanguage":"es-ES"},{"@type":"Organization","@id":"https:\/\/www.telelogos.com\/es\/#organization","name":"Telelogos","url":"https:\/\/www.telelogos.com\/es\/","logo":{"@type":"ImageObject","inLanguage":"es-ES","@id":"https:\/\/www.telelogos.com\/es\/#\/schema\/logo\/image\/","url":"https:\/\/www.telelogos.com\/wp-content\/uploads\/2022\/07\/Logo-Telelogos-e1664355618654.png","contentUrl":"https:\/\/www.telelogos.com\/wp-content\/uploads\/2022\/07\/Logo-Telelogos-e1664355618654.png","width":100,"height":35,"caption":"Telelogos"},"image":{"@id":"https:\/\/www.telelogos.com\/es\/#\/schema\/logo\/image\/"},"sameAs":["https:\/\/fr.linkedin.com\/company\/telelogos"]}]}},"_links":{"self":[{"href":"https:\/\/www.telelogos.com\/es\/wp-json\/wp\/v2\/pages\/22656","targetHints":{"allow":["GET"]}}],"collection":[{"href":"https:\/\/www.telelogos.com\/es\/wp-json\/wp\/v2\/pages"}],"about":[{"href":"https:\/\/www.telelogos.com\/es\/wp-json\/wp\/v2\/types\/page"}],"author":[{"embeddable":true,"href":"https:\/\/www.telelogos.com\/es\/wp-json\/wp\/v2\/users\/20"}],"replies":[{"embeddable":true,"href":"https:\/\/www.telelogos.com\/es\/wp-json\/wp\/v2\/comments?post=22656"}],"version-history":[{"count":6,"href":"https:\/\/www.telelogos.com\/es\/wp-json\/wp\/v2\/pages\/22656\/revisions"}],"predecessor-version":[{"id":61377,"href":"https:\/\/www.telelogos.com\/es\/wp-json\/wp\/v2\/pages\/22656\/revisions\/61377"}],"wp:attachment":[{"href":"https:\/\/www.telelogos.com\/es\/wp-json\/wp\/v2\/media?parent=22656"}],"curies":[{"name":"wp","href":"https:\/\/api.w.org\/{rel}","templated":true}]}}