{"id":22657,"date":"2021-03-18T16:14:01","date_gmt":"2021-03-18T14:14:01","guid":{"rendered":"https:\/\/www.telelogos.com\/vision-mission-histoire\/"},"modified":"2025-03-04T18:10:29","modified_gmt":"2025-03-04T16:10:29","slug":"vision-mision-historia","status":"publish","type":"page","link":"https:\/\/www.telelogos.com\/es\/sobre-nosotros\/vision-mision-historia\/","title":{"rendered":"Visi\u00f3n, Misi\u00f3n e Historia"},"content":{"rendered":"<div id=\"pl-22657\"  class=\"panel-layout\" ><div id=\"pg-22657-0\"  class=\"panel-grid panel-no-style\" ><div id=\"pgc-22657-0-0\"  class=\"panel-grid-cell\" ><div id=\"panel-22657-0-0-0\" class=\"so-panel widget widget_sow-editor panel-first-child panel-last-child\" data-index=\"0\" ><div\n\t\t\t\n\t\t\tclass=\"so-widget-sow-editor so-widget-sow-editor-base\"\n\t\t\t\n\t\t>\n<div class=\"siteorigin-widget-tinymce textwidget\">\n\t<p>&nbsp;<\/p>\n<h2 class=\"titre_tiret_bleu h1-like h2-like\">Visi\u00f3n<\/h2>\n<div>\n<ul>\n<li>Telelogos es una <strong>empresa tecnol\u00f3gica innovadora<\/strong> al servicio del desarrollo de sus clientes, socios y empleados.<\/li>\n<li>Nuestro \u00e9xito se basa en la excelencia y la diversidad de los <strong>hombres y mujeres<\/strong> que componen Telelogos y en la estrecha y confiable colaboraci\u00f3n con una amplia <strong>red de socios<\/strong>.<\/li>\n<li>Tambi\u00e9n creemos que una empresa tiene <strong>responsabilidades sociales <\/strong>y<strong> ambientales<\/strong>, y nuestro compromiso en esos \u00e1mbitos se basa en las prioridades de los estatutos elaborados por todos los empleados de Telelogos.<\/li>\n<\/ul>\n<\/div>\n<\/div>\n<\/div><\/div><\/div><div id=\"pgc-22657-0-1\"  class=\"panel-grid-cell\" ><div id=\"panel-22657-0-1-0\" class=\"so-panel widget widget_sow-editor panel-first-child panel-last-child\" data-index=\"1\" ><div\n\t\t\t\n\t\t\tclass=\"so-widget-sow-editor so-widget-sow-editor-base\"\n\t\t\t\n\t\t>\n<div class=\"siteorigin-widget-tinymce textwidget\">\n\t<p><img decoding=\"async\" class=\"alignright wp-image-17120 \" src=\"https:\/\/www.telelogos.com\/wp-content\/uploads\/2021\/01\/Groupe-de-masques-79-300x193.jpg\" alt=\"\" width=\"610\" height=\"392\" srcset=\"https:\/\/www.telelogos.com\/wp-content\/uploads\/2021\/01\/Groupe-de-masques-79-300x193.jpg 300w, https:\/\/www.telelogos.com\/wp-content\/uploads\/2021\/01\/Groupe-de-masques-79-195x126.jpg 195w, https:\/\/www.telelogos.com\/wp-content\/uploads\/2021\/01\/Groupe-de-masques-79.jpg 714w\" sizes=\"(max-width: 610px) 100vw, 610px\" \/><\/p>\n<\/div>\n<\/div><\/div><\/div><\/div><div id=\"pg-22657-1\"  class=\"panel-grid panel-no-style\" ><div id=\"pgc-22657-1-0\"  class=\"panel-grid-cell\" ><div id=\"panel-22657-1-0-0\" class=\"so-panel widget widget_sow-editor panel-first-child panel-last-child\" data-index=\"2\" ><div\n\t\t\t\n\t\t\tclass=\"so-widget-sow-editor so-widget-sow-editor-base\"\n\t\t\t\n\t\t>\n<div class=\"siteorigin-widget-tinymce textwidget\">\n\t<p><img decoding=\"async\" class=\"alignnone wp-image-23116 size-full\" src=\"https:\/\/www.telelogos.com\/wp-content\/uploads\/2021\/05\/EV-Store-06-A.jpg\" alt=\"\" width=\"750\" height=\"500\" srcset=\"https:\/\/www.telelogos.com\/wp-content\/uploads\/2021\/05\/EV-Store-06-A.jpg 750w, https:\/\/www.telelogos.com\/wp-content\/uploads\/2021\/05\/EV-Store-06-A-300x200.jpg 300w, https:\/\/www.telelogos.com\/wp-content\/uploads\/2021\/05\/EV-Store-06-A-195x130.jpg 195w, https:\/\/www.telelogos.com\/wp-content\/uploads\/2021\/05\/EV-Store-06-A-272x182.jpg 272w\" sizes=\"(max-width: 750px) 100vw, 750px\" \/><\/p>\n<\/div>\n<\/div><\/div><\/div><div id=\"pgc-22657-1-1\"  class=\"panel-grid-cell\" ><div id=\"panel-22657-1-1-0\" class=\"so-panel widget widget_sow-editor panel-first-child panel-last-child\" data-index=\"3\" ><div class=\"panel-widget-style panel-widget-style-for-22657-1-1-0\" ><div\n\t\t\t\n\t\t\tclass=\"so-widget-sow-editor so-widget-sow-editor-base\"\n\t\t\t\n\t\t>\n<div class=\"siteorigin-widget-tinymce textwidget\">\n\t<p>&nbsp;<\/p>\n<h2 class=\"titre_tiret_bleu h1-like h2-like\">Misi\u00f3n<\/h2>\n<div>\n<ul>\n<li><strong>Telelogos inventa programas<\/strong> que facilitan el uso de <strong>dispositivos m\u00f3viles<\/strong>, la <strong>circulaci\u00f3n de informaci\u00f3n<\/strong>, la <strong>colaboraci\u00f3n<\/strong> con los empleados, los clientes y los usuarios en todas partes del mundo.<\/li>\n<li>Nuestros programas se basan en nuestra experiencia en <strong>visualizaci\u00f3n din\u00e1mica<\/strong>, en <strong>sincronizaci\u00f3n de informaci\u00f3n<\/strong> y en <strong>gesti\u00f3n de equipos conectados<\/strong>.<\/li>\n<li>Permiten <strong>experiencias digitales novedosas<\/strong> en las oficinas, f\u00e1bricas, centros de log\u00edstica, estaciones, aeropuertos, tiendas, centros comerciales, sucursales bancarias, hospitales, escuelas, restaurantes, salas de espect\u00e1culos<\/li>\n<\/ul>\n<\/div>\n<div><\/div>\n<\/div>\n<\/div><\/div><\/div><\/div><\/div><div id=\"pg-22657-2\"  class=\"panel-grid panel-has-style\" ><div class=\"siteorigin-panels-stretch panel-row-style panel-row-style-for-22657-2\" data-stretch-type=\"full\" ><div id=\"pgc-22657-2-0\"  class=\"panel-grid-cell\" ><div id=\"panel-22657-2-0-0\" class=\"so-panel widget widget_sow-editor panel-first-child panel-last-child\" data-index=\"4\" ><div\n\t\t\t\n\t\t\tclass=\"so-widget-sow-editor so-widget-sow-editor-base\"\n\t\t\t\n\t\t>\n<div class=\"siteorigin-widget-tinymce textwidget\">\n\t<p>&nbsp;<\/p>\n<p>&nbsp;<\/p>\n<h2 class=\"titre_tiret_bleu h1-like h2-like\">Valores<\/h2>\n<div>\n<div>\n<ul>\n<li>Es <strong>la innovaci\u00f3n<\/strong> la que crea a los l\u00edderes<\/li>\n<li><strong>Calidad<\/strong> y <strong>reactividad<\/strong> son las condiciones para el \u00e9xito.<\/li>\n<li><strong>Satisfacci\u00f3n del cliente<\/strong> y <strong>\u00e9tica<\/strong> son las claves para perdurar.<\/li>\n<\/ul>\n<\/div>\n<\/div>\n<p>&nbsp;<\/p>\n<p>&nbsp;<\/p>\n<p>&nbsp;<\/p>\n<\/div>\n<\/div><\/div><\/div><div id=\"pgc-22657-2-1\"  class=\"panel-grid-cell\" ><div id=\"panel-22657-2-1-0\" class=\"so-panel widget widget_sow-editor panel-first-child panel-last-child\" data-index=\"5\" ><div\n\t\t\t\n\t\t\tclass=\"so-widget-sow-editor so-widget-sow-editor-base\"\n\t\t\t\n\t\t>\n<div class=\"siteorigin-widget-tinymce textwidget\">\n\t<p><img decoding=\"async\" class=\"alignnone wp-image-20248 size-full\" src=\"https:\/\/www.telelogos.com\/wp-content\/uploads\/2021\/03\/Harbarurema.jpg\" alt=\"Habarur\" width=\"800\" height=\"533\" srcset=\"https:\/\/www.telelogos.com\/wp-content\/uploads\/2021\/03\/Harbarurema.jpg 800w, https:\/\/www.telelogos.com\/wp-content\/uploads\/2021\/03\/Harbarurema-300x200.jpg 300w, https:\/\/www.telelogos.com\/wp-content\/uploads\/2021\/03\/Harbarurema-195x130.jpg 195w, https:\/\/www.telelogos.com\/wp-content\/uploads\/2021\/03\/Harbarurema-272x182.jpg 272w\" sizes=\"(max-width: 800px) 100vw, 800px\" \/><\/p>\n<\/div>\n<\/div><\/div><\/div><\/div><\/div><div id=\"pg-22657-3\"  class=\"panel-grid panel-has-style\" ><div class=\"texte_blanc siteorigin-panels-stretch panel-row-style panel-row-style-for-22657-3\" data-stretch-type=\"full\" ><div id=\"pgc-22657-3-0\"  class=\"panel-grid-cell\" ><div id=\"panel-22657-3-0-0\" class=\"widget_text so-panel widget widget_custom_html panel-first-child panel-last-child\" data-index=\"6\" ><div class=\"widget_text panel-widget-style panel-widget-style-for-22657-3-0-0\" ><div class=\"textwidget custom-html-widget\"><!DOCTYPE html>\n<html>\n<head>\n<meta name=\"viewport\" content=\"width=device-width, initial-scale=1.0\">\n<style>\n\n \twebkit-box-sizing: border-box;\n   moz-box-sizing: border-box;\n   box-sizing: border-box;\n   outline: none; \n\tposition: relative;\n\t\n}\n\nbody {\n   margin: 0;\n   padding: 30px 0;\n   font-family: 'Roboto', sans-serif;\n   background: #Ffff;\n}\n\n\/\/h1 {\n   text-align: center;\n   font-weight: 300;\n   color: #777\n}\n\nh1 span {\n   font-weight: 600;\n}\n\n.timeline-container {\n   width: 80%;\n   padding: 50px 0;\n   margin: 50px auto;\n   position: relative;\n   overflow: hidden;\n}\n.timeline-container:before { \/*This is the line down the middle*\/\n   content: '';\n   position: absolute;\n   top: 0;\n   left: 50%;\n   margin-left: -1px;\n   width: 2px;\n   height: 100%;\n   background: #CCD1D9;\n   z-index: 1\n}\n.timeline-block {\n   width: -webkit-calc(50% + 8px);\n   width: -moz-calc(50% + 8px);\n   width: calc(50% + 8px);\n   display: -webkit-box;\n   display: -webkit-flex;\n   display: -moz-box;\n   display: flex;\n   -webkit-box-pack: justify;\n   -webkit-justify-content: space-between;\n   -moz-box-pack: justify;\n   justify-content: space-between;\n   clear: both;\n}\n.timeline-block-right {\n   float: right;\n}\n.timeline-block-left {\n   float: left;\n   direction: rtl\n}\n.marker {\n   width: 16px;\n   height: 16px;\n   border-radius: 50%;\n   border: 2px solid #F5F7FA;\n   background: #4DD0E1;\n   margin-top: 10px;\n   z-index: 9999;\n\tposition: relative;\n}\n.timeline-content {\n   width: 95%;\n   padding: 0 15px;\n   color: #ffff\n}\n.timeline-content h3 {\n   margin-top: 5px;\n   margin-bottom: 5px;\n   font-size: 25px;\n   font-weight: 500\n}\n.timeline-content span {\n   font-size: 15px;\n   color: #ffff;\n}\n.timeline-content p {\n   font-size: 14px;\n   line-height: 1.5em;\n   word-spacing: 1px;\n   color: #888;\n}\n@media screen and (max-width: 768px) {\n   .timeline-container:before {\n      left: 8px;\n      width: 2px;\n   }\n   .timeline-block {\n      width: 100%;\n      margin-bottom: 30px;\n   }\n   .timeline-block-right {\n      float: none;\n   }\n   .timeline-block-left {\n      float: none;\n      direction: ltr;\n   }\n}\n\n<\/style>\n<\/head>\n<body>\n\n<p>&nbsp;<\/p>\n<h2>Historia<\/h2>\n<div class=\"timeline-container\">\n<div class=\"timeline-block timeline-block-left\">\n<div class=\"marker\">&nbsp;<\/div>\n<div class=\"timeline-content\">\n<h3>2024<\/h3>\nApertura de la oficina en Charlotte, USA<p>&nbsp;<\/p><\/div>\n<\/div>\n<div class=\"timeline-block timeline-block-right\">\n<div class=\"marker\">&nbsp;<\/div>\n<div class=\"timeline-content\">\n<h3>2021<\/h3>\n<br \/> <a href=\"https:\/\/www.telelogos.com\/es\/soluciones\/channels-software-de-comunicacion-interna\/\"><img decoding=\"async\" src=\"https:\/\/www.telelogos.com\/wp-content\/uploads\/2021\/02\/channels350.png\" alt=\"\" width=\"200\" height=\"34\" \/><\/a><p>&nbsp;<\/p><\/div>\n<\/div>\n<div class=\"timeline-block timeline-block-right\">\n<div class=\"marker\">&nbsp;<\/div>\n<div class=\"timeline-content\">\n<h3>2020<\/h3>\nApertura de la oficina en M\u00e9xico<p>&nbsp;<\/p><\/div>\n<\/div>\n<div class=\"timeline-block timeline-block-left\">\n<div class=\"marker\">&nbsp;<\/div>\n<div class=\"timeline-content\">\n<h3>2019<\/h3>\nApertura de la capital a todos los empleados<p>&nbsp;<\/p><\/div>\n<\/div>\n<div class=\"timeline-block timeline-block-right\">\n<div class=\"marker\">&nbsp;<\/div>\n<div class=\"timeline-content\">\n<h3>2018<\/h3>\n<br \/><a href=\"https:\/\/www.telelogos.com\/es\/soluciones\/meeting4display-solucion-de-gestion-de-espacios-de-trabajo\/\"><img decoding=\"async\" src=\"https:\/\/www.telelogos.com\/wp-content\/uploads\/2021\/02\/meeting4display-logo.png\" alt=\"\" width=\"200\" height=\"37\" \/><\/a><p>&nbsp;<\/p><\/div>\n<\/div>\n<div class=\"timeline-block timeline-block-left\">\n<div class=\"marker\">&nbsp;<\/div>\n<div class=\"timeline-content\">\n<h3>2017<\/h3>\n<br \/>&nbsp;<a href=\"https:\/\/www.telelogos.com\/es\/soluciones\/clyd-mobile-device-management\/\"><img decoding=\"async\" src=\"https:\/\/www.telelogos.com\/wp-content\/uploads\/2021\/02\/logo_clyd-bleu_495.png\" alt=\"\" width=\"200\" height=\"61\" \/><p>&nbsp;<\/p><\/a><\/div>\n<\/div>\n<div class=\"timeline-block timeline-block-right\">\n<div class=\"marker\">&nbsp;<\/div>\n<div class=\"timeline-content\">\n<h3>2016<\/h3>\nTelelogos integra nuevos accionistas para acelerar su crecimiento internacional<p>&nbsp;<\/p><\/div>\n<\/div>\n<div class=\"timeline-block timeline-block-left\">\n<div class=\"marker\">&nbsp;<\/div>\n<div class=\"timeline-content\">\n<h3>2008<\/h3>\n<br \/><a href=\"https:\/\/www.telelogos.com\/es\/soluciones\/media4display\/\"><img decoding=\"async\" src=\"https:\/\/www.telelogos.com\/wp-content\/uploads\/2021\/04\/Media4Display-white-HD.png\" alt=\"\" width=\"200\" height=\"39\" \/><\/a><p>&nbsp;<\/p><\/div>\n<\/div>\n<div class=\"timeline-block timeline-block-right\">\n<div class=\"marker\">&nbsp;<\/div>\n<div class=\"timeline-content\">\n<h3>2002<\/h3>\n<br \/><a href=\"https:\/\/www.telelogos.com\/es\/soluciones\/mediacontact-mediatransfer-gestion-de-redes-de-puestos-fijos-transferencia-y-sincronizacion-de-datos\/\"><img decoding=\"async\" src=\"https:\/\/www.telelogos.com\/wp-content\/uploads\/2021\/02\/logo-mediacontact_1.png\" alt=\"\" width=\"200\" height=\"34\" \/><\/a><p>&nbsp;<\/p><\/div>\n<\/div>\n<div class=\"timeline-block timeline-block-left\">\n<div class=\"marker\">&nbsp;<\/div>\n<div class=\"timeline-content\">\n<h3>1997<\/h3>\n<br \/>\n<a href=\"https:\/\/www.telelogos.com\/es\/soluciones\/mediacontact-mediatransfer-gestion-de-redes-de-puestos-fijos-transferencia-y-sincronizacion-de-datos\/\"><img decoding=\"async\" src=\"https:\/\/www.telelogos.com\/wp-content\/uploads\/2021\/04\/MediaTransfer-White.png\" alt=\"\" width=\"200\" height=\"34\" \/><\/a><p>&nbsp;<\/p><\/div>\n\t<\/div>\n<div class=\"timeline-block timeline-block-right\">\n<div class=\"marker\">&nbsp;<\/div>\n<div class=\"timeline-content\">\n<h3>1995<\/h3>\nTelelogos cesa sus servicios de hardware y actividades de reventa para centrarse en la publicaci\u00f3n de software.<p>&nbsp;<\/p><\/div>\n<\/div>\n<div class=\"timeline-block timeline-block-left\">\n<div class=\"marker\">&nbsp;<\/div>\n<div class=\"timeline-content\">\n<h3>1989<\/h3>\nCon motivo de la adquisici\u00f3n de Ardoisi\u00e8res d'Angers por parte del grupo Imetal, los empleados de Telelogos compran la empresa Telelogos ampl\u00eda su know-how al desarrollo de software de telecomunicaciones y soluciones de movilidad para fuerzas de ventas y redes de punto de venta<p>&nbsp;<\/p><\/div>\n<\/div>\n<div class=\"timeline-block timeline-block-right\">\n<div class=\"marker\">&nbsp;<\/div>\n<div class=\"timeline-content\">\n<h3>1982<\/h3>\nTelelogos desarrolla y comercializa una soluci\u00f3n de sincronizaci\u00f3n de datos para redes de punto de venta Telelogos nace en enero de 1982 dentro del grupo Ardoisi\u00e8res d'Angers\n<p>&nbsp;<\/p><\/div>\n<\/div>\n<\/div>\n\t<\/body>\n<\/html><\/div><\/div><\/div><\/div><\/div><\/div><div id=\"pg-22657-4\"  class=\"panel-grid panel-no-style\" ><div id=\"pgc-22657-4-0\"  class=\"panel-grid-cell\" ><div id=\"panel-22657-4-0-0\" class=\"widget_text so-panel widget widget_custom_html panel-first-child panel-last-child\" data-index=\"7\" ><div class=\"textwidget custom-html-widget\"><div class=\"so-iframe-wrapper <?php if (!wp_is_mobile()) { echo 'no-padding'; } ?>\">\n  <iframe src=\"https:\/\/business.telelogos.com\/form-contact-es\">height=\"825px\" width=\"1200px\"style=\"border:0px #ffffff none;\" <\/iframe>\n<\/div>\n<\/div><\/div><\/div><\/div><\/div>","protected":false},"excerpt":{"rendered":"<p>&nbsp; Visi\u00f3n Telelogos es una empresa tecnol\u00f3gica innovadora al servicio del desarrollo de sus clientes, socios y empleados. Nuestro \u00e9xito se basa en la excelencia y la diversidad de [&hellip;]<\/p>\n","protected":false},"author":4,"featured_media":0,"parent":22668,"menu_order":534,"comment_status":"closed","ping_status":"closed","template":"","meta":{"footnotes":""},"class_list":["post-22657","page","type-page","status-publish","hentry"],"yoast_head":"<!-- This site is optimized with the Yoast SEO plugin v27.3 - https:\/\/yoast.com\/product\/yoast-seo-wordpress\/ -->\n<title>Visi\u00f3n, Misi\u00f3n e Historia - Telelogos<\/title>\n<meta name=\"description\" content=\"Telelogos es una empresa tecnol\u00f3gica innovadora al servicio del desarrollo de sus clientes, socios y empleados.\" \/>\n<meta name=\"robots\" content=\"index, follow, max-snippet:-1, max-image-preview:large, max-video-preview:-1\" \/>\n<link rel=\"canonical\" href=\"https:\/\/www.telelogos.com\/es\/sobre-nosotros\/vision-mision-historia\/\" \/>\n<meta name=\"twitter:label1\" content=\"Est. reading time\" \/>\n\t<meta name=\"twitter:data1\" content=\"4 minutes\" \/>\n<script type=\"application\/ld+json\" class=\"yoast-schema-graph\">{\"@context\":\"https:\\\/\\\/schema.org\",\"@graph\":[{\"@type\":\"WebPage\",\"@id\":\"https:\\\/\\\/www.telelogos.com\\\/es\\\/sobre-nosotros\\\/vision-mision-historia\\\/\",\"url\":\"https:\\\/\\\/www.telelogos.com\\\/es\\\/sobre-nosotros\\\/vision-mision-historia\\\/\",\"name\":\"Visi\u00f3n, Misi\u00f3n e Historia - Telelogos\",\"isPartOf\":{\"@id\":\"https:\\\/\\\/www.telelogos.com\\\/es\\\/#website\"},\"primaryImageOfPage\":{\"@id\":\"https:\\\/\\\/www.telelogos.com\\\/es\\\/sobre-nosotros\\\/vision-mision-historia\\\/#primaryimage\"},\"image\":{\"@id\":\"https:\\\/\\\/www.telelogos.com\\\/es\\\/sobre-nosotros\\\/vision-mision-historia\\\/#primaryimage\"},\"thumbnailUrl\":\"https:\\\/\\\/www.telelogos.com\\\/wp-content\\\/uploads\\\/2021\\\/01\\\/Groupe-de-masques-79-300x193.jpg\",\"datePublished\":\"2021-03-18T14:14:01+00:00\",\"dateModified\":\"2025-03-04T16:10:29+00:00\",\"description\":\"Telelogos es una empresa tecnol\u00f3gica innovadora al servicio del desarrollo de sus clientes, socios y empleados.\",\"breadcrumb\":{\"@id\":\"https:\\\/\\\/www.telelogos.com\\\/es\\\/sobre-nosotros\\\/vision-mision-historia\\\/#breadcrumb\"},\"inLanguage\":\"es-ES\",\"potentialAction\":[{\"@type\":\"ReadAction\",\"target\":[\"https:\\\/\\\/www.telelogos.com\\\/es\\\/sobre-nosotros\\\/vision-mision-historia\\\/\"]}]},{\"@type\":\"ImageObject\",\"inLanguage\":\"es-ES\",\"@id\":\"https:\\\/\\\/www.telelogos.com\\\/es\\\/sobre-nosotros\\\/vision-mision-historia\\\/#primaryimage\",\"url\":\"https:\\\/\\\/www.telelogos.com\\\/wp-content\\\/uploads\\\/2021\\\/01\\\/Groupe-de-masques-79-300x193.jpg\",\"contentUrl\":\"https:\\\/\\\/www.telelogos.com\\\/wp-content\\\/uploads\\\/2021\\\/01\\\/Groupe-de-masques-79-300x193.jpg\"},{\"@type\":\"BreadcrumbList\",\"@id\":\"https:\\\/\\\/www.telelogos.com\\\/es\\\/sobre-nosotros\\\/vision-mision-historia\\\/#breadcrumb\",\"itemListElement\":[{\"@type\":\"ListItem\",\"position\":1,\"name\":\"Inicio\",\"item\":\"https:\\\/\\\/www.telelogos.com\\\/es\\\/\"},{\"@type\":\"ListItem\",\"position\":2,\"name\":\"Sobre nosotros\",\"item\":\"https:\\\/\\\/www.telelogos.com\\\/es\\\/sobre-nosotros\\\/\"},{\"@type\":\"ListItem\",\"position\":3,\"name\":\"Visi\u00f3n, Misi\u00f3n e Historia\"}]},{\"@type\":\"WebSite\",\"@id\":\"https:\\\/\\\/www.telelogos.com\\\/es\\\/#website\",\"url\":\"https:\\\/\\\/www.telelogos.com\\\/es\\\/\",\"name\":\"Telelogos\",\"description\":\"\",\"publisher\":{\"@id\":\"https:\\\/\\\/www.telelogos.com\\\/es\\\/#organization\"},\"potentialAction\":[{\"@type\":\"SearchAction\",\"target\":{\"@type\":\"EntryPoint\",\"urlTemplate\":\"https:\\\/\\\/www.telelogos.com\\\/es\\\/?s={search_term_string}\"},\"query-input\":{\"@type\":\"PropertyValueSpecification\",\"valueRequired\":true,\"valueName\":\"search_term_string\"}}],\"inLanguage\":\"es-ES\"},{\"@type\":\"Organization\",\"@id\":\"https:\\\/\\\/www.telelogos.com\\\/es\\\/#organization\",\"name\":\"Telelogos\",\"url\":\"https:\\\/\\\/www.telelogos.com\\\/es\\\/\",\"logo\":{\"@type\":\"ImageObject\",\"inLanguage\":\"es-ES\",\"@id\":\"https:\\\/\\\/www.telelogos.com\\\/es\\\/#\\\/schema\\\/logo\\\/image\\\/\",\"url\":\"https:\\\/\\\/www.telelogos.com\\\/wp-content\\\/uploads\\\/2022\\\/07\\\/Logo-Telelogos-e1664355618654.png\",\"contentUrl\":\"https:\\\/\\\/www.telelogos.com\\\/wp-content\\\/uploads\\\/2022\\\/07\\\/Logo-Telelogos-e1664355618654.png\",\"width\":100,\"height\":35,\"caption\":\"Telelogos\"},\"image\":{\"@id\":\"https:\\\/\\\/www.telelogos.com\\\/es\\\/#\\\/schema\\\/logo\\\/image\\\/\"},\"sameAs\":[\"https:\\\/\\\/fr.linkedin.com\\\/company\\\/telelogos\"]}]}<\/script>\n<!-- \/ Yoast SEO plugin. -->","yoast_head_json":{"title":"Visi\u00f3n, Misi\u00f3n e Historia - Telelogos","description":"Telelogos es una empresa tecnol\u00f3gica innovadora al servicio del desarrollo de sus clientes, socios y empleados.","robots":{"index":"index","follow":"follow","max-snippet":"max-snippet:-1","max-image-preview":"max-image-preview:large","max-video-preview":"max-video-preview:-1"},"canonical":"https:\/\/www.telelogos.com\/es\/sobre-nosotros\/vision-mision-historia\/","twitter_misc":{"Est. reading time":"4 minutes"},"schema":{"@context":"https:\/\/schema.org","@graph":[{"@type":"WebPage","@id":"https:\/\/www.telelogos.com\/es\/sobre-nosotros\/vision-mision-historia\/","url":"https:\/\/www.telelogos.com\/es\/sobre-nosotros\/vision-mision-historia\/","name":"Visi\u00f3n, Misi\u00f3n e Historia - Telelogos","isPartOf":{"@id":"https:\/\/www.telelogos.com\/es\/#website"},"primaryImageOfPage":{"@id":"https:\/\/www.telelogos.com\/es\/sobre-nosotros\/vision-mision-historia\/#primaryimage"},"image":{"@id":"https:\/\/www.telelogos.com\/es\/sobre-nosotros\/vision-mision-historia\/#primaryimage"},"thumbnailUrl":"https:\/\/www.telelogos.com\/wp-content\/uploads\/2021\/01\/Groupe-de-masques-79-300x193.jpg","datePublished":"2021-03-18T14:14:01+00:00","dateModified":"2025-03-04T16:10:29+00:00","description":"Telelogos es una empresa tecnol\u00f3gica innovadora al servicio del desarrollo de sus clientes, socios y empleados.","breadcrumb":{"@id":"https:\/\/www.telelogos.com\/es\/sobre-nosotros\/vision-mision-historia\/#breadcrumb"},"inLanguage":"es-ES","potentialAction":[{"@type":"ReadAction","target":["https:\/\/www.telelogos.com\/es\/sobre-nosotros\/vision-mision-historia\/"]}]},{"@type":"ImageObject","inLanguage":"es-ES","@id":"https:\/\/www.telelogos.com\/es\/sobre-nosotros\/vision-mision-historia\/#primaryimage","url":"https:\/\/www.telelogos.com\/wp-content\/uploads\/2021\/01\/Groupe-de-masques-79-300x193.jpg","contentUrl":"https:\/\/www.telelogos.com\/wp-content\/uploads\/2021\/01\/Groupe-de-masques-79-300x193.jpg"},{"@type":"BreadcrumbList","@id":"https:\/\/www.telelogos.com\/es\/sobre-nosotros\/vision-mision-historia\/#breadcrumb","itemListElement":[{"@type":"ListItem","position":1,"name":"Inicio","item":"https:\/\/www.telelogos.com\/es\/"},{"@type":"ListItem","position":2,"name":"Sobre nosotros","item":"https:\/\/www.telelogos.com\/es\/sobre-nosotros\/"},{"@type":"ListItem","position":3,"name":"Visi\u00f3n, Misi\u00f3n e Historia"}]},{"@type":"WebSite","@id":"https:\/\/www.telelogos.com\/es\/#website","url":"https:\/\/www.telelogos.com\/es\/","name":"Telelogos","description":"","publisher":{"@id":"https:\/\/www.telelogos.com\/es\/#organization"},"potentialAction":[{"@type":"SearchAction","target":{"@type":"EntryPoint","urlTemplate":"https:\/\/www.telelogos.com\/es\/?s={search_term_string}"},"query-input":{"@type":"PropertyValueSpecification","valueRequired":true,"valueName":"search_term_string"}}],"inLanguage":"es-ES"},{"@type":"Organization","@id":"https:\/\/www.telelogos.com\/es\/#organization","name":"Telelogos","url":"https:\/\/www.telelogos.com\/es\/","logo":{"@type":"ImageObject","inLanguage":"es-ES","@id":"https:\/\/www.telelogos.com\/es\/#\/schema\/logo\/image\/","url":"https:\/\/www.telelogos.com\/wp-content\/uploads\/2022\/07\/Logo-Telelogos-e1664355618654.png","contentUrl":"https:\/\/www.telelogos.com\/wp-content\/uploads\/2022\/07\/Logo-Telelogos-e1664355618654.png","width":100,"height":35,"caption":"Telelogos"},"image":{"@id":"https:\/\/www.telelogos.com\/es\/#\/schema\/logo\/image\/"},"sameAs":["https:\/\/fr.linkedin.com\/company\/telelogos"]}]}},"_links":{"self":[{"href":"https:\/\/www.telelogos.com\/es\/wp-json\/wp\/v2\/pages\/22657","targetHints":{"allow":["GET"]}}],"collection":[{"href":"https:\/\/www.telelogos.com\/es\/wp-json\/wp\/v2\/pages"}],"about":[{"href":"https:\/\/www.telelogos.com\/es\/wp-json\/wp\/v2\/types\/page"}],"author":[{"embeddable":true,"href":"https:\/\/www.telelogos.com\/es\/wp-json\/wp\/v2\/users\/4"}],"replies":[{"embeddable":true,"href":"https:\/\/www.telelogos.com\/es\/wp-json\/wp\/v2\/comments?post=22657"}],"version-history":[{"count":5,"href":"https:\/\/www.telelogos.com\/es\/wp-json\/wp\/v2\/pages\/22657\/revisions"}],"predecessor-version":[{"id":58129,"href":"https:\/\/www.telelogos.com\/es\/wp-json\/wp\/v2\/pages\/22657\/revisions\/58129"}],"up":[{"embeddable":true,"href":"https:\/\/www.telelogos.com\/es\/wp-json\/wp\/v2\/pages\/22668"}],"wp:attachment":[{"href":"https:\/\/www.telelogos.com\/es\/wp-json\/wp\/v2\/media?parent=22657"}],"curies":[{"name":"wp","href":"https:\/\/api.w.org\/{rel}","templated":true}]}}