{"id":22668,"date":"2021-03-16T12:28:01","date_gmt":"2021-03-16T10:28:01","guid":{"rendered":"https:\/\/www.telelogos.com\/a-propos\/"},"modified":"2023-12-04T16:09:32","modified_gmt":"2023-12-04T14:09:32","slug":"sobre-nosotros","status":"publish","type":"page","link":"https:\/\/www.telelogos.com\/es\/sobre-nosotros\/","title":{"rendered":"Sobre nosotros"},"content":{"rendered":"<div id=\"pl-22668\"  class=\"panel-layout\" ><div id=\"pg-22668-0\"  class=\"panel-grid panel-no-style\" ><div id=\"pgc-22668-0-0\"  class=\"panel-grid-cell\" ><div id=\"panel-22668-0-0-0\" class=\"so-panel widget widget_sow-editor panel-first-child panel-last-child\" data-index=\"0\" ><div\n\t\t\t\n\t\t\tclass=\"so-widget-sow-editor so-widget-sow-editor-base\"\n\t\t\t\n\t\t>\n<div class=\"siteorigin-widget-tinymce textwidget\">\n\t<div class=\"titre_tiret_bleu h1-like h2-like\">En el eje de la transformaci\u00f3n digital<\/div>\n<\/div>\n<\/div><\/div><\/div><\/div><div id=\"pg-22668-1\"  class=\"panel-grid panel-no-style\" ><div id=\"pgc-22668-1-0\"  class=\"panel-grid-cell\" ><div id=\"panel-22668-1-0-0\" class=\"so-panel widget widget_sow-editor panel-first-child panel-last-child\" data-index=\"1\" ><div\n\t\t\t\n\t\t\tclass=\"so-widget-sow-editor so-widget-sow-editor-base\"\n\t\t\t\n\t\t>\n<div class=\"siteorigin-widget-tinymce textwidget\">\n\t<p>M\u00e1s de 2000 clientes en m\u00e1s de 50 pa\u00edses, un <strong>crecimiento continuo<\/strong> de dos cifras y una excelente <strong>rentabilidad<\/strong>: Telelogos es una empresa l\u00edder en edici\u00f3n de software y en<strong> transformaci\u00f3n digital<\/strong>.<\/p>\n<p>&nbsp;<\/p>\n<p>Las soluciones de Telelogos son utilizadas por los m\u00e1s exigentes en<strong> todos los sectores de actividad<\/strong>; las utilizan para innovar y dar respuesta a los nuevos desaf\u00edos tornando <strong>a la informaci\u00f3n visible y disponible<\/strong> en tiempo real en el centro de la acci\u00f3n en todo tipo de soportes: pantallas, tabletas, smartphones, terminales y computadoras.<\/p>\n<p>&nbsp;<\/p>\n<p>&nbsp;<\/p>\n<\/div>\n<\/div><\/div><\/div><div id=\"pgc-22668-1-1\"  class=\"panel-grid-cell\" ><div id=\"panel-22668-1-1-0\" class=\"so-panel widget widget_sow-image panel-first-child panel-last-child\" data-index=\"2\" ><div\n\t\t\t\n\t\t\tclass=\"so-widget-sow-image so-widget-sow-image-default-a258e6bfa2d8-22668\"\n\t\t\t\n\t\t>\n<div class=\"sow-image-container\">\n\t\t<img \n\tsrc=\"https:\/\/www.telelogos.com\/wp-content\/uploads\/2021\/04\/Worldmap-Telelogos.png\" width=\"750\" height=\"344\" srcset=\"https:\/\/www.telelogos.com\/wp-content\/uploads\/2021\/04\/Worldmap-Telelogos.png 750w, https:\/\/www.telelogos.com\/wp-content\/uploads\/2021\/04\/Worldmap-Telelogos-300x138.png 300w, https:\/\/www.telelogos.com\/wp-content\/uploads\/2021\/04\/Worldmap-Telelogos-195x89.png 195w\" sizes=\"(max-width: 750px) 100vw, 750px\" alt=\"Worldmap Telelogos\" \t\tclass=\"so-widget-image\"\/>\n\t<\/div>\n\n<\/div><\/div><\/div><\/div><div id=\"pg-22668-2\"  class=\"panel-grid panel-has-style\" ><div class=\"panel-row-style panel-row-style-for-22668-2\" ><div id=\"pgc-22668-2-0\"  class=\"panel-grid-cell\" ><div id=\"panel-22668-2-0-0\" class=\"so-panel widget widget_siteorigin-panels-builder panel-first-child panel-last-child\" data-index=\"3\" ><div class=\"bloc_media panel-widget-style panel-widget-style-for-22668-2-0-0\" ><div id=\"pl-w613f600eef3b4\"  class=\"panel-layout\" ><div id=\"pg-w613f600eef3b4-0\"  class=\"panel-grid panel-has-style\" ><div class=\"texte_blanc panel-row-style panel-row-style-for-w613f600eef3b4-0\" id=\"fields\" ><div id=\"pgc-w613f600eef3b4-0-0\"  class=\"panel-grid-cell\" ><div id=\"panel-w613f600eef3b4-0-0-0\" class=\"so-panel widget widget_encart-text-img-link panel-first-child panel-last-child\" data-index=\"0\" ><div class=\"texte_blanc panel-widget-style panel-widget-style-for-w613f600eef3b4-0-0-0\" ><div\n\t\t\t\n\t\t\tclass=\"so-widget-encart-text-img-link so-widget-encart-text-img-link-base\"\n\t\t\t\n\t\t><div class=\"etil-block-container\">\n    <a href=\"https:\/\/www.telelogos.com\/es\/sobre-nosotros\/vision-mision-historia\/\" class=\"etil-block-link\" title=\"\">\t<img decoding=\"async\" class=\"etil-img\" src=\"https:\/\/www.telelogos.com\/wp-content\/uploads\/2021\/04\/Vignettes-Jean-Damascene.jpg\" alt=\"\" \/>\n        <div class=\"etil-block-text\">\n            <div><\/div>\n<div class=\"h4-like\">Vision, Mision\n&amp; HistoRIA<\/div>\n<div><\/div>\n<div class=\"btn_blanc_puce\">M\u00e1s informaci\u00f3n<\/div>        <\/div>\n    <\/a>        \n<\/div>\n<\/div><\/div><\/div><\/div><div id=\"pgc-w613f600eef3b4-0-1\"  class=\"panel-grid-cell\" ><div id=\"panel-w613f600eef3b4-0-1-0\" class=\"so-panel widget widget_encart-text-img-link panel-first-child panel-last-child\" data-index=\"1\" ><div\n\t\t\t\n\t\t\tclass=\"so-widget-encart-text-img-link so-widget-encart-text-img-link-base\"\n\t\t\t\n\t\t><div class=\"etil-block-container\">\n    <a href=\"https:\/\/www.telelogos.com\/es\/equipo-liderazgo\/\" class=\"etil-block-link\" title=\"\">\t<img decoding=\"async\" class=\"etil-img\" src=\"https:\/\/www.telelogos.com\/wp-content\/uploads\/2021\/05\/Vignettes-equipe.jpg\" alt=\"\" \/>\n        <div class=\"etil-block-text\">\n            <div class=\"h4-like\">EquipO\nY LIDERAZGO<\/div>\n<div class=\"btn_blanc_puce\">M\u00e1s informaci\u00f3n<\/div>        <\/div>\n    <\/a>        \n<\/div>\n<\/div><\/div><\/div><div id=\"pgc-w613f600eef3b4-0-2\"  class=\"panel-grid-cell\" ><div id=\"panel-w613f600eef3b4-0-2-0\" class=\"so-panel widget widget_encart-text-img-link panel-first-child panel-last-child\" data-index=\"2\" ><div\n\t\t\t\n\t\t\tclass=\"so-widget-encart-text-img-link so-widget-encart-text-img-link-base\"\n\t\t\t\n\t\t><div class=\"etil-block-container\">\n    <a href=\"https:\/\/www.telelogos.com\/es\/sobre-nosotros\/responsabilidad-social-empresa\/\" class=\"etil-block-link\" title=\"\">\t<img decoding=\"async\" class=\"etil-img\" src=\"https:\/\/www.telelogos.com\/wp-content\/uploads\/2021\/05\/Vignettes-RSE.jpg\" alt=\"\" \/>\n        <div class=\"etil-block-text\">\n            <div class=\"h4-like\">Responsabilidad social de empresa<\/div>\n<div class=\"btn_blanc_puce\">M\u00e1s informaci\u00f3n<\/div>        <\/div>\n    <\/a>        \n<\/div>\n<\/div><\/div><\/div><div id=\"pgc-w613f600eef3b4-0-3\"  class=\"panel-grid-cell\" ><div id=\"panel-w613f600eef3b4-0-3-0\" class=\"so-panel widget widget_encart-text-img-link panel-first-child panel-last-child\" data-index=\"3\" ><div\n\t\t\t\n\t\t\tclass=\"so-widget-encart-text-img-link so-widget-encart-text-img-link-base\"\n\t\t\t\n\t\t><div class=\"etil-block-container\">\n    <a href=\"https:\/\/www.telelogos.com\/es\/actualidad-y-casos-de-exito\/\" class=\"etil-block-link\" title=\"\">\t<img decoding=\"async\" class=\"etil-img\" src=\"https:\/\/www.telelogos.com\/wp-content\/uploads\/2021\/05\/Vignette-actus.jpg\" alt=\"\" \/>\n        <div class=\"etil-block-text\">\n            <div class=\"h4-like\">Actualidad Y casos\nde \u00c9xito<\/div>\n<div class=\"btn_blanc_puce\">M\u00e1s informaci\u00f3n<\/div>        <\/div>\n    <\/a>        \n<\/div>\n<\/div><\/div><\/div><\/div><\/div><\/div><\/div><\/div><\/div><\/div><\/div><\/div>","protected":false},"excerpt":{"rendered":"<p>En el eje de la transformaci\u00f3n digital M\u00e1s de 2000 clientes en m\u00e1s de 50 pa\u00edses, un crecimiento continuo de dos cifras y una excelente rentabilidad: Telelogos es una [&hellip;]<\/p>\n","protected":false},"author":4,"featured_media":0,"parent":0,"menu_order":521,"comment_status":"closed","ping_status":"closed","template":"","meta":{"footnotes":""},"class_list":["post-22668","page","type-page","status-publish","hentry"],"yoast_head":"<!-- This site is optimized with the Yoast SEO plugin v27.4 - https:\/\/yoast.com\/product\/yoast-seo-wordpress\/ -->\n<title>Sobre nosotros - Telelogos, we invent software<\/title>\n<meta name=\"description\" content=\"M\u00e1s de 2.000 clientes en m\u00e1s de 50 pa\u00edses, un crecimiento de casi el 100% en 6 a\u00f1os y una excelente rentabilidad: Telelogos es un campe\u00f3n en la publicaci\u00f3n de software y la transformaci\u00f3n digital.\" \/>\n<meta name=\"robots\" content=\"index, follow, max-snippet:-1, max-image-preview:large, max-video-preview:-1\" \/>\n<link rel=\"canonical\" href=\"https:\/\/www.telelogos.com\/es\/sobre-nosotros\/\" \/>\n<meta name=\"twitter:label1\" content=\"Est. reading time\" \/>\n\t<meta name=\"twitter:data1\" content=\"1 minute\" \/>\n<script type=\"application\/ld+json\" class=\"yoast-schema-graph\">{\"@context\":\"https:\\\/\\\/schema.org\",\"@graph\":[{\"@type\":\"WebPage\",\"@id\":\"https:\\\/\\\/www.telelogos.com\\\/es\\\/sobre-nosotros\\\/\",\"url\":\"https:\\\/\\\/www.telelogos.com\\\/es\\\/sobre-nosotros\\\/\",\"name\":\"Sobre nosotros - Telelogos, we invent software\",\"isPartOf\":{\"@id\":\"https:\\\/\\\/www.telelogos.com\\\/es\\\/#website\"},\"datePublished\":\"2021-03-16T10:28:01+00:00\",\"dateModified\":\"2023-12-04T14:09:32+00:00\",\"description\":\"M\u00e1s de 2.000 clientes en m\u00e1s de 50 pa\u00edses, un crecimiento de casi el 100% en 6 a\u00f1os y una excelente rentabilidad: Telelogos es un campe\u00f3n en la publicaci\u00f3n de software y la transformaci\u00f3n digital.\",\"breadcrumb\":{\"@id\":\"https:\\\/\\\/www.telelogos.com\\\/es\\\/sobre-nosotros\\\/#breadcrumb\"},\"inLanguage\":\"es-ES\",\"potentialAction\":[{\"@type\":\"ReadAction\",\"target\":[\"https:\\\/\\\/www.telelogos.com\\\/es\\\/sobre-nosotros\\\/\"]}]},{\"@type\":\"BreadcrumbList\",\"@id\":\"https:\\\/\\\/www.telelogos.com\\\/es\\\/sobre-nosotros\\\/#breadcrumb\",\"itemListElement\":[{\"@type\":\"ListItem\",\"position\":1,\"name\":\"Inicio\",\"item\":\"https:\\\/\\\/www.telelogos.com\\\/es\\\/\"},{\"@type\":\"ListItem\",\"position\":2,\"name\":\"Sobre nosotros\"}]},{\"@type\":\"WebSite\",\"@id\":\"https:\\\/\\\/www.telelogos.com\\\/es\\\/#website\",\"url\":\"https:\\\/\\\/www.telelogos.com\\\/es\\\/\",\"name\":\"Telelogos\",\"description\":\"\",\"publisher\":{\"@id\":\"https:\\\/\\\/www.telelogos.com\\\/es\\\/#organization\"},\"potentialAction\":[{\"@type\":\"SearchAction\",\"target\":{\"@type\":\"EntryPoint\",\"urlTemplate\":\"https:\\\/\\\/www.telelogos.com\\\/es\\\/?s={search_term_string}\"},\"query-input\":{\"@type\":\"PropertyValueSpecification\",\"valueRequired\":true,\"valueName\":\"search_term_string\"}}],\"inLanguage\":\"es-ES\"},{\"@type\":\"Organization\",\"@id\":\"https:\\\/\\\/www.telelogos.com\\\/es\\\/#organization\",\"name\":\"Telelogos\",\"url\":\"https:\\\/\\\/www.telelogos.com\\\/es\\\/\",\"logo\":{\"@type\":\"ImageObject\",\"inLanguage\":\"es-ES\",\"@id\":\"https:\\\/\\\/www.telelogos.com\\\/es\\\/#\\\/schema\\\/logo\\\/image\\\/\",\"url\":\"https:\\\/\\\/www.telelogos.com\\\/wp-content\\\/uploads\\\/2022\\\/07\\\/Logo-Telelogos-e1664355618654.png\",\"contentUrl\":\"https:\\\/\\\/www.telelogos.com\\\/wp-content\\\/uploads\\\/2022\\\/07\\\/Logo-Telelogos-e1664355618654.png\",\"width\":100,\"height\":35,\"caption\":\"Telelogos\"},\"image\":{\"@id\":\"https:\\\/\\\/www.telelogos.com\\\/es\\\/#\\\/schema\\\/logo\\\/image\\\/\"},\"sameAs\":[\"https:\\\/\\\/fr.linkedin.com\\\/company\\\/telelogos\"]}]}<\/script>\n<!-- \/ Yoast SEO plugin. -->","yoast_head_json":{"title":"Sobre nosotros - Telelogos, we invent software","description":"M\u00e1s de 2.000 clientes en m\u00e1s de 50 pa\u00edses, un crecimiento de casi el 100% en 6 a\u00f1os y una excelente rentabilidad: Telelogos es un campe\u00f3n en la publicaci\u00f3n de software y la transformaci\u00f3n digital.","robots":{"index":"index","follow":"follow","max-snippet":"max-snippet:-1","max-image-preview":"max-image-preview:large","max-video-preview":"max-video-preview:-1"},"canonical":"https:\/\/www.telelogos.com\/es\/sobre-nosotros\/","twitter_misc":{"Est. reading time":"1 minute"},"schema":{"@context":"https:\/\/schema.org","@graph":[{"@type":"WebPage","@id":"https:\/\/www.telelogos.com\/es\/sobre-nosotros\/","url":"https:\/\/www.telelogos.com\/es\/sobre-nosotros\/","name":"Sobre nosotros - Telelogos, we invent software","isPartOf":{"@id":"https:\/\/www.telelogos.com\/es\/#website"},"datePublished":"2021-03-16T10:28:01+00:00","dateModified":"2023-12-04T14:09:32+00:00","description":"M\u00e1s de 2.000 clientes en m\u00e1s de 50 pa\u00edses, un crecimiento de casi el 100% en 6 a\u00f1os y una excelente rentabilidad: Telelogos es un campe\u00f3n en la publicaci\u00f3n de software y la transformaci\u00f3n digital.","breadcrumb":{"@id":"https:\/\/www.telelogos.com\/es\/sobre-nosotros\/#breadcrumb"},"inLanguage":"es-ES","potentialAction":[{"@type":"ReadAction","target":["https:\/\/www.telelogos.com\/es\/sobre-nosotros\/"]}]},{"@type":"BreadcrumbList","@id":"https:\/\/www.telelogos.com\/es\/sobre-nosotros\/#breadcrumb","itemListElement":[{"@type":"ListItem","position":1,"name":"Inicio","item":"https:\/\/www.telelogos.com\/es\/"},{"@type":"ListItem","position":2,"name":"Sobre nosotros"}]},{"@type":"WebSite","@id":"https:\/\/www.telelogos.com\/es\/#website","url":"https:\/\/www.telelogos.com\/es\/","name":"Telelogos","description":"","publisher":{"@id":"https:\/\/www.telelogos.com\/es\/#organization"},"potentialAction":[{"@type":"SearchAction","target":{"@type":"EntryPoint","urlTemplate":"https:\/\/www.telelogos.com\/es\/?s={search_term_string}"},"query-input":{"@type":"PropertyValueSpecification","valueRequired":true,"valueName":"search_term_string"}}],"inLanguage":"es-ES"},{"@type":"Organization","@id":"https:\/\/www.telelogos.com\/es\/#organization","name":"Telelogos","url":"https:\/\/www.telelogos.com\/es\/","logo":{"@type":"ImageObject","inLanguage":"es-ES","@id":"https:\/\/www.telelogos.com\/es\/#\/schema\/logo\/image\/","url":"https:\/\/www.telelogos.com\/wp-content\/uploads\/2022\/07\/Logo-Telelogos-e1664355618654.png","contentUrl":"https:\/\/www.telelogos.com\/wp-content\/uploads\/2022\/07\/Logo-Telelogos-e1664355618654.png","width":100,"height":35,"caption":"Telelogos"},"image":{"@id":"https:\/\/www.telelogos.com\/es\/#\/schema\/logo\/image\/"},"sameAs":["https:\/\/fr.linkedin.com\/company\/telelogos"]}]}},"_links":{"self":[{"href":"https:\/\/www.telelogos.com\/es\/wp-json\/wp\/v2\/pages\/22668","targetHints":{"allow":["GET"]}}],"collection":[{"href":"https:\/\/www.telelogos.com\/es\/wp-json\/wp\/v2\/pages"}],"about":[{"href":"https:\/\/www.telelogos.com\/es\/wp-json\/wp\/v2\/types\/page"}],"author":[{"embeddable":true,"href":"https:\/\/www.telelogos.com\/es\/wp-json\/wp\/v2\/users\/4"}],"replies":[{"embeddable":true,"href":"https:\/\/www.telelogos.com\/es\/wp-json\/wp\/v2\/comments?post=22668"}],"version-history":[{"count":6,"href":"https:\/\/www.telelogos.com\/es\/wp-json\/wp\/v2\/pages\/22668\/revisions"}],"predecessor-version":[{"id":25580,"href":"https:\/\/www.telelogos.com\/es\/wp-json\/wp\/v2\/pages\/22668\/revisions\/25580"}],"wp:attachment":[{"href":"https:\/\/www.telelogos.com\/es\/wp-json\/wp\/v2\/media?parent=22668"}],"curies":[{"name":"wp","href":"https:\/\/api.w.org\/{rel}","templated":true}]}}