{"id":22678,"date":"2021-02-24T20:33:45","date_gmt":"2021-02-24T18:33:45","guid":{"rendered":"https:\/\/www.telelogos.com\/smart-building\/"},"modified":"2023-12-04T16:10:34","modified_gmt":"2023-12-04T14:10:34","slug":"smart-building","status":"publish","type":"page","link":"https:\/\/www.telelogos.com\/es\/soluciones\/meeting4display-solucion-de-gestion-de-espacios-de-trabajo\/smart-building\/","title":{"rendered":"Smart building"},"content":{"rendered":"<div id=\"pl-22678\"  class=\"panel-layout\" ><div id=\"pg-22678-0\"  class=\"panel-grid panel-no-style\" ><div id=\"pgc-22678-0-0\"  class=\"panel-grid-cell\" ><div id=\"panel-22678-0-0-0\" class=\"so-panel widget widget_sow-editor panel-first-child panel-last-child\" data-index=\"0\" ><div\n\t\t\t\n\t\t\tclass=\"so-widget-sow-editor so-widget-sow-editor-base\"\n\t\t\t\n\t\t>\n<div class=\"siteorigin-widget-tinymce textwidget\">\n\t<p><img decoding=\"async\" class=\"aligncenter size-full wp-image-18638\" src=\"https:\/\/www.telelogos.com\/wp-content\/uploads\/2021\/02\/flexoffice.png\" alt=\"\" width=\"1387\" height=\"883\" srcset=\"https:\/\/www.telelogos.com\/wp-content\/uploads\/2021\/02\/flexoffice.png 1387w, https:\/\/www.telelogos.com\/wp-content\/uploads\/2021\/02\/flexoffice-300x191.png 300w, https:\/\/www.telelogos.com\/wp-content\/uploads\/2021\/02\/flexoffice-1024x652.png 1024w, https:\/\/www.telelogos.com\/wp-content\/uploads\/2021\/02\/flexoffice-195x124.png 195w\" sizes=\"(max-width: 1387px) 100vw, 1387px\" \/><\/p>\n<\/div>\n<\/div><\/div><\/div><div id=\"pgc-22678-0-1\"  class=\"panel-grid-cell\" ><div id=\"panel-22678-0-1-0\" class=\"so-panel widget widget_sow-editor panel-first-child panel-last-child\" data-index=\"1\" ><div class=\"panel-widget-style panel-widget-style-for-22678-0-1-0\" ><div\n\t\t\t\n\t\t\tclass=\"so-widget-sow-editor so-widget-sow-editor-base\"\n\t\t\t\n\t\t>\n<div class=\"siteorigin-widget-tinymce textwidget\">\n\t<h2>Smart building<\/h2>\n<p>Reservar una sala o una oficina que se adapte a sus necesidades, administrar sus reservas al trasladarse, orientarse en un edificio, visualizar las reuniones en curso, indicar un incidente, etc., son muchas las problem\u00e1ticas para la gesti\u00f3n de los espacios de trabajo. Con Meeting4Display, evite conflictos a la hora de reservar salas de reuni\u00f3n u oficinas: encuentre espacio disponible, controle sus equipos, res\u00e9rvelos instant\u00e1neamente y reciba indicaciones para acceder a su ubicaci\u00f3n.<\/p>\n<\/div>\n<\/div><\/div><\/div><\/div><\/div><div id=\"pg-22678-1\"  class=\"panel-grid panel-has-style\" ><div class=\"panel-row-style panel-row-style-for-22678-1\" ><div id=\"pgc-22678-1-0\"  class=\"panel-grid-cell\" ><div id=\"panel-22678-1-0-0\" class=\"so-panel widget widget_sow-editor panel-first-child panel-last-child\" data-index=\"2\" ><div class=\"panel-widget-style panel-widget-style-for-22678-1-0-0\" ><div\n\t\t\t\n\t\t\tclass=\"so-widget-sow-editor so-widget-sow-editor-base\"\n\t\t\t\n\t\t>\n<div class=\"siteorigin-widget-tinymce textwidget\">\n\t<div class=\"h3-like\">\n<p><strong>Caracter\u00edsticas<\/strong><\/p>\n<\/div>\n<p>&nbsp;<\/p>\n<ul>\n<li>Reserva inmediata de una sala de reuniones con la pantalla de reserva<\/li>\n<li>F\u00e1cil identificaci\u00f3n de las salas disponibles u ocupadas<\/li>\n<li>B\u00fasqueda de salas en funci\u00f3n de los equipos y servicios disponibles<\/li>\n<li>Widgets de visualizaci\u00f3n din\u00e1mica: plano del edificio, estado de los espacios de trabajo<\/li>\n<li>Terminal t\u00e1ctil: busque y visualice las salas disponibles<\/li>\n<li>Reserva de espacios de trabajo con smartphone mediante la aplicaci\u00f3n m\u00f3vil<\/li>\n<\/ul>\n<\/div>\n<\/div><\/div><\/div><\/div><div id=\"pgc-22678-1-1\"  class=\"panel-grid-cell\" ><div id=\"panel-22678-1-1-0\" class=\"so-panel widget widget_sow-editor panel-first-child panel-last-child\" data-index=\"3\" ><div class=\"panel-widget-style panel-widget-style-for-22678-1-1-0\" ><div\n\t\t\t\n\t\t\tclass=\"so-widget-sow-editor so-widget-sow-editor-base\"\n\t\t\t\n\t\t>\n<div class=\"siteorigin-widget-tinymce textwidget\">\n\t<div class=\"h3-like\">\n<p><strong>Usos pr\u00e1cticos<\/strong><\/p>\n<\/div>\n<p>&nbsp;<\/p>\n<ul>\n<li><span class=\"TextRun SCXW262928714 BCX9\" lang=\"es-419\" xml:lang=\"es-419\" data-contrast=\"auto\"><span class=\"NormalTextRun SCXW262928714 BCX9\">Flex office: <\/span><\/span><span class=\"TextRun SCXW262928714 BCX9\" lang=\"es-419\" xml:lang=\"es-419\" data-contrast=\"auto\"><span class=\"NormalTextRun SCXW262928714 BCX9\">Con su smartphone: visualizar<\/span><\/span><span class=\"TextRun SCXW262928714 BCX9\" lang=\"es-419\" xml:lang=\"es-419\" data-contrast=\"auto\"><span class=\"NormalTextRun SCXW262928714 BCX9\"> lugares disponibles <\/span><\/span><span class=\"TextRun SCXW262928714 BCX9\" lang=\"es-419\" xml:lang=\"es-419\" data-contrast=\"auto\"><span class=\"NormalTextRun SCXW262928714 BCX9\">y reservarlos instant\u00e1neamente.<\/span><\/span><span class=\"EOP SCXW262928714 BCX9\" data-ccp-props=\"{&quot;201341983&quot;:0,&quot;335559739&quot;:160,&quot;335559740&quot;:259}\"> <\/span><\/li>\n<li>Reserva inmediata de espacios de trabajo usando las pantallas para reservar lugar, ubicadas delante de las salas de reuniones<\/li>\n<li>Flex office: Instalaci\u00f3n de terminales t\u00e1ctiles para la reserva de oficinas: visualizaci\u00f3n de los lugares disponibles en un plano din\u00e1mico y reserva en tiempo real<\/li>\n<li>Vest\u00edbulo: Orientaci\u00f3n a los visitantes y empleados con la exhibici\u00f3n del plano del edificio y el estado de los espacios de trabajo<\/li>\n<li>Vea la lista de reuniones en desarrollo y las agendadas en un piso<\/li>\n<li>Informar a los visitantes y empleados las reuniones en desarrollo y las agendadas<\/li>\n<\/ul>\n<\/div>\n<\/div><\/div><\/div><\/div><\/div><\/div><div id=\"pg-22678-2\"  class=\"panel-grid panel-no-style\" ><div id=\"pgc-22678-2-0\"  class=\"panel-grid-cell\" ><div id=\"panel-22678-2-0-0\" class=\"widget_text so-panel widget widget_custom_html panel-first-child panel-last-child\" data-index=\"4\" ><div class=\"textwidget custom-html-widget\"><div class=\"so-iframe-wrapper <?php if (!wp_is_mobile()) { echo 'no-padding'; } ?>\">\n<iframe src=\"https:\/\/business.telelogos.com\/form-mt4d-es\">height=\"825px\" width=\"1200px\"style=\"border:0px #ffffff none;\" <\/iframe>\n<\/div><\/div><\/div><\/div><\/div><\/div>","protected":false},"excerpt":{"rendered":"<p>Smart building Reservar una sala o una oficina que se adapte a sus necesidades, administrar sus reservas al trasladarse, orientarse en un edificio, visualizar las reuniones en curso, indicar [&hellip;]<\/p>\n","protected":false},"author":4,"featured_media":0,"parent":22679,"menu_order":232,"comment_status":"closed","ping_status":"closed","template":"page-solution.php","meta":{"footnotes":""},"class_list":["post-22678","page","type-page","status-publish","hentry"],"yoast_head":"<!-- This site is optimized with the Yoast SEO plugin v27.4 - https:\/\/yoast.com\/product\/yoast-seo-wordpress\/ -->\n<title>Smart building &amp; SmartOffice - Software Meeting4Display<\/title>\n<meta name=\"description\" content=\"Reservar una sala o un despacho adaptado a sus necesidades, gestionar sus reservas mientras se desplaza, orientarse en un edificio, ver las reuniones en curso, informar de un incidente\" \/>\n<meta name=\"robots\" content=\"index, follow, max-snippet:-1, max-image-preview:large, max-video-preview:-1\" \/>\n<link rel=\"canonical\" href=\"https:\/\/www.telelogos.com\/es\/soluciones\/meeting4display-solucion-de-gestion-de-espacios-de-trabajo\/smart-building\/\" \/>\n<meta name=\"twitter:label1\" content=\"Est. reading time\" \/>\n\t<meta name=\"twitter:data1\" content=\"2 minutes\" \/>\n<script type=\"application\/ld+json\" class=\"yoast-schema-graph\">{\"@context\":\"https:\\\/\\\/schema.org\",\"@graph\":[{\"@type\":\"WebPage\",\"@id\":\"https:\\\/\\\/www.telelogos.com\\\/es\\\/soluciones\\\/meeting4display-solucion-de-gestion-de-espacios-de-trabajo\\\/smart-building\\\/\",\"url\":\"https:\\\/\\\/www.telelogos.com\\\/es\\\/soluciones\\\/meeting4display-solucion-de-gestion-de-espacios-de-trabajo\\\/smart-building\\\/\",\"name\":\"Smart building & SmartOffice - Software Meeting4Display\",\"isPartOf\":{\"@id\":\"https:\\\/\\\/www.telelogos.com\\\/es\\\/#website\"},\"primaryImageOfPage\":{\"@id\":\"https:\\\/\\\/www.telelogos.com\\\/es\\\/soluciones\\\/meeting4display-solucion-de-gestion-de-espacios-de-trabajo\\\/smart-building\\\/#primaryimage\"},\"image\":{\"@id\":\"https:\\\/\\\/www.telelogos.com\\\/es\\\/soluciones\\\/meeting4display-solucion-de-gestion-de-espacios-de-trabajo\\\/smart-building\\\/#primaryimage\"},\"thumbnailUrl\":\"https:\\\/\\\/www.telelogos.com\\\/wp-content\\\/uploads\\\/2021\\\/02\\\/flexoffice.png\",\"datePublished\":\"2021-02-24T18:33:45+00:00\",\"dateModified\":\"2023-12-04T14:10:34+00:00\",\"description\":\"Reservar una sala o un despacho adaptado a sus necesidades, gestionar sus reservas mientras se desplaza, orientarse en un edificio, ver las reuniones en curso, informar de un incidente\",\"breadcrumb\":{\"@id\":\"https:\\\/\\\/www.telelogos.com\\\/es\\\/soluciones\\\/meeting4display-solucion-de-gestion-de-espacios-de-trabajo\\\/smart-building\\\/#breadcrumb\"},\"inLanguage\":\"es-ES\",\"potentialAction\":[{\"@type\":\"ReadAction\",\"target\":[\"https:\\\/\\\/www.telelogos.com\\\/es\\\/soluciones\\\/meeting4display-solucion-de-gestion-de-espacios-de-trabajo\\\/smart-building\\\/\"]}]},{\"@type\":\"ImageObject\",\"inLanguage\":\"es-ES\",\"@id\":\"https:\\\/\\\/www.telelogos.com\\\/es\\\/soluciones\\\/meeting4display-solucion-de-gestion-de-espacios-de-trabajo\\\/smart-building\\\/#primaryimage\",\"url\":\"https:\\\/\\\/www.telelogos.com\\\/wp-content\\\/uploads\\\/2021\\\/02\\\/flexoffice.png\",\"contentUrl\":\"https:\\\/\\\/www.telelogos.com\\\/wp-content\\\/uploads\\\/2021\\\/02\\\/flexoffice.png\"},{\"@type\":\"BreadcrumbList\",\"@id\":\"https:\\\/\\\/www.telelogos.com\\\/es\\\/soluciones\\\/meeting4display-solucion-de-gestion-de-espacios-de-trabajo\\\/smart-building\\\/#breadcrumb\",\"itemListElement\":[{\"@type\":\"ListItem\",\"position\":1,\"name\":\"Inicio\",\"item\":\"https:\\\/\\\/www.telelogos.com\\\/es\\\/\"},{\"@type\":\"ListItem\",\"position\":2,\"name\":\"Soluciones\",\"item\":\"https:\\\/\\\/www.telelogos.com\\\/es\\\/soluciones\\\/\"},{\"@type\":\"ListItem\",\"position\":3,\"name\":\"Meeting4Display\",\"item\":\"https:\\\/\\\/www.telelogos.com\\\/es\\\/soluciones\\\/meeting4display-solucion-de-gestion-de-espacios-de-trabajo\\\/\"},{\"@type\":\"ListItem\",\"position\":4,\"name\":\"Smart building\"}]},{\"@type\":\"WebSite\",\"@id\":\"https:\\\/\\\/www.telelogos.com\\\/es\\\/#website\",\"url\":\"https:\\\/\\\/www.telelogos.com\\\/es\\\/\",\"name\":\"Telelogos\",\"description\":\"\",\"publisher\":{\"@id\":\"https:\\\/\\\/www.telelogos.com\\\/es\\\/#organization\"},\"potentialAction\":[{\"@type\":\"SearchAction\",\"target\":{\"@type\":\"EntryPoint\",\"urlTemplate\":\"https:\\\/\\\/www.telelogos.com\\\/es\\\/?s={search_term_string}\"},\"query-input\":{\"@type\":\"PropertyValueSpecification\",\"valueRequired\":true,\"valueName\":\"search_term_string\"}}],\"inLanguage\":\"es-ES\"},{\"@type\":\"Organization\",\"@id\":\"https:\\\/\\\/www.telelogos.com\\\/es\\\/#organization\",\"name\":\"Telelogos\",\"url\":\"https:\\\/\\\/www.telelogos.com\\\/es\\\/\",\"logo\":{\"@type\":\"ImageObject\",\"inLanguage\":\"es-ES\",\"@id\":\"https:\\\/\\\/www.telelogos.com\\\/es\\\/#\\\/schema\\\/logo\\\/image\\\/\",\"url\":\"https:\\\/\\\/www.telelogos.com\\\/wp-content\\\/uploads\\\/2022\\\/07\\\/Logo-Telelogos-e1664355618654.png\",\"contentUrl\":\"https:\\\/\\\/www.telelogos.com\\\/wp-content\\\/uploads\\\/2022\\\/07\\\/Logo-Telelogos-e1664355618654.png\",\"width\":100,\"height\":35,\"caption\":\"Telelogos\"},\"image\":{\"@id\":\"https:\\\/\\\/www.telelogos.com\\\/es\\\/#\\\/schema\\\/logo\\\/image\\\/\"},\"sameAs\":[\"https:\\\/\\\/fr.linkedin.com\\\/company\\\/telelogos\"]}]}<\/script>\n<!-- \/ Yoast SEO plugin. -->","yoast_head_json":{"title":"Smart building & SmartOffice - Software Meeting4Display","description":"Reservar una sala o un despacho adaptado a sus necesidades, gestionar sus reservas mientras se desplaza, orientarse en un edificio, ver las reuniones en curso, informar de un incidente","robots":{"index":"index","follow":"follow","max-snippet":"max-snippet:-1","max-image-preview":"max-image-preview:large","max-video-preview":"max-video-preview:-1"},"canonical":"https:\/\/www.telelogos.com\/es\/soluciones\/meeting4display-solucion-de-gestion-de-espacios-de-trabajo\/smart-building\/","twitter_misc":{"Est. reading time":"2 minutes"},"schema":{"@context":"https:\/\/schema.org","@graph":[{"@type":"WebPage","@id":"https:\/\/www.telelogos.com\/es\/soluciones\/meeting4display-solucion-de-gestion-de-espacios-de-trabajo\/smart-building\/","url":"https:\/\/www.telelogos.com\/es\/soluciones\/meeting4display-solucion-de-gestion-de-espacios-de-trabajo\/smart-building\/","name":"Smart building & SmartOffice - Software Meeting4Display","isPartOf":{"@id":"https:\/\/www.telelogos.com\/es\/#website"},"primaryImageOfPage":{"@id":"https:\/\/www.telelogos.com\/es\/soluciones\/meeting4display-solucion-de-gestion-de-espacios-de-trabajo\/smart-building\/#primaryimage"},"image":{"@id":"https:\/\/www.telelogos.com\/es\/soluciones\/meeting4display-solucion-de-gestion-de-espacios-de-trabajo\/smart-building\/#primaryimage"},"thumbnailUrl":"https:\/\/www.telelogos.com\/wp-content\/uploads\/2021\/02\/flexoffice.png","datePublished":"2021-02-24T18:33:45+00:00","dateModified":"2023-12-04T14:10:34+00:00","description":"Reservar una sala o un despacho adaptado a sus necesidades, gestionar sus reservas mientras se desplaza, orientarse en un edificio, ver las reuniones en curso, informar de un incidente","breadcrumb":{"@id":"https:\/\/www.telelogos.com\/es\/soluciones\/meeting4display-solucion-de-gestion-de-espacios-de-trabajo\/smart-building\/#breadcrumb"},"inLanguage":"es-ES","potentialAction":[{"@type":"ReadAction","target":["https:\/\/www.telelogos.com\/es\/soluciones\/meeting4display-solucion-de-gestion-de-espacios-de-trabajo\/smart-building\/"]}]},{"@type":"ImageObject","inLanguage":"es-ES","@id":"https:\/\/www.telelogos.com\/es\/soluciones\/meeting4display-solucion-de-gestion-de-espacios-de-trabajo\/smart-building\/#primaryimage","url":"https:\/\/www.telelogos.com\/wp-content\/uploads\/2021\/02\/flexoffice.png","contentUrl":"https:\/\/www.telelogos.com\/wp-content\/uploads\/2021\/02\/flexoffice.png"},{"@type":"BreadcrumbList","@id":"https:\/\/www.telelogos.com\/es\/soluciones\/meeting4display-solucion-de-gestion-de-espacios-de-trabajo\/smart-building\/#breadcrumb","itemListElement":[{"@type":"ListItem","position":1,"name":"Inicio","item":"https:\/\/www.telelogos.com\/es\/"},{"@type":"ListItem","position":2,"name":"Soluciones","item":"https:\/\/www.telelogos.com\/es\/soluciones\/"},{"@type":"ListItem","position":3,"name":"Meeting4Display","item":"https:\/\/www.telelogos.com\/es\/soluciones\/meeting4display-solucion-de-gestion-de-espacios-de-trabajo\/"},{"@type":"ListItem","position":4,"name":"Smart building"}]},{"@type":"WebSite","@id":"https:\/\/www.telelogos.com\/es\/#website","url":"https:\/\/www.telelogos.com\/es\/","name":"Telelogos","description":"","publisher":{"@id":"https:\/\/www.telelogos.com\/es\/#organization"},"potentialAction":[{"@type":"SearchAction","target":{"@type":"EntryPoint","urlTemplate":"https:\/\/www.telelogos.com\/es\/?s={search_term_string}"},"query-input":{"@type":"PropertyValueSpecification","valueRequired":true,"valueName":"search_term_string"}}],"inLanguage":"es-ES"},{"@type":"Organization","@id":"https:\/\/www.telelogos.com\/es\/#organization","name":"Telelogos","url":"https:\/\/www.telelogos.com\/es\/","logo":{"@type":"ImageObject","inLanguage":"es-ES","@id":"https:\/\/www.telelogos.com\/es\/#\/schema\/logo\/image\/","url":"https:\/\/www.telelogos.com\/wp-content\/uploads\/2022\/07\/Logo-Telelogos-e1664355618654.png","contentUrl":"https:\/\/www.telelogos.com\/wp-content\/uploads\/2022\/07\/Logo-Telelogos-e1664355618654.png","width":100,"height":35,"caption":"Telelogos"},"image":{"@id":"https:\/\/www.telelogos.com\/es\/#\/schema\/logo\/image\/"},"sameAs":["https:\/\/fr.linkedin.com\/company\/telelogos"]}]}},"_links":{"self":[{"href":"https:\/\/www.telelogos.com\/es\/wp-json\/wp\/v2\/pages\/22678","targetHints":{"allow":["GET"]}}],"collection":[{"href":"https:\/\/www.telelogos.com\/es\/wp-json\/wp\/v2\/pages"}],"about":[{"href":"https:\/\/www.telelogos.com\/es\/wp-json\/wp\/v2\/types\/page"}],"author":[{"embeddable":true,"href":"https:\/\/www.telelogos.com\/es\/wp-json\/wp\/v2\/users\/4"}],"replies":[{"embeddable":true,"href":"https:\/\/www.telelogos.com\/es\/wp-json\/wp\/v2\/comments?post=22678"}],"version-history":[{"count":5,"href":"https:\/\/www.telelogos.com\/es\/wp-json\/wp\/v2\/pages\/22678\/revisions"}],"predecessor-version":[{"id":41867,"href":"https:\/\/www.telelogos.com\/es\/wp-json\/wp\/v2\/pages\/22678\/revisions\/41867"}],"up":[{"embeddable":true,"href":"https:\/\/www.telelogos.com\/es\/wp-json\/wp\/v2\/pages\/22679"}],"wp:attachment":[{"href":"https:\/\/www.telelogos.com\/es\/wp-json\/wp\/v2\/media?parent=22678"}],"curies":[{"name":"wp","href":"https:\/\/api.w.org\/{rel}","templated":true}]}}