{"id":22681,"date":"2021-02-24T13:05:34","date_gmt":"2021-02-24T11:05:34","guid":{"rendered":"https:\/\/www.telelogos.com\/gestion-des-systemes-embarques\/"},"modified":"2023-12-04T16:10:33","modified_gmt":"2023-12-04T14:10:33","slug":"gestion-de-los-sistemas-integrados","status":"publish","type":"page","link":"https:\/\/www.telelogos.com\/es\/soluciones\/mediacontact-mediatransfer-gestion-de-redes-de-puestos-fijos-transferencia-y-sincronizacion-de-datos\/gestion-de-los-sistemas-integrados\/","title":{"rendered":"Gesti\u00f3n de los sistemas integrados"},"content":{"rendered":"<div id=\"pl-22681\"  class=\"panel-layout\" ><div id=\"pg-22681-0\"  class=\"panel-grid panel-no-style\" ><div id=\"pgc-22681-0-0\"  class=\"panel-grid-cell\" ><div id=\"panel-22681-0-0-0\" class=\"so-panel widget widget_sow-editor panel-first-child panel-last-child\" data-index=\"0\" ><div class=\"animation_gauche_droite panel-widget-style panel-widget-style-for-22681-0-0-0\" ><div\n\t\t\t\n\t\t\tclass=\"so-widget-sow-editor so-widget-sow-editor-base\"\n\t\t\t\n\t\t>\n<div class=\"siteorigin-widget-tinymce textwidget\">\n\t<p><img decoding=\"async\" class=\"aligncenter size-full wp-image-18572\" src=\"https:\/\/www.telelogos.com\/wp-content\/uploads\/2021\/02\/systemes-embarques.jpg\" alt=\"\" width=\"730\" height=\"350\" srcset=\"https:\/\/www.telelogos.com\/wp-content\/uploads\/2021\/02\/systemes-embarques.jpg 730w, https:\/\/www.telelogos.com\/wp-content\/uploads\/2021\/02\/systemes-embarques-300x144.jpg 300w, https:\/\/www.telelogos.com\/wp-content\/uploads\/2021\/02\/systemes-embarques-195x93.jpg 195w\" sizes=\"(max-width: 730px) 100vw, 730px\" \/><\/p>\n<\/div>\n<\/div><\/div><\/div><\/div><div id=\"pgc-22681-0-1\"  class=\"panel-grid-cell\" ><div id=\"panel-22681-0-1-0\" class=\"so-panel widget widget_sow-editor panel-first-child panel-last-child\" data-index=\"1\" ><div class=\"panel-widget-style panel-widget-style-for-22681-0-1-0\" ><div\n\t\t\t\n\t\t\tclass=\"so-widget-sow-editor so-widget-sow-editor-base\"\n\t\t\t\n\t\t>\n<div class=\"siteorigin-widget-tinymce textwidget\">\n\t<p><\/p>\n<h2>MediaContact\/MediaTransfer - Software de sincronizaci\u00f3n de sistemas integrados<\/h2>\n<p>MediaContact y MediaTransfer garantizan el control, la sincronizaci\u00f3n y la actualizaci\u00f3n de los sistemas integrados (terminales, aut\u00f3matas, distribuidores, etc.) equipados con un sistema operativo Windows o Android. Garantizan la automatizaci\u00f3n de las sincronizaciones de archivos, de bases de datos y la seguridad, la optimizaci\u00f3n y la trazabilidad de los intercambios entre los sistemas integrados y los servidores de control.<\/p>\n<\/div>\n<\/div><\/div><\/div><\/div><\/div><div id=\"pg-22681-1\"  class=\"panel-grid panel-has-style\" ><div class=\"siteorigin-panels-stretch panel-row-style panel-row-style-for-22681-1\" data-stretch-type=\"full\" ><div id=\"pgc-22681-1-0\"  class=\"panel-grid-cell\" ><div id=\"panel-22681-1-0-0\" class=\"so-panel widget widget_sow-editor panel-first-child\" data-index=\"2\" ><div class=\"panel-widget-style panel-widget-style-for-22681-1-0-0\" ><div\n\t\t\t\n\t\t\tclass=\"so-widget-sow-editor so-widget-sow-editor-base\"\n\t\t\t\n\t\t>\n<div class=\"siteorigin-widget-tinymce textwidget\">\n\t<h2 style=\"text-align: center;\">Objetivos principales<\/h2>\n<\/div>\n<\/div><\/div><\/div><div id=\"panel-22681-1-0-1\" class=\"so-panel widget widget_siteorigin-panels-builder panel-last-child\" data-index=\"3\" ><div class=\"animation_apparition panel-widget-style panel-widget-style-for-22681-1-0-1\" ><div id=\"pl-w615d88c3bd4e6\"  class=\"panel-layout\" ><div id=\"pg-w615d88c3bd4e6-0\"  class=\"panel-grid panel-has-style\" ><div class=\"bloc_picto panel-row-style panel-row-style-for-w615d88c3bd4e6-0\" ><div id=\"pgc-w615d88c3bd4e6-0-0\"  class=\"panel-grid-cell\" ><div id=\"panel-w615d88c3bd4e6-0-0-0\" class=\"so-panel widget widget_sow-editor panel-first-child\" data-index=\"0\" ><div class=\"image panel-widget-style panel-widget-style-for-w615d88c3bd4e6-0-0-0\" ><div\n\t\t\t\n\t\t\tclass=\"so-widget-sow-editor so-widget-sow-editor-base\"\n\t\t\t\n\t\t>\n<div class=\"siteorigin-widget-tinymce textwidget\">\n\t<p><img decoding=\"async\" class=\"aligncenter size-full wp-image-19316\" src=\"https:\/\/www.telelogos.com\/wp-content\/uploads\/2021\/03\/objectif-mediacontact-02.png\" alt=\"\" width=\"77\" height=\"61\"><\/p>\n<\/div>\n<\/div><\/div><\/div><div id=\"panel-w615d88c3bd4e6-0-0-1\" class=\"so-panel widget widget_sow-editor\" data-index=\"1\" ><div class=\"titre panel-widget-style panel-widget-style-for-w615d88c3bd4e6-0-0-1\" ><div\n\t\t\t\n\t\t\tclass=\"so-widget-sow-editor so-widget-sow-editor-base\"\n\t\t\t\n\t\t>\n<div class=\"siteorigin-widget-tinymce textwidget\">\n\t<p>Manejar los costos operativos de la flota de sistemas integrados<\/p>\n<\/div>\n<\/div><\/div><\/div><div id=\"panel-w615d88c3bd4e6-0-0-2\" class=\"so-panel widget widget_sow-editor panel-last-child\" data-index=\"2\" ><div\n\t\t\t\n\t\t\tclass=\"so-widget-sow-editor so-widget-sow-editor-base\"\n\t\t\t\n\t\t>\n<div class=\"siteorigin-widget-tinymce textwidget\">\n\t<p>MediaContact automatiza todas las acciones necesarias para los sistemas integrados (instalaci\u00f3n, actualizaci\u00f3n, control de las aplicaciones, etc.). As\u00ed, permite disminuir las intervenciones en sitio y aumentar el porcentaje de disponibilidad de soluciones integradas (terminales, aut\u00f3matas, distribuidores, pantallas, etc.). De esa forma, la flota de sistemas integrados se encuentra bajo control las 24 horas.<\/p>\n<\/div>\n<\/div><\/div><\/div><div id=\"pgc-w615d88c3bd4e6-0-1\"  class=\"panel-grid-cell\" ><div id=\"panel-w615d88c3bd4e6-0-1-0\" class=\"so-panel widget widget_sow-editor panel-first-child\" data-index=\"3\" ><div class=\"image panel-widget-style panel-widget-style-for-w615d88c3bd4e6-0-1-0\" ><div\n\t\t\t\n\t\t\tclass=\"so-widget-sow-editor so-widget-sow-editor-base\"\n\t\t\t\n\t\t>\n<div class=\"siteorigin-widget-tinymce textwidget\">\n\t<p><img decoding=\"async\" class=\"aligncenter size-full wp-image-19318\" src=\"https:\/\/www.telelogos.com\/wp-content\/uploads\/2021\/03\/objectif-mediacontact-01.png\" alt=\"\" width=\"77\" height=\"61\"><\/p>\n<\/div>\n<\/div><\/div><\/div><div id=\"panel-w615d88c3bd4e6-0-1-1\" class=\"so-panel widget widget_sow-editor\" data-index=\"4\" ><div class=\"titre panel-widget-style panel-widget-style-for-w615d88c3bd4e6-0-1-1\" ><div\n\t\t\t\n\t\t\tclass=\"so-widget-sow-editor so-widget-sow-editor-base\"\n\t\t\t\n\t\t>\n<div class=\"siteorigin-widget-tinymce textwidget\">\n\t<p>Administrar las sincronizaciones de datos<\/p>\n<\/div>\n<\/div><\/div><\/div><div id=\"panel-w615d88c3bd4e6-0-1-2\" class=\"so-panel widget widget_sow-editor panel-last-child\" data-index=\"5\" ><div\n\t\t\t\n\t\t\tclass=\"so-widget-sow-editor so-widget-sow-editor-base\"\n\t\t\t\n\t\t>\n<div class=\"siteorigin-widget-tinymce textwidget\">\n\t<p>Las comunicaciones cumplen un papel fundamental en un proyecto de M2M\/IoT. MediaContact optimiza los intercambios de datos a trav\u00e9s de todo tipo de redes integrando potentes mecanismos de compresi\u00f3n, de sincronizaci\u00f3n diferencial, de restauraci\u00f3n al punto anterior a la ruptura, etc.<\/p>\n<\/div>\n<\/div><\/div><\/div><\/div><\/div><\/div><\/div><\/div><\/div><\/div><\/div><div id=\"pg-22681-2\"  class=\"panel-grid panel-has-style\" ><div class=\"panel-row-style panel-row-style-for-22681-2\" ><div id=\"pgc-22681-2-0\"  class=\"panel-grid-cell\" ><div id=\"panel-22681-2-0-0\" class=\"so-panel widget widget_sow-editor panel-first-child panel-last-child\" data-index=\"4\" ><div class=\"panel-widget-style panel-widget-style-for-22681-2-0-0\" ><div\n\t\t\t\n\t\t\tclass=\"so-widget-sow-editor so-widget-sow-editor-base\"\n\t\t\t\n\t\t>\n<div class=\"siteorigin-widget-tinymce textwidget\">\n\t<div class=\"h3-like\">\n<p>Caracter\u00edsticas<\/p>\n<\/div>\n<p>&nbsp;<\/p>\n<ul>\n<li>Recopilaci\u00f3n de datos de las redes de aut\u00f3matas<\/li>\n<li>Distribuci\u00f3n de informaci\u00f3n a los aut\u00f3matas<\/li>\n<li>Teledistribuci\u00f3n de software, aplicaciones, actualizaciones, parches, etc.<\/li>\n<li>Vigilancia y control del estado de los sistemas integrados y transmisi\u00f3n de alarmas<\/li>\n<li>Vigilancia de los eventos de sistemas (conexiones, jornadas de eventos, niveles de redes, etc.).<\/li>\n<li>Optimizaci\u00f3n y trazabilidad de las comunicaciones<\/li>\n<\/ul>\n<\/div>\n<\/div><\/div><\/div><\/div><div id=\"pgc-22681-2-1\"  class=\"panel-grid-cell\" ><div id=\"panel-22681-2-1-0\" class=\"so-panel widget widget_sow-editor panel-first-child panel-last-child\" data-index=\"5\" ><div class=\"panel-widget-style panel-widget-style-for-22681-2-1-0\" ><div\n\t\t\t\n\t\t\tclass=\"so-widget-sow-editor so-widget-sow-editor-base\"\n\t\t\t\n\t\t>\n<div class=\"siteorigin-widget-tinymce textwidget\">\n\t<div class=\"h3-like\">\n<p>Usos pr\u00e1cticos<\/p>\n<\/div>\n<p>&nbsp;<\/p>\n<ul>\n<li>Administraci\u00f3n de expendedores bancarios, de bebidas, de combustible<\/li>\n<li>Gesti\u00f3n de redes de terminales interactivas y de pantallas conectadas<\/li>\n<li>Control de sistemas integrados en veh\u00edculos<\/li>\n<\/ul>\n<\/div>\n<\/div><\/div><\/div><\/div><\/div><\/div><\/div>","protected":false},"excerpt":{"rendered":"<p>MediaContact\/MediaTransfer &#8211; Software de sincronizaci\u00f3n de sistemas integrados MediaContact y MediaTransfer garantizan el control, la sincronizaci\u00f3n y la actualizaci\u00f3n de los sistemas integrados (terminales, aut\u00f3matas, distribuidores, etc.) equipados con [&hellip;]<\/p>\n","protected":false},"author":4,"featured_media":0,"parent":22683,"menu_order":239,"comment_status":"closed","ping_status":"closed","template":"page-solution.php","meta":{"footnotes":""},"class_list":["post-22681","page","type-page","status-publish","hentry"],"yoast_head":"<!-- This site is optimized with the Yoast SEO plugin v27.3 - https:\/\/yoast.com\/product\/yoast-seo-wordpress\/ -->\n<title>Gesti\u00f3n de los sistemas integrados<\/title>\n<meta name=\"description\" content=\"MediaContact y MediaTransfer garantizan el control, la sincronizaci\u00f3n y la actualizaci\u00f3n de los sistemas de a bordo (quioscos, m\u00e1quinas expendedoras, etc.)\" \/>\n<meta name=\"robots\" content=\"index, follow, max-snippet:-1, max-image-preview:large, max-video-preview:-1\" \/>\n<link rel=\"canonical\" href=\"https:\/\/www.telelogos.com\/es\/soluciones\/mediacontact-mediatransfer-gestion-de-redes-de-puestos-fijos-transferencia-y-sincronizacion-de-datos\/gestion-de-los-sistemas-integrados\/\" \/>\n<meta name=\"twitter:label1\" content=\"Est. reading time\" \/>\n\t<meta name=\"twitter:data1\" content=\"2 minutes\" \/>\n<script type=\"application\/ld+json\" class=\"yoast-schema-graph\">{\"@context\":\"https:\\\/\\\/schema.org\",\"@graph\":[{\"@type\":\"WebPage\",\"@id\":\"https:\\\/\\\/www.telelogos.com\\\/es\\\/soluciones\\\/mediacontact-mediatransfer-gestion-de-redes-de-puestos-fijos-transferencia-y-sincronizacion-de-datos\\\/gestion-de-los-sistemas-integrados\\\/\",\"url\":\"https:\\\/\\\/www.telelogos.com\\\/es\\\/soluciones\\\/mediacontact-mediatransfer-gestion-de-redes-de-puestos-fijos-transferencia-y-sincronizacion-de-datos\\\/gestion-de-los-sistemas-integrados\\\/\",\"name\":\"Gesti\u00f3n de los sistemas integrados\",\"isPartOf\":{\"@id\":\"https:\\\/\\\/www.telelogos.com\\\/es\\\/#website\"},\"primaryImageOfPage\":{\"@id\":\"https:\\\/\\\/www.telelogos.com\\\/es\\\/soluciones\\\/mediacontact-mediatransfer-gestion-de-redes-de-puestos-fijos-transferencia-y-sincronizacion-de-datos\\\/gestion-de-los-sistemas-integrados\\\/#primaryimage\"},\"image\":{\"@id\":\"https:\\\/\\\/www.telelogos.com\\\/es\\\/soluciones\\\/mediacontact-mediatransfer-gestion-de-redes-de-puestos-fijos-transferencia-y-sincronizacion-de-datos\\\/gestion-de-los-sistemas-integrados\\\/#primaryimage\"},\"thumbnailUrl\":\"https:\\\/\\\/www.telelogos.com\\\/wp-content\\\/uploads\\\/2021\\\/02\\\/systemes-embarques.jpg\",\"datePublished\":\"2021-02-24T11:05:34+00:00\",\"dateModified\":\"2023-12-04T14:10:33+00:00\",\"description\":\"MediaContact y MediaTransfer garantizan el control, la sincronizaci\u00f3n y la actualizaci\u00f3n de los sistemas de a bordo (quioscos, m\u00e1quinas expendedoras, etc.)\",\"breadcrumb\":{\"@id\":\"https:\\\/\\\/www.telelogos.com\\\/es\\\/soluciones\\\/mediacontact-mediatransfer-gestion-de-redes-de-puestos-fijos-transferencia-y-sincronizacion-de-datos\\\/gestion-de-los-sistemas-integrados\\\/#breadcrumb\"},\"inLanguage\":\"es-ES\",\"potentialAction\":[{\"@type\":\"ReadAction\",\"target\":[\"https:\\\/\\\/www.telelogos.com\\\/es\\\/soluciones\\\/mediacontact-mediatransfer-gestion-de-redes-de-puestos-fijos-transferencia-y-sincronizacion-de-datos\\\/gestion-de-los-sistemas-integrados\\\/\"]}]},{\"@type\":\"ImageObject\",\"inLanguage\":\"es-ES\",\"@id\":\"https:\\\/\\\/www.telelogos.com\\\/es\\\/soluciones\\\/mediacontact-mediatransfer-gestion-de-redes-de-puestos-fijos-transferencia-y-sincronizacion-de-datos\\\/gestion-de-los-sistemas-integrados\\\/#primaryimage\",\"url\":\"https:\\\/\\\/www.telelogos.com\\\/wp-content\\\/uploads\\\/2021\\\/02\\\/systemes-embarques.jpg\",\"contentUrl\":\"https:\\\/\\\/www.telelogos.com\\\/wp-content\\\/uploads\\\/2021\\\/02\\\/systemes-embarques.jpg\"},{\"@type\":\"BreadcrumbList\",\"@id\":\"https:\\\/\\\/www.telelogos.com\\\/es\\\/soluciones\\\/mediacontact-mediatransfer-gestion-de-redes-de-puestos-fijos-transferencia-y-sincronizacion-de-datos\\\/gestion-de-los-sistemas-integrados\\\/#breadcrumb\",\"itemListElement\":[{\"@type\":\"ListItem\",\"position\":1,\"name\":\"Inicio\",\"item\":\"https:\\\/\\\/www.telelogos.com\\\/es\\\/\"},{\"@type\":\"ListItem\",\"position\":2,\"name\":\"Soluciones\",\"item\":\"https:\\\/\\\/www.telelogos.com\\\/es\\\/soluciones\\\/\"},{\"@type\":\"ListItem\",\"position\":3,\"name\":\"MediaContact \\\/ MediaTransfer\",\"item\":\"https:\\\/\\\/www.telelogos.com\\\/es\\\/soluciones\\\/mediacontact-mediatransfer-gestion-de-redes-de-puestos-fijos-transferencia-y-sincronizacion-de-datos\\\/\"},{\"@type\":\"ListItem\",\"position\":4,\"name\":\"Gesti\u00f3n de los sistemas integrados\"}]},{\"@type\":\"WebSite\",\"@id\":\"https:\\\/\\\/www.telelogos.com\\\/es\\\/#website\",\"url\":\"https:\\\/\\\/www.telelogos.com\\\/es\\\/\",\"name\":\"Telelogos\",\"description\":\"\",\"publisher\":{\"@id\":\"https:\\\/\\\/www.telelogos.com\\\/es\\\/#organization\"},\"potentialAction\":[{\"@type\":\"SearchAction\",\"target\":{\"@type\":\"EntryPoint\",\"urlTemplate\":\"https:\\\/\\\/www.telelogos.com\\\/es\\\/?s={search_term_string}\"},\"query-input\":{\"@type\":\"PropertyValueSpecification\",\"valueRequired\":true,\"valueName\":\"search_term_string\"}}],\"inLanguage\":\"es-ES\"},{\"@type\":\"Organization\",\"@id\":\"https:\\\/\\\/www.telelogos.com\\\/es\\\/#organization\",\"name\":\"Telelogos\",\"url\":\"https:\\\/\\\/www.telelogos.com\\\/es\\\/\",\"logo\":{\"@type\":\"ImageObject\",\"inLanguage\":\"es-ES\",\"@id\":\"https:\\\/\\\/www.telelogos.com\\\/es\\\/#\\\/schema\\\/logo\\\/image\\\/\",\"url\":\"https:\\\/\\\/www.telelogos.com\\\/wp-content\\\/uploads\\\/2022\\\/07\\\/Logo-Telelogos-e1664355618654.png\",\"contentUrl\":\"https:\\\/\\\/www.telelogos.com\\\/wp-content\\\/uploads\\\/2022\\\/07\\\/Logo-Telelogos-e1664355618654.png\",\"width\":100,\"height\":35,\"caption\":\"Telelogos\"},\"image\":{\"@id\":\"https:\\\/\\\/www.telelogos.com\\\/es\\\/#\\\/schema\\\/logo\\\/image\\\/\"},\"sameAs\":[\"https:\\\/\\\/fr.linkedin.com\\\/company\\\/telelogos\"]}]}<\/script>\n<!-- \/ Yoast SEO plugin. -->","yoast_head_json":{"title":"Gesti\u00f3n de los sistemas integrados","description":"MediaContact y MediaTransfer garantizan el control, la sincronizaci\u00f3n y la actualizaci\u00f3n de los sistemas de a bordo (quioscos, m\u00e1quinas expendedoras, etc.)","robots":{"index":"index","follow":"follow","max-snippet":"max-snippet:-1","max-image-preview":"max-image-preview:large","max-video-preview":"max-video-preview:-1"},"canonical":"https:\/\/www.telelogos.com\/es\/soluciones\/mediacontact-mediatransfer-gestion-de-redes-de-puestos-fijos-transferencia-y-sincronizacion-de-datos\/gestion-de-los-sistemas-integrados\/","twitter_misc":{"Est. reading time":"2 minutes"},"schema":{"@context":"https:\/\/schema.org","@graph":[{"@type":"WebPage","@id":"https:\/\/www.telelogos.com\/es\/soluciones\/mediacontact-mediatransfer-gestion-de-redes-de-puestos-fijos-transferencia-y-sincronizacion-de-datos\/gestion-de-los-sistemas-integrados\/","url":"https:\/\/www.telelogos.com\/es\/soluciones\/mediacontact-mediatransfer-gestion-de-redes-de-puestos-fijos-transferencia-y-sincronizacion-de-datos\/gestion-de-los-sistemas-integrados\/","name":"Gesti\u00f3n de los sistemas integrados","isPartOf":{"@id":"https:\/\/www.telelogos.com\/es\/#website"},"primaryImageOfPage":{"@id":"https:\/\/www.telelogos.com\/es\/soluciones\/mediacontact-mediatransfer-gestion-de-redes-de-puestos-fijos-transferencia-y-sincronizacion-de-datos\/gestion-de-los-sistemas-integrados\/#primaryimage"},"image":{"@id":"https:\/\/www.telelogos.com\/es\/soluciones\/mediacontact-mediatransfer-gestion-de-redes-de-puestos-fijos-transferencia-y-sincronizacion-de-datos\/gestion-de-los-sistemas-integrados\/#primaryimage"},"thumbnailUrl":"https:\/\/www.telelogos.com\/wp-content\/uploads\/2021\/02\/systemes-embarques.jpg","datePublished":"2021-02-24T11:05:34+00:00","dateModified":"2023-12-04T14:10:33+00:00","description":"MediaContact y MediaTransfer garantizan el control, la sincronizaci\u00f3n y la actualizaci\u00f3n de los sistemas de a bordo (quioscos, m\u00e1quinas expendedoras, etc.)","breadcrumb":{"@id":"https:\/\/www.telelogos.com\/es\/soluciones\/mediacontact-mediatransfer-gestion-de-redes-de-puestos-fijos-transferencia-y-sincronizacion-de-datos\/gestion-de-los-sistemas-integrados\/#breadcrumb"},"inLanguage":"es-ES","potentialAction":[{"@type":"ReadAction","target":["https:\/\/www.telelogos.com\/es\/soluciones\/mediacontact-mediatransfer-gestion-de-redes-de-puestos-fijos-transferencia-y-sincronizacion-de-datos\/gestion-de-los-sistemas-integrados\/"]}]},{"@type":"ImageObject","inLanguage":"es-ES","@id":"https:\/\/www.telelogos.com\/es\/soluciones\/mediacontact-mediatransfer-gestion-de-redes-de-puestos-fijos-transferencia-y-sincronizacion-de-datos\/gestion-de-los-sistemas-integrados\/#primaryimage","url":"https:\/\/www.telelogos.com\/wp-content\/uploads\/2021\/02\/systemes-embarques.jpg","contentUrl":"https:\/\/www.telelogos.com\/wp-content\/uploads\/2021\/02\/systemes-embarques.jpg"},{"@type":"BreadcrumbList","@id":"https:\/\/www.telelogos.com\/es\/soluciones\/mediacontact-mediatransfer-gestion-de-redes-de-puestos-fijos-transferencia-y-sincronizacion-de-datos\/gestion-de-los-sistemas-integrados\/#breadcrumb","itemListElement":[{"@type":"ListItem","position":1,"name":"Inicio","item":"https:\/\/www.telelogos.com\/es\/"},{"@type":"ListItem","position":2,"name":"Soluciones","item":"https:\/\/www.telelogos.com\/es\/soluciones\/"},{"@type":"ListItem","position":3,"name":"MediaContact \/ MediaTransfer","item":"https:\/\/www.telelogos.com\/es\/soluciones\/mediacontact-mediatransfer-gestion-de-redes-de-puestos-fijos-transferencia-y-sincronizacion-de-datos\/"},{"@type":"ListItem","position":4,"name":"Gesti\u00f3n de los sistemas integrados"}]},{"@type":"WebSite","@id":"https:\/\/www.telelogos.com\/es\/#website","url":"https:\/\/www.telelogos.com\/es\/","name":"Telelogos","description":"","publisher":{"@id":"https:\/\/www.telelogos.com\/es\/#organization"},"potentialAction":[{"@type":"SearchAction","target":{"@type":"EntryPoint","urlTemplate":"https:\/\/www.telelogos.com\/es\/?s={search_term_string}"},"query-input":{"@type":"PropertyValueSpecification","valueRequired":true,"valueName":"search_term_string"}}],"inLanguage":"es-ES"},{"@type":"Organization","@id":"https:\/\/www.telelogos.com\/es\/#organization","name":"Telelogos","url":"https:\/\/www.telelogos.com\/es\/","logo":{"@type":"ImageObject","inLanguage":"es-ES","@id":"https:\/\/www.telelogos.com\/es\/#\/schema\/logo\/image\/","url":"https:\/\/www.telelogos.com\/wp-content\/uploads\/2022\/07\/Logo-Telelogos-e1664355618654.png","contentUrl":"https:\/\/www.telelogos.com\/wp-content\/uploads\/2022\/07\/Logo-Telelogos-e1664355618654.png","width":100,"height":35,"caption":"Telelogos"},"image":{"@id":"https:\/\/www.telelogos.com\/es\/#\/schema\/logo\/image\/"},"sameAs":["https:\/\/fr.linkedin.com\/company\/telelogos"]}]}},"_links":{"self":[{"href":"https:\/\/www.telelogos.com\/es\/wp-json\/wp\/v2\/pages\/22681","targetHints":{"allow":["GET"]}}],"collection":[{"href":"https:\/\/www.telelogos.com\/es\/wp-json\/wp\/v2\/pages"}],"about":[{"href":"https:\/\/www.telelogos.com\/es\/wp-json\/wp\/v2\/types\/page"}],"author":[{"embeddable":true,"href":"https:\/\/www.telelogos.com\/es\/wp-json\/wp\/v2\/users\/4"}],"replies":[{"embeddable":true,"href":"https:\/\/www.telelogos.com\/es\/wp-json\/wp\/v2\/comments?post=22681"}],"version-history":[{"count":6,"href":"https:\/\/www.telelogos.com\/es\/wp-json\/wp\/v2\/pages\/22681\/revisions"}],"predecessor-version":[{"id":26136,"href":"https:\/\/www.telelogos.com\/es\/wp-json\/wp\/v2\/pages\/22681\/revisions\/26136"}],"up":[{"embeddable":true,"href":"https:\/\/www.telelogos.com\/es\/wp-json\/wp\/v2\/pages\/22683"}],"wp:attachment":[{"href":"https:\/\/www.telelogos.com\/es\/wp-json\/wp\/v2\/media?parent=22681"}],"curies":[{"name":"wp","href":"https:\/\/api.w.org\/{rel}","templated":true}]}}