{"id":22682,"date":"2021-02-24T12:51:06","date_gmt":"2021-02-24T10:51:06","guid":{"rendered":"https:\/\/www.telelogos.com\/forces-de-vente-et-mobilite-terrain\/"},"modified":"2023-12-04T16:10:33","modified_gmt":"2023-12-04T14:10:33","slug":"fuerza-de-ventas-y-movilidad-sobre-el-terreno","status":"publish","type":"page","link":"https:\/\/www.telelogos.com\/es\/soluciones\/mediacontact-mediatransfer-gestion-de-redes-de-puestos-fijos-transferencia-y-sincronizacion-de-datos\/fuerza-de-ventas-y-movilidad-sobre-el-terreno\/","title":{"rendered":"Fuerza de ventas y Movilidad sobre el terreno"},"content":{"rendered":"<div id=\"pl-22682\"  class=\"panel-layout\" ><div id=\"pg-22682-0\"  class=\"panel-grid panel-no-style\" ><div id=\"pgc-22682-0-0\"  class=\"panel-grid-cell\" ><div id=\"panel-22682-0-0-0\" class=\"so-panel widget widget_sow-editor panel-first-child panel-last-child\" data-index=\"0\" ><div\n\t\t\t\n\t\t\tclass=\"so-widget-sow-editor so-widget-sow-editor-base\"\n\t\t\t\n\t\t>\n<div class=\"siteorigin-widget-tinymce textwidget\">\n\t<p><img decoding=\"async\" class=\"alignnone wp-image-20543\" src=\"https:\/\/www.telelogos.com\/wp-content\/uploads\/2021\/04\/91799311_m-1024x683.jpg\" alt=\"\" width=\"650\" height=\"433\" srcset=\"https:\/\/www.telelogos.com\/wp-content\/uploads\/2021\/04\/91799311_m-1024x683.jpg 1024w, https:\/\/www.telelogos.com\/wp-content\/uploads\/2021\/04\/91799311_m-300x200.jpg 300w, https:\/\/www.telelogos.com\/wp-content\/uploads\/2021\/04\/91799311_m-1536x1024.jpg 1536w, https:\/\/www.telelogos.com\/wp-content\/uploads\/2021\/04\/91799311_m-2048x1365.jpg 2048w, https:\/\/www.telelogos.com\/wp-content\/uploads\/2021\/04\/91799311_m-195x130.jpg 195w, https:\/\/www.telelogos.com\/wp-content\/uploads\/2021\/04\/91799311_m-272x182.jpg 272w\" sizes=\"(max-width: 650px) 100vw, 650px\" \/><\/p>\n<\/div>\n<\/div><\/div><\/div><div id=\"pgc-22682-0-1\"  class=\"panel-grid-cell\" ><div id=\"panel-22682-0-1-0\" class=\"so-panel widget widget_sow-editor panel-first-child panel-last-child\" data-index=\"1\" ><div class=\"panel-widget-style panel-widget-style-for-22682-0-1-0\" ><div\n\t\t\t\n\t\t\tclass=\"so-widget-sow-editor so-widget-sow-editor-base\"\n\t\t\t\n\t\t>\n<div class=\"siteorigin-widget-tinymce textwidget\">\n\t<h2>Gesti\u00f3n de la movilidad para la fuerza de venta y los equipos sobre el terreno<\/h2>\n<p>Los trabajadores sobre el terreno disponen actualmente de computadoras port\u00e1tiles, tabletas, etc., que re\u00fanen todas las herramientas que necesitan para gestionar su actividad: aplicaciones profesionales, archivos, base documental, etc. Es crucial poder controlar esas terminales en forma remota para garantizar su mantenimiento en condiciones operativas y con total seguridad. Tambi\u00e9n es primordial asegurarse de que todos sus datos profesionales est\u00e9n actualizados y sincronizados con la sede.<\/p>\n<\/div>\n<\/div><\/div><\/div><\/div><\/div><div id=\"pg-22682-1\"  class=\"panel-grid panel-has-style\" ><div class=\"panel-row-style panel-row-style-for-22682-1\" ><div id=\"pgc-22682-1-0\"  class=\"panel-grid-cell\" ><div id=\"panel-22682-1-0-0\" class=\"so-panel widget widget_sow-editor panel-first-child panel-last-child\" data-index=\"2\" ><div class=\"panel-widget-style panel-widget-style-for-22682-1-0-0\" ><div\n\t\t\t\n\t\t\tclass=\"so-widget-sow-editor so-widget-sow-editor-base\"\n\t\t\t\n\t\t>\n<div class=\"siteorigin-widget-tinymce textwidget\">\n\t<div class=\"h3-like\">Caracter\u00edsticas<\/div>\n<p>&nbsp;<\/p>\n<ul>\n<li>Instalaci\u00f3n y actualizaci\u00f3n de las aplicaciones profesionales<\/li>\n<li>Sincronizaci\u00f3n diferencial de archivos, estructuras, bases de datos, correos electr\u00f3nicos, etc.<\/li>\n<li>Inventario de hardware y software<\/li>\n<li>Control o arreglo remoto de las terminales<\/li>\n<li>Control de conexiones y redes, de la bater\u00eda, memoria, CPU, etc.<\/li>\n<li>Copia de seguridad centralizada y restauraci\u00f3n de datos<\/li>\n<li>Supervisi\u00f3n del buen estado de funcionamiento<\/li>\n<\/ul>\n<\/div>\n<\/div><\/div><\/div><\/div><div id=\"pgc-22682-1-1\"  class=\"panel-grid-cell\" ><div id=\"panel-22682-1-1-0\" class=\"so-panel widget widget_sow-editor panel-first-child panel-last-child\" data-index=\"3\" ><div class=\"panel-widget-style panel-widget-style-for-22682-1-1-0\" ><div\n\t\t\t\n\t\t\tclass=\"so-widget-sow-editor so-widget-sow-editor-base\"\n\t\t\t\n\t\t>\n<div class=\"siteorigin-widget-tinymce textwidget\">\n\t<div class=\"h3-like\">Usos pr\u00e1cticos<\/div>\n<p>&nbsp;<\/p>\n<ul>\n<li>Sincronizar los portafolios de venta y argumentos para los agentes comerciales<\/li>\n<li>Garantizar la carga de datos ingresados por un encuestador en su terminal<\/li>\n<li>Seguimiento en tiempo real de las acciones sobre el terreno (env\u00edo y centralizaci\u00f3n de informes de intervenci\u00f3n, etc.).<\/li>\n<li>Control de los espacios de venta (merchandising)<\/li>\n<li>Gesti\u00f3n de las tabletas en modo kiosco para los clientes o vendedores de una red de puntos de venta (Retail)<\/li>\n<li>Actualizaci\u00f3n de la informaci\u00f3n de los clientes en el CRM de la empresa<\/li>\n<li>Contenido multimedia disponible en la tableta de un vendedor, asesor en un punto de venta o agencia, etc.<\/li>\n<\/ul>\n<\/div>\n<\/div><\/div><\/div><\/div><\/div><\/div><\/div>","protected":false},"excerpt":{"rendered":"<p>Gesti\u00f3n de la movilidad para la fuerza de venta y los equipos sobre el terrenoLos trabajadores sobre el terreno disponen actualmente de computadoras port\u00e1tiles, tabletas, etc., que re\u00fanen todas [&hellip;]<\/p>\n","protected":false},"author":4,"featured_media":0,"parent":22683,"menu_order":244,"comment_status":"closed","ping_status":"closed","template":"page-solution.php","meta":{"footnotes":""},"class_list":["post-22682","page","type-page","status-publish","hentry"],"yoast_head":"<!-- This site is optimized with the Yoast SEO plugin v27.3 - https:\/\/yoast.com\/product\/yoast-seo-wordpress\/ -->\n<title>Fuerza de ventas y Movilidad sobre el terreno<\/title>\n<meta name=\"description\" content=\"Hoy en d\u00eda, los empleados sobre el terreno disponen de ordenadores port\u00e1tiles, tabletas, etc. que contienen todas las herramientas que necesitan para gestionar su actividad: aplicaciones empresariales, archivos, bases de datos de documentos, etc. Es crucial poder controlar estos terminales a distancia, para garantizar que se mantienen en condiciones operativas y que son seguros. Tambi\u00e9n es esencial garantizar que todos sus datos empresariales est\u00e9n actualizados y sincronizados con la sede central.\" \/>\n<meta name=\"robots\" content=\"index, follow, max-snippet:-1, max-image-preview:large, max-video-preview:-1\" \/>\n<link rel=\"canonical\" href=\"https:\/\/www.telelogos.com\/es\/soluciones\/mediacontact-mediatransfer-gestion-de-redes-de-puestos-fijos-transferencia-y-sincronizacion-de-datos\/fuerza-de-ventas-y-movilidad-sobre-el-terreno\/\" \/>\n<meta name=\"twitter:label1\" content=\"Est. reading time\" \/>\n\t<meta name=\"twitter:data1\" content=\"2 minutes\" \/>\n<script type=\"application\/ld+json\" class=\"yoast-schema-graph\">{\"@context\":\"https:\\\/\\\/schema.org\",\"@graph\":[{\"@type\":\"WebPage\",\"@id\":\"https:\\\/\\\/www.telelogos.com\\\/es\\\/soluciones\\\/mediacontact-mediatransfer-gestion-de-redes-de-puestos-fijos-transferencia-y-sincronizacion-de-datos\\\/fuerza-de-ventas-y-movilidad-sobre-el-terreno\\\/\",\"url\":\"https:\\\/\\\/www.telelogos.com\\\/es\\\/soluciones\\\/mediacontact-mediatransfer-gestion-de-redes-de-puestos-fijos-transferencia-y-sincronizacion-de-datos\\\/fuerza-de-ventas-y-movilidad-sobre-el-terreno\\\/\",\"name\":\"Fuerza de ventas y Movilidad sobre el terreno\",\"isPartOf\":{\"@id\":\"https:\\\/\\\/www.telelogos.com\\\/es\\\/#website\"},\"primaryImageOfPage\":{\"@id\":\"https:\\\/\\\/www.telelogos.com\\\/es\\\/soluciones\\\/mediacontact-mediatransfer-gestion-de-redes-de-puestos-fijos-transferencia-y-sincronizacion-de-datos\\\/fuerza-de-ventas-y-movilidad-sobre-el-terreno\\\/#primaryimage\"},\"image\":{\"@id\":\"https:\\\/\\\/www.telelogos.com\\\/es\\\/soluciones\\\/mediacontact-mediatransfer-gestion-de-redes-de-puestos-fijos-transferencia-y-sincronizacion-de-datos\\\/fuerza-de-ventas-y-movilidad-sobre-el-terreno\\\/#primaryimage\"},\"thumbnailUrl\":\"https:\\\/\\\/www.telelogos.com\\\/wp-content\\\/uploads\\\/2021\\\/04\\\/91799311_m-1024x683.jpg\",\"datePublished\":\"2021-02-24T10:51:06+00:00\",\"dateModified\":\"2023-12-04T14:10:33+00:00\",\"description\":\"Hoy en d\u00eda, los empleados sobre el terreno disponen de ordenadores port\u00e1tiles, tabletas, etc. que contienen todas las herramientas que necesitan para gestionar su actividad: aplicaciones empresariales, archivos, bases de datos de documentos, etc. Es crucial poder controlar estos terminales a distancia, para garantizar que se mantienen en condiciones operativas y que son seguros. Tambi\u00e9n es esencial garantizar que todos sus datos empresariales est\u00e9n actualizados y sincronizados con la sede central.\",\"breadcrumb\":{\"@id\":\"https:\\\/\\\/www.telelogos.com\\\/es\\\/soluciones\\\/mediacontact-mediatransfer-gestion-de-redes-de-puestos-fijos-transferencia-y-sincronizacion-de-datos\\\/fuerza-de-ventas-y-movilidad-sobre-el-terreno\\\/#breadcrumb\"},\"inLanguage\":\"es-ES\",\"potentialAction\":[{\"@type\":\"ReadAction\",\"target\":[\"https:\\\/\\\/www.telelogos.com\\\/es\\\/soluciones\\\/mediacontact-mediatransfer-gestion-de-redes-de-puestos-fijos-transferencia-y-sincronizacion-de-datos\\\/fuerza-de-ventas-y-movilidad-sobre-el-terreno\\\/\"]}]},{\"@type\":\"ImageObject\",\"inLanguage\":\"es-ES\",\"@id\":\"https:\\\/\\\/www.telelogos.com\\\/es\\\/soluciones\\\/mediacontact-mediatransfer-gestion-de-redes-de-puestos-fijos-transferencia-y-sincronizacion-de-datos\\\/fuerza-de-ventas-y-movilidad-sobre-el-terreno\\\/#primaryimage\",\"url\":\"https:\\\/\\\/www.telelogos.com\\\/wp-content\\\/uploads\\\/2021\\\/04\\\/91799311_m-1024x683.jpg\",\"contentUrl\":\"https:\\\/\\\/www.telelogos.com\\\/wp-content\\\/uploads\\\/2021\\\/04\\\/91799311_m-1024x683.jpg\"},{\"@type\":\"BreadcrumbList\",\"@id\":\"https:\\\/\\\/www.telelogos.com\\\/es\\\/soluciones\\\/mediacontact-mediatransfer-gestion-de-redes-de-puestos-fijos-transferencia-y-sincronizacion-de-datos\\\/fuerza-de-ventas-y-movilidad-sobre-el-terreno\\\/#breadcrumb\",\"itemListElement\":[{\"@type\":\"ListItem\",\"position\":1,\"name\":\"Inicio\",\"item\":\"https:\\\/\\\/www.telelogos.com\\\/es\\\/\"},{\"@type\":\"ListItem\",\"position\":2,\"name\":\"Soluciones\",\"item\":\"https:\\\/\\\/www.telelogos.com\\\/es\\\/soluciones\\\/\"},{\"@type\":\"ListItem\",\"position\":3,\"name\":\"MediaContact \\\/ MediaTransfer\",\"item\":\"https:\\\/\\\/www.telelogos.com\\\/es\\\/soluciones\\\/mediacontact-mediatransfer-gestion-de-redes-de-puestos-fijos-transferencia-y-sincronizacion-de-datos\\\/\"},{\"@type\":\"ListItem\",\"position\":4,\"name\":\"Fuerza de ventas y Movilidad sobre el terreno\"}]},{\"@type\":\"WebSite\",\"@id\":\"https:\\\/\\\/www.telelogos.com\\\/es\\\/#website\",\"url\":\"https:\\\/\\\/www.telelogos.com\\\/es\\\/\",\"name\":\"Telelogos\",\"description\":\"\",\"publisher\":{\"@id\":\"https:\\\/\\\/www.telelogos.com\\\/es\\\/#organization\"},\"potentialAction\":[{\"@type\":\"SearchAction\",\"target\":{\"@type\":\"EntryPoint\",\"urlTemplate\":\"https:\\\/\\\/www.telelogos.com\\\/es\\\/?s={search_term_string}\"},\"query-input\":{\"@type\":\"PropertyValueSpecification\",\"valueRequired\":true,\"valueName\":\"search_term_string\"}}],\"inLanguage\":\"es-ES\"},{\"@type\":\"Organization\",\"@id\":\"https:\\\/\\\/www.telelogos.com\\\/es\\\/#organization\",\"name\":\"Telelogos\",\"url\":\"https:\\\/\\\/www.telelogos.com\\\/es\\\/\",\"logo\":{\"@type\":\"ImageObject\",\"inLanguage\":\"es-ES\",\"@id\":\"https:\\\/\\\/www.telelogos.com\\\/es\\\/#\\\/schema\\\/logo\\\/image\\\/\",\"url\":\"https:\\\/\\\/www.telelogos.com\\\/wp-content\\\/uploads\\\/2022\\\/07\\\/Logo-Telelogos-e1664355618654.png\",\"contentUrl\":\"https:\\\/\\\/www.telelogos.com\\\/wp-content\\\/uploads\\\/2022\\\/07\\\/Logo-Telelogos-e1664355618654.png\",\"width\":100,\"height\":35,\"caption\":\"Telelogos\"},\"image\":{\"@id\":\"https:\\\/\\\/www.telelogos.com\\\/es\\\/#\\\/schema\\\/logo\\\/image\\\/\"},\"sameAs\":[\"https:\\\/\\\/fr.linkedin.com\\\/company\\\/telelogos\"]}]}<\/script>\n<!-- \/ Yoast SEO plugin. -->","yoast_head_json":{"title":"Fuerza de ventas y Movilidad sobre el terreno","description":"Hoy en d\u00eda, los empleados sobre el terreno disponen de ordenadores port\u00e1tiles, tabletas, etc. que contienen todas las herramientas que necesitan para gestionar su actividad: aplicaciones empresariales, archivos, bases de datos de documentos, etc. Es crucial poder controlar estos terminales a distancia, para garantizar que se mantienen en condiciones operativas y que son seguros. Tambi\u00e9n es esencial garantizar que todos sus datos empresariales est\u00e9n actualizados y sincronizados con la sede central.","robots":{"index":"index","follow":"follow","max-snippet":"max-snippet:-1","max-image-preview":"max-image-preview:large","max-video-preview":"max-video-preview:-1"},"canonical":"https:\/\/www.telelogos.com\/es\/soluciones\/mediacontact-mediatransfer-gestion-de-redes-de-puestos-fijos-transferencia-y-sincronizacion-de-datos\/fuerza-de-ventas-y-movilidad-sobre-el-terreno\/","twitter_misc":{"Est. reading time":"2 minutes"},"schema":{"@context":"https:\/\/schema.org","@graph":[{"@type":"WebPage","@id":"https:\/\/www.telelogos.com\/es\/soluciones\/mediacontact-mediatransfer-gestion-de-redes-de-puestos-fijos-transferencia-y-sincronizacion-de-datos\/fuerza-de-ventas-y-movilidad-sobre-el-terreno\/","url":"https:\/\/www.telelogos.com\/es\/soluciones\/mediacontact-mediatransfer-gestion-de-redes-de-puestos-fijos-transferencia-y-sincronizacion-de-datos\/fuerza-de-ventas-y-movilidad-sobre-el-terreno\/","name":"Fuerza de ventas y Movilidad sobre el terreno","isPartOf":{"@id":"https:\/\/www.telelogos.com\/es\/#website"},"primaryImageOfPage":{"@id":"https:\/\/www.telelogos.com\/es\/soluciones\/mediacontact-mediatransfer-gestion-de-redes-de-puestos-fijos-transferencia-y-sincronizacion-de-datos\/fuerza-de-ventas-y-movilidad-sobre-el-terreno\/#primaryimage"},"image":{"@id":"https:\/\/www.telelogos.com\/es\/soluciones\/mediacontact-mediatransfer-gestion-de-redes-de-puestos-fijos-transferencia-y-sincronizacion-de-datos\/fuerza-de-ventas-y-movilidad-sobre-el-terreno\/#primaryimage"},"thumbnailUrl":"https:\/\/www.telelogos.com\/wp-content\/uploads\/2021\/04\/91799311_m-1024x683.jpg","datePublished":"2021-02-24T10:51:06+00:00","dateModified":"2023-12-04T14:10:33+00:00","description":"Hoy en d\u00eda, los empleados sobre el terreno disponen de ordenadores port\u00e1tiles, tabletas, etc. que contienen todas las herramientas que necesitan para gestionar su actividad: aplicaciones empresariales, archivos, bases de datos de documentos, etc. Es crucial poder controlar estos terminales a distancia, para garantizar que se mantienen en condiciones operativas y que son seguros. Tambi\u00e9n es esencial garantizar que todos sus datos empresariales est\u00e9n actualizados y sincronizados con la sede central.","breadcrumb":{"@id":"https:\/\/www.telelogos.com\/es\/soluciones\/mediacontact-mediatransfer-gestion-de-redes-de-puestos-fijos-transferencia-y-sincronizacion-de-datos\/fuerza-de-ventas-y-movilidad-sobre-el-terreno\/#breadcrumb"},"inLanguage":"es-ES","potentialAction":[{"@type":"ReadAction","target":["https:\/\/www.telelogos.com\/es\/soluciones\/mediacontact-mediatransfer-gestion-de-redes-de-puestos-fijos-transferencia-y-sincronizacion-de-datos\/fuerza-de-ventas-y-movilidad-sobre-el-terreno\/"]}]},{"@type":"ImageObject","inLanguage":"es-ES","@id":"https:\/\/www.telelogos.com\/es\/soluciones\/mediacontact-mediatransfer-gestion-de-redes-de-puestos-fijos-transferencia-y-sincronizacion-de-datos\/fuerza-de-ventas-y-movilidad-sobre-el-terreno\/#primaryimage","url":"https:\/\/www.telelogos.com\/wp-content\/uploads\/2021\/04\/91799311_m-1024x683.jpg","contentUrl":"https:\/\/www.telelogos.com\/wp-content\/uploads\/2021\/04\/91799311_m-1024x683.jpg"},{"@type":"BreadcrumbList","@id":"https:\/\/www.telelogos.com\/es\/soluciones\/mediacontact-mediatransfer-gestion-de-redes-de-puestos-fijos-transferencia-y-sincronizacion-de-datos\/fuerza-de-ventas-y-movilidad-sobre-el-terreno\/#breadcrumb","itemListElement":[{"@type":"ListItem","position":1,"name":"Inicio","item":"https:\/\/www.telelogos.com\/es\/"},{"@type":"ListItem","position":2,"name":"Soluciones","item":"https:\/\/www.telelogos.com\/es\/soluciones\/"},{"@type":"ListItem","position":3,"name":"MediaContact \/ MediaTransfer","item":"https:\/\/www.telelogos.com\/es\/soluciones\/mediacontact-mediatransfer-gestion-de-redes-de-puestos-fijos-transferencia-y-sincronizacion-de-datos\/"},{"@type":"ListItem","position":4,"name":"Fuerza de ventas y Movilidad sobre el terreno"}]},{"@type":"WebSite","@id":"https:\/\/www.telelogos.com\/es\/#website","url":"https:\/\/www.telelogos.com\/es\/","name":"Telelogos","description":"","publisher":{"@id":"https:\/\/www.telelogos.com\/es\/#organization"},"potentialAction":[{"@type":"SearchAction","target":{"@type":"EntryPoint","urlTemplate":"https:\/\/www.telelogos.com\/es\/?s={search_term_string}"},"query-input":{"@type":"PropertyValueSpecification","valueRequired":true,"valueName":"search_term_string"}}],"inLanguage":"es-ES"},{"@type":"Organization","@id":"https:\/\/www.telelogos.com\/es\/#organization","name":"Telelogos","url":"https:\/\/www.telelogos.com\/es\/","logo":{"@type":"ImageObject","inLanguage":"es-ES","@id":"https:\/\/www.telelogos.com\/es\/#\/schema\/logo\/image\/","url":"https:\/\/www.telelogos.com\/wp-content\/uploads\/2022\/07\/Logo-Telelogos-e1664355618654.png","contentUrl":"https:\/\/www.telelogos.com\/wp-content\/uploads\/2022\/07\/Logo-Telelogos-e1664355618654.png","width":100,"height":35,"caption":"Telelogos"},"image":{"@id":"https:\/\/www.telelogos.com\/es\/#\/schema\/logo\/image\/"},"sameAs":["https:\/\/fr.linkedin.com\/company\/telelogos"]}]}},"_links":{"self":[{"href":"https:\/\/www.telelogos.com\/es\/wp-json\/wp\/v2\/pages\/22682","targetHints":{"allow":["GET"]}}],"collection":[{"href":"https:\/\/www.telelogos.com\/es\/wp-json\/wp\/v2\/pages"}],"about":[{"href":"https:\/\/www.telelogos.com\/es\/wp-json\/wp\/v2\/types\/page"}],"author":[{"embeddable":true,"href":"https:\/\/www.telelogos.com\/es\/wp-json\/wp\/v2\/users\/4"}],"replies":[{"embeddable":true,"href":"https:\/\/www.telelogos.com\/es\/wp-json\/wp\/v2\/comments?post=22682"}],"version-history":[{"count":4,"href":"https:\/\/www.telelogos.com\/es\/wp-json\/wp\/v2\/pages\/22682\/revisions"}],"predecessor-version":[{"id":25777,"href":"https:\/\/www.telelogos.com\/es\/wp-json\/wp\/v2\/pages\/22682\/revisions\/25777"}],"up":[{"embeddable":true,"href":"https:\/\/www.telelogos.com\/es\/wp-json\/wp\/v2\/pages\/22683"}],"wp:attachment":[{"href":"https:\/\/www.telelogos.com\/es\/wp-json\/wp\/v2\/media?parent=22682"}],"curies":[{"name":"wp","href":"https:\/\/api.w.org\/{rel}","templated":true}]}}