{"id":22684,"date":"2021-02-24T11:47:17","date_gmt":"2021-02-24T09:47:17","guid":{"rendered":"https:\/\/www.telelogos.com\/android-enterprise\/"},"modified":"2025-03-20T18:15:18","modified_gmt":"2025-03-20T16:15:18","slug":"android-enterprise","status":"publish","type":"page","link":"https:\/\/www.telelogos.com\/es\/soluciones\/gestion-dispositivos-moviles-clyd\/android-enterprise\/","title":{"rendered":"Android Enterprise"},"content":{"rendered":"<div id=\"pl-22684\"  class=\"panel-layout\" ><div id=\"pg-22684-0\"  class=\"panel-grid panel-no-style\" ><div id=\"pgc-22684-0-0\"  class=\"panel-grid-cell\" ><div id=\"panel-22684-0-0-0\" class=\"so-panel widget widget_sow-editor panel-first-child panel-last-child\" data-index=\"0\" ><div\n\t\t\t\n\t\t\tclass=\"so-widget-sow-editor so-widget-sow-editor-base\"\n\t\t\t\n\t\t>\n<div class=\"siteorigin-widget-tinymce textwidget\">\n\t<h1>\u00bfQu\u00e9 es Android Enterprise?<\/h1>\n<p>El programa Android Enterprise de Google <strong>facilita la instalaci\u00f3n de las terminales Android en los entornos profesionales.<\/strong> Android Enterprise hace posible que cada empresa<strong> seleccione, instale y administre con total confianza terminales y servicios Android validados por Google<\/strong>. Este elevado nivel de exigencia abarca tanto a las terminales Android, como a las soluciones de gesti\u00f3n de las terminales (MDM\/EMM)<\/p>\n<\/div>\n<\/div><\/div><\/div><\/div><div id=\"pg-22684-1\"  class=\"panel-grid panel-has-style\" ><div class=\"panel-row-style panel-row-style-for-22684-1\" ><div id=\"pgc-22684-1-0\"  class=\"panel-grid-cell\" ><div id=\"panel-22684-1-0-0\" class=\"so-panel widget widget_sow-editor panel-first-child panel-last-child\" data-index=\"1\" ><div class=\"panel-widget-style panel-widget-style-for-22684-1-0-0\" ><div\n\t\t\t\n\t\t\tclass=\"so-widget-sow-editor so-widget-sow-editor-base\"\n\t\t\t\n\t\t>\n<div class=\"siteorigin-widget-tinymce textwidget\">\n\t<p><img decoding=\"async\" class=\" wp-image-18502 alignleft\" src=\"https:\/\/www.telelogos.com\/wp-content\/uploads\/2021\/02\/android-round.png\" alt=\"\" width=\"156\" height=\"156\" srcset=\"https:\/\/www.telelogos.com\/wp-content\/uploads\/2021\/02\/android-round.png 572w, https:\/\/www.telelogos.com\/wp-content\/uploads\/2021\/02\/android-round-300x300.png 300w, https:\/\/www.telelogos.com\/wp-content\/uploads\/2021\/02\/android-round-150x150.png 150w, https:\/\/www.telelogos.com\/wp-content\/uploads\/2021\/02\/android-round-290x290.png 290w, https:\/\/www.telelogos.com\/wp-content\/uploads\/2021\/02\/android-round-195x195.png 195w, https:\/\/www.telelogos.com\/wp-content\/uploads\/2021\/02\/android-round-494x494.png 494w, https:\/\/www.telelogos.com\/wp-content\/uploads\/2021\/02\/android-round-357x357.png 357w\" sizes=\"(max-width: 156px) 100vw, 156px\" \/><\/p>\n<div class=\"h3-like\">Terminales Android Enterprise<\/div>\n<p>Las <strong>terminales Android Enterprise<\/strong> est\u00e1n aprobadas por Google para su utilizaci\u00f3n empresarial en cualquier contexto de uso y garantizan un elevado nivel de seguridad en t\u00e9rminos de hardware. Estas terminales reciben <strong>actualizaciones de seguridad regulares <\/strong>para garantizar su buen funcionamiento. Su <strong>disponibilidad <\/strong>tambi\u00e9n est\u00e1 asegurada <strong>a largo plazo<\/strong> por los fabricantes.<\/p>\n<\/div>\n<\/div><\/div><\/div><\/div><\/div><\/div><div id=\"pg-22684-2\"  class=\"panel-grid panel-has-style\" ><div class=\"panel-row-style panel-row-style-for-22684-2\" ><div id=\"pgc-22684-2-0\"  class=\"panel-grid-cell\" ><div id=\"panel-22684-2-0-0\" class=\"so-panel widget widget_sow-editor panel-first-child panel-last-child\" data-index=\"2\" ><div class=\"panel-widget-style panel-widget-style-for-22684-2-0-0\" ><div\n\t\t\t\n\t\t\tclass=\"so-widget-sow-editor so-widget-sow-editor-base\"\n\t\t\t\n\t\t>\n<div class=\"siteorigin-widget-tinymce textwidget\">\n\t<p><img decoding=\"async\" class=\" wp-image-18500 alignright\" src=\"https:\/\/www.telelogos.com\/wp-content\/uploads\/2021\/02\/gamme-devices-clyd-low.png\" alt=\"\" width=\"432\" height=\"302\" srcset=\"https:\/\/www.telelogos.com\/wp-content\/uploads\/2021\/02\/gamme-devices-clyd-low.png 650w, https:\/\/www.telelogos.com\/wp-content\/uploads\/2021\/02\/gamme-devices-clyd-low-300x210.png 300w, https:\/\/www.telelogos.com\/wp-content\/uploads\/2021\/02\/gamme-devices-clyd-low-195x136.png 195w\" sizes=\"(max-width: 432px) 100vw, 432px\" \/><\/p>\n<div class=\"h3-like\">Software de gesti\u00f3n de terminales (MDM\/EMM) Android Enterprise<\/div>\n<p>Las <strong>soluciones EMM recomendadas para Android Enterprise<\/strong> proveen un conjunto de funciones avanzadas de gesti\u00f3n de las terminales Android y de sus aplicaciones. Facilitan la instalaci\u00f3n de una flota de terminales m\u00f3viles y garantizan la correcta aplicaci\u00f3n de las medidas correctivas de seguridad y de las actualizaciones importantes que deben instalarse. Garantizan una gesti\u00f3n centralizada y segura de las terminales.<\/p>\n<\/div>\n<\/div><\/div><\/div><\/div><\/div><\/div><div id=\"pg-22684-3\"  class=\"panel-grid panel-has-style\" ><div class=\"texte_blanc siteorigin-panels-stretch panel-row-style panel-row-style-for-22684-3\" data-stretch-type=\"full\" ><div id=\"pgc-22684-3-0\"  class=\"panel-grid-cell\" ><div id=\"panel-22684-3-0-0\" class=\"so-panel widget widget_sow-editor panel-first-child panel-last-child\" data-index=\"3\" ><div class=\"panel-widget-style panel-widget-style-for-22684-3-0-0\" ><div\n\t\t\t\n\t\t\tclass=\"so-widget-sow-editor so-widget-sow-editor-base\"\n\t\t\t\n\t\t>\n<div class=\"siteorigin-widget-tinymce textwidget\">\n\t<h2>Clyd y Android Enterprise<\/h2>\n<p>El software Clyd para MDM (Mobile Device Management) est\u00e1 aprobado por Google y es compatible con las <strong>Terminales Android Enterprise Recommended.<\/strong> Puede administrar sus terminales Android Enterprise con Clyd de dos maneras:<\/p>\n<\/div>\n<\/div><\/div><\/div><\/div><\/div><\/div><div id=\"pg-22684-4\"  class=\"panel-grid panel-has-style\" ><div class=\"texte_blanc siteorigin-panels-stretch panel-row-style panel-row-style-for-22684-4\" data-stretch-type=\"full\" ><div id=\"pgc-22684-4-0\"  class=\"panel-grid-cell\" ><div id=\"panel-22684-4-0-0\" class=\"so-panel widget widget_sow-editor panel-first-child panel-last-child\" data-index=\"4\" ><div\n\t\t\t\n\t\t\tclass=\"so-widget-sow-editor so-widget-sow-editor-base\"\n\t\t\t\n\t\t>\n<div class=\"siteorigin-widget-tinymce textwidget\">\n\t<p><img decoding=\"async\" class=\"aligncenter wp-image-18508\" src=\"https:\/\/www.telelogos.com\/wp-content\/uploads\/2021\/02\/clyd-cosu.png\" alt=\"\" width=\"275\" height=\"500\" srcset=\"https:\/\/www.telelogos.com\/wp-content\/uploads\/2021\/02\/clyd-cosu.png 350w, https:\/\/www.telelogos.com\/wp-content\/uploads\/2021\/02\/clyd-cosu-165x300.png 165w, https:\/\/www.telelogos.com\/wp-content\/uploads\/2021\/02\/clyd-cosu-107x195.png 107w\" sizes=\"(max-width: 275px) 100vw, 275px\" \/><\/p>\n<p style=\"text-align: center;\"><strong>Dedicated device (COSU)<\/strong><\/p>\n<p style=\"text-align: center;\">Bloqueo completo de los aparatos de la empresa para un uso espec\u00edfico a trav\u00e9s de un kiosco aplicativo.<\/p>\n<\/div>\n<\/div><\/div><\/div><div id=\"pgc-22684-4-1\"  class=\"panel-grid-cell\" ><div id=\"panel-22684-4-1-0\" class=\"so-panel widget widget_sow-editor panel-first-child panel-last-child\" data-index=\"5\" ><div\n\t\t\t\n\t\t\tclass=\"so-widget-sow-editor so-widget-sow-editor-base\"\n\t\t\t\n\t\t>\n<div class=\"siteorigin-widget-tinymce textwidget\">\n\t<p><img decoding=\"async\" class=\"aligncenter wp-image-18506\" src=\"https:\/\/www.telelogos.com\/wp-content\/uploads\/2021\/02\/clyd_cobo.png\" alt=\"\" width=\"275\" height=\"500\" srcset=\"https:\/\/www.telelogos.com\/wp-content\/uploads\/2021\/02\/clyd_cobo.png 573w, https:\/\/www.telelogos.com\/wp-content\/uploads\/2021\/02\/clyd_cobo-165x300.png 165w, https:\/\/www.telelogos.com\/wp-content\/uploads\/2021\/02\/clyd_cobo-563x1024.png 563w, https:\/\/www.telelogos.com\/wp-content\/uploads\/2021\/02\/clyd_cobo-107x195.png 107w\" sizes=\"(max-width: 275px) 100vw, 275px\" \/><\/p>\n<p style=\"text-align: center;\"><strong>Fully Managed (COBO)<\/strong><\/p>\n<p style=\"text-align: center;\">Acceso libre al sistema con control de las funciones y aplicaciones disponibles. (Playstore, wifi, Bluetooth, etc.)<\/p>\n<\/div>\n<\/div><\/div><\/div><\/div><\/div><div id=\"pg-22684-5\"  class=\"panel-grid panel-has-style\" ><div class=\"panel-row-style panel-row-style-for-22684-5\" ><div id=\"pgc-22684-5-0\"  class=\"panel-grid-cell\" ><div id=\"panel-22684-5-0-0\" class=\"so-panel widget widget_sow-editor panel-first-child panel-last-child\" data-index=\"6\" ><div class=\"panel-widget-style panel-widget-style-for-22684-5-0-0\" ><div\n\t\t\t\n\t\t\tclass=\"so-widget-sow-editor so-widget-sow-editor-base\"\n\t\t\t\n\t\t>\n<div class=\"siteorigin-widget-tinymce textwidget\">\n\t<h2>Registro: Instalar Clyd en terminales Android Enterprise<\/h2>\n<p>Se pueden implementar diversos m\u00e9todos para registrar las terminales Android Enterprise con el software MDM Clyd.<\/p>\n<\/div>\n<\/div><\/div><\/div><\/div><\/div><\/div><div id=\"pg-22684-6\"  class=\"panel-grid panel-no-style\" ><div id=\"pgc-22684-6-0\"  class=\"panel-grid-cell\" ><div id=\"panel-22684-6-0-0\" class=\"so-panel widget widget_sow-editor panel-first-child\" data-index=\"7\" ><div class=\"panel-widget-style panel-widget-style-for-22684-6-0-0\" ><div\n\t\t\t\n\t\t\tclass=\"so-widget-sow-editor so-widget-sow-editor-base\"\n\t\t\t\n\t\t>\n<div class=\"siteorigin-widget-tinymce textwidget\">\n\t<p><img decoding=\"async\" class=\"aligncenter wp-image-18518\" src=\"https:\/\/www.telelogos.com\/wp-content\/uploads\/2021\/02\/qr_code.png\" alt=\"\" width=\"81\" height=\"81\"><\/p>\n<p style=\"text-align: center;\">\n<\/div>\n<\/div><\/div><\/div><div id=\"panel-22684-6-0-1\" class=\"so-panel widget widget_sow-editor panel-last-child\" data-index=\"8\" ><div class=\"panel-widget-style panel-widget-style-for-22684-6-0-1\" ><div\n\t\t\t\n\t\t\tclass=\"so-widget-sow-editor so-widget-sow-editor-base\"\n\t\t\t\n\t\t>\n<div class=\"siteorigin-widget-tinymce textwidget\">\n\t<p style=\"text-align: center;\"><strong>C\u00f3digo QR<\/strong><\/p>\n<p style=\"text-align: center;\">Al inicializar la terminal, luego de una serie de clics, se escanea un c\u00f3digo QR generado por Clyd (incorpora la configuraci\u00f3n wifi, el idioma y el agente EMM)<\/p>\n<\/div>\n<\/div><\/div><\/div><\/div><div id=\"pgc-22684-6-1\"  class=\"panel-grid-cell\" ><div id=\"panel-22684-6-1-0\" class=\"so-panel widget widget_sow-editor panel-first-child\" data-index=\"9\" ><div class=\"panel-widget-style panel-widget-style-for-22684-6-1-0\" ><div\n\t\t\t\n\t\t\tclass=\"so-widget-sow-editor so-widget-sow-editor-base\"\n\t\t\t\n\t\t>\n<div class=\"siteorigin-widget-tinymce textwidget\">\n\t<p><img decoding=\"async\" class=\"aligncenter wp-image-18516\" src=\"https:\/\/www.telelogos.com\/wp-content\/uploads\/2021\/02\/nfc_0.png\" alt=\"\" width=\"98\" height=\"81\"><\/p>\n<\/div>\n<\/div><\/div><\/div><div id=\"panel-22684-6-1-1\" class=\"so-panel widget widget_sow-editor panel-last-child\" data-index=\"10\" ><div class=\"panel-widget-style panel-widget-style-for-22684-6-1-1\" ><div\n\t\t\t\n\t\t\tclass=\"so-widget-sow-editor so-widget-sow-editor-base\"\n\t\t\t\n\t\t>\n<div class=\"siteorigin-widget-tinymce textwidget\">\n\t<p style=\"text-align: center;\"><strong>NFC<\/strong><\/p>\n<p style=\"text-align: center;\">Configuraci\u00f3n de un dispositivo de referencia con la aplicaci\u00f3n de aprovisionamiento Clyd y duplicaci\u00f3n de la configuraci\u00f3n por NFC<\/p>\n<\/div>\n<\/div><\/div><\/div><\/div><div id=\"pgc-22684-6-2\"  class=\"panel-grid-cell\" ><div id=\"panel-22684-6-2-0\" class=\"so-panel widget widget_sow-editor panel-first-child\" data-index=\"11\" ><div class=\"panel-widget-style panel-widget-style-for-22684-6-2-0\" ><div\n\t\t\t\n\t\t\tclass=\"so-widget-sow-editor so-widget-sow-editor-base\"\n\t\t\t\n\t\t>\n<div class=\"siteorigin-widget-tinymce textwidget\">\n\t<p><img decoding=\"async\" class=\"aligncenter wp-image-18512\" src=\"https:\/\/www.telelogos.com\/wp-content\/uploads\/2021\/02\/jeton_emm_0.png\" alt=\"\" width=\"89\" height=\"81\"><\/p>\n<\/div>\n<\/div><\/div><\/div><div id=\"panel-22684-6-2-1\" class=\"so-panel widget widget_sow-editor panel-last-child\" data-index=\"12\" ><div class=\"panel-widget-style panel-widget-style-for-22684-6-2-1\" ><div\n\t\t\t\n\t\t\tclass=\"so-widget-sow-editor so-widget-sow-editor-base\"\n\t\t\t\n\t\t>\n<div class=\"siteorigin-widget-tinymce textwidget\">\n\t<p style=\"text-align: center;\"><strong style=\"font-size: 1em;\">Token EMM<\/strong><\/p>\n<p style=\"text-align: center;\">Al inicializar la terminal, se carga el c\u00f3digo \u00fanico de identificaci\u00f3n DPC para descargar la DPC requerida y luego se escanea el C\u00f3digo QR para descargar el agente Clyd<\/p>\n<\/div>\n<\/div><\/div><\/div><\/div><div id=\"pgc-22684-6-3\"  class=\"panel-grid-cell\" ><div id=\"panel-22684-6-3-0\" class=\"so-panel widget widget_sow-editor panel-first-child\" data-index=\"13\" ><div class=\"panel-widget-style panel-widget-style-for-22684-6-3-0\" ><div\n\t\t\t\n\t\t\tclass=\"so-widget-sow-editor so-widget-sow-editor-base\"\n\t\t\t\n\t\t>\n<div class=\"siteorigin-widget-tinymce textwidget\">\n\t<p><img decoding=\"async\" class=\"aligncenter wp-image-18510\" src=\"https:\/\/www.telelogos.com\/wp-content\/uploads\/2021\/02\/zero_touch.png\" alt=\"\" width=\"84\" height=\"81\"><\/p>\n<\/div>\n<\/div><\/div><\/div><div id=\"panel-22684-6-3-1\" class=\"so-panel widget widget_sow-editor panel-last-child\" data-index=\"14\" ><div class=\"panel-widget-style panel-widget-style-for-22684-6-3-1\" ><div\n\t\t\t\n\t\t\tclass=\"so-widget-sow-editor so-widget-sow-editor-base\"\n\t\t\t\n\t\t>\n<div class=\"siteorigin-widget-tinymce textwidget\">\n\t<p style=\"text-align: center;\"><strong>Zero-Touch<\/strong><\/p>\n<p style=\"text-align: center;\">Los administradores crean configuraciones de aprovisionamiento en Clyd y las aplican a los perif\u00e9ricos comprados a los revendedores autorizados. Estas configuraciones se aplican autom\u00e1ticamente a los perif\u00e9ricos al encenderse por primera vez<\/p>\n<\/div>\n<\/div><\/div><\/div><\/div><div id=\"pgc-22684-6-4\"  class=\"panel-grid-cell\" ><div id=\"panel-22684-6-4-0\" class=\"so-panel widget widget_sow-editor panel-first-child\" data-index=\"15\" ><div class=\"panel-widget-style panel-widget-style-for-22684-6-4-0\" ><div\n\t\t\t\n\t\t\tclass=\"so-widget-sow-editor so-widget-sow-editor-base\"\n\t\t\t\n\t\t>\n<div class=\"siteorigin-widget-tinymce textwidget\">\n\t<p><img decoding=\"async\" class=\"aligncenter wp-image-18514 size-full\" src=\"https:\/\/www.telelogos.com\/wp-content\/uploads\/2021\/02\/kme-e1614161207143.png\" alt=\"\" width=\"299\" height=\"81\" srcset=\"https:\/\/www.telelogos.com\/wp-content\/uploads\/2021\/02\/kme-e1614161207143.png 299w, https:\/\/www.telelogos.com\/wp-content\/uploads\/2021\/02\/kme-e1614161207143-195x53.png 195w\" sizes=\"(max-width: 299px) 100vw, 299px\" \/><\/p>\n<\/div>\n<\/div><\/div><\/div><div id=\"panel-22684-6-4-1\" class=\"so-panel widget widget_sow-editor panel-last-child\" data-index=\"16\" ><div class=\"panel-widget-style panel-widget-style-for-22684-6-4-1\" ><div\n\t\t\t\n\t\t\tclass=\"so-widget-sow-editor so-widget-sow-editor-base\"\n\t\t\t\n\t\t>\n<div class=\"siteorigin-widget-tinymce textwidget\">\n\t<p style=\"text-align: center;\"><strong>Samsung KME<\/strong><\/p>\n<p style=\"text-align: center;\">Los administradores crean configuraciones de aprovisionamiento en Clyd y las aplican a los perif\u00e9ricos comprados a los revendedores autorizados. Estas configuraciones se aplican autom\u00e1ticamente a los perif\u00e9ricos al encenderse por primera vez.<\/p>\n<\/div>\n<\/div><\/div><\/div><\/div><\/div><\/div>","protected":false},"excerpt":{"rendered":"<p>\u00bfQu\u00e9 es Android Enterprise? El programa Android Enterprise de Google facilita la instalaci\u00f3n de las terminales Android en los entornos profesionales. Android Enterprise hace posible que cada empresa seleccione, [&hellip;]<\/p>\n","protected":false},"author":4,"featured_media":0,"parent":22690,"menu_order":326,"comment_status":"closed","ping_status":"closed","template":"page-solution.php","meta":{"footnotes":""},"class_list":["post-22684","page","type-page","status-publish","hentry"],"yoast_head":"<!-- This site is optimized with the Yoast SEO plugin v27.3 - https:\/\/yoast.com\/product\/yoast-seo-wordpress\/ -->\n<title>Android Enterprise - Telelogos<\/title>\n<meta name=\"description\" content=\"Clyd se integra con Android Enterprise para ofrecer una gesti\u00f3n avanzada y segura de dispositivos m\u00f3viles en entornos profesionales.\" \/>\n<meta name=\"robots\" content=\"index, follow, max-snippet:-1, max-image-preview:large, max-video-preview:-1\" \/>\n<link rel=\"canonical\" href=\"https:\/\/www.telelogos.com\/es\/soluciones\/gestion-dispositivos-moviles-clyd\/android-enterprise\/\" \/>\n<meta name=\"twitter:label1\" content=\"Est. reading time\" \/>\n\t<meta name=\"twitter:data1\" content=\"5 minutes\" \/>\n<script type=\"application\/ld+json\" class=\"yoast-schema-graph\">{\"@context\":\"https:\\\/\\\/schema.org\",\"@graph\":[{\"@type\":\"WebPage\",\"@id\":\"https:\\\/\\\/www.telelogos.com\\\/es\\\/soluciones\\\/gestion-dispositivos-moviles-clyd\\\/android-enterprise\\\/\",\"url\":\"https:\\\/\\\/www.telelogos.com\\\/es\\\/soluciones\\\/gestion-dispositivos-moviles-clyd\\\/android-enterprise\\\/\",\"name\":\"Android Enterprise - Telelogos\",\"isPartOf\":{\"@id\":\"https:\\\/\\\/www.telelogos.com\\\/es\\\/#website\"},\"primaryImageOfPage\":{\"@id\":\"https:\\\/\\\/www.telelogos.com\\\/es\\\/soluciones\\\/gestion-dispositivos-moviles-clyd\\\/android-enterprise\\\/#primaryimage\"},\"image\":{\"@id\":\"https:\\\/\\\/www.telelogos.com\\\/es\\\/soluciones\\\/gestion-dispositivos-moviles-clyd\\\/android-enterprise\\\/#primaryimage\"},\"thumbnailUrl\":\"https:\\\/\\\/www.telelogos.com\\\/wp-content\\\/uploads\\\/2021\\\/02\\\/android-round.png\",\"datePublished\":\"2021-02-24T09:47:17+00:00\",\"dateModified\":\"2025-03-20T16:15:18+00:00\",\"description\":\"Clyd se integra con Android Enterprise para ofrecer una gesti\u00f3n avanzada y segura de dispositivos m\u00f3viles en entornos profesionales.\",\"breadcrumb\":{\"@id\":\"https:\\\/\\\/www.telelogos.com\\\/es\\\/soluciones\\\/gestion-dispositivos-moviles-clyd\\\/android-enterprise\\\/#breadcrumb\"},\"inLanguage\":\"es-ES\",\"potentialAction\":[{\"@type\":\"ReadAction\",\"target\":[\"https:\\\/\\\/www.telelogos.com\\\/es\\\/soluciones\\\/gestion-dispositivos-moviles-clyd\\\/android-enterprise\\\/\"]}]},{\"@type\":\"ImageObject\",\"inLanguage\":\"es-ES\",\"@id\":\"https:\\\/\\\/www.telelogos.com\\\/es\\\/soluciones\\\/gestion-dispositivos-moviles-clyd\\\/android-enterprise\\\/#primaryimage\",\"url\":\"https:\\\/\\\/www.telelogos.com\\\/wp-content\\\/uploads\\\/2021\\\/02\\\/android-round.png\",\"contentUrl\":\"https:\\\/\\\/www.telelogos.com\\\/wp-content\\\/uploads\\\/2021\\\/02\\\/android-round.png\"},{\"@type\":\"BreadcrumbList\",\"@id\":\"https:\\\/\\\/www.telelogos.com\\\/es\\\/soluciones\\\/gestion-dispositivos-moviles-clyd\\\/android-enterprise\\\/#breadcrumb\",\"itemListElement\":[{\"@type\":\"ListItem\",\"position\":1,\"name\":\"Inicio\",\"item\":\"https:\\\/\\\/www.telelogos.com\\\/es\\\/\"},{\"@type\":\"ListItem\",\"position\":2,\"name\":\"Soluciones\",\"item\":\"https:\\\/\\\/www.telelogos.com\\\/es\\\/soluciones\\\/\"},{\"@type\":\"ListItem\",\"position\":3,\"name\":\"CLYD\",\"item\":\"https:\\\/\\\/www.telelogos.com\\\/es\\\/soluciones\\\/gestion-dispositivos-moviles-clyd\\\/\"},{\"@type\":\"ListItem\",\"position\":4,\"name\":\"Android Enterprise\"}]},{\"@type\":\"WebSite\",\"@id\":\"https:\\\/\\\/www.telelogos.com\\\/es\\\/#website\",\"url\":\"https:\\\/\\\/www.telelogos.com\\\/es\\\/\",\"name\":\"Telelogos\",\"description\":\"\",\"publisher\":{\"@id\":\"https:\\\/\\\/www.telelogos.com\\\/es\\\/#organization\"},\"potentialAction\":[{\"@type\":\"SearchAction\",\"target\":{\"@type\":\"EntryPoint\",\"urlTemplate\":\"https:\\\/\\\/www.telelogos.com\\\/es\\\/?s={search_term_string}\"},\"query-input\":{\"@type\":\"PropertyValueSpecification\",\"valueRequired\":true,\"valueName\":\"search_term_string\"}}],\"inLanguage\":\"es-ES\"},{\"@type\":\"Organization\",\"@id\":\"https:\\\/\\\/www.telelogos.com\\\/es\\\/#organization\",\"name\":\"Telelogos\",\"url\":\"https:\\\/\\\/www.telelogos.com\\\/es\\\/\",\"logo\":{\"@type\":\"ImageObject\",\"inLanguage\":\"es-ES\",\"@id\":\"https:\\\/\\\/www.telelogos.com\\\/es\\\/#\\\/schema\\\/logo\\\/image\\\/\",\"url\":\"https:\\\/\\\/www.telelogos.com\\\/wp-content\\\/uploads\\\/2022\\\/07\\\/Logo-Telelogos-e1664355618654.png\",\"contentUrl\":\"https:\\\/\\\/www.telelogos.com\\\/wp-content\\\/uploads\\\/2022\\\/07\\\/Logo-Telelogos-e1664355618654.png\",\"width\":100,\"height\":35,\"caption\":\"Telelogos\"},\"image\":{\"@id\":\"https:\\\/\\\/www.telelogos.com\\\/es\\\/#\\\/schema\\\/logo\\\/image\\\/\"},\"sameAs\":[\"https:\\\/\\\/fr.linkedin.com\\\/company\\\/telelogos\"]}]}<\/script>\n<!-- \/ Yoast SEO plugin. -->","yoast_head_json":{"title":"Android Enterprise - Telelogos","description":"Clyd se integra con Android Enterprise para ofrecer una gesti\u00f3n avanzada y segura de dispositivos m\u00f3viles en entornos profesionales.","robots":{"index":"index","follow":"follow","max-snippet":"max-snippet:-1","max-image-preview":"max-image-preview:large","max-video-preview":"max-video-preview:-1"},"canonical":"https:\/\/www.telelogos.com\/es\/soluciones\/gestion-dispositivos-moviles-clyd\/android-enterprise\/","twitter_misc":{"Est. reading time":"5 minutes"},"schema":{"@context":"https:\/\/schema.org","@graph":[{"@type":"WebPage","@id":"https:\/\/www.telelogos.com\/es\/soluciones\/gestion-dispositivos-moviles-clyd\/android-enterprise\/","url":"https:\/\/www.telelogos.com\/es\/soluciones\/gestion-dispositivos-moviles-clyd\/android-enterprise\/","name":"Android Enterprise - Telelogos","isPartOf":{"@id":"https:\/\/www.telelogos.com\/es\/#website"},"primaryImageOfPage":{"@id":"https:\/\/www.telelogos.com\/es\/soluciones\/gestion-dispositivos-moviles-clyd\/android-enterprise\/#primaryimage"},"image":{"@id":"https:\/\/www.telelogos.com\/es\/soluciones\/gestion-dispositivos-moviles-clyd\/android-enterprise\/#primaryimage"},"thumbnailUrl":"https:\/\/www.telelogos.com\/wp-content\/uploads\/2021\/02\/android-round.png","datePublished":"2021-02-24T09:47:17+00:00","dateModified":"2025-03-20T16:15:18+00:00","description":"Clyd se integra con Android Enterprise para ofrecer una gesti\u00f3n avanzada y segura de dispositivos m\u00f3viles en entornos profesionales.","breadcrumb":{"@id":"https:\/\/www.telelogos.com\/es\/soluciones\/gestion-dispositivos-moviles-clyd\/android-enterprise\/#breadcrumb"},"inLanguage":"es-ES","potentialAction":[{"@type":"ReadAction","target":["https:\/\/www.telelogos.com\/es\/soluciones\/gestion-dispositivos-moviles-clyd\/android-enterprise\/"]}]},{"@type":"ImageObject","inLanguage":"es-ES","@id":"https:\/\/www.telelogos.com\/es\/soluciones\/gestion-dispositivos-moviles-clyd\/android-enterprise\/#primaryimage","url":"https:\/\/www.telelogos.com\/wp-content\/uploads\/2021\/02\/android-round.png","contentUrl":"https:\/\/www.telelogos.com\/wp-content\/uploads\/2021\/02\/android-round.png"},{"@type":"BreadcrumbList","@id":"https:\/\/www.telelogos.com\/es\/soluciones\/gestion-dispositivos-moviles-clyd\/android-enterprise\/#breadcrumb","itemListElement":[{"@type":"ListItem","position":1,"name":"Inicio","item":"https:\/\/www.telelogos.com\/es\/"},{"@type":"ListItem","position":2,"name":"Soluciones","item":"https:\/\/www.telelogos.com\/es\/soluciones\/"},{"@type":"ListItem","position":3,"name":"CLYD","item":"https:\/\/www.telelogos.com\/es\/soluciones\/gestion-dispositivos-moviles-clyd\/"},{"@type":"ListItem","position":4,"name":"Android Enterprise"}]},{"@type":"WebSite","@id":"https:\/\/www.telelogos.com\/es\/#website","url":"https:\/\/www.telelogos.com\/es\/","name":"Telelogos","description":"","publisher":{"@id":"https:\/\/www.telelogos.com\/es\/#organization"},"potentialAction":[{"@type":"SearchAction","target":{"@type":"EntryPoint","urlTemplate":"https:\/\/www.telelogos.com\/es\/?s={search_term_string}"},"query-input":{"@type":"PropertyValueSpecification","valueRequired":true,"valueName":"search_term_string"}}],"inLanguage":"es-ES"},{"@type":"Organization","@id":"https:\/\/www.telelogos.com\/es\/#organization","name":"Telelogos","url":"https:\/\/www.telelogos.com\/es\/","logo":{"@type":"ImageObject","inLanguage":"es-ES","@id":"https:\/\/www.telelogos.com\/es\/#\/schema\/logo\/image\/","url":"https:\/\/www.telelogos.com\/wp-content\/uploads\/2022\/07\/Logo-Telelogos-e1664355618654.png","contentUrl":"https:\/\/www.telelogos.com\/wp-content\/uploads\/2022\/07\/Logo-Telelogos-e1664355618654.png","width":100,"height":35,"caption":"Telelogos"},"image":{"@id":"https:\/\/www.telelogos.com\/es\/#\/schema\/logo\/image\/"},"sameAs":["https:\/\/fr.linkedin.com\/company\/telelogos"]}]}},"_links":{"self":[{"href":"https:\/\/www.telelogos.com\/es\/wp-json\/wp\/v2\/pages\/22684","targetHints":{"allow":["GET"]}}],"collection":[{"href":"https:\/\/www.telelogos.com\/es\/wp-json\/wp\/v2\/pages"}],"about":[{"href":"https:\/\/www.telelogos.com\/es\/wp-json\/wp\/v2\/types\/page"}],"author":[{"embeddable":true,"href":"https:\/\/www.telelogos.com\/es\/wp-json\/wp\/v2\/users\/4"}],"replies":[{"embeddable":true,"href":"https:\/\/www.telelogos.com\/es\/wp-json\/wp\/v2\/comments?post=22684"}],"version-history":[{"count":5,"href":"https:\/\/www.telelogos.com\/es\/wp-json\/wp\/v2\/pages\/22684\/revisions"}],"predecessor-version":[{"id":58404,"href":"https:\/\/www.telelogos.com\/es\/wp-json\/wp\/v2\/pages\/22684\/revisions\/58404"}],"up":[{"embeddable":true,"href":"https:\/\/www.telelogos.com\/es\/wp-json\/wp\/v2\/pages\/22690"}],"wp:attachment":[{"href":"https:\/\/www.telelogos.com\/es\/wp-json\/wp\/v2\/media?parent=22684"}],"curies":[{"name":"wp","href":"https:\/\/api.w.org\/{rel}","templated":true}]}}