{"id":22685,"date":"2021-02-24T10:40:14","date_gmt":"2021-02-24T08:40:14","guid":{"rendered":"https:\/\/www.telelogos.com\/clyd-pour-les-services-forces-de-vente\/"},"modified":"2023-12-04T16:09:53","modified_gmt":"2023-12-04T14:09:53","slug":"clyd-para-los-servicios-fuerza-de-ventas","status":"publish","type":"page","link":"https:\/\/www.telelogos.com\/es\/soluciones\/gestion-dispositivos-moviles-clyd\/clyd-para-los-servicios-fuerza-de-ventas\/","title":{"rendered":"CLYD para los servicios y Fuerza de ventas"},"content":{"rendered":"<div id=\"pl-22685\"  class=\"panel-layout\" ><div id=\"pg-22685-0\"  class=\"panel-grid panel-no-style\" ><div id=\"pgc-22685-0-0\"  class=\"panel-grid-cell\" ><div id=\"panel-22685-0-0-0\" class=\"so-panel widget widget_sow-editor panel-first-child panel-last-child\" data-index=\"0\" ><div class=\"animation_gauche_droite panel-widget-style panel-widget-style-for-22685-0-0-0\" ><div\n\t\t\t\n\t\t\tclass=\"so-widget-sow-editor so-widget-sow-editor-base\"\n\t\t\t\n\t\t>\n<div class=\"siteorigin-widget-tinymce textwidget\">\n\t<p><img decoding=\"async\" class=\"alignnone size-full wp-image-20686\" src=\"https:\/\/www.telelogos.com\/wp-content\/uploads\/2021\/04\/2-1.jpg\" alt=\"\" width=\"1000\" height=\"750\" srcset=\"https:\/\/www.telelogos.com\/wp-content\/uploads\/2021\/04\/2-1.jpg 1000w, https:\/\/www.telelogos.com\/wp-content\/uploads\/2021\/04\/2-1-300x225.jpg 300w, https:\/\/www.telelogos.com\/wp-content\/uploads\/2021\/04\/2-1-195x146.jpg 195w\" sizes=\"(max-width: 1000px) 100vw, 1000px\" \/><\/p>\n<\/div>\n<\/div><\/div><\/div><\/div><div id=\"pgc-22685-0-1\"  class=\"panel-grid-cell\" ><div id=\"panel-22685-0-1-0\" class=\"so-panel widget widget_sow-editor panel-first-child panel-last-child\" data-index=\"1\" ><div class=\"panel-widget-style panel-widget-style-for-22685-0-1-0\" ><div\n\t\t\t\n\t\t\tclass=\"so-widget-sow-editor so-widget-sow-editor-base\"\n\t\t\t\n\t\t>\n<div class=\"siteorigin-widget-tinymce textwidget\">\n\t<p>&nbsp;<\/p>\n<h2>Software MDM para los trabajadores n\u00f3mades<\/h2>\n<p>Equipar a los trabajadores en campo (Field Service Management, Sales Force Automation, etc.) con soluciones digitales m\u00f3viles (smartphones, tabletas) ha pasado a ser indispensable para poder dar respuesta a los nuevos desaf\u00edos. En efecto, los equipos comerciales o sobre el terreno tienen que disponer permanentemente y en tiempo real de informaci\u00f3n actualizada, tanto t\u00e9cnica como referida a los clientes, para aumentar su rendimiento y productividad.<\/p>\n<\/div>\n<\/div><\/div><\/div><\/div><\/div><div id=\"pg-22685-1\"  class=\"panel-grid panel-has-style\" ><div class=\"siteorigin-panels-stretch panel-row-style panel-row-style-for-22685-1\" data-stretch-type=\"full\" ><div id=\"pgc-22685-1-0\"  class=\"panel-grid-cell\" ><div id=\"panel-22685-1-0-0\" class=\"so-panel widget widget_sow-editor panel-first-child\" data-index=\"2\" ><div class=\"panel-widget-style panel-widget-style-for-22685-1-0-0\" ><div\n\t\t\t\n\t\t\tclass=\"so-widget-sow-editor so-widget-sow-editor-base\"\n\t\t\t\n\t\t>\n<div class=\"siteorigin-widget-tinymce textwidget\">\n\t<p><\/p>\n<h2 style=\"text-align: center;\">Objetivos principales<\/h2>\n<\/div>\n<\/div><\/div><\/div><div id=\"panel-22685-1-0-1\" class=\"so-panel widget widget_siteorigin-panels-builder panel-last-child\" data-index=\"3\" ><div class=\"bloc_picto panel-widget-style panel-widget-style-for-22685-1-0-1\" ><div id=\"pl-w615d7ea7d846a\"  class=\"panel-layout\" ><div id=\"pg-w615d7ea7d846a-0\"  class=\"panel-grid panel-no-style\" ><div id=\"pgc-w615d7ea7d846a-0-0\"  class=\"panel-grid-cell\" ><div id=\"panel-w615d7ea7d846a-0-0-0\" class=\"so-panel widget widget_sow-editor panel-first-child\" data-index=\"0\" ><div class=\"image panel-widget-style panel-widget-style-for-w615d7ea7d846a-0-0-0\" ><div\n\t\t\t\n\t\t\tclass=\"so-widget-sow-editor so-widget-sow-editor-base\"\n\t\t\t\n\t\t>\n<div class=\"siteorigin-widget-tinymce textwidget\">\n\t<p><img decoding=\"async\" class=\"alignnone size-full wp-image-18911\" src=\"https:\/\/www.telelogos.com\/wp-content\/uploads\/2021\/02\/clyd-02.png\" alt=\"\" width=\"70\" height=\"70\"><\/p>\n<\/div>\n<\/div><\/div><\/div><div id=\"panel-w615d7ea7d846a-0-0-1\" class=\"so-panel widget widget_sow-editor\" data-index=\"1\" ><div class=\"titre panel-widget-style panel-widget-style-for-w615d7ea7d846a-0-0-1\" ><div\n\t\t\t\n\t\t\tclass=\"so-widget-sow-editor so-widget-sow-editor-base\"\n\t\t\t\n\t\t>\n<div class=\"siteorigin-widget-tinymce textwidget\">\n\t<p>Mantener<\/p>\n<\/div>\n<\/div><\/div><\/div><div id=\"panel-w615d7ea7d846a-0-0-2\" class=\"so-panel widget widget_sow-editor panel-last-child\" data-index=\"2\" ><div\n\t\t\t\n\t\t\tclass=\"so-widget-sow-editor so-widget-sow-editor-base\"\n\t\t\t\n\t\t>\n<div class=\"siteorigin-widget-tinymce textwidget\">\n\t<p style=\"text-align: center;\">Garantizar las evoluciones de los aplicativos y la actualizaci\u00f3n de las bases de documentos y medios de difusi\u00f3n de toda la flota<\/p>\n<\/div>\n<\/div><\/div><\/div><div id=\"pgc-w615d7ea7d846a-0-1\"  class=\"panel-grid-cell\" ><div id=\"panel-w615d7ea7d846a-0-1-0\" class=\"so-panel widget widget_sow-editor panel-first-child\" data-index=\"3\" ><div class=\"image panel-widget-style panel-widget-style-for-w615d7ea7d846a-0-1-0\" ><div\n\t\t\t\n\t\t\tclass=\"so-widget-sow-editor so-widget-sow-editor-base\"\n\t\t\t\n\t\t>\n<div class=\"siteorigin-widget-tinymce textwidget\">\n\t<p><img decoding=\"async\" class=\"alignnone size-full wp-image-18921\" src=\"https:\/\/www.telelogos.com\/wp-content\/uploads\/2021\/02\/clyd-07.png\" alt=\"\" width=\"70\" height=\"70\"><\/p>\n<\/div>\n<\/div><\/div><\/div><div id=\"panel-w615d7ea7d846a-0-1-1\" class=\"so-panel widget widget_sow-editor\" data-index=\"4\" ><div class=\"titre panel-widget-style panel-widget-style-for-w615d7ea7d846a-0-1-1\" ><div\n\t\t\t\n\t\t\tclass=\"so-widget-sow-editor so-widget-sow-editor-base\"\n\t\t\t\n\t\t>\n<div class=\"siteorigin-widget-tinymce textwidget\">\n\t<p>Vigilar<\/p>\n<\/div>\n<\/div><\/div><\/div><div id=\"panel-w615d7ea7d846a-0-1-2\" class=\"so-panel widget widget_sow-editor panel-last-child\" data-index=\"5\" ><div\n\t\t\t\n\t\t\tclass=\"so-widget-sow-editor so-widget-sow-editor-base\"\n\t\t\t\n\t\t>\n<div class=\"siteorigin-widget-tinymce textwidget\">\n\t<p style=\"text-align: center;\">Monitorear en tiempo real toda la flota inform\u00e1tica y asegurarse de que cumpla con el est\u00e1ndar de referencia de la empresa.<\/p>\n<\/div>\n<\/div><\/div><\/div><div id=\"pgc-w615d7ea7d846a-0-2\"  class=\"panel-grid-cell\" ><div id=\"panel-w615d7ea7d846a-0-2-0\" class=\"so-panel widget widget_sow-editor panel-first-child\" data-index=\"6\" ><div class=\"image panel-widget-style panel-widget-style-for-w615d7ea7d846a-0-2-0\" ><div\n\t\t\t\n\t\t\tclass=\"so-widget-sow-editor so-widget-sow-editor-base\"\n\t\t\t\n\t\t>\n<div class=\"siteorigin-widget-tinymce textwidget\">\n\t<p><img decoding=\"async\" class=\"alignnone size-full wp-image-18909\" src=\"https:\/\/www.telelogos.com\/wp-content\/uploads\/2021\/02\/clyd-01.png\" alt=\"\" width=\"70\" height=\"70\"><\/p>\n<\/div>\n<\/div><\/div><\/div><div id=\"panel-w615d7ea7d846a-0-2-1\" class=\"so-panel widget widget_sow-editor\" data-index=\"7\" ><div class=\"titre panel-widget-style panel-widget-style-for-w615d7ea7d846a-0-2-1\" ><div\n\t\t\t\n\t\t\tclass=\"so-widget-sow-editor so-widget-sow-editor-base\"\n\t\t\t\n\t\t>\n<div class=\"siteorigin-widget-tinymce textwidget\">\n\t<p>Segurizar<\/p>\n<\/div>\n<\/div><\/div><\/div><div id=\"panel-w615d7ea7d846a-0-2-2\" class=\"so-panel widget widget_sow-editor panel-last-child\" data-index=\"8\" ><div\n\t\t\t\n\t\t\tclass=\"so-widget-sow-editor so-widget-sow-editor-base\"\n\t\t\t\n\t\t>\n<div class=\"siteorigin-widget-tinymce textwidget\">\n\t<p>Eliminar las manipulaciones inadecuadas del usuario insistiendo en el uso profesional del dispositivo y actuar en caso de robo\/p\u00e9rdida de la terminal<\/p>\n<\/div>\n<\/div><\/div><\/div><\/div><\/div><\/div><\/div><\/div><\/div><\/div><div id=\"pg-22685-2\"  class=\"panel-grid panel-has-style\" ><div class=\"panel-row-style panel-row-style-for-22685-2\" ><div id=\"pgc-22685-2-0\"  class=\"panel-grid-cell\" ><div id=\"panel-22685-2-0-0\" class=\"so-panel widget widget_sow-editor panel-first-child panel-last-child\" data-index=\"4\" ><div class=\"panel-widget-style panel-widget-style-for-22685-2-0-0\" ><div\n\t\t\t\n\t\t\tclass=\"so-widget-sow-editor so-widget-sow-editor-base\"\n\t\t\t\n\t\t>\n<div class=\"siteorigin-widget-tinymce textwidget\">\n\t<div class=\"h3-like\">Caracter\u00edsticas<\/div>\n<p>&nbsp;<\/p>\n<ul>\n<li>Uso de la tableta restringido a las aplicaciones y opciones de configuraci\u00f3n autorizadas<\/li>\n<li>Gesti\u00f3n de la terminal al conducir<\/li>\n<li>Instalaci\u00f3n de nuevas aplicaciones y actualizaci\u00f3n remota, parche de seguridad, etc.<\/li>\n<li>Inventario de hardware y software<\/li>\n<li>Aprovisionamiento de los par\u00e1metros de seguridad y actualizaci\u00f3n del sistema<\/li>\n<li>Vigilancia y control del estado de las terminales<\/li>\n<li>Control remoto<\/li>\n<li>Geolocalizaci\u00f3n<\/li>\n<li>Geofencing<\/li>\n<li>Sincronizaci\u00f3n de toda clase de archivos y estructuras<\/li>\n<\/ul>\n<\/div>\n<\/div><\/div><\/div><\/div><div id=\"pgc-22685-2-1\"  class=\"panel-grid-cell\" ><div id=\"panel-22685-2-1-0\" class=\"so-panel widget widget_sow-editor panel-first-child panel-last-child\" data-index=\"5\" ><div class=\"panel-widget-style panel-widget-style-for-22685-2-1-0\" ><div\n\t\t\t\n\t\t\tclass=\"so-widget-sow-editor so-widget-sow-editor-base\"\n\t\t\t\n\t\t>\n<div class=\"siteorigin-widget-tinymce textwidget\">\n\t<div class=\"h3-like\">Usos pr\u00e1cticos<\/div>\n<p>&nbsp;<\/p>\n<ul>\n<li>Sincronizaci\u00f3n y actualizaci\u00f3n autom\u00e1tica de normas de referencia o instrucciones t\u00e9cnicas para el personal t\u00e9cnico<\/li>\n<li>Desactivaci\u00f3n del modo t\u00e1ctil del smartphone al conducir para garantizar la seguridad del colaborador y de su entorno<\/li>\n<li>Geolocalizaci\u00f3n: seguimiento del itinerario del trabajador<\/li>\n<li>Geofencing de tabletas. Si el t\u00e9cnico sale de su zona de trabajo y queda fuera de un per\u00edmetro determinado, se emite una alarma para el administrador.<\/li>\n<li>Eliminaci\u00f3n de datos de la terminal en caso de robo\/p\u00e9rdida<\/li>\n<li>Instalaci\u00f3n y actualizaci\u00f3n de las aplicaciones profesionales<\/li>\n<li>Visibilidad y gesti\u00f3n de conformidad de las terminales con respecto a las normas de referencia de la empresa (versi\u00f3n de aplicaci\u00f3n profesional, conexi\u00f3n, etc.)<\/li>\n<li>Vigilancia del estado de las terminales: alarma y activaci\u00f3n de acciones autom\u00e1ticas en caso de falla.<\/li>\n<\/ul>\n<\/div>\n<\/div><\/div><\/div><\/div><\/div><\/div><div id=\"pg-22685-3\"  class=\"panel-grid panel-no-style\" ><div id=\"pgc-22685-3-0\"  class=\"panel-grid-cell\" ><div id=\"panel-22685-3-0-0\" class=\"widget_text so-panel widget widget_custom_html panel-first-child panel-last-child\" data-index=\"6\" ><div class=\"textwidget custom-html-widget\"><div class=\"so-iframe-wrapper <?php if (!wp_is_mobile()) { echo 'no-padding'; } ?>\">\n<iframe src=\"https:\/\/business.telelogos.com\/form-clyd-es\">height=\"825px\" width=\"1200px\"style=\"border:0px #ffffff none;\" <\/iframe>\n<\/div><\/div><\/div><\/div><\/div><\/div>","protected":false},"excerpt":{"rendered":"<p>&nbsp; Software MDM para los trabajadores n\u00f3mades Equipar a los trabajadores en campo (Field Service Management, Sales Force Automation, etc.) con soluciones digitales m\u00f3viles (smartphones, tabletas) ha pasado a [&hellip;]<\/p>\n","protected":false},"author":4,"featured_media":0,"parent":22690,"menu_order":338,"comment_status":"closed","ping_status":"closed","template":"page-solution.php","meta":{"footnotes":""},"class_list":["post-22685","page","type-page","status-publish","hentry"],"yoast_head":"<!-- This site is optimized with the Yoast SEO plugin v27.3 - https:\/\/yoast.com\/product\/yoast-seo-wordpress\/ -->\n<title>CLYD para los servicios y Fuerza de ventas<\/title>\n<meta name=\"description\" content=\"Equipar a los empleados m\u00f3viles (gesti\u00f3n de servicios de campo, automatizaci\u00f3n de la fuerza de ventas,...) con soluciones m\u00f3viles digitales (smartphones, tabletas) se ha convertido en algo esencial para el sector para hacer frente a los nuevos retos.\" \/>\n<meta name=\"robots\" content=\"index, follow, max-snippet:-1, max-image-preview:large, max-video-preview:-1\" \/>\n<link rel=\"canonical\" href=\"https:\/\/www.telelogos.com\/es\/soluciones\/gestion-dispositivos-moviles-clyd\/clyd-para-los-servicios-fuerza-de-ventas\/\" \/>\n<meta name=\"twitter:label1\" content=\"Est. reading time\" \/>\n\t<meta name=\"twitter:data1\" content=\"3 minutes\" \/>\n<script type=\"application\/ld+json\" class=\"yoast-schema-graph\">{\"@context\":\"https:\\\/\\\/schema.org\",\"@graph\":[{\"@type\":\"WebPage\",\"@id\":\"https:\\\/\\\/www.telelogos.com\\\/es\\\/soluciones\\\/gestion-dispositivos-moviles-clyd\\\/clyd-para-los-servicios-fuerza-de-ventas\\\/\",\"url\":\"https:\\\/\\\/www.telelogos.com\\\/es\\\/soluciones\\\/gestion-dispositivos-moviles-clyd\\\/clyd-para-los-servicios-fuerza-de-ventas\\\/\",\"name\":\"CLYD para los servicios y Fuerza de ventas\",\"isPartOf\":{\"@id\":\"https:\\\/\\\/www.telelogos.com\\\/es\\\/#website\"},\"primaryImageOfPage\":{\"@id\":\"https:\\\/\\\/www.telelogos.com\\\/es\\\/soluciones\\\/gestion-dispositivos-moviles-clyd\\\/clyd-para-los-servicios-fuerza-de-ventas\\\/#primaryimage\"},\"image\":{\"@id\":\"https:\\\/\\\/www.telelogos.com\\\/es\\\/soluciones\\\/gestion-dispositivos-moviles-clyd\\\/clyd-para-los-servicios-fuerza-de-ventas\\\/#primaryimage\"},\"thumbnailUrl\":\"https:\\\/\\\/www.telelogos.com\\\/wp-content\\\/uploads\\\/2021\\\/04\\\/2-1.jpg\",\"datePublished\":\"2021-02-24T08:40:14+00:00\",\"dateModified\":\"2023-12-04T14:09:53+00:00\",\"description\":\"Equipar a los empleados m\u00f3viles (gesti\u00f3n de servicios de campo, automatizaci\u00f3n de la fuerza de ventas,...) con soluciones m\u00f3viles digitales (smartphones, tabletas) se ha convertido en algo esencial para el sector para hacer frente a los nuevos retos.\",\"breadcrumb\":{\"@id\":\"https:\\\/\\\/www.telelogos.com\\\/es\\\/soluciones\\\/gestion-dispositivos-moviles-clyd\\\/clyd-para-los-servicios-fuerza-de-ventas\\\/#breadcrumb\"},\"inLanguage\":\"es-ES\",\"potentialAction\":[{\"@type\":\"ReadAction\",\"target\":[\"https:\\\/\\\/www.telelogos.com\\\/es\\\/soluciones\\\/gestion-dispositivos-moviles-clyd\\\/clyd-para-los-servicios-fuerza-de-ventas\\\/\"]}]},{\"@type\":\"ImageObject\",\"inLanguage\":\"es-ES\",\"@id\":\"https:\\\/\\\/www.telelogos.com\\\/es\\\/soluciones\\\/gestion-dispositivos-moviles-clyd\\\/clyd-para-los-servicios-fuerza-de-ventas\\\/#primaryimage\",\"url\":\"https:\\\/\\\/www.telelogos.com\\\/wp-content\\\/uploads\\\/2021\\\/04\\\/2-1.jpg\",\"contentUrl\":\"https:\\\/\\\/www.telelogos.com\\\/wp-content\\\/uploads\\\/2021\\\/04\\\/2-1.jpg\"},{\"@type\":\"BreadcrumbList\",\"@id\":\"https:\\\/\\\/www.telelogos.com\\\/es\\\/soluciones\\\/gestion-dispositivos-moviles-clyd\\\/clyd-para-los-servicios-fuerza-de-ventas\\\/#breadcrumb\",\"itemListElement\":[{\"@type\":\"ListItem\",\"position\":1,\"name\":\"Inicio\",\"item\":\"https:\\\/\\\/www.telelogos.com\\\/es\\\/\"},{\"@type\":\"ListItem\",\"position\":2,\"name\":\"Soluciones\",\"item\":\"https:\\\/\\\/www.telelogos.com\\\/es\\\/soluciones\\\/\"},{\"@type\":\"ListItem\",\"position\":3,\"name\":\"CLYD\",\"item\":\"https:\\\/\\\/www.telelogos.com\\\/es\\\/soluciones\\\/gestion-dispositivos-moviles-clyd\\\/\"},{\"@type\":\"ListItem\",\"position\":4,\"name\":\"CLYD para los servicios y Fuerza de ventas\"}]},{\"@type\":\"WebSite\",\"@id\":\"https:\\\/\\\/www.telelogos.com\\\/es\\\/#website\",\"url\":\"https:\\\/\\\/www.telelogos.com\\\/es\\\/\",\"name\":\"Telelogos\",\"description\":\"\",\"publisher\":{\"@id\":\"https:\\\/\\\/www.telelogos.com\\\/es\\\/#organization\"},\"potentialAction\":[{\"@type\":\"SearchAction\",\"target\":{\"@type\":\"EntryPoint\",\"urlTemplate\":\"https:\\\/\\\/www.telelogos.com\\\/es\\\/?s={search_term_string}\"},\"query-input\":{\"@type\":\"PropertyValueSpecification\",\"valueRequired\":true,\"valueName\":\"search_term_string\"}}],\"inLanguage\":\"es-ES\"},{\"@type\":\"Organization\",\"@id\":\"https:\\\/\\\/www.telelogos.com\\\/es\\\/#organization\",\"name\":\"Telelogos\",\"url\":\"https:\\\/\\\/www.telelogos.com\\\/es\\\/\",\"logo\":{\"@type\":\"ImageObject\",\"inLanguage\":\"es-ES\",\"@id\":\"https:\\\/\\\/www.telelogos.com\\\/es\\\/#\\\/schema\\\/logo\\\/image\\\/\",\"url\":\"https:\\\/\\\/www.telelogos.com\\\/wp-content\\\/uploads\\\/2022\\\/07\\\/Logo-Telelogos-e1664355618654.png\",\"contentUrl\":\"https:\\\/\\\/www.telelogos.com\\\/wp-content\\\/uploads\\\/2022\\\/07\\\/Logo-Telelogos-e1664355618654.png\",\"width\":100,\"height\":35,\"caption\":\"Telelogos\"},\"image\":{\"@id\":\"https:\\\/\\\/www.telelogos.com\\\/es\\\/#\\\/schema\\\/logo\\\/image\\\/\"},\"sameAs\":[\"https:\\\/\\\/fr.linkedin.com\\\/company\\\/telelogos\"]}]}<\/script>\n<!-- \/ Yoast SEO plugin. -->","yoast_head_json":{"title":"CLYD para los servicios y Fuerza de ventas","description":"Equipar a los empleados m\u00f3viles (gesti\u00f3n de servicios de campo, automatizaci\u00f3n de la fuerza de ventas,...) con soluciones m\u00f3viles digitales (smartphones, tabletas) se ha convertido en algo esencial para el sector para hacer frente a los nuevos retos.","robots":{"index":"index","follow":"follow","max-snippet":"max-snippet:-1","max-image-preview":"max-image-preview:large","max-video-preview":"max-video-preview:-1"},"canonical":"https:\/\/www.telelogos.com\/es\/soluciones\/gestion-dispositivos-moviles-clyd\/clyd-para-los-servicios-fuerza-de-ventas\/","twitter_misc":{"Est. reading time":"3 minutes"},"schema":{"@context":"https:\/\/schema.org","@graph":[{"@type":"WebPage","@id":"https:\/\/www.telelogos.com\/es\/soluciones\/gestion-dispositivos-moviles-clyd\/clyd-para-los-servicios-fuerza-de-ventas\/","url":"https:\/\/www.telelogos.com\/es\/soluciones\/gestion-dispositivos-moviles-clyd\/clyd-para-los-servicios-fuerza-de-ventas\/","name":"CLYD para los servicios y Fuerza de ventas","isPartOf":{"@id":"https:\/\/www.telelogos.com\/es\/#website"},"primaryImageOfPage":{"@id":"https:\/\/www.telelogos.com\/es\/soluciones\/gestion-dispositivos-moviles-clyd\/clyd-para-los-servicios-fuerza-de-ventas\/#primaryimage"},"image":{"@id":"https:\/\/www.telelogos.com\/es\/soluciones\/gestion-dispositivos-moviles-clyd\/clyd-para-los-servicios-fuerza-de-ventas\/#primaryimage"},"thumbnailUrl":"https:\/\/www.telelogos.com\/wp-content\/uploads\/2021\/04\/2-1.jpg","datePublished":"2021-02-24T08:40:14+00:00","dateModified":"2023-12-04T14:09:53+00:00","description":"Equipar a los empleados m\u00f3viles (gesti\u00f3n de servicios de campo, automatizaci\u00f3n de la fuerza de ventas,...) con soluciones m\u00f3viles digitales (smartphones, tabletas) se ha convertido en algo esencial para el sector para hacer frente a los nuevos retos.","breadcrumb":{"@id":"https:\/\/www.telelogos.com\/es\/soluciones\/gestion-dispositivos-moviles-clyd\/clyd-para-los-servicios-fuerza-de-ventas\/#breadcrumb"},"inLanguage":"es-ES","potentialAction":[{"@type":"ReadAction","target":["https:\/\/www.telelogos.com\/es\/soluciones\/gestion-dispositivos-moviles-clyd\/clyd-para-los-servicios-fuerza-de-ventas\/"]}]},{"@type":"ImageObject","inLanguage":"es-ES","@id":"https:\/\/www.telelogos.com\/es\/soluciones\/gestion-dispositivos-moviles-clyd\/clyd-para-los-servicios-fuerza-de-ventas\/#primaryimage","url":"https:\/\/www.telelogos.com\/wp-content\/uploads\/2021\/04\/2-1.jpg","contentUrl":"https:\/\/www.telelogos.com\/wp-content\/uploads\/2021\/04\/2-1.jpg"},{"@type":"BreadcrumbList","@id":"https:\/\/www.telelogos.com\/es\/soluciones\/gestion-dispositivos-moviles-clyd\/clyd-para-los-servicios-fuerza-de-ventas\/#breadcrumb","itemListElement":[{"@type":"ListItem","position":1,"name":"Inicio","item":"https:\/\/www.telelogos.com\/es\/"},{"@type":"ListItem","position":2,"name":"Soluciones","item":"https:\/\/www.telelogos.com\/es\/soluciones\/"},{"@type":"ListItem","position":3,"name":"CLYD","item":"https:\/\/www.telelogos.com\/es\/soluciones\/gestion-dispositivos-moviles-clyd\/"},{"@type":"ListItem","position":4,"name":"CLYD para los servicios y Fuerza de ventas"}]},{"@type":"WebSite","@id":"https:\/\/www.telelogos.com\/es\/#website","url":"https:\/\/www.telelogos.com\/es\/","name":"Telelogos","description":"","publisher":{"@id":"https:\/\/www.telelogos.com\/es\/#organization"},"potentialAction":[{"@type":"SearchAction","target":{"@type":"EntryPoint","urlTemplate":"https:\/\/www.telelogos.com\/es\/?s={search_term_string}"},"query-input":{"@type":"PropertyValueSpecification","valueRequired":true,"valueName":"search_term_string"}}],"inLanguage":"es-ES"},{"@type":"Organization","@id":"https:\/\/www.telelogos.com\/es\/#organization","name":"Telelogos","url":"https:\/\/www.telelogos.com\/es\/","logo":{"@type":"ImageObject","inLanguage":"es-ES","@id":"https:\/\/www.telelogos.com\/es\/#\/schema\/logo\/image\/","url":"https:\/\/www.telelogos.com\/wp-content\/uploads\/2022\/07\/Logo-Telelogos-e1664355618654.png","contentUrl":"https:\/\/www.telelogos.com\/wp-content\/uploads\/2022\/07\/Logo-Telelogos-e1664355618654.png","width":100,"height":35,"caption":"Telelogos"},"image":{"@id":"https:\/\/www.telelogos.com\/es\/#\/schema\/logo\/image\/"},"sameAs":["https:\/\/fr.linkedin.com\/company\/telelogos"]}]}},"_links":{"self":[{"href":"https:\/\/www.telelogos.com\/es\/wp-json\/wp\/v2\/pages\/22685","targetHints":{"allow":["GET"]}}],"collection":[{"href":"https:\/\/www.telelogos.com\/es\/wp-json\/wp\/v2\/pages"}],"about":[{"href":"https:\/\/www.telelogos.com\/es\/wp-json\/wp\/v2\/types\/page"}],"author":[{"embeddable":true,"href":"https:\/\/www.telelogos.com\/es\/wp-json\/wp\/v2\/users\/4"}],"replies":[{"embeddable":true,"href":"https:\/\/www.telelogos.com\/es\/wp-json\/wp\/v2\/comments?post=22685"}],"version-history":[{"count":7,"href":"https:\/\/www.telelogos.com\/es\/wp-json\/wp\/v2\/pages\/22685\/revisions"}],"predecessor-version":[{"id":41861,"href":"https:\/\/www.telelogos.com\/es\/wp-json\/wp\/v2\/pages\/22685\/revisions\/41861"}],"up":[{"embeddable":true,"href":"https:\/\/www.telelogos.com\/es\/wp-json\/wp\/v2\/pages\/22690"}],"wp:attachment":[{"href":"https:\/\/www.telelogos.com\/es\/wp-json\/wp\/v2\/media?parent=22685"}],"curies":[{"name":"wp","href":"https:\/\/api.w.org\/{rel}","templated":true}]}}