{"id":22689,"date":"2021-02-23T18:39:35","date_gmt":"2021-02-23T16:39:35","guid":{"rendered":"https:\/\/www.telelogos.com\/clyd-pour-lenseignement\/"},"modified":"2025-04-11T16:00:43","modified_gmt":"2025-04-11T14:00:43","slug":"clyd-para-la-ensenanza","status":"publish","type":"page","link":"https:\/\/www.telelogos.com\/es\/soluciones\/gestion-dispositivos-moviles-clyd\/clyd-para-la-ensenanza\/","title":{"rendered":"CLYD para la ense\u00f1anza"},"content":{"rendered":"<div id=\"pl-22689\"  class=\"panel-layout\" ><div id=\"pg-22689-0\"  class=\"panel-grid panel-no-style\" ><div id=\"pgc-22689-0-0\"  class=\"panel-grid-cell\" ><div id=\"panel-22689-0-0-0\" class=\"so-panel widget widget_sow-editor panel-first-child panel-last-child\" data-index=\"0\" ><div class=\"animation_gauche_droite panel-widget-style panel-widget-style-for-22689-0-0-0\" ><div\n\t\t\t\n\t\t\tclass=\"so-widget-sow-editor so-widget-sow-editor-base\"\n\t\t\t\n\t\t>\n<div class=\"siteorigin-widget-tinymce textwidget\">\n\t<p><img decoding=\"async\" class=\"aligncenter size-full wp-image-18410\" src=\"https:\/\/www.telelogos.com\/wp-content\/uploads\/2021\/02\/Education-MDM.png\" alt=\"\" width=\"850\" height=\"619\" srcset=\"https:\/\/www.telelogos.com\/wp-content\/uploads\/2021\/02\/Education-MDM.png 850w, https:\/\/www.telelogos.com\/wp-content\/uploads\/2021\/02\/Education-MDM-300x218.png 300w, https:\/\/www.telelogos.com\/wp-content\/uploads\/2021\/02\/Education-MDM-195x142.png 195w\" sizes=\"(max-width: 850px) 100vw, 850px\" \/><\/p>\n<\/div>\n<\/div><\/div><\/div><\/div><div id=\"pgc-22689-0-1\"  class=\"panel-grid-cell\" ><div id=\"panel-22689-0-1-0\" class=\"so-panel widget widget_sow-editor panel-first-child panel-last-child\" data-index=\"1\" ><div class=\"panel-widget-style panel-widget-style-for-22689-0-1-0\" ><div\n\t\t\t\n\t\t\tclass=\"so-widget-sow-editor so-widget-sow-editor-base\"\n\t\t\t\n\t\t>\n<div class=\"siteorigin-widget-tinymce textwidget\">\n\t<h2>CLYD, software MDM adaptado al sector de la educaci\u00f3n<\/h2>\n<p>La digitalizaci\u00f3n y la movilidad ahora son indispensables en la pr\u00e1ctica pedag\u00f3gica, desde el jard\u00edn de infantes hasta la universidad, incluso en capacitaciones laborales. Las clases m\u00f3viles y digitales se han convertido en algo imprescindible: desde la dotaci\u00f3n de herramientas de evaluaci\u00f3n o cuestionarios en tabletas con Android, los equipos de tabletas educativas para los ni\u00f1os, los equipos de salas de capacitaci\u00f3n profesional, hasta las aplicaciones de realidad aumentada o 3D para los profesores de tecnolog\u00eda, etc.<\/p>\n<p>Por eso es crucial brindar a los docentes, formadores y equipos inform\u00e1ticos las herramientas necesarias para hacer m\u00e1s seguros esos equipos, establecer pautas para que su uso se limite a las herramientas pedag\u00f3gicas y garantizar que se mantengan en condiciones operativas.<\/p>\n<\/div>\n<\/div><\/div><\/div><\/div><\/div><div id=\"pg-22689-1\"  class=\"panel-grid panel-has-style\" ><div class=\"bloc_picto siteorigin-panels-stretch panel-row-style panel-row-style-for-22689-1\" data-stretch-type=\"full\" ><div id=\"pgc-22689-1-0\"  class=\"panel-grid-cell\" ><div id=\"panel-22689-1-0-0\" class=\"so-panel widget widget_sow-editor panel-first-child\" data-index=\"2\" ><div class=\"panel-widget-style panel-widget-style-for-22689-1-0-0\" ><div\n\t\t\t\n\t\t\tclass=\"so-widget-sow-editor so-widget-sow-editor-base\"\n\t\t\t\n\t\t>\n<div class=\"siteorigin-widget-tinymce textwidget\">\n\t<h2>Objetivos principales<\/h2>\n<\/div>\n<\/div><\/div><\/div><div id=\"panel-22689-1-0-1\" class=\"so-panel widget widget_siteorigin-panels-builder panel-last-child\" data-index=\"3\" ><div id=\"pl-w614096a4f19fd\"  class=\"panel-layout\" ><div id=\"pg-w614096a4f19fd-0\"  class=\"panel-grid panel-no-style\" ><div id=\"pgc-w614096a4f19fd-0-0\"  class=\"panel-grid-cell\" ><div id=\"panel-w614096a4f19fd-0-0-0\" class=\"so-panel widget widget_sow-editor panel-first-child\" data-index=\"0\" ><div class=\"image panel-widget-style panel-widget-style-for-w614096a4f19fd-0-0-0\" ><div\n\t\t\t\n\t\t\tclass=\"so-widget-sow-editor so-widget-sow-editor-base\"\n\t\t\t\n\t\t>\n<div class=\"siteorigin-widget-tinymce textwidget\">\n\t<p><img decoding=\"async\" class=\"alignnone size-full wp-image-18909\" src=\"https:\/\/www.telelogos.com\/wp-content\/uploads\/2021\/02\/clyd-01.png\" alt=\"\" width=\"70\" height=\"70\" \/><\/p>\n<\/div>\n<\/div><\/div><\/div><div id=\"panel-w614096a4f19fd-0-0-1\" class=\"so-panel widget widget_sow-editor\" data-index=\"1\" ><div class=\"titre panel-widget-style panel-widget-style-for-w614096a4f19fd-0-0-1\" ><div\n\t\t\t\n\t\t\tclass=\"so-widget-sow-editor so-widget-sow-editor-base\"\n\t\t\t\n\t\t>\n<div class=\"siteorigin-widget-tinymce textwidget\">\n\t<p>Segurizar<\/p>\n<\/div>\n<\/div><\/div><\/div><div id=\"panel-w614096a4f19fd-0-0-2\" class=\"so-panel widget widget_sow-editor panel-last-child\" data-index=\"2\" ><div\n\t\t\t\n\t\t\tclass=\"so-widget-sow-editor so-widget-sow-editor-base\"\n\t\t\t\n\t\t>\n<div class=\"siteorigin-widget-tinymce textwidget\">\n\t<p>Establecer pautas de uso dando acceso \u00fanicamente a las aplicaciones y sitios web pedag\u00f3gicos autorizados<\/p>\n<\/div>\n<\/div><\/div><\/div><div id=\"pgc-w614096a4f19fd-0-1\"  class=\"panel-grid-cell\" ><div id=\"panel-w614096a4f19fd-0-1-0\" class=\"so-panel widget widget_sow-editor panel-first-child\" data-index=\"3\" ><div class=\"image panel-widget-style panel-widget-style-for-w614096a4f19fd-0-1-0\" ><div\n\t\t\t\n\t\t\tclass=\"so-widget-sow-editor so-widget-sow-editor-base\"\n\t\t\t\n\t\t>\n<div class=\"siteorigin-widget-tinymce textwidget\">\n\t<p><img decoding=\"async\" class=\"alignnone size-full wp-image-18911\" src=\"https:\/\/www.telelogos.com\/wp-content\/uploads\/2021\/02\/clyd-02.png\" alt=\"\" width=\"70\" height=\"70\" \/><\/p>\n<\/div>\n<\/div><\/div><\/div><div id=\"panel-w614096a4f19fd-0-1-1\" class=\"so-panel widget widget_sow-editor\" data-index=\"4\" ><div class=\"titre panel-widget-style panel-widget-style-for-w614096a4f19fd-0-1-1\" ><div\n\t\t\t\n\t\t\tclass=\"so-widget-sow-editor so-widget-sow-editor-base\"\n\t\t\t\n\t\t>\n<div class=\"siteorigin-widget-tinymce textwidget\">\n\t<p>Aprovisionamiento<\/p>\n<\/div>\n<\/div><\/div><\/div><div id=\"panel-w614096a4f19fd-0-1-2\" class=\"so-panel widget widget_sow-editor panel-last-child\" data-index=\"5\" ><div\n\t\t\t\n\t\t\tclass=\"so-widget-sow-editor so-widget-sow-editor-base\"\n\t\t\t\n\t\t>\n<div class=\"siteorigin-widget-tinymce textwidget\">\n\t<p>Configurar en forma autom\u00e1tica los equipos seg\u00fan el marco de referencia elegido: instalaci\u00f3n y actualizaci\u00f3n de aplicaciones, par\u00e1metros de seguridad, etc.<\/p>\n<\/div>\n<\/div><\/div><\/div><div id=\"pgc-w614096a4f19fd-0-2\"  class=\"panel-grid-cell\" ><div id=\"panel-w614096a4f19fd-0-2-0\" class=\"so-panel widget widget_sow-editor panel-first-child\" data-index=\"6\" ><div class=\"image panel-widget-style panel-widget-style-for-w614096a4f19fd-0-2-0\" ><div\n\t\t\t\n\t\t\tclass=\"so-widget-sow-editor so-widget-sow-editor-base\"\n\t\t\t\n\t\t>\n<div class=\"siteorigin-widget-tinymce textwidget\">\n\t<p><img decoding=\"async\" class=\"alignnone size-full wp-image-18921\" src=\"https:\/\/www.telelogos.com\/wp-content\/uploads\/2021\/02\/clyd-07.png\" alt=\"\" width=\"70\" height=\"70\" \/><\/p>\n<\/div>\n<\/div><\/div><\/div><div id=\"panel-w614096a4f19fd-0-2-1\" class=\"so-panel widget widget_sow-editor\" data-index=\"7\" ><div class=\"titre panel-widget-style panel-widget-style-for-w614096a4f19fd-0-2-1\" ><div\n\t\t\t\n\t\t\tclass=\"so-widget-sow-editor so-widget-sow-editor-base\"\n\t\t\t\n\t\t>\n<div class=\"siteorigin-widget-tinymce textwidget\">\n\t<p>Administrar en forma remota<\/p>\n<\/div>\n<\/div><\/div><\/div><div id=\"panel-w614096a4f19fd-0-2-2\" class=\"so-panel widget widget_sow-editor panel-last-child\" data-index=\"8\" ><div\n\t\t\t\n\t\t\tclass=\"so-widget-sow-editor so-widget-sow-editor-base\"\n\t\t\t\n\t\t>\n<div class=\"siteorigin-widget-tinymce textwidget\">\n\t<p>Poder controlar, administrar y actuar a distancia en cualquier momento sobre toda la flota<\/p>\n<\/div>\n<\/div><\/div><\/div><\/div><\/div><\/div><\/div><\/div><\/div><div id=\"pg-22689-2\"  class=\"panel-grid panel-has-style\" ><div class=\"panel-row-style panel-row-style-for-22689-2\" ><div id=\"pgc-22689-2-0\"  class=\"panel-grid-cell\" ><div id=\"panel-22689-2-0-0\" class=\"so-panel widget widget_sow-editor panel-first-child panel-last-child\" data-index=\"4\" ><div class=\"panel-widget-style panel-widget-style-for-22689-2-0-0\" ><div\n\t\t\t\n\t\t\tclass=\"so-widget-sow-editor so-widget-sow-editor-base\"\n\t\t\t\n\t\t>\n<div class=\"siteorigin-widget-tinymce textwidget\">\n\t<h3>Caracter\u00edsticas<\/h3>\n<p>&nbsp;<\/p>\n<ul>\n<li>Modo kiosco: uso de la tableta restringido a las aplicaciones y opciones de configuraci\u00f3n autorizadas<\/li>\n<li>Definici\u00f3n de par\u00e1metros de seguridad<\/li>\n<li>Instalaci\u00f3n y actualizaci\u00f3n de aplicaciones y de parches de seguridad<\/li>\n<li>Inventario de hardware y software<\/li>\n<li>Aprovisionamiento de actualizaci\u00f3n del sistema<\/li>\n<li>Vigilancia y control del estado de las terminales<\/li>\n<li>Control remoto<\/li>\n<li>Geofencing<\/li>\n<li>Gesti\u00f3n de la conformidad de las terminales<\/li>\n<\/ul>\n<\/div>\n<\/div><\/div><\/div><\/div><div id=\"pgc-22689-2-1\"  class=\"panel-grid-cell\" ><div id=\"panel-22689-2-1-0\" class=\"so-panel widget widget_sow-editor panel-first-child panel-last-child\" data-index=\"5\" ><div class=\"panel-widget-style panel-widget-style-for-22689-2-1-0\" ><div\n\t\t\t\n\t\t\tclass=\"so-widget-sow-editor so-widget-sow-editor-base\"\n\t\t\t\n\t\t>\n<div class=\"siteorigin-widget-tinymce textwidget\">\n\t<h3>Usos pr\u00e1cticos<\/h3>\n<p>&nbsp;<\/p>\n<ul>\n<li>Tabletas educativas: restricci\u00f3n de acceso para que se pueda ingresar \u00fanicamente a las aplicaciones y sitios web autorizados (lista blanca\/lista negra) por el establecimiento e imposibilidad para el alumno de acceder a la configuraci\u00f3n del sistema.<\/li>\n<li>Obligar al establecimiento de una contrase\u00f1a para reforzar la seguridad de acceso a sus terminales<\/li>\n<li>Geofencing en tabletas de clases m\u00f3viles. Si la terminal sale de un per\u00edmetro determinado, dispara una alarma y se procede a la eliminaci\u00f3n de sus datos.<\/li>\n<li>Instalaci\u00f3n en la tableta a disposici\u00f3n del alumno de las aplicaciones y configuraci\u00f3n necesaria para su formaci\u00f3n, con posterior reseteo completo del equipo al cambiar de alumno o de nivel.<\/li>\n<li>Segurizaci\u00f3n del acceso a las tabletas mediante la desactivaci\u00f3n del puerto de entrada USB<\/li>\n<li>Sincronizaci\u00f3n y actualizaci\u00f3n autom\u00e1tica de la planificaci\u00f3n de clases y de los documentos t\u00e9cnicos vinculados al aprendizaje.<\/li>\n<li>Vigilancia y gesti\u00f3n de conformidad: visibilidad para el administrador de las terminales fuera del marco de referencia pedag\u00f3gico definido (versi\u00f3n del aplicativo, \u00faltima conexi\u00f3n, etc.).<\/li>\n<\/ul>\n<\/div>\n<\/div><\/div><\/div><\/div><\/div><\/div><div id=\"pg-22689-3\"  class=\"panel-grid panel-no-style\" ><div id=\"pgc-22689-3-0\"  class=\"panel-grid-cell\" ><div id=\"panel-22689-3-0-0\" class=\"widget_text so-panel widget widget_custom_html panel-first-child panel-last-child\" data-index=\"6\" ><div class=\"textwidget custom-html-widget\"><div class=\"so-iframe-wrapper <?php if (!wp_is_mobile()) { echo 'no-padding'; } ?>\">\n<iframe src=\"https:\/\/business.telelogos.com\/form-clyd-es\">height=\"825px\" width=\"1200px\"style=\"border:0px #ffffff none;\" <\/iframe>\n<\/div><\/div><\/div><\/div><\/div><\/div>","protected":false},"excerpt":{"rendered":"<p>CLYD, software MDM adaptado al sector de la educaci\u00f3nLa digitalizaci\u00f3n y la movilidad ahora son indispensables en la pr\u00e1ctica pedag\u00f3gica, desde el jard\u00edn de infantes hasta la universidad, incluso [&hellip;]<\/p>\n","protected":false},"author":4,"featured_media":0,"parent":22690,"menu_order":346,"comment_status":"closed","ping_status":"closed","template":"page-solution.php","meta":{"footnotes":""},"class_list":["post-22689","page","type-page","status-publish","hentry"],"yoast_head":"<!-- This site is optimized with the Yoast SEO plugin v27.3 - https:\/\/yoast.com\/product\/yoast-seo-wordpress\/ -->\n<title>Gesti\u00f3n de Dispositivos M\u00f3viles para la ense\u00f1anza - Clyd<\/title>\n<meta name=\"description\" content=\"La educaci\u00f3n est\u00e1 en plena transici\u00f3n digital, mediante el uso de tabletas como herramienta de ense\u00f1anza. El software CLYD MDM es perfectamente adecuado para este fin.\" \/>\n<meta name=\"robots\" content=\"index, follow, max-snippet:-1, max-image-preview:large, max-video-preview:-1\" \/>\n<link rel=\"canonical\" href=\"https:\/\/www.telelogos.com\/es\/soluciones\/gestion-dispositivos-moviles-clyd\/clyd-para-la-ensenanza\/\" \/>\n<meta name=\"twitter:label1\" content=\"Est. reading time\" \/>\n\t<meta name=\"twitter:data1\" content=\"3 minutes\" \/>\n<script type=\"application\/ld+json\" class=\"yoast-schema-graph\">{\"@context\":\"https:\\\/\\\/schema.org\",\"@graph\":[{\"@type\":\"WebPage\",\"@id\":\"https:\\\/\\\/www.telelogos.com\\\/es\\\/soluciones\\\/gestion-dispositivos-moviles-clyd\\\/clyd-para-la-ensenanza\\\/\",\"url\":\"https:\\\/\\\/www.telelogos.com\\\/es\\\/soluciones\\\/gestion-dispositivos-moviles-clyd\\\/clyd-para-la-ensenanza\\\/\",\"name\":\"Gesti\u00f3n de Dispositivos M\u00f3viles para la ense\u00f1anza - Clyd\",\"isPartOf\":{\"@id\":\"https:\\\/\\\/www.telelogos.com\\\/es\\\/#website\"},\"primaryImageOfPage\":{\"@id\":\"https:\\\/\\\/www.telelogos.com\\\/es\\\/soluciones\\\/gestion-dispositivos-moviles-clyd\\\/clyd-para-la-ensenanza\\\/#primaryimage\"},\"image\":{\"@id\":\"https:\\\/\\\/www.telelogos.com\\\/es\\\/soluciones\\\/gestion-dispositivos-moviles-clyd\\\/clyd-para-la-ensenanza\\\/#primaryimage\"},\"thumbnailUrl\":\"https:\\\/\\\/www.telelogos.com\\\/wp-content\\\/uploads\\\/2021\\\/02\\\/Education-MDM.png\",\"datePublished\":\"2021-02-23T16:39:35+00:00\",\"dateModified\":\"2025-04-11T14:00:43+00:00\",\"description\":\"La educaci\u00f3n est\u00e1 en plena transici\u00f3n digital, mediante el uso de tabletas como herramienta de ense\u00f1anza. El software CLYD MDM es perfectamente adecuado para este fin.\",\"breadcrumb\":{\"@id\":\"https:\\\/\\\/www.telelogos.com\\\/es\\\/soluciones\\\/gestion-dispositivos-moviles-clyd\\\/clyd-para-la-ensenanza\\\/#breadcrumb\"},\"inLanguage\":\"es-ES\",\"potentialAction\":[{\"@type\":\"ReadAction\",\"target\":[\"https:\\\/\\\/www.telelogos.com\\\/es\\\/soluciones\\\/gestion-dispositivos-moviles-clyd\\\/clyd-para-la-ensenanza\\\/\"]}]},{\"@type\":\"ImageObject\",\"inLanguage\":\"es-ES\",\"@id\":\"https:\\\/\\\/www.telelogos.com\\\/es\\\/soluciones\\\/gestion-dispositivos-moviles-clyd\\\/clyd-para-la-ensenanza\\\/#primaryimage\",\"url\":\"https:\\\/\\\/www.telelogos.com\\\/wp-content\\\/uploads\\\/2021\\\/02\\\/Education-MDM.png\",\"contentUrl\":\"https:\\\/\\\/www.telelogos.com\\\/wp-content\\\/uploads\\\/2021\\\/02\\\/Education-MDM.png\"},{\"@type\":\"BreadcrumbList\",\"@id\":\"https:\\\/\\\/www.telelogos.com\\\/es\\\/soluciones\\\/gestion-dispositivos-moviles-clyd\\\/clyd-para-la-ensenanza\\\/#breadcrumb\",\"itemListElement\":[{\"@type\":\"ListItem\",\"position\":1,\"name\":\"Inicio\",\"item\":\"https:\\\/\\\/www.telelogos.com\\\/es\\\/\"},{\"@type\":\"ListItem\",\"position\":2,\"name\":\"Soluciones\",\"item\":\"https:\\\/\\\/www.telelogos.com\\\/es\\\/soluciones\\\/\"},{\"@type\":\"ListItem\",\"position\":3,\"name\":\"CLYD\",\"item\":\"https:\\\/\\\/www.telelogos.com\\\/es\\\/soluciones\\\/gestion-dispositivos-moviles-clyd\\\/\"},{\"@type\":\"ListItem\",\"position\":4,\"name\":\"CLYD para la ense\u00f1anza\"}]},{\"@type\":\"WebSite\",\"@id\":\"https:\\\/\\\/www.telelogos.com\\\/es\\\/#website\",\"url\":\"https:\\\/\\\/www.telelogos.com\\\/es\\\/\",\"name\":\"Telelogos\",\"description\":\"\",\"publisher\":{\"@id\":\"https:\\\/\\\/www.telelogos.com\\\/es\\\/#organization\"},\"potentialAction\":[{\"@type\":\"SearchAction\",\"target\":{\"@type\":\"EntryPoint\",\"urlTemplate\":\"https:\\\/\\\/www.telelogos.com\\\/es\\\/?s={search_term_string}\"},\"query-input\":{\"@type\":\"PropertyValueSpecification\",\"valueRequired\":true,\"valueName\":\"search_term_string\"}}],\"inLanguage\":\"es-ES\"},{\"@type\":\"Organization\",\"@id\":\"https:\\\/\\\/www.telelogos.com\\\/es\\\/#organization\",\"name\":\"Telelogos\",\"url\":\"https:\\\/\\\/www.telelogos.com\\\/es\\\/\",\"logo\":{\"@type\":\"ImageObject\",\"inLanguage\":\"es-ES\",\"@id\":\"https:\\\/\\\/www.telelogos.com\\\/es\\\/#\\\/schema\\\/logo\\\/image\\\/\",\"url\":\"https:\\\/\\\/www.telelogos.com\\\/wp-content\\\/uploads\\\/2022\\\/07\\\/Logo-Telelogos-e1664355618654.png\",\"contentUrl\":\"https:\\\/\\\/www.telelogos.com\\\/wp-content\\\/uploads\\\/2022\\\/07\\\/Logo-Telelogos-e1664355618654.png\",\"width\":100,\"height\":35,\"caption\":\"Telelogos\"},\"image\":{\"@id\":\"https:\\\/\\\/www.telelogos.com\\\/es\\\/#\\\/schema\\\/logo\\\/image\\\/\"},\"sameAs\":[\"https:\\\/\\\/fr.linkedin.com\\\/company\\\/telelogos\"]}]}<\/script>\n<!-- \/ Yoast SEO plugin. -->","yoast_head_json":{"title":"Gesti\u00f3n de Dispositivos M\u00f3viles para la ense\u00f1anza - Clyd","description":"La educaci\u00f3n est\u00e1 en plena transici\u00f3n digital, mediante el uso de tabletas como herramienta de ense\u00f1anza. El software CLYD MDM es perfectamente adecuado para este fin.","robots":{"index":"index","follow":"follow","max-snippet":"max-snippet:-1","max-image-preview":"max-image-preview:large","max-video-preview":"max-video-preview:-1"},"canonical":"https:\/\/www.telelogos.com\/es\/soluciones\/gestion-dispositivos-moviles-clyd\/clyd-para-la-ensenanza\/","twitter_misc":{"Est. reading time":"3 minutes"},"schema":{"@context":"https:\/\/schema.org","@graph":[{"@type":"WebPage","@id":"https:\/\/www.telelogos.com\/es\/soluciones\/gestion-dispositivos-moviles-clyd\/clyd-para-la-ensenanza\/","url":"https:\/\/www.telelogos.com\/es\/soluciones\/gestion-dispositivos-moviles-clyd\/clyd-para-la-ensenanza\/","name":"Gesti\u00f3n de Dispositivos M\u00f3viles para la ense\u00f1anza - Clyd","isPartOf":{"@id":"https:\/\/www.telelogos.com\/es\/#website"},"primaryImageOfPage":{"@id":"https:\/\/www.telelogos.com\/es\/soluciones\/gestion-dispositivos-moviles-clyd\/clyd-para-la-ensenanza\/#primaryimage"},"image":{"@id":"https:\/\/www.telelogos.com\/es\/soluciones\/gestion-dispositivos-moviles-clyd\/clyd-para-la-ensenanza\/#primaryimage"},"thumbnailUrl":"https:\/\/www.telelogos.com\/wp-content\/uploads\/2021\/02\/Education-MDM.png","datePublished":"2021-02-23T16:39:35+00:00","dateModified":"2025-04-11T14:00:43+00:00","description":"La educaci\u00f3n est\u00e1 en plena transici\u00f3n digital, mediante el uso de tabletas como herramienta de ense\u00f1anza. El software CLYD MDM es perfectamente adecuado para este fin.","breadcrumb":{"@id":"https:\/\/www.telelogos.com\/es\/soluciones\/gestion-dispositivos-moviles-clyd\/clyd-para-la-ensenanza\/#breadcrumb"},"inLanguage":"es-ES","potentialAction":[{"@type":"ReadAction","target":["https:\/\/www.telelogos.com\/es\/soluciones\/gestion-dispositivos-moviles-clyd\/clyd-para-la-ensenanza\/"]}]},{"@type":"ImageObject","inLanguage":"es-ES","@id":"https:\/\/www.telelogos.com\/es\/soluciones\/gestion-dispositivos-moviles-clyd\/clyd-para-la-ensenanza\/#primaryimage","url":"https:\/\/www.telelogos.com\/wp-content\/uploads\/2021\/02\/Education-MDM.png","contentUrl":"https:\/\/www.telelogos.com\/wp-content\/uploads\/2021\/02\/Education-MDM.png"},{"@type":"BreadcrumbList","@id":"https:\/\/www.telelogos.com\/es\/soluciones\/gestion-dispositivos-moviles-clyd\/clyd-para-la-ensenanza\/#breadcrumb","itemListElement":[{"@type":"ListItem","position":1,"name":"Inicio","item":"https:\/\/www.telelogos.com\/es\/"},{"@type":"ListItem","position":2,"name":"Soluciones","item":"https:\/\/www.telelogos.com\/es\/soluciones\/"},{"@type":"ListItem","position":3,"name":"CLYD","item":"https:\/\/www.telelogos.com\/es\/soluciones\/gestion-dispositivos-moviles-clyd\/"},{"@type":"ListItem","position":4,"name":"CLYD para la ense\u00f1anza"}]},{"@type":"WebSite","@id":"https:\/\/www.telelogos.com\/es\/#website","url":"https:\/\/www.telelogos.com\/es\/","name":"Telelogos","description":"","publisher":{"@id":"https:\/\/www.telelogos.com\/es\/#organization"},"potentialAction":[{"@type":"SearchAction","target":{"@type":"EntryPoint","urlTemplate":"https:\/\/www.telelogos.com\/es\/?s={search_term_string}"},"query-input":{"@type":"PropertyValueSpecification","valueRequired":true,"valueName":"search_term_string"}}],"inLanguage":"es-ES"},{"@type":"Organization","@id":"https:\/\/www.telelogos.com\/es\/#organization","name":"Telelogos","url":"https:\/\/www.telelogos.com\/es\/","logo":{"@type":"ImageObject","inLanguage":"es-ES","@id":"https:\/\/www.telelogos.com\/es\/#\/schema\/logo\/image\/","url":"https:\/\/www.telelogos.com\/wp-content\/uploads\/2022\/07\/Logo-Telelogos-e1664355618654.png","contentUrl":"https:\/\/www.telelogos.com\/wp-content\/uploads\/2022\/07\/Logo-Telelogos-e1664355618654.png","width":100,"height":35,"caption":"Telelogos"},"image":{"@id":"https:\/\/www.telelogos.com\/es\/#\/schema\/logo\/image\/"},"sameAs":["https:\/\/fr.linkedin.com\/company\/telelogos"]}]}},"_links":{"self":[{"href":"https:\/\/www.telelogos.com\/es\/wp-json\/wp\/v2\/pages\/22689","targetHints":{"allow":["GET"]}}],"collection":[{"href":"https:\/\/www.telelogos.com\/es\/wp-json\/wp\/v2\/pages"}],"about":[{"href":"https:\/\/www.telelogos.com\/es\/wp-json\/wp\/v2\/types\/page"}],"author":[{"embeddable":true,"href":"https:\/\/www.telelogos.com\/es\/wp-json\/wp\/v2\/users\/4"}],"replies":[{"embeddable":true,"href":"https:\/\/www.telelogos.com\/es\/wp-json\/wp\/v2\/comments?post=22689"}],"version-history":[{"count":6,"href":"https:\/\/www.telelogos.com\/es\/wp-json\/wp\/v2\/pages\/22689\/revisions"}],"predecessor-version":[{"id":58593,"href":"https:\/\/www.telelogos.com\/es\/wp-json\/wp\/v2\/pages\/22689\/revisions\/58593"}],"up":[{"embeddable":true,"href":"https:\/\/www.telelogos.com\/es\/wp-json\/wp\/v2\/pages\/22690"}],"wp:attachment":[{"href":"https:\/\/www.telelogos.com\/es\/wp-json\/wp\/v2\/media?parent=22689"}],"curies":[{"name":"wp","href":"https:\/\/api.w.org\/{rel}","templated":true}]}}