{"id":22691,"date":"2021-02-23T16:03:25","date_gmt":"2021-02-23T14:03:25","guid":{"rendered":"https:\/\/www.telelogos.com\/channels-pour-les-entreprises\/"},"modified":"2025-03-20T18:14:44","modified_gmt":"2025-03-20T16:14:44","slug":"channels-para-las-empresas","status":"publish","type":"page","link":"https:\/\/www.telelogos.com\/es\/soluciones\/channels-software-de-comunicacion-interna\/channels-para-las-empresas\/","title":{"rendered":"Channels para las empresas"},"content":{"rendered":"<div id=\"pl-22691\"  class=\"panel-layout\" ><div id=\"pg-22691-0\"  class=\"panel-grid panel-no-style\" ><div id=\"pgc-22691-0-0\"  class=\"panel-grid-cell\" ><div id=\"panel-22691-0-0-0\" class=\"so-panel widget widget_sow-editor panel-first-child panel-last-child\" data-index=\"0\" ><div class=\"animation_gauche_droite panel-widget-style panel-widget-style-for-22691-0-0-0\" ><div\n\t\t\t\n\t\t\tclass=\"so-widget-sow-editor so-widget-sow-editor-base\"\n\t\t\t\n\t\t>\n<div class=\"siteorigin-widget-tinymce textwidget\">\n\t<p><img decoding=\"async\" class=\"size-full wp-image-18347\" src=\"https:\/\/www.telelogos.com\/wp-content\/uploads\/2021\/02\/54621307_m.jpg\" alt=\"\" width=\"2507\" height=\"1673\" srcset=\"https:\/\/www.telelogos.com\/wp-content\/uploads\/2021\/02\/54621307_m.jpg 2507w, https:\/\/www.telelogos.com\/wp-content\/uploads\/2021\/02\/54621307_m-300x200.jpg 300w, https:\/\/www.telelogos.com\/wp-content\/uploads\/2021\/02\/54621307_m-1024x683.jpg 1024w, https:\/\/www.telelogos.com\/wp-content\/uploads\/2021\/02\/54621307_m-1536x1025.jpg 1536w, https:\/\/www.telelogos.com\/wp-content\/uploads\/2021\/02\/54621307_m-2048x1367.jpg 2048w, https:\/\/www.telelogos.com\/wp-content\/uploads\/2021\/02\/54621307_m-195x130.jpg 195w, https:\/\/www.telelogos.com\/wp-content\/uploads\/2021\/02\/54621307_m-272x182.jpg 272w\" sizes=\"(max-width: 2507px) 100vw, 2507px\" \/><\/p>\n<\/div>\n<\/div><\/div><\/div><\/div><div id=\"pgc-22691-0-1\"  class=\"panel-grid-cell\" ><div id=\"panel-22691-0-1-0\" class=\"so-panel widget widget_sow-editor panel-first-child panel-last-child\" data-index=\"1\" ><div class=\"panel-widget-style panel-widget-style-for-22691-0-1-0\" ><div\n\t\t\t\n\t\t\tclass=\"so-widget-sow-editor so-widget-sow-editor-base\"\n\t\t\t\n\t\t>\n<div class=\"siteorigin-widget-tinymce textwidget\">\n\t<h2>Comunique informaci\u00f3n a sus empleados, dondequiera que est\u00e9n<\/h2>\n<p>Las organizaciones necesitan mantener contacto con sus empleados, informar, crear lazos y unir. Esta necesidad de comunicaci\u00f3n eficaz interna se ve amplificada por el recrudecimiento de la movilidad laboral y del trabajo a distancia.<\/p>\n<p>La soluci\u00f3n Channels le brinda la posibilidad de comunicar la informaci\u00f3n esencial o urgente a los empleados, directamente en sus computadoras o puestos de trabajo, sin modificar sus h\u00e1bitos laborales ni tener que agregar una herramienta adicional<\/p>\n<div><\/div>\n<\/div>\n<\/div><\/div><\/div><\/div><\/div><div id=\"pg-22691-1\"  class=\"panel-grid panel-has-style\" ><div class=\"panel-row-style panel-row-style-for-22691-1\" ><div id=\"pgc-22691-1-0\"  class=\"panel-grid-cell\" ><div id=\"panel-22691-1-0-0\" class=\"so-panel widget widget_sow-editor panel-first-child panel-last-child\" data-index=\"2\" ><div class=\"panel-widget-style panel-widget-style-for-22691-1-0-0\" ><div\n\t\t\t\n\t\t\tclass=\"so-widget-sow-editor so-widget-sow-editor-base\"\n\t\t\t\n\t\t>\n<div class=\"siteorigin-widget-tinymce textwidget\">\n\t<div class=\"h3-like\">Caracter\u00edsticas<\/div>\n<p>&nbsp;<\/p>\n<p>Adem\u00e1s, Channels hace posible destacar, por medio de notificaciones autom\u00e1ticas directas en el puesto de trabajo, un elemento importante de comunicaci\u00f3n, que puede incluso ya existir y estar estructurado (intranet, encuesta, documento, etc.), sin tener que crear una nueva fuente de informaci\u00f3n. Esa notificaci\u00f3n autom\u00e1tica tambi\u00e9n le permite crear de inmediato y en tres clics una nueva noticia o comunicaci\u00f3n expr\u00e9s para sus empleados.<\/p>\n<p>Gracias a Channels, tambi\u00e9n puede comunicar informaci\u00f3n a trav\u00e9s de los elementos del puesto de trabajo: por ejemplo, transformando el bloqueo de pantalla en un medio de comunicaci\u00f3n, personalizando el fondo de pantalla en funci\u00f3n de los eventos de la sociedad o transformando el protector de pantalla en una visualizaci\u00f3n din\u00e1mica.<\/p>\n<\/div>\n<\/div><\/div><\/div><\/div><div id=\"pgc-22691-1-1\"  class=\"panel-grid-cell\" ><div id=\"panel-22691-1-1-0\" class=\"so-panel widget widget_sow-editor panel-first-child panel-last-child\" data-index=\"3\" ><div\n\t\t\t\n\t\t\tclass=\"so-widget-sow-editor so-widget-sow-editor-base\"\n\t\t\t\n\t\t>\n<div class=\"siteorigin-widget-tinymce textwidget\">\n\t<div class=\"h3-like\">Haga que sus comunicaciones tengan destinatarios espec\u00edficos<\/div>\n<p>&nbsp;<\/p>\n<p>Todas las comunicaciones dirigidas a los trabajadores pueden orientarse espec\u00edficamente en funci\u00f3n de su sector laboral, de su lugar de trabajo, de su edificio, etc. Adem\u00e1s, todas esas comunicaciones se pueden transmitir mediante mensajes autom\u00e1ticos, en tiempo real, o planificarse en per\u00edodos predefinidos.<\/p>\n<p>Cada departamento de la empresa (Comunicaci\u00f3n, Direcci\u00f3n de Sistemas de Informaci\u00f3n, RR. HH., Servicios Generales, etc.) puede contar con permisos personalizados para comunicar informaci\u00f3n a grupos de empleados predefinidos, a trav\u00e9s de canales autorizados para el sector.<\/p>\n<\/div>\n<\/div><\/div><\/div><\/div><\/div><\/div>","protected":false},"excerpt":{"rendered":"<p>Comunique informaci\u00f3n a sus empleados, dondequiera que est\u00e9n Las organizaciones necesitan mantener contacto con sus empleados, informar, crear lazos y unir. Esta necesidad de comunicaci\u00f3n eficaz interna se ve [&hellip;]<\/p>\n","protected":false},"author":4,"featured_media":0,"parent":22692,"menu_order":294,"comment_status":"closed","ping_status":"closed","template":"page-solution.php","meta":{"footnotes":""},"class_list":["post-22691","page","type-page","status-publish","hentry"],"yoast_head":"<!-- This site is optimized with the Yoast SEO plugin v27.6 - https:\/\/yoast.com\/product\/yoast-seo-wordpress\/ -->\n<title>Channels para las empresas - Telelogos<\/title>\n<meta name=\"description\" content=\"Channels revoluciona la comunicaci\u00f3n interna en las empresas con mensajes directos y notificaciones instant\u00e1neas en todos los dispositivos.\" \/>\n<meta name=\"robots\" content=\"index, follow, max-snippet:-1, max-image-preview:large, max-video-preview:-1\" \/>\n<link rel=\"canonical\" href=\"https:\/\/www.telelogos.com\/es\/soluciones\/channels-software-de-comunicacion-interna\/channels-para-las-empresas\/\" \/>\n<meta name=\"twitter:label1\" content=\"Est. reading time\" \/>\n\t<meta name=\"twitter:data1\" content=\"2 minutes\" \/>\n<script type=\"application\/ld+json\" class=\"yoast-schema-graph\">{\"@context\":\"https:\\\/\\\/schema.org\",\"@graph\":[{\"@type\":\"WebPage\",\"@id\":\"https:\\\/\\\/www.telelogos.com\\\/es\\\/soluciones\\\/channels-software-de-comunicacion-interna\\\/channels-para-las-empresas\\\/\",\"url\":\"https:\\\/\\\/www.telelogos.com\\\/es\\\/soluciones\\\/channels-software-de-comunicacion-interna\\\/channels-para-las-empresas\\\/\",\"name\":\"Channels para las empresas - Telelogos\",\"isPartOf\":{\"@id\":\"https:\\\/\\\/www.telelogos.com\\\/es\\\/#website\"},\"primaryImageOfPage\":{\"@id\":\"https:\\\/\\\/www.telelogos.com\\\/es\\\/soluciones\\\/channels-software-de-comunicacion-interna\\\/channels-para-las-empresas\\\/#primaryimage\"},\"image\":{\"@id\":\"https:\\\/\\\/www.telelogos.com\\\/es\\\/soluciones\\\/channels-software-de-comunicacion-interna\\\/channels-para-las-empresas\\\/#primaryimage\"},\"thumbnailUrl\":\"https:\\\/\\\/www.telelogos.com\\\/wp-content\\\/uploads\\\/2021\\\/02\\\/54621307_m.jpg\",\"datePublished\":\"2021-02-23T14:03:25+00:00\",\"dateModified\":\"2025-03-20T16:14:44+00:00\",\"description\":\"Channels revoluciona la comunicaci\u00f3n interna en las empresas con mensajes directos y notificaciones instant\u00e1neas en todos los dispositivos.\",\"breadcrumb\":{\"@id\":\"https:\\\/\\\/www.telelogos.com\\\/es\\\/soluciones\\\/channels-software-de-comunicacion-interna\\\/channels-para-las-empresas\\\/#breadcrumb\"},\"inLanguage\":\"es-ES\",\"potentialAction\":[{\"@type\":\"ReadAction\",\"target\":[\"https:\\\/\\\/www.telelogos.com\\\/es\\\/soluciones\\\/channels-software-de-comunicacion-interna\\\/channels-para-las-empresas\\\/\"]}]},{\"@type\":\"ImageObject\",\"inLanguage\":\"es-ES\",\"@id\":\"https:\\\/\\\/www.telelogos.com\\\/es\\\/soluciones\\\/channels-software-de-comunicacion-interna\\\/channels-para-las-empresas\\\/#primaryimage\",\"url\":\"https:\\\/\\\/www.telelogos.com\\\/wp-content\\\/uploads\\\/2021\\\/02\\\/54621307_m.jpg\",\"contentUrl\":\"https:\\\/\\\/www.telelogos.com\\\/wp-content\\\/uploads\\\/2021\\\/02\\\/54621307_m.jpg\"},{\"@type\":\"BreadcrumbList\",\"@id\":\"https:\\\/\\\/www.telelogos.com\\\/es\\\/soluciones\\\/channels-software-de-comunicacion-interna\\\/channels-para-las-empresas\\\/#breadcrumb\",\"itemListElement\":[{\"@type\":\"ListItem\",\"position\":1,\"name\":\"Inicio\",\"item\":\"https:\\\/\\\/www.telelogos.com\\\/es\\\/\"},{\"@type\":\"ListItem\",\"position\":2,\"name\":\"Soluciones\",\"item\":\"https:\\\/\\\/www.telelogos.com\\\/es\\\/soluciones\\\/\"},{\"@type\":\"ListItem\",\"position\":3,\"name\":\"Channels\",\"item\":\"https:\\\/\\\/www.telelogos.com\\\/es\\\/soluciones\\\/channels-software-de-comunicacion-interna\\\/\"},{\"@type\":\"ListItem\",\"position\":4,\"name\":\"Channels para las empresas\"}]},{\"@type\":\"WebSite\",\"@id\":\"https:\\\/\\\/www.telelogos.com\\\/es\\\/#website\",\"url\":\"https:\\\/\\\/www.telelogos.com\\\/es\\\/\",\"name\":\"Telelogos\",\"description\":\"\",\"publisher\":{\"@id\":\"https:\\\/\\\/www.telelogos.com\\\/es\\\/#organization\"},\"potentialAction\":[{\"@type\":\"SearchAction\",\"target\":{\"@type\":\"EntryPoint\",\"urlTemplate\":\"https:\\\/\\\/www.telelogos.com\\\/es\\\/?s={search_term_string}\"},\"query-input\":{\"@type\":\"PropertyValueSpecification\",\"valueRequired\":true,\"valueName\":\"search_term_string\"}}],\"inLanguage\":\"es-ES\"},{\"@type\":\"Organization\",\"@id\":\"https:\\\/\\\/www.telelogos.com\\\/es\\\/#organization\",\"name\":\"Telelogos\",\"url\":\"https:\\\/\\\/www.telelogos.com\\\/es\\\/\",\"logo\":{\"@type\":\"ImageObject\",\"inLanguage\":\"es-ES\",\"@id\":\"https:\\\/\\\/www.telelogos.com\\\/es\\\/#\\\/schema\\\/logo\\\/image\\\/\",\"url\":\"https:\\\/\\\/www.telelogos.com\\\/wp-content\\\/uploads\\\/2022\\\/07\\\/Logo-Telelogos-e1664355618654.png\",\"contentUrl\":\"https:\\\/\\\/www.telelogos.com\\\/wp-content\\\/uploads\\\/2022\\\/07\\\/Logo-Telelogos-e1664355618654.png\",\"width\":100,\"height\":35,\"caption\":\"Telelogos\"},\"image\":{\"@id\":\"https:\\\/\\\/www.telelogos.com\\\/es\\\/#\\\/schema\\\/logo\\\/image\\\/\"},\"sameAs\":[\"https:\\\/\\\/fr.linkedin.com\\\/company\\\/telelogos\"]}]}<\/script>\n<!-- \/ Yoast SEO plugin. -->","yoast_head_json":{"title":"Channels para las empresas - Telelogos","description":"Channels revoluciona la comunicaci\u00f3n interna en las empresas con mensajes directos y notificaciones instant\u00e1neas en todos los dispositivos.","robots":{"index":"index","follow":"follow","max-snippet":"max-snippet:-1","max-image-preview":"max-image-preview:large","max-video-preview":"max-video-preview:-1"},"canonical":"https:\/\/www.telelogos.com\/es\/soluciones\/channels-software-de-comunicacion-interna\/channels-para-las-empresas\/","twitter_misc":{"Est. reading time":"2 minutes"},"schema":{"@context":"https:\/\/schema.org","@graph":[{"@type":"WebPage","@id":"https:\/\/www.telelogos.com\/es\/soluciones\/channels-software-de-comunicacion-interna\/channels-para-las-empresas\/","url":"https:\/\/www.telelogos.com\/es\/soluciones\/channels-software-de-comunicacion-interna\/channels-para-las-empresas\/","name":"Channels para las empresas - Telelogos","isPartOf":{"@id":"https:\/\/www.telelogos.com\/es\/#website"},"primaryImageOfPage":{"@id":"https:\/\/www.telelogos.com\/es\/soluciones\/channels-software-de-comunicacion-interna\/channels-para-las-empresas\/#primaryimage"},"image":{"@id":"https:\/\/www.telelogos.com\/es\/soluciones\/channels-software-de-comunicacion-interna\/channels-para-las-empresas\/#primaryimage"},"thumbnailUrl":"https:\/\/www.telelogos.com\/wp-content\/uploads\/2021\/02\/54621307_m.jpg","datePublished":"2021-02-23T14:03:25+00:00","dateModified":"2025-03-20T16:14:44+00:00","description":"Channels revoluciona la comunicaci\u00f3n interna en las empresas con mensajes directos y notificaciones instant\u00e1neas en todos los dispositivos.","breadcrumb":{"@id":"https:\/\/www.telelogos.com\/es\/soluciones\/channels-software-de-comunicacion-interna\/channels-para-las-empresas\/#breadcrumb"},"inLanguage":"es-ES","potentialAction":[{"@type":"ReadAction","target":["https:\/\/www.telelogos.com\/es\/soluciones\/channels-software-de-comunicacion-interna\/channels-para-las-empresas\/"]}]},{"@type":"ImageObject","inLanguage":"es-ES","@id":"https:\/\/www.telelogos.com\/es\/soluciones\/channels-software-de-comunicacion-interna\/channels-para-las-empresas\/#primaryimage","url":"https:\/\/www.telelogos.com\/wp-content\/uploads\/2021\/02\/54621307_m.jpg","contentUrl":"https:\/\/www.telelogos.com\/wp-content\/uploads\/2021\/02\/54621307_m.jpg"},{"@type":"BreadcrumbList","@id":"https:\/\/www.telelogos.com\/es\/soluciones\/channels-software-de-comunicacion-interna\/channels-para-las-empresas\/#breadcrumb","itemListElement":[{"@type":"ListItem","position":1,"name":"Inicio","item":"https:\/\/www.telelogos.com\/es\/"},{"@type":"ListItem","position":2,"name":"Soluciones","item":"https:\/\/www.telelogos.com\/es\/soluciones\/"},{"@type":"ListItem","position":3,"name":"Channels","item":"https:\/\/www.telelogos.com\/es\/soluciones\/channels-software-de-comunicacion-interna\/"},{"@type":"ListItem","position":4,"name":"Channels para las empresas"}]},{"@type":"WebSite","@id":"https:\/\/www.telelogos.com\/es\/#website","url":"https:\/\/www.telelogos.com\/es\/","name":"Telelogos","description":"","publisher":{"@id":"https:\/\/www.telelogos.com\/es\/#organization"},"potentialAction":[{"@type":"SearchAction","target":{"@type":"EntryPoint","urlTemplate":"https:\/\/www.telelogos.com\/es\/?s={search_term_string}"},"query-input":{"@type":"PropertyValueSpecification","valueRequired":true,"valueName":"search_term_string"}}],"inLanguage":"es-ES"},{"@type":"Organization","@id":"https:\/\/www.telelogos.com\/es\/#organization","name":"Telelogos","url":"https:\/\/www.telelogos.com\/es\/","logo":{"@type":"ImageObject","inLanguage":"es-ES","@id":"https:\/\/www.telelogos.com\/es\/#\/schema\/logo\/image\/","url":"https:\/\/www.telelogos.com\/wp-content\/uploads\/2022\/07\/Logo-Telelogos-e1664355618654.png","contentUrl":"https:\/\/www.telelogos.com\/wp-content\/uploads\/2022\/07\/Logo-Telelogos-e1664355618654.png","width":100,"height":35,"caption":"Telelogos"},"image":{"@id":"https:\/\/www.telelogos.com\/es\/#\/schema\/logo\/image\/"},"sameAs":["https:\/\/fr.linkedin.com\/company\/telelogos"]}]}},"_links":{"self":[{"href":"https:\/\/www.telelogos.com\/es\/wp-json\/wp\/v2\/pages\/22691","targetHints":{"allow":["GET"]}}],"collection":[{"href":"https:\/\/www.telelogos.com\/es\/wp-json\/wp\/v2\/pages"}],"about":[{"href":"https:\/\/www.telelogos.com\/es\/wp-json\/wp\/v2\/types\/page"}],"author":[{"embeddable":true,"href":"https:\/\/www.telelogos.com\/es\/wp-json\/wp\/v2\/users\/4"}],"replies":[{"embeddable":true,"href":"https:\/\/www.telelogos.com\/es\/wp-json\/wp\/v2\/comments?post=22691"}],"version-history":[{"count":4,"href":"https:\/\/www.telelogos.com\/es\/wp-json\/wp\/v2\/pages\/22691\/revisions"}],"predecessor-version":[{"id":58403,"href":"https:\/\/www.telelogos.com\/es\/wp-json\/wp\/v2\/pages\/22691\/revisions\/58403"}],"up":[{"embeddable":true,"href":"https:\/\/www.telelogos.com\/es\/wp-json\/wp\/v2\/pages\/22692"}],"wp:attachment":[{"href":"https:\/\/www.telelogos.com\/es\/wp-json\/wp\/v2\/media?parent=22691"}],"curies":[{"name":"wp","href":"https:\/\/api.w.org\/{rel}","templated":true}]}}