{"id":22693,"date":"2021-02-22T20:16:51","date_gmt":"2021-02-22T18:16:51","guid":{"rendered":"https:\/\/www.telelogos.com\/tableaux-de-bords-kpis\/"},"modified":"2025-03-20T18:19:12","modified_gmt":"2025-03-20T16:19:12","slug":"tableros-de-control-kpi","status":"publish","type":"page","link":"https:\/\/www.telelogos.com\/es\/soluciones\/media4display\/tableros-de-control-kpi\/","title":{"rendered":"Tableros de control y KPI"},"content":{"rendered":"<div id=\"pl-22693\"  class=\"panel-layout\" ><div id=\"pg-22693-0\"  class=\"panel-grid panel-no-style\" ><div id=\"pgc-22693-0-0\"  class=\"panel-grid-cell\" ><div id=\"panel-22693-0-0-0\" class=\"so-panel widget widget_sow-editor panel-first-child panel-last-child\" data-index=\"0\" ><div class=\"animation_gauche_droite panel-widget-style panel-widget-style-for-22693-0-0-0\" ><div\n\t\t\t\n\t\t\tclass=\"so-widget-sow-editor so-widget-sow-editor-base\"\n\t\t\t\n\t\t>\n<div class=\"siteorigin-widget-tinymce textwidget\">\n\t<p><img decoding=\"async\" class=\"alignnone size-full wp-image-17955\" src=\"https:\/\/www.telelogos.com\/wp-content\/uploads\/2021\/02\/data-kpi.jpg\" alt=\"\" width=\"540\" height=\"540\" srcset=\"https:\/\/www.telelogos.com\/wp-content\/uploads\/2021\/02\/data-kpi.jpg 540w, https:\/\/www.telelogos.com\/wp-content\/uploads\/2021\/02\/data-kpi-300x300.jpg 300w, https:\/\/www.telelogos.com\/wp-content\/uploads\/2021\/02\/data-kpi-150x150.jpg 150w, https:\/\/www.telelogos.com\/wp-content\/uploads\/2021\/02\/data-kpi-290x290.jpg 290w, https:\/\/www.telelogos.com\/wp-content\/uploads\/2021\/02\/data-kpi-195x195.jpg 195w, https:\/\/www.telelogos.com\/wp-content\/uploads\/2021\/02\/data-kpi-494x494.jpg 494w, https:\/\/www.telelogos.com\/wp-content\/uploads\/2021\/02\/data-kpi-357x357.jpg 357w\" sizes=\"(max-width: 540px) 100vw, 540px\" \/><\/p>\n<p>&nbsp;<\/p>\n<\/div>\n<\/div><\/div><\/div><\/div><div id=\"pgc-22693-0-1\"  class=\"panel-grid-cell\" ><div id=\"panel-22693-0-1-0\" class=\"so-panel widget widget_sow-editor panel-first-child panel-last-child\" data-index=\"1\" ><div class=\"panel-widget-style panel-widget-style-for-22693-0-1-0\" ><div\n\t\t\t\n\t\t\tclass=\"so-widget-sow-editor so-widget-sow-editor-base\"\n\t\t\t\n\t\t>\n<div class=\"siteorigin-widget-tinymce textwidget\">\n\t<h2>Tableros de control \u2013 Data Analytics y KPI<\/h2>\n<div>\n<p>Transmita en tiempo real los datos clave de su actividad con el software Media4Display.<\/p>\n<p>&nbsp;<\/p>\n<h3>Conecte Media4Display a su software de producci\u00f3n o a su ERP<\/h3>\n<p>Conecte su software de producci\u00f3n o su ERP a Media4Display y transmita estad\u00edsticas en tiempo real.<\/p>\n<p>&nbsp;<\/p>\n<h3>Cree su tablero de control personalizado<\/h3>\n<p>D\u00e9 forma a sus datos con widgets <strong>tablas, gr\u00e1ficos, barras de progreso, niveles, etc.,<\/strong> y muestre en <strong>tiempo real<\/strong> sus estad\u00edsticas en sus pantallas de visualizaci\u00f3n din\u00e1mica.<\/p>\n<\/div>\n<\/div>\n<\/div><\/div><\/div><\/div><\/div><div id=\"pg-22693-1\"  class=\"panel-grid panel-has-style\" ><div class=\"panel-row-style panel-row-style-for-22693-1\" ><div id=\"pgc-22693-1-0\"  class=\"panel-grid-cell\" ><div id=\"panel-22693-1-0-0\" class=\"so-panel widget widget_sow-editor panel-first-child panel-last-child\" data-index=\"2\" ><div class=\"panel-widget-style panel-widget-style-for-22693-1-0-0\" ><div\n\t\t\t\n\t\t\tclass=\"so-widget-sow-editor so-widget-sow-editor-base\"\n\t\t\t\n\t\t>\n<div class=\"siteorigin-widget-tinymce textwidget\">\n\t<div class=\"h3-like\">\n<p>Automatice la transmisi\u00f3n \/ Cree reglas de visualizaci\u00f3n<\/p>\n<\/div>\n<ul>\n<li>Difunda contenido en funci\u00f3n de sus datos: <strong>mensajes de alerta, KPI, objetivos alcanzados\/no alcanzados, porcentajes de progreso<\/strong>, etc.<\/li>\n<li>Cambie el formato de los datos seg\u00fan su estado: \u00bfun<strong> umbral cr\u00edtico<\/strong> que requiere una <strong>alerta visual<\/strong>, un objetivo alcanzado?<\/li>\n<li>Destaque esos datos clave gracias a Media4Display.<\/li>\n<\/ul>\n<\/div>\n<\/div><\/div><\/div><\/div><div id=\"pgc-22693-1-1\"  class=\"panel-grid-cell\" ><div id=\"panel-22693-1-1-0\" class=\"so-panel widget widget_sow-editor panel-first-child panel-last-child\" data-index=\"3\" ><div class=\"panel-widget-style panel-widget-style-for-22693-1-1-0\" ><div\n\t\t\t\n\t\t\tclass=\"so-widget-sow-editor so-widget-sow-editor-base\"\n\t\t\t\n\t\t>\n<div class=\"siteorigin-widget-tinymce textwidget\">\n\t<div class=\"h3-like\">\n<p>Comunique informaci\u00f3n en tiempo real<\/p>\n<\/div>\n<ul>\n<li>Muestre el tiempo de espera, de preparaci\u00f3n de los pedidos, etc.<\/li>\n<li>Mensajes de prevenci\u00f3n, de seguridad, de comunicaci\u00f3n interna y legal, transmita informaci\u00f3n a sus trabajadores que no utilicen computadoras a trav\u00e9s del software de visualizaci\u00f3n din\u00e1mica Media4Display<\/li>\n<\/ul>\n<\/div>\n<\/div><\/div><\/div><\/div><\/div><\/div><div id=\"pg-22693-2\"  class=\"panel-grid panel-no-style\" ><div id=\"pgc-22693-2-0\"  class=\"panel-grid-cell\" ><div id=\"panel-22693-2-0-0\" class=\"widget_text so-panel widget widget_custom_html panel-first-child panel-last-child\" data-index=\"4\" ><div class=\"textwidget custom-html-widget\"><div class=\"so-iframe-wrapper <?php if (!wp_is_mobile()) { echo 'no-padding'; } ?>\">\n<iframe src=\"https:\/\/business.telelogos.com\/form-m4d-es\">height=\"825px\" width=\"1200px\"style=\"border:0px #ffffff none;\" <\/iframe>\n<\/div><\/div><\/div><\/div><\/div><\/div>","protected":false},"excerpt":{"rendered":"<p>&nbsp; Tableros de control \u2013 Data Analytics y KPI Transmita en tiempo real los datos clave de su actividad con el software Media4Display. &nbsp; Conecte Media4Display a su software [&hellip;]<\/p>\n","protected":false},"author":4,"featured_media":0,"parent":22714,"menu_order":393,"comment_status":"closed","ping_status":"closed","template":"page-solution.php","meta":{"footnotes":""},"class_list":["post-22693","page","type-page","status-publish","hentry"],"yoast_head":"<!-- This site is optimized with the Yoast SEO plugin v27.4 - https:\/\/yoast.com\/product\/yoast-seo-wordpress\/ -->\n<title>Tableros de control y KPI - Telelogos<\/title>\n<meta name=\"description\" content=\"Visualiza indicadores clave de rendimiento (KPI) en tiempo real con tableros digitales personalizados y din\u00e1micos.\" \/>\n<meta name=\"robots\" content=\"index, follow, max-snippet:-1, max-image-preview:large, max-video-preview:-1\" \/>\n<link rel=\"canonical\" href=\"https:\/\/www.telelogos.com\/es\/soluciones\/media4display\/tableros-de-control-kpi\/\" \/>\n<meta name=\"twitter:label1\" content=\"Est. reading time\" \/>\n\t<meta name=\"twitter:data1\" content=\"2 minutes\" \/>\n<script type=\"application\/ld+json\" class=\"yoast-schema-graph\">{\"@context\":\"https:\\\/\\\/schema.org\",\"@graph\":[{\"@type\":\"WebPage\",\"@id\":\"https:\\\/\\\/www.telelogos.com\\\/es\\\/soluciones\\\/media4display\\\/tableros-de-control-kpi\\\/\",\"url\":\"https:\\\/\\\/www.telelogos.com\\\/es\\\/soluciones\\\/media4display\\\/tableros-de-control-kpi\\\/\",\"name\":\"Tableros de control y KPI - Telelogos\",\"isPartOf\":{\"@id\":\"https:\\\/\\\/www.telelogos.com\\\/es\\\/#website\"},\"primaryImageOfPage\":{\"@id\":\"https:\\\/\\\/www.telelogos.com\\\/es\\\/soluciones\\\/media4display\\\/tableros-de-control-kpi\\\/#primaryimage\"},\"image\":{\"@id\":\"https:\\\/\\\/www.telelogos.com\\\/es\\\/soluciones\\\/media4display\\\/tableros-de-control-kpi\\\/#primaryimage\"},\"thumbnailUrl\":\"https:\\\/\\\/www.telelogos.com\\\/wp-content\\\/uploads\\\/2021\\\/02\\\/data-kpi.jpg\",\"datePublished\":\"2021-02-22T18:16:51+00:00\",\"dateModified\":\"2025-03-20T16:19:12+00:00\",\"description\":\"Visualiza indicadores clave de rendimiento (KPI) en tiempo real con tableros digitales personalizados y din\u00e1micos.\",\"breadcrumb\":{\"@id\":\"https:\\\/\\\/www.telelogos.com\\\/es\\\/soluciones\\\/media4display\\\/tableros-de-control-kpi\\\/#breadcrumb\"},\"inLanguage\":\"es-ES\",\"potentialAction\":[{\"@type\":\"ReadAction\",\"target\":[\"https:\\\/\\\/www.telelogos.com\\\/es\\\/soluciones\\\/media4display\\\/tableros-de-control-kpi\\\/\"]}]},{\"@type\":\"ImageObject\",\"inLanguage\":\"es-ES\",\"@id\":\"https:\\\/\\\/www.telelogos.com\\\/es\\\/soluciones\\\/media4display\\\/tableros-de-control-kpi\\\/#primaryimage\",\"url\":\"https:\\\/\\\/www.telelogos.com\\\/wp-content\\\/uploads\\\/2021\\\/02\\\/data-kpi.jpg\",\"contentUrl\":\"https:\\\/\\\/www.telelogos.com\\\/wp-content\\\/uploads\\\/2021\\\/02\\\/data-kpi.jpg\"},{\"@type\":\"BreadcrumbList\",\"@id\":\"https:\\\/\\\/www.telelogos.com\\\/es\\\/soluciones\\\/media4display\\\/tableros-de-control-kpi\\\/#breadcrumb\",\"itemListElement\":[{\"@type\":\"ListItem\",\"position\":1,\"name\":\"Inicio\",\"item\":\"https:\\\/\\\/www.telelogos.com\\\/es\\\/\"},{\"@type\":\"ListItem\",\"position\":2,\"name\":\"Soluciones\",\"item\":\"https:\\\/\\\/www.telelogos.com\\\/es\\\/soluciones\\\/\"},{\"@type\":\"ListItem\",\"position\":3,\"name\":\"Media4Display\",\"item\":\"https:\\\/\\\/www.telelogos.com\\\/es\\\/soluciones\\\/media4display\\\/\"},{\"@type\":\"ListItem\",\"position\":4,\"name\":\"Tableros de control y KPI\"}]},{\"@type\":\"WebSite\",\"@id\":\"https:\\\/\\\/www.telelogos.com\\\/es\\\/#website\",\"url\":\"https:\\\/\\\/www.telelogos.com\\\/es\\\/\",\"name\":\"Telelogos\",\"description\":\"\",\"publisher\":{\"@id\":\"https:\\\/\\\/www.telelogos.com\\\/es\\\/#organization\"},\"potentialAction\":[{\"@type\":\"SearchAction\",\"target\":{\"@type\":\"EntryPoint\",\"urlTemplate\":\"https:\\\/\\\/www.telelogos.com\\\/es\\\/?s={search_term_string}\"},\"query-input\":{\"@type\":\"PropertyValueSpecification\",\"valueRequired\":true,\"valueName\":\"search_term_string\"}}],\"inLanguage\":\"es-ES\"},{\"@type\":\"Organization\",\"@id\":\"https:\\\/\\\/www.telelogos.com\\\/es\\\/#organization\",\"name\":\"Telelogos\",\"url\":\"https:\\\/\\\/www.telelogos.com\\\/es\\\/\",\"logo\":{\"@type\":\"ImageObject\",\"inLanguage\":\"es-ES\",\"@id\":\"https:\\\/\\\/www.telelogos.com\\\/es\\\/#\\\/schema\\\/logo\\\/image\\\/\",\"url\":\"https:\\\/\\\/www.telelogos.com\\\/wp-content\\\/uploads\\\/2022\\\/07\\\/Logo-Telelogos-e1664355618654.png\",\"contentUrl\":\"https:\\\/\\\/www.telelogos.com\\\/wp-content\\\/uploads\\\/2022\\\/07\\\/Logo-Telelogos-e1664355618654.png\",\"width\":100,\"height\":35,\"caption\":\"Telelogos\"},\"image\":{\"@id\":\"https:\\\/\\\/www.telelogos.com\\\/es\\\/#\\\/schema\\\/logo\\\/image\\\/\"},\"sameAs\":[\"https:\\\/\\\/fr.linkedin.com\\\/company\\\/telelogos\"]}]}<\/script>\n<!-- \/ Yoast SEO plugin. -->","yoast_head_json":{"title":"Tableros de control y KPI - Telelogos","description":"Visualiza indicadores clave de rendimiento (KPI) en tiempo real con tableros digitales personalizados y din\u00e1micos.","robots":{"index":"index","follow":"follow","max-snippet":"max-snippet:-1","max-image-preview":"max-image-preview:large","max-video-preview":"max-video-preview:-1"},"canonical":"https:\/\/www.telelogos.com\/es\/soluciones\/media4display\/tableros-de-control-kpi\/","twitter_misc":{"Est. reading time":"2 minutes"},"schema":{"@context":"https:\/\/schema.org","@graph":[{"@type":"WebPage","@id":"https:\/\/www.telelogos.com\/es\/soluciones\/media4display\/tableros-de-control-kpi\/","url":"https:\/\/www.telelogos.com\/es\/soluciones\/media4display\/tableros-de-control-kpi\/","name":"Tableros de control y KPI - Telelogos","isPartOf":{"@id":"https:\/\/www.telelogos.com\/es\/#website"},"primaryImageOfPage":{"@id":"https:\/\/www.telelogos.com\/es\/soluciones\/media4display\/tableros-de-control-kpi\/#primaryimage"},"image":{"@id":"https:\/\/www.telelogos.com\/es\/soluciones\/media4display\/tableros-de-control-kpi\/#primaryimage"},"thumbnailUrl":"https:\/\/www.telelogos.com\/wp-content\/uploads\/2021\/02\/data-kpi.jpg","datePublished":"2021-02-22T18:16:51+00:00","dateModified":"2025-03-20T16:19:12+00:00","description":"Visualiza indicadores clave de rendimiento (KPI) en tiempo real con tableros digitales personalizados y din\u00e1micos.","breadcrumb":{"@id":"https:\/\/www.telelogos.com\/es\/soluciones\/media4display\/tableros-de-control-kpi\/#breadcrumb"},"inLanguage":"es-ES","potentialAction":[{"@type":"ReadAction","target":["https:\/\/www.telelogos.com\/es\/soluciones\/media4display\/tableros-de-control-kpi\/"]}]},{"@type":"ImageObject","inLanguage":"es-ES","@id":"https:\/\/www.telelogos.com\/es\/soluciones\/media4display\/tableros-de-control-kpi\/#primaryimage","url":"https:\/\/www.telelogos.com\/wp-content\/uploads\/2021\/02\/data-kpi.jpg","contentUrl":"https:\/\/www.telelogos.com\/wp-content\/uploads\/2021\/02\/data-kpi.jpg"},{"@type":"BreadcrumbList","@id":"https:\/\/www.telelogos.com\/es\/soluciones\/media4display\/tableros-de-control-kpi\/#breadcrumb","itemListElement":[{"@type":"ListItem","position":1,"name":"Inicio","item":"https:\/\/www.telelogos.com\/es\/"},{"@type":"ListItem","position":2,"name":"Soluciones","item":"https:\/\/www.telelogos.com\/es\/soluciones\/"},{"@type":"ListItem","position":3,"name":"Media4Display","item":"https:\/\/www.telelogos.com\/es\/soluciones\/media4display\/"},{"@type":"ListItem","position":4,"name":"Tableros de control y KPI"}]},{"@type":"WebSite","@id":"https:\/\/www.telelogos.com\/es\/#website","url":"https:\/\/www.telelogos.com\/es\/","name":"Telelogos","description":"","publisher":{"@id":"https:\/\/www.telelogos.com\/es\/#organization"},"potentialAction":[{"@type":"SearchAction","target":{"@type":"EntryPoint","urlTemplate":"https:\/\/www.telelogos.com\/es\/?s={search_term_string}"},"query-input":{"@type":"PropertyValueSpecification","valueRequired":true,"valueName":"search_term_string"}}],"inLanguage":"es-ES"},{"@type":"Organization","@id":"https:\/\/www.telelogos.com\/es\/#organization","name":"Telelogos","url":"https:\/\/www.telelogos.com\/es\/","logo":{"@type":"ImageObject","inLanguage":"es-ES","@id":"https:\/\/www.telelogos.com\/es\/#\/schema\/logo\/image\/","url":"https:\/\/www.telelogos.com\/wp-content\/uploads\/2022\/07\/Logo-Telelogos-e1664355618654.png","contentUrl":"https:\/\/www.telelogos.com\/wp-content\/uploads\/2022\/07\/Logo-Telelogos-e1664355618654.png","width":100,"height":35,"caption":"Telelogos"},"image":{"@id":"https:\/\/www.telelogos.com\/es\/#\/schema\/logo\/image\/"},"sameAs":["https:\/\/fr.linkedin.com\/company\/telelogos"]}]}},"_links":{"self":[{"href":"https:\/\/www.telelogos.com\/es\/wp-json\/wp\/v2\/pages\/22693","targetHints":{"allow":["GET"]}}],"collection":[{"href":"https:\/\/www.telelogos.com\/es\/wp-json\/wp\/v2\/pages"}],"about":[{"href":"https:\/\/www.telelogos.com\/es\/wp-json\/wp\/v2\/types\/page"}],"author":[{"embeddable":true,"href":"https:\/\/www.telelogos.com\/es\/wp-json\/wp\/v2\/users\/4"}],"replies":[{"embeddable":true,"href":"https:\/\/www.telelogos.com\/es\/wp-json\/wp\/v2\/comments?post=22693"}],"version-history":[{"count":5,"href":"https:\/\/www.telelogos.com\/es\/wp-json\/wp\/v2\/pages\/22693\/revisions"}],"predecessor-version":[{"id":58411,"href":"https:\/\/www.telelogos.com\/es\/wp-json\/wp\/v2\/pages\/22693\/revisions\/58411"}],"up":[{"embeddable":true,"href":"https:\/\/www.telelogos.com\/es\/wp-json\/wp\/v2\/pages\/22714"}],"wp:attachment":[{"href":"https:\/\/www.telelogos.com\/es\/wp-json\/wp\/v2\/media?parent=22693"}],"curies":[{"name":"wp","href":"https:\/\/api.w.org\/{rel}","templated":true}]}}