{"id":22696,"date":"2021-02-22T20:00:16","date_gmt":"2021-02-22T18:00:16","guid":{"rendered":"https:\/\/www.telelogos.com\/murs-video\/"},"modified":"2025-03-20T18:17:43","modified_gmt":"2025-03-20T16:17:43","slug":"pantallas-murales","status":"publish","type":"page","link":"https:\/\/www.telelogos.com\/es\/soluciones\/media4display\/pantallas-murales\/","title":{"rendered":"Pantallas murales"},"content":{"rendered":"<div id=\"pl-22696\"  class=\"panel-layout\" ><div id=\"pg-22696-0\"  class=\"panel-grid panel-no-style\" ><div id=\"pgc-22696-0-0\"  class=\"panel-grid-cell\" ><div id=\"panel-22696-0-0-0\" class=\"so-panel widget widget_sow-editor panel-first-child panel-last-child\" data-index=\"0\" ><div class=\"animation_gauche_droite panel-widget-style panel-widget-style-for-22696-0-0-0\" ><div\n\t\t\t\n\t\t\tclass=\"so-widget-sow-editor so-widget-sow-editor-base\"\n\t\t\t\n\t\t>\n<div class=\"siteorigin-widget-tinymce textwidget\">\n\t<p><img decoding=\"async\" class=\"alignnone size-full wp-image-17916\" src=\"https:\/\/www.telelogos.com\/wp-content\/uploads\/2021\/02\/Media4Display-scaled.jpg\" alt=\"\" width=\"2560\" height=\"2003\" srcset=\"https:\/\/www.telelogos.com\/wp-content\/uploads\/2021\/02\/Media4Display-scaled.jpg 2560w, https:\/\/www.telelogos.com\/wp-content\/uploads\/2021\/02\/Media4Display-300x235.jpg 300w, https:\/\/www.telelogos.com\/wp-content\/uploads\/2021\/02\/Media4Display-1024x801.jpg 1024w, https:\/\/www.telelogos.com\/wp-content\/uploads\/2021\/02\/Media4Display-1536x1202.jpg 1536w, https:\/\/www.telelogos.com\/wp-content\/uploads\/2021\/02\/Media4Display-2048x1603.jpg 2048w, https:\/\/www.telelogos.com\/wp-content\/uploads\/2021\/02\/Media4Display-195x153.jpg 195w\" sizes=\"(max-width: 2560px) 100vw, 2560px\" \/><\/p>\n<p>&nbsp;<\/p>\n<\/div>\n<\/div><\/div><\/div><\/div><div id=\"pgc-22696-0-1\"  class=\"panel-grid-cell\" ><div id=\"panel-22696-0-1-0\" class=\"so-panel widget widget_sow-editor panel-first-child panel-last-child\" data-index=\"1\" ><div class=\"panel-widget-style panel-widget-style-for-22696-0-1-0\" ><div\n\t\t\t\n\t\t\tclass=\"so-widget-sow-editor so-widget-sow-editor-base\"\n\t\t\t\n\t\t>\n<div class=\"siteorigin-widget-tinymce textwidget\">\n\t<h2>\u00a1Difunda su contenido en gran formato!<\/h2>\n<div>\n<p>Con el software de visualizaci\u00f3n din\u00e1mica Media4Display, administre todo tipo de pantallas murales.<br \/> Modo duplicaci\u00f3n, extendido, multiflujo, no organizado, etc. Media4Display le permite administrar sus pantallas murales con cualquier configuraci\u00f3n.<\/p>\n<\/div>\n<\/div>\n<\/div><\/div><\/div><\/div><\/div><div id=\"pg-22696-1\"  class=\"panel-grid panel-has-style\" ><div class=\"panel-row-style panel-row-style-for-22696-1\" ><div id=\"pgc-22696-1-0\"  class=\"panel-grid-cell\" ><div id=\"panel-22696-1-0-0\" class=\"so-panel widget widget_sow-editor panel-first-child panel-last-child\" data-index=\"2\" ><div class=\"panel-widget-style panel-widget-style-for-22696-1-0-0\" ><div\n\t\t\t\n\t\t\tclass=\"so-widget-sow-editor so-widget-sow-editor-base\"\n\t\t\t\n\t\t>\n<div class=\"siteorigin-widget-tinymce textwidget\">\n\t<div class=\"h3-like\">\n<p>Modo extendido<\/p>\n<\/div>\n<ul>\n<li>Exhiba un contenido en todas las pantallas<\/li>\n<\/ul>\n<p><img decoding=\"async\" class=\"alignnone wp-image-18128 size-medium\" src=\"https:\/\/www.telelogos.com\/wp-content\/uploads\/2021\/02\/Image3-300x170.png\" alt=\"\" width=\"300\" height=\"170\" srcset=\"https:\/\/www.telelogos.com\/wp-content\/uploads\/2021\/02\/Image3-300x170.png 300w, https:\/\/www.telelogos.com\/wp-content\/uploads\/2021\/02\/Image3-195x110.png 195w, https:\/\/www.telelogos.com\/wp-content\/uploads\/2021\/02\/Image3.png 459w\" sizes=\"(max-width: 300px) 100vw, 300px\" \/><\/p>\n<\/div>\n<\/div><\/div><\/div><\/div><div id=\"pgc-22696-1-1\"  class=\"panel-grid-cell\" ><div id=\"panel-22696-1-1-0\" class=\"so-panel widget widget_sow-editor panel-first-child panel-last-child\" data-index=\"3\" ><div class=\"panel-widget-style panel-widget-style-for-22696-1-1-0\" ><div\n\t\t\t\n\t\t\tclass=\"so-widget-sow-editor so-widget-sow-editor-base\"\n\t\t\t\n\t\t>\n<div class=\"siteorigin-widget-tinymce textwidget\">\n\t<div class=\"h3-like\">\n<p>Modo duplicaci\u00f3n<\/p>\n<\/div>\n<ul>\n<li>Exhiba un contenido id\u00e9ntico y simult\u00e1neo en cada pantalla<\/li>\n<\/ul>\n<p><img decoding=\"async\" class=\"alignnone wp-image-18130 size-medium\" src=\"https:\/\/www.telelogos.com\/wp-content\/uploads\/2021\/02\/Image4-300x170.png\" alt=\"\" width=\"300\" height=\"170\" srcset=\"https:\/\/www.telelogos.com\/wp-content\/uploads\/2021\/02\/Image4-300x170.png 300w, https:\/\/www.telelogos.com\/wp-content\/uploads\/2021\/02\/Image4-195x110.png 195w, https:\/\/www.telelogos.com\/wp-content\/uploads\/2021\/02\/Image4.png 459w\" sizes=\"(max-width: 300px) 100vw, 300px\" \/><\/p>\n<p>&nbsp;<\/p>\n<\/div>\n<\/div><\/div><\/div><\/div><div id=\"pgc-22696-1-2\"  class=\"panel-grid-cell\" ><div id=\"panel-22696-1-2-0\" class=\"so-panel widget widget_sow-editor panel-first-child panel-last-child\" data-index=\"4\" ><div class=\"panel-widget-style panel-widget-style-for-22696-1-2-0\" ><div\n\t\t\t\n\t\t\tclass=\"so-widget-sow-editor so-widget-sow-editor-base\"\n\t\t\t\n\t\t>\n<div class=\"siteorigin-widget-tinymce textwidget\">\n\t<div class=\"h3-like\">\n<p>Modo multiflujo<\/p>\n<\/div>\n<ul>\n<li>Exhiba un contenido diferente por pantalla<\/li>\n<\/ul>\n<p><img decoding=\"async\" class=\"alignnone wp-image-18132 size-medium\" src=\"https:\/\/www.telelogos.com\/wp-content\/uploads\/2021\/02\/Image5-300x170.png\" alt=\"\" width=\"300\" height=\"170\" srcset=\"https:\/\/www.telelogos.com\/wp-content\/uploads\/2021\/02\/Image5-300x170.png 300w, https:\/\/www.telelogos.com\/wp-content\/uploads\/2021\/02\/Image5-195x110.png 195w, https:\/\/www.telelogos.com\/wp-content\/uploads\/2021\/02\/Image5.png 459w\" sizes=\"(max-width: 300px) 100vw, 300px\" \/><\/p>\n<\/div>\n<\/div><\/div><\/div><\/div><div id=\"pgc-22696-1-3\"  class=\"panel-grid-cell\" ><div id=\"panel-22696-1-3-0\" class=\"so-panel widget widget_sow-editor panel-first-child panel-last-child\" data-index=\"5\" ><div class=\"panel-widget-style panel-widget-style-for-22696-1-3-0\" ><div\n\t\t\t\n\t\t\tclass=\"so-widget-sow-editor so-widget-sow-editor-base\"\n\t\t\t\n\t\t>\n<div class=\"siteorigin-widget-tinymce textwidget\">\n\t<div class=\"h3-like\">\n<p>Modo no organizado<\/p>\n<\/div>\n<ul>\n<li>Exhiba contenido en pantallas no organizadas<\/li>\n<\/ul>\n<p><img decoding=\"async\" class=\"alignnone wp-image-18134 size-medium\" src=\"https:\/\/www.telelogos.com\/wp-content\/uploads\/2021\/02\/Image6-300x166.png\" alt=\"\" width=\"300\" height=\"166\" srcset=\"https:\/\/www.telelogos.com\/wp-content\/uploads\/2021\/02\/Image6-300x166.png 300w, https:\/\/www.telelogos.com\/wp-content\/uploads\/2021\/02\/Image6-195x108.png 195w, https:\/\/www.telelogos.com\/wp-content\/uploads\/2021\/02\/Image6.png 469w\" sizes=\"(max-width: 300px) 100vw, 300px\" \/><\/p>\n<\/div>\n<\/div><\/div><\/div><\/div><\/div><\/div><div id=\"pg-22696-2\"  class=\"panel-grid panel-no-style\" ><div id=\"pgc-22696-2-0\"  class=\"panel-grid-cell\" ><div id=\"panel-22696-2-0-0\" class=\"widget_text so-panel widget widget_custom_html panel-first-child panel-last-child\" data-index=\"6\" ><div class=\"textwidget custom-html-widget\"><div class=\"so-iframe-wrapper <?php if (!wp_is_mobile()) { echo 'no-padding'; } ?>\">\n<iframe src=\"https:\/\/business.telelogos.com\/form-m4d-es\">height=\"825px\" width=\"1200px\"style=\"border:0px #ffffff none;\" <\/iframe>\n<\/div><\/div><\/div><\/div><\/div><\/div>","protected":false},"excerpt":{"rendered":"<p>&nbsp; \u00a1Difunda su contenido en gran formato! Con el software de visualizaci\u00f3n din\u00e1mica Media4Display, administre todo tipo de pantallas murales. Modo duplicaci\u00f3n, extendido, multiflujo, no organizado, etc. Media4Display le [&hellip;]<\/p>\n","protected":false},"author":4,"featured_media":0,"parent":22714,"menu_order":405,"comment_status":"closed","ping_status":"closed","template":"page-solution.php","meta":{"footnotes":""},"class_list":["post-22696","page","type-page","status-publish","hentry"],"yoast_head":"<!-- This site is optimized with the Yoast SEO plugin v27.4 - https:\/\/yoast.com\/product\/yoast-seo-wordpress\/ -->\n<title>Pantallas murales - Telelogos<\/title>\n<meta name=\"description\" content=\"Mejora la visibilidad de tu mensaje con pantallas murales digitales, ideales para entornos corporativos y comerciales.\" \/>\n<meta name=\"robots\" content=\"index, follow, max-snippet:-1, max-image-preview:large, max-video-preview:-1\" \/>\n<link rel=\"canonical\" href=\"https:\/\/www.telelogos.com\/es\/soluciones\/media4display\/pantallas-murales\/\" \/>\n<meta name=\"twitter:label1\" content=\"Est. reading time\" \/>\n\t<meta name=\"twitter:data1\" content=\"2 minutes\" \/>\n<script type=\"application\/ld+json\" class=\"yoast-schema-graph\">{\"@context\":\"https:\\\/\\\/schema.org\",\"@graph\":[{\"@type\":\"WebPage\",\"@id\":\"https:\\\/\\\/www.telelogos.com\\\/es\\\/soluciones\\\/media4display\\\/pantallas-murales\\\/\",\"url\":\"https:\\\/\\\/www.telelogos.com\\\/es\\\/soluciones\\\/media4display\\\/pantallas-murales\\\/\",\"name\":\"Pantallas murales - Telelogos\",\"isPartOf\":{\"@id\":\"https:\\\/\\\/www.telelogos.com\\\/es\\\/#website\"},\"primaryImageOfPage\":{\"@id\":\"https:\\\/\\\/www.telelogos.com\\\/es\\\/soluciones\\\/media4display\\\/pantallas-murales\\\/#primaryimage\"},\"image\":{\"@id\":\"https:\\\/\\\/www.telelogos.com\\\/es\\\/soluciones\\\/media4display\\\/pantallas-murales\\\/#primaryimage\"},\"thumbnailUrl\":\"https:\\\/\\\/www.telelogos.com\\\/wp-content\\\/uploads\\\/2021\\\/02\\\/Media4Display-scaled.jpg\",\"datePublished\":\"2021-02-22T18:00:16+00:00\",\"dateModified\":\"2025-03-20T16:17:43+00:00\",\"description\":\"Mejora la visibilidad de tu mensaje con pantallas murales digitales, ideales para entornos corporativos y comerciales.\",\"breadcrumb\":{\"@id\":\"https:\\\/\\\/www.telelogos.com\\\/es\\\/soluciones\\\/media4display\\\/pantallas-murales\\\/#breadcrumb\"},\"inLanguage\":\"es-ES\",\"potentialAction\":[{\"@type\":\"ReadAction\",\"target\":[\"https:\\\/\\\/www.telelogos.com\\\/es\\\/soluciones\\\/media4display\\\/pantallas-murales\\\/\"]}]},{\"@type\":\"ImageObject\",\"inLanguage\":\"es-ES\",\"@id\":\"https:\\\/\\\/www.telelogos.com\\\/es\\\/soluciones\\\/media4display\\\/pantallas-murales\\\/#primaryimage\",\"url\":\"https:\\\/\\\/www.telelogos.com\\\/wp-content\\\/uploads\\\/2021\\\/02\\\/Media4Display-scaled.jpg\",\"contentUrl\":\"https:\\\/\\\/www.telelogos.com\\\/wp-content\\\/uploads\\\/2021\\\/02\\\/Media4Display-scaled.jpg\"},{\"@type\":\"BreadcrumbList\",\"@id\":\"https:\\\/\\\/www.telelogos.com\\\/es\\\/soluciones\\\/media4display\\\/pantallas-murales\\\/#breadcrumb\",\"itemListElement\":[{\"@type\":\"ListItem\",\"position\":1,\"name\":\"Inicio\",\"item\":\"https:\\\/\\\/www.telelogos.com\\\/es\\\/\"},{\"@type\":\"ListItem\",\"position\":2,\"name\":\"Soluciones\",\"item\":\"https:\\\/\\\/www.telelogos.com\\\/es\\\/soluciones\\\/\"},{\"@type\":\"ListItem\",\"position\":3,\"name\":\"Media4Display\",\"item\":\"https:\\\/\\\/www.telelogos.com\\\/es\\\/soluciones\\\/media4display\\\/\"},{\"@type\":\"ListItem\",\"position\":4,\"name\":\"Pantallas murales\"}]},{\"@type\":\"WebSite\",\"@id\":\"https:\\\/\\\/www.telelogos.com\\\/es\\\/#website\",\"url\":\"https:\\\/\\\/www.telelogos.com\\\/es\\\/\",\"name\":\"Telelogos\",\"description\":\"\",\"publisher\":{\"@id\":\"https:\\\/\\\/www.telelogos.com\\\/es\\\/#organization\"},\"potentialAction\":[{\"@type\":\"SearchAction\",\"target\":{\"@type\":\"EntryPoint\",\"urlTemplate\":\"https:\\\/\\\/www.telelogos.com\\\/es\\\/?s={search_term_string}\"},\"query-input\":{\"@type\":\"PropertyValueSpecification\",\"valueRequired\":true,\"valueName\":\"search_term_string\"}}],\"inLanguage\":\"es-ES\"},{\"@type\":\"Organization\",\"@id\":\"https:\\\/\\\/www.telelogos.com\\\/es\\\/#organization\",\"name\":\"Telelogos\",\"url\":\"https:\\\/\\\/www.telelogos.com\\\/es\\\/\",\"logo\":{\"@type\":\"ImageObject\",\"inLanguage\":\"es-ES\",\"@id\":\"https:\\\/\\\/www.telelogos.com\\\/es\\\/#\\\/schema\\\/logo\\\/image\\\/\",\"url\":\"https:\\\/\\\/www.telelogos.com\\\/wp-content\\\/uploads\\\/2022\\\/07\\\/Logo-Telelogos-e1664355618654.png\",\"contentUrl\":\"https:\\\/\\\/www.telelogos.com\\\/wp-content\\\/uploads\\\/2022\\\/07\\\/Logo-Telelogos-e1664355618654.png\",\"width\":100,\"height\":35,\"caption\":\"Telelogos\"},\"image\":{\"@id\":\"https:\\\/\\\/www.telelogos.com\\\/es\\\/#\\\/schema\\\/logo\\\/image\\\/\"},\"sameAs\":[\"https:\\\/\\\/fr.linkedin.com\\\/company\\\/telelogos\"]}]}<\/script>\n<!-- \/ Yoast SEO plugin. -->","yoast_head_json":{"title":"Pantallas murales - Telelogos","description":"Mejora la visibilidad de tu mensaje con pantallas murales digitales, ideales para entornos corporativos y comerciales.","robots":{"index":"index","follow":"follow","max-snippet":"max-snippet:-1","max-image-preview":"max-image-preview:large","max-video-preview":"max-video-preview:-1"},"canonical":"https:\/\/www.telelogos.com\/es\/soluciones\/media4display\/pantallas-murales\/","twitter_misc":{"Est. reading time":"2 minutes"},"schema":{"@context":"https:\/\/schema.org","@graph":[{"@type":"WebPage","@id":"https:\/\/www.telelogos.com\/es\/soluciones\/media4display\/pantallas-murales\/","url":"https:\/\/www.telelogos.com\/es\/soluciones\/media4display\/pantallas-murales\/","name":"Pantallas murales - Telelogos","isPartOf":{"@id":"https:\/\/www.telelogos.com\/es\/#website"},"primaryImageOfPage":{"@id":"https:\/\/www.telelogos.com\/es\/soluciones\/media4display\/pantallas-murales\/#primaryimage"},"image":{"@id":"https:\/\/www.telelogos.com\/es\/soluciones\/media4display\/pantallas-murales\/#primaryimage"},"thumbnailUrl":"https:\/\/www.telelogos.com\/wp-content\/uploads\/2021\/02\/Media4Display-scaled.jpg","datePublished":"2021-02-22T18:00:16+00:00","dateModified":"2025-03-20T16:17:43+00:00","description":"Mejora la visibilidad de tu mensaje con pantallas murales digitales, ideales para entornos corporativos y comerciales.","breadcrumb":{"@id":"https:\/\/www.telelogos.com\/es\/soluciones\/media4display\/pantallas-murales\/#breadcrumb"},"inLanguage":"es-ES","potentialAction":[{"@type":"ReadAction","target":["https:\/\/www.telelogos.com\/es\/soluciones\/media4display\/pantallas-murales\/"]}]},{"@type":"ImageObject","inLanguage":"es-ES","@id":"https:\/\/www.telelogos.com\/es\/soluciones\/media4display\/pantallas-murales\/#primaryimage","url":"https:\/\/www.telelogos.com\/wp-content\/uploads\/2021\/02\/Media4Display-scaled.jpg","contentUrl":"https:\/\/www.telelogos.com\/wp-content\/uploads\/2021\/02\/Media4Display-scaled.jpg"},{"@type":"BreadcrumbList","@id":"https:\/\/www.telelogos.com\/es\/soluciones\/media4display\/pantallas-murales\/#breadcrumb","itemListElement":[{"@type":"ListItem","position":1,"name":"Inicio","item":"https:\/\/www.telelogos.com\/es\/"},{"@type":"ListItem","position":2,"name":"Soluciones","item":"https:\/\/www.telelogos.com\/es\/soluciones\/"},{"@type":"ListItem","position":3,"name":"Media4Display","item":"https:\/\/www.telelogos.com\/es\/soluciones\/media4display\/"},{"@type":"ListItem","position":4,"name":"Pantallas murales"}]},{"@type":"WebSite","@id":"https:\/\/www.telelogos.com\/es\/#website","url":"https:\/\/www.telelogos.com\/es\/","name":"Telelogos","description":"","publisher":{"@id":"https:\/\/www.telelogos.com\/es\/#organization"},"potentialAction":[{"@type":"SearchAction","target":{"@type":"EntryPoint","urlTemplate":"https:\/\/www.telelogos.com\/es\/?s={search_term_string}"},"query-input":{"@type":"PropertyValueSpecification","valueRequired":true,"valueName":"search_term_string"}}],"inLanguage":"es-ES"},{"@type":"Organization","@id":"https:\/\/www.telelogos.com\/es\/#organization","name":"Telelogos","url":"https:\/\/www.telelogos.com\/es\/","logo":{"@type":"ImageObject","inLanguage":"es-ES","@id":"https:\/\/www.telelogos.com\/es\/#\/schema\/logo\/image\/","url":"https:\/\/www.telelogos.com\/wp-content\/uploads\/2022\/07\/Logo-Telelogos-e1664355618654.png","contentUrl":"https:\/\/www.telelogos.com\/wp-content\/uploads\/2022\/07\/Logo-Telelogos-e1664355618654.png","width":100,"height":35,"caption":"Telelogos"},"image":{"@id":"https:\/\/www.telelogos.com\/es\/#\/schema\/logo\/image\/"},"sameAs":["https:\/\/fr.linkedin.com\/company\/telelogos"]}]}},"_links":{"self":[{"href":"https:\/\/www.telelogos.com\/es\/wp-json\/wp\/v2\/pages\/22696","targetHints":{"allow":["GET"]}}],"collection":[{"href":"https:\/\/www.telelogos.com\/es\/wp-json\/wp\/v2\/pages"}],"about":[{"href":"https:\/\/www.telelogos.com\/es\/wp-json\/wp\/v2\/types\/page"}],"author":[{"embeddable":true,"href":"https:\/\/www.telelogos.com\/es\/wp-json\/wp\/v2\/users\/4"}],"replies":[{"embeddable":true,"href":"https:\/\/www.telelogos.com\/es\/wp-json\/wp\/v2\/comments?post=22696"}],"version-history":[{"count":5,"href":"https:\/\/www.telelogos.com\/es\/wp-json\/wp\/v2\/pages\/22696\/revisions"}],"predecessor-version":[{"id":58409,"href":"https:\/\/www.telelogos.com\/es\/wp-json\/wp\/v2\/pages\/22696\/revisions\/58409"}],"up":[{"embeddable":true,"href":"https:\/\/www.telelogos.com\/es\/wp-json\/wp\/v2\/pages\/22714"}],"wp:attachment":[{"href":"https:\/\/www.telelogos.com\/es\/wp-json\/wp\/v2\/media?parent=22696"}],"curies":[{"name":"wp","href":"https:\/\/api.w.org\/{rel}","templated":true}]}}