{"id":22698,"date":"2021-02-22T19:50:41","date_gmt":"2021-02-22T17:50:41","guid":{"rendered":"https:\/\/www.telelogos.com\/ecrans-interactifs\/"},"modified":"2025-03-20T18:17:14","modified_gmt":"2025-03-20T16:17:14","slug":"pantallas-interactivas","status":"publish","type":"page","link":"https:\/\/www.telelogos.com\/es\/soluciones\/media4display\/pantallas-interactivas\/","title":{"rendered":"Pantallas interactivas"},"content":{"rendered":"<div id=\"pl-22698\"  class=\"panel-layout\" ><div id=\"pg-22698-0\"  class=\"panel-grid panel-no-style\" ><div id=\"pgc-22698-0-0\"  class=\"panel-grid-cell\" ><div id=\"panel-22698-0-0-0\" class=\"so-panel widget widget_sow-editor panel-first-child panel-last-child\" data-index=\"0\" ><div class=\"animation_gauche_droite panel-widget-style panel-widget-style-for-22698-0-0-0\" ><div\n\t\t\t\n\t\t\tclass=\"so-widget-sow-editor so-widget-sow-editor-base\"\n\t\t\t\n\t\t>\n<div class=\"siteorigin-widget-tinymce textwidget\">\n\t<p><img decoding=\"async\" class=\"alignnone size-full wp-image-18115\" src=\"https:\/\/www.telelogos.com\/wp-content\/uploads\/2021\/02\/Ecrans-interactifs.jpg\" alt=\"\" width=\"1280\" height=\"720\" srcset=\"https:\/\/www.telelogos.com\/wp-content\/uploads\/2021\/02\/Ecrans-interactifs.jpg 1280w, https:\/\/www.telelogos.com\/wp-content\/uploads\/2021\/02\/Ecrans-interactifs-300x169.jpg 300w, https:\/\/www.telelogos.com\/wp-content\/uploads\/2021\/02\/Ecrans-interactifs-1024x576.jpg 1024w, https:\/\/www.telelogos.com\/wp-content\/uploads\/2021\/02\/Ecrans-interactifs-195x110.jpg 195w\" sizes=\"(max-width: 1280px) 100vw, 1280px\" \/><\/p>\n<p>&nbsp;<\/p>\n<\/div>\n<\/div><\/div><\/div><\/div><div id=\"pgc-22698-0-1\"  class=\"panel-grid-cell\" ><div id=\"panel-22698-0-1-0\" class=\"so-panel widget widget_sow-editor panel-first-child panel-last-child\" data-index=\"1\" ><div class=\"panel-widget-style panel-widget-style-for-22698-0-1-0\" ><div\n\t\t\t\n\t\t\tclass=\"so-widget-sow-editor so-widget-sow-editor-base\"\n\t\t\t\n\t\t>\n<div class=\"siteorigin-widget-tinymce textwidget\">\n\t<p>&nbsp;<\/p>\n<h2>Administre sus pantallas interactivas<\/h2>\n<div>\n<p>Permita el acceso a contenido interactivo en un entorno seguro<\/p>\n<ul>\n<li>Una sola aplicaci\u00f3n en pantalla completa (configurador de autom\u00f3viles, aplicaci\u00f3n de reservaci\u00f3n, terminales de pedido en restaurante).<\/li>\n<li>Acceso a varias aplicaciones (predefinidas por los administradores).<\/li>\n<\/ul>\n<p>Al proteger y bloquear el uso de las terminales, kioscos, pantallas t\u00e1ctiles, el software de visualizaci\u00f3n din\u00e1mica Media4Display permite evitar cualquier error de manipulaci\u00f3n (cambio de la configuraci\u00f3n, apagado de terminal, etc.)<\/p>\n<\/div>\n<\/div>\n<\/div><\/div><\/div><\/div><\/div><div id=\"pg-22698-1\"  class=\"panel-grid panel-has-style\" ><div class=\"panel-row-style panel-row-style-for-22698-1\" ><div id=\"pgc-22698-1-0\"  class=\"panel-grid-cell\" ><div id=\"panel-22698-1-0-0\" class=\"so-panel widget widget_sow-editor panel-first-child panel-last-child\" data-index=\"2\" ><div class=\"panel-widget-style panel-widget-style-for-22698-1-0-0\" ><div\n\t\t\t\n\t\t\tclass=\"so-widget-sow-editor so-widget-sow-editor-base\"\n\t\t\t\n\t\t>\n<div class=\"siteorigin-widget-tinymce textwidget\">\n\t<div class=\"h3-like\">\n<p>Transmita secuencias de visualizaci\u00f3n din\u00e1mica y proteja el uso de sus pantallas interactivas<\/p>\n<\/div>\n<ul>\n<li><strong>Use sus equipos interactivos como punto de transmisi\u00f3n<\/strong>\n<p>Cuando la pantalla t\u00e1ctil no se est\u00e1 usando, Media4Display activa autom\u00e1ticamente una secuencia de visualizaci\u00f3n din\u00e1mica.<\/p>\n<\/li>\n<li>Apenas se toca la pantalla, la secuencia se detiene y el usuario puede usar la o las aplicaciones.<\/li>\n<\/ul>\n<\/div>\n<\/div><\/div><\/div><\/div><div id=\"pgc-22698-1-1\"  class=\"panel-grid-cell\" ><div id=\"panel-22698-1-1-0\" class=\"so-panel widget widget_sow-editor panel-first-child panel-last-child\" data-index=\"3\" ><div class=\"panel-widget-style panel-widget-style-for-22698-1-1-0\" ><div\n\t\t\t\n\t\t\tclass=\"so-widget-sow-editor so-widget-sow-editor-base\"\n\t\t\t\n\t\t>\n<div class=\"siteorigin-widget-tinymce textwidget\">\n\t<p><img decoding=\"async\" class=\"alignnone size-full wp-image-18111\" src=\"https:\/\/www.telelogos.com\/wp-content\/uploads\/2021\/02\/schema-ecran-interactif.png\" alt=\"\" width=\"515\" height=\"200\" srcset=\"https:\/\/www.telelogos.com\/wp-content\/uploads\/2021\/02\/schema-ecran-interactif.png 515w, https:\/\/www.telelogos.com\/wp-content\/uploads\/2021\/02\/schema-ecran-interactif-300x117.png 300w, https:\/\/www.telelogos.com\/wp-content\/uploads\/2021\/02\/schema-ecran-interactif-195x76.png 195w\" sizes=\"(max-width: 515px) 100vw, 515px\" \/><\/p>\n<\/div>\n<\/div><\/div><\/div><\/div><\/div><\/div><div id=\"pg-22698-2\"  class=\"panel-grid panel-no-style\" ><div id=\"pgc-22698-2-0\"  class=\"panel-grid-cell\" ><div id=\"panel-22698-2-0-0\" class=\"widget_text so-panel widget widget_custom_html panel-first-child panel-last-child\" data-index=\"4\" ><div class=\"textwidget custom-html-widget\"><div class=\"so-iframe-wrapper <?php if (!wp_is_mobile()) { echo 'no-padding'; } ?>\">\n<iframe src=\"https:\/\/business.telelogos.com\/form-m4d-es\">height=\"825px\" width=\"1200px\"style=\"border:0px #ffffff none;\" <\/iframe>\n<\/div><\/div><\/div><\/div><\/div><\/div>","protected":false},"excerpt":{"rendered":"<p>&nbsp; &nbsp; Administre sus pantallas interactivas Permita el acceso a contenido interactivo en un entorno seguro Una sola aplicaci\u00f3n en pantalla completa (configurador de autom\u00f3viles, aplicaci\u00f3n de reservaci\u00f3n, terminales [&hellip;]<\/p>\n","protected":false},"author":4,"featured_media":0,"parent":22714,"menu_order":408,"comment_status":"closed","ping_status":"closed","template":"page-solution.php","meta":{"footnotes":""},"class_list":["post-22698","page","type-page","status-publish","hentry"],"yoast_head":"<!-- This site is optimized with the Yoast SEO plugin v27.4 - https:\/\/yoast.com\/product\/yoast-seo-wordpress\/ -->\n<title>Pantallas interactivas - Telelogos<\/title>\n<meta name=\"description\" content=\"Impulsa la experiencia del usuario con pantallas t\u00e1ctiles que permiten una comunicaci\u00f3n bidireccional en puntos estrat\u00e9gicos.\" \/>\n<meta name=\"robots\" content=\"index, follow, max-snippet:-1, max-image-preview:large, max-video-preview:-1\" \/>\n<link rel=\"canonical\" href=\"https:\/\/www.telelogos.com\/es\/soluciones\/media4display\/pantallas-interactivas\/\" \/>\n<meta name=\"twitter:label1\" content=\"Est. reading time\" \/>\n\t<meta name=\"twitter:data1\" content=\"2 minutes\" \/>\n<script type=\"application\/ld+json\" class=\"yoast-schema-graph\">{\"@context\":\"https:\\\/\\\/schema.org\",\"@graph\":[{\"@type\":\"WebPage\",\"@id\":\"https:\\\/\\\/www.telelogos.com\\\/es\\\/soluciones\\\/media4display\\\/pantallas-interactivas\\\/\",\"url\":\"https:\\\/\\\/www.telelogos.com\\\/es\\\/soluciones\\\/media4display\\\/pantallas-interactivas\\\/\",\"name\":\"Pantallas interactivas - Telelogos\",\"isPartOf\":{\"@id\":\"https:\\\/\\\/www.telelogos.com\\\/es\\\/#website\"},\"primaryImageOfPage\":{\"@id\":\"https:\\\/\\\/www.telelogos.com\\\/es\\\/soluciones\\\/media4display\\\/pantallas-interactivas\\\/#primaryimage\"},\"image\":{\"@id\":\"https:\\\/\\\/www.telelogos.com\\\/es\\\/soluciones\\\/media4display\\\/pantallas-interactivas\\\/#primaryimage\"},\"thumbnailUrl\":\"https:\\\/\\\/www.telelogos.com\\\/wp-content\\\/uploads\\\/2021\\\/02\\\/Ecrans-interactifs.jpg\",\"datePublished\":\"2021-02-22T17:50:41+00:00\",\"dateModified\":\"2025-03-20T16:17:14+00:00\",\"description\":\"Impulsa la experiencia del usuario con pantallas t\u00e1ctiles que permiten una comunicaci\u00f3n bidireccional en puntos estrat\u00e9gicos.\",\"breadcrumb\":{\"@id\":\"https:\\\/\\\/www.telelogos.com\\\/es\\\/soluciones\\\/media4display\\\/pantallas-interactivas\\\/#breadcrumb\"},\"inLanguage\":\"es-ES\",\"potentialAction\":[{\"@type\":\"ReadAction\",\"target\":[\"https:\\\/\\\/www.telelogos.com\\\/es\\\/soluciones\\\/media4display\\\/pantallas-interactivas\\\/\"]}]},{\"@type\":\"ImageObject\",\"inLanguage\":\"es-ES\",\"@id\":\"https:\\\/\\\/www.telelogos.com\\\/es\\\/soluciones\\\/media4display\\\/pantallas-interactivas\\\/#primaryimage\",\"url\":\"https:\\\/\\\/www.telelogos.com\\\/wp-content\\\/uploads\\\/2021\\\/02\\\/Ecrans-interactifs.jpg\",\"contentUrl\":\"https:\\\/\\\/www.telelogos.com\\\/wp-content\\\/uploads\\\/2021\\\/02\\\/Ecrans-interactifs.jpg\"},{\"@type\":\"BreadcrumbList\",\"@id\":\"https:\\\/\\\/www.telelogos.com\\\/es\\\/soluciones\\\/media4display\\\/pantallas-interactivas\\\/#breadcrumb\",\"itemListElement\":[{\"@type\":\"ListItem\",\"position\":1,\"name\":\"Inicio\",\"item\":\"https:\\\/\\\/www.telelogos.com\\\/es\\\/\"},{\"@type\":\"ListItem\",\"position\":2,\"name\":\"Soluciones\",\"item\":\"https:\\\/\\\/www.telelogos.com\\\/es\\\/soluciones\\\/\"},{\"@type\":\"ListItem\",\"position\":3,\"name\":\"Media4Display\",\"item\":\"https:\\\/\\\/www.telelogos.com\\\/es\\\/soluciones\\\/media4display\\\/\"},{\"@type\":\"ListItem\",\"position\":4,\"name\":\"Pantallas interactivas\"}]},{\"@type\":\"WebSite\",\"@id\":\"https:\\\/\\\/www.telelogos.com\\\/es\\\/#website\",\"url\":\"https:\\\/\\\/www.telelogos.com\\\/es\\\/\",\"name\":\"Telelogos\",\"description\":\"\",\"publisher\":{\"@id\":\"https:\\\/\\\/www.telelogos.com\\\/es\\\/#organization\"},\"potentialAction\":[{\"@type\":\"SearchAction\",\"target\":{\"@type\":\"EntryPoint\",\"urlTemplate\":\"https:\\\/\\\/www.telelogos.com\\\/es\\\/?s={search_term_string}\"},\"query-input\":{\"@type\":\"PropertyValueSpecification\",\"valueRequired\":true,\"valueName\":\"search_term_string\"}}],\"inLanguage\":\"es-ES\"},{\"@type\":\"Organization\",\"@id\":\"https:\\\/\\\/www.telelogos.com\\\/es\\\/#organization\",\"name\":\"Telelogos\",\"url\":\"https:\\\/\\\/www.telelogos.com\\\/es\\\/\",\"logo\":{\"@type\":\"ImageObject\",\"inLanguage\":\"es-ES\",\"@id\":\"https:\\\/\\\/www.telelogos.com\\\/es\\\/#\\\/schema\\\/logo\\\/image\\\/\",\"url\":\"https:\\\/\\\/www.telelogos.com\\\/wp-content\\\/uploads\\\/2022\\\/07\\\/Logo-Telelogos-e1664355618654.png\",\"contentUrl\":\"https:\\\/\\\/www.telelogos.com\\\/wp-content\\\/uploads\\\/2022\\\/07\\\/Logo-Telelogos-e1664355618654.png\",\"width\":100,\"height\":35,\"caption\":\"Telelogos\"},\"image\":{\"@id\":\"https:\\\/\\\/www.telelogos.com\\\/es\\\/#\\\/schema\\\/logo\\\/image\\\/\"},\"sameAs\":[\"https:\\\/\\\/fr.linkedin.com\\\/company\\\/telelogos\"]}]}<\/script>\n<!-- \/ Yoast SEO plugin. -->","yoast_head_json":{"title":"Pantallas interactivas - Telelogos","description":"Impulsa la experiencia del usuario con pantallas t\u00e1ctiles que permiten una comunicaci\u00f3n bidireccional en puntos estrat\u00e9gicos.","robots":{"index":"index","follow":"follow","max-snippet":"max-snippet:-1","max-image-preview":"max-image-preview:large","max-video-preview":"max-video-preview:-1"},"canonical":"https:\/\/www.telelogos.com\/es\/soluciones\/media4display\/pantallas-interactivas\/","twitter_misc":{"Est. reading time":"2 minutes"},"schema":{"@context":"https:\/\/schema.org","@graph":[{"@type":"WebPage","@id":"https:\/\/www.telelogos.com\/es\/soluciones\/media4display\/pantallas-interactivas\/","url":"https:\/\/www.telelogos.com\/es\/soluciones\/media4display\/pantallas-interactivas\/","name":"Pantallas interactivas - Telelogos","isPartOf":{"@id":"https:\/\/www.telelogos.com\/es\/#website"},"primaryImageOfPage":{"@id":"https:\/\/www.telelogos.com\/es\/soluciones\/media4display\/pantallas-interactivas\/#primaryimage"},"image":{"@id":"https:\/\/www.telelogos.com\/es\/soluciones\/media4display\/pantallas-interactivas\/#primaryimage"},"thumbnailUrl":"https:\/\/www.telelogos.com\/wp-content\/uploads\/2021\/02\/Ecrans-interactifs.jpg","datePublished":"2021-02-22T17:50:41+00:00","dateModified":"2025-03-20T16:17:14+00:00","description":"Impulsa la experiencia del usuario con pantallas t\u00e1ctiles que permiten una comunicaci\u00f3n bidireccional en puntos estrat\u00e9gicos.","breadcrumb":{"@id":"https:\/\/www.telelogos.com\/es\/soluciones\/media4display\/pantallas-interactivas\/#breadcrumb"},"inLanguage":"es-ES","potentialAction":[{"@type":"ReadAction","target":["https:\/\/www.telelogos.com\/es\/soluciones\/media4display\/pantallas-interactivas\/"]}]},{"@type":"ImageObject","inLanguage":"es-ES","@id":"https:\/\/www.telelogos.com\/es\/soluciones\/media4display\/pantallas-interactivas\/#primaryimage","url":"https:\/\/www.telelogos.com\/wp-content\/uploads\/2021\/02\/Ecrans-interactifs.jpg","contentUrl":"https:\/\/www.telelogos.com\/wp-content\/uploads\/2021\/02\/Ecrans-interactifs.jpg"},{"@type":"BreadcrumbList","@id":"https:\/\/www.telelogos.com\/es\/soluciones\/media4display\/pantallas-interactivas\/#breadcrumb","itemListElement":[{"@type":"ListItem","position":1,"name":"Inicio","item":"https:\/\/www.telelogos.com\/es\/"},{"@type":"ListItem","position":2,"name":"Soluciones","item":"https:\/\/www.telelogos.com\/es\/soluciones\/"},{"@type":"ListItem","position":3,"name":"Media4Display","item":"https:\/\/www.telelogos.com\/es\/soluciones\/media4display\/"},{"@type":"ListItem","position":4,"name":"Pantallas interactivas"}]},{"@type":"WebSite","@id":"https:\/\/www.telelogos.com\/es\/#website","url":"https:\/\/www.telelogos.com\/es\/","name":"Telelogos","description":"","publisher":{"@id":"https:\/\/www.telelogos.com\/es\/#organization"},"potentialAction":[{"@type":"SearchAction","target":{"@type":"EntryPoint","urlTemplate":"https:\/\/www.telelogos.com\/es\/?s={search_term_string}"},"query-input":{"@type":"PropertyValueSpecification","valueRequired":true,"valueName":"search_term_string"}}],"inLanguage":"es-ES"},{"@type":"Organization","@id":"https:\/\/www.telelogos.com\/es\/#organization","name":"Telelogos","url":"https:\/\/www.telelogos.com\/es\/","logo":{"@type":"ImageObject","inLanguage":"es-ES","@id":"https:\/\/www.telelogos.com\/es\/#\/schema\/logo\/image\/","url":"https:\/\/www.telelogos.com\/wp-content\/uploads\/2022\/07\/Logo-Telelogos-e1664355618654.png","contentUrl":"https:\/\/www.telelogos.com\/wp-content\/uploads\/2022\/07\/Logo-Telelogos-e1664355618654.png","width":100,"height":35,"caption":"Telelogos"},"image":{"@id":"https:\/\/www.telelogos.com\/es\/#\/schema\/logo\/image\/"},"sameAs":["https:\/\/fr.linkedin.com\/company\/telelogos"]}]}},"_links":{"self":[{"href":"https:\/\/www.telelogos.com\/es\/wp-json\/wp\/v2\/pages\/22698","targetHints":{"allow":["GET"]}}],"collection":[{"href":"https:\/\/www.telelogos.com\/es\/wp-json\/wp\/v2\/pages"}],"about":[{"href":"https:\/\/www.telelogos.com\/es\/wp-json\/wp\/v2\/types\/page"}],"author":[{"embeddable":true,"href":"https:\/\/www.telelogos.com\/es\/wp-json\/wp\/v2\/users\/4"}],"replies":[{"embeddable":true,"href":"https:\/\/www.telelogos.com\/es\/wp-json\/wp\/v2\/comments?post=22698"}],"version-history":[{"count":6,"href":"https:\/\/www.telelogos.com\/es\/wp-json\/wp\/v2\/pages\/22698\/revisions"}],"predecessor-version":[{"id":58408,"href":"https:\/\/www.telelogos.com\/es\/wp-json\/wp\/v2\/pages\/22698\/revisions\/58408"}],"up":[{"embeddable":true,"href":"https:\/\/www.telelogos.com\/es\/wp-json\/wp\/v2\/pages\/22714"}],"wp:attachment":[{"href":"https:\/\/www.telelogos.com\/es\/wp-json\/wp\/v2\/media?parent=22698"}],"curies":[{"name":"wp","href":"https:\/\/api.w.org\/{rel}","templated":true}]}}