{"id":22701,"date":"2021-02-22T19:28:42","date_gmt":"2021-02-22T17:28:42","guid":{"rendered":"https:\/\/www.telelogos.com\/declenchement-automatique-api\/"},"modified":"2025-03-20T18:15:42","modified_gmt":"2025-03-20T16:15:42","slug":"activacion-automatica-api","status":"publish","type":"page","link":"https:\/\/www.telelogos.com\/es\/soluciones\/media4display\/activacion-automatica-api\/","title":{"rendered":"Activaci\u00f3n autom\u00e1tica de contenido &#8211; API"},"content":{"rendered":"<div id=\"pl-22701\"  class=\"panel-layout\" ><div id=\"pg-22701-0\"  class=\"panel-grid panel-no-style\" ><div id=\"pgc-22701-0-0\"  class=\"panel-grid-cell\" ><div id=\"panel-22701-0-0-0\" class=\"so-panel widget widget_sow-editor panel-first-child panel-last-child\" data-index=\"0\" ><div class=\"animation_gauche_droite panel-widget-style panel-widget-style-for-22701-0-0-0\" ><div\n\t\t\t\n\t\t\tclass=\"so-widget-sow-editor so-widget-sow-editor-base\"\n\t\t\t\n\t\t>\n<div class=\"siteorigin-widget-tinymce textwidget\">\n\t<p><img decoding=\"async\" class=\"alignnone size-full wp-image-17996\" src=\"https:\/\/www.telelogos.com\/wp-content\/uploads\/2021\/02\/Eurostar.jpg\" alt=\"\" width=\"2548\" height=\"1580\" srcset=\"https:\/\/www.telelogos.com\/wp-content\/uploads\/2021\/02\/Eurostar.jpg 2548w, https:\/\/www.telelogos.com\/wp-content\/uploads\/2021\/02\/Eurostar-300x186.jpg 300w, https:\/\/www.telelogos.com\/wp-content\/uploads\/2021\/02\/Eurostar-1024x635.jpg 1024w, https:\/\/www.telelogos.com\/wp-content\/uploads\/2021\/02\/Eurostar-1536x952.jpg 1536w, https:\/\/www.telelogos.com\/wp-content\/uploads\/2021\/02\/Eurostar-2048x1270.jpg 2048w, https:\/\/www.telelogos.com\/wp-content\/uploads\/2021\/02\/Eurostar-195x121.jpg 195w\" sizes=\"(max-width: 2548px) 100vw, 2548px\" \/><\/p>\n<p>&nbsp;<\/p>\n<\/div>\n<\/div><\/div><\/div><\/div><div id=\"pgc-22701-0-1\"  class=\"panel-grid-cell\" ><div id=\"panel-22701-0-1-0\" class=\"so-panel widget widget_sow-editor panel-first-child panel-last-child\" data-index=\"1\" ><div class=\"panel-widget-style panel-widget-style-for-22701-0-1-0\" ><div\n\t\t\t\n\t\t\tclass=\"so-widget-sow-editor so-widget-sow-editor-base\"\n\t\t\t\n\t\t>\n<div class=\"siteorigin-widget-tinymce textwidget\">\n\t<h2>Automatice el lanzamiento de sus contenidos<\/h2>\n<h3>Adapte en tiempo real el mensaje destinado a sus clientes<\/h3>\n<div>\n<p>Defina las reglas de activaci\u00f3n de los contenidos y visualice sus mensajes en pantalla. Los contenidos se incorporan a los ciclos de visualizaci\u00f3n din\u00e1mica y se transmiten en todas o una parte de las pantallas. Una vez terminado el mensaje, el ciclo de visualizaci\u00f3n din\u00e1mica reinicia su transmisi\u00f3n.<\/p>\n<p>Con <strong>API Media4Display<\/strong>, la visualizaci\u00f3n de los contenidos puede depender de acontecimientos externos predeterminados a trav\u00e9s de su sistema de informaci\u00f3n, aplicaciones de terceros o sensores. Esos contenidos tambi\u00e9n pueden activarse manualmente.<\/p>\n<\/div>\n<\/div>\n<\/div><\/div><\/div><\/div><\/div><div id=\"pg-22701-1\"  class=\"panel-grid panel-has-style\" ><div class=\"panel-row-style panel-row-style-for-22701-1\" ><div id=\"pgc-22701-1-0\"  class=\"panel-grid-cell\" ><div id=\"panel-22701-1-0-0\" class=\"so-panel widget widget_sow-editor panel-first-child panel-last-child\" data-index=\"2\" ><div class=\"panel-widget-style panel-widget-style-for-22701-1-0-0\" ><div\n\t\t\t\n\t\t\tclass=\"so-widget-sow-editor so-widget-sow-editor-base\"\n\t\t\t\n\t\t>\n<div class=\"siteorigin-widget-tinymce textwidget\">\n\t<div class=\"h3-like\">\n<p><strong>Ejemplos de aplicaciones:<\/strong><\/p>\n<\/div>\n<ul>\n<li>Retail: Escanee un producto y active la transmisi\u00f3n de informaci\u00f3n complementaria en una pantalla<\/li>\n<li>Espacios p\u00fablicos: muestre el tiempo de espera estimado en tiempo real.<\/li>\n<\/ul>\n<\/div>\n<\/div><\/div><\/div><\/div><div id=\"pgc-22701-1-1\"  class=\"panel-grid-cell\" ><div id=\"panel-22701-1-1-0\" class=\"so-panel widget widget_sow-editor panel-first-child panel-last-child\" data-index=\"3\" ><div class=\"panel-widget-style panel-widget-style-for-22701-1-1-0\" ><div\n\t\t\t\n\t\t\tclass=\"so-widget-sow-editor so-widget-sow-editor-base\"\n\t\t\t\n\t\t>\n<div class=\"siteorigin-widget-tinymce textwidget\">\n\t<div class=\"h3-like\">\n<p>Transmita contenido en funci\u00f3n del p\u00fablico<\/p>\n<\/div>\n<ul>\n<li>Si se conecta con una soluci\u00f3n de reconocimiento facial, el <strong>contenido difundido <\/strong>con Media4Display se puede <strong>activar de acuerdo con la informaci\u00f3n analizada en tiempo real<\/strong>.<\/li>\n<li>As\u00ed, puede dise\u00f1ar <strong>experiencias atractivas para el cliente<\/strong>, sobre la base de criterios como la distancia con respecto a las pantallas, el sexo, la edad, el estado de \u00e1nimo y el tiempo de atenci\u00f3n al p\u00fablico.<\/li>\n<\/ul>\n<\/div>\n<\/div><\/div><\/div><\/div><\/div><\/div><div id=\"pg-22701-2\"  class=\"panel-grid panel-no-style\" ><div id=\"pgc-22701-2-0\"  class=\"panel-grid-cell\" ><div id=\"panel-22701-2-0-0\" class=\"widget_text so-panel widget widget_custom_html panel-first-child panel-last-child\" data-index=\"4\" ><div class=\"textwidget custom-html-widget\"><div class=\"so-iframe-wrapper <?php if (!wp_is_mobile()) { echo 'no-padding'; } ?>\">\n<iframe src=\"https:\/\/business.telelogos.com\/form-m4d-es\">height=\"825px\" width=\"1200px\"style=\"border:0px #ffffff none;\" <\/iframe>\n<\/div><\/div><\/div><\/div><\/div><\/div>","protected":false},"excerpt":{"rendered":"<p>&nbsp; Automatice el lanzamiento de sus contenidos Adapte en tiempo real el mensaje destinado a sus clientes Defina las reglas de activaci\u00f3n de los contenidos y visualice sus mensajes [&hellip;]<\/p>\n","protected":false},"author":4,"featured_media":0,"parent":22714,"menu_order":414,"comment_status":"closed","ping_status":"closed","template":"page-solution.php","meta":{"footnotes":""},"class_list":["post-22701","page","type-page","status-publish","hentry"],"yoast_head":"<!-- This site is optimized with the Yoast SEO plugin v27.3 - https:\/\/yoast.com\/product\/yoast-seo-wordpress\/ -->\n<title>Activaci\u00f3n autom\u00e1tica de contenido - API - Telelogos<\/title>\n<meta name=\"description\" content=\"Conecta y automatiza la carteler\u00eda digital con APIs para adaptar la comunicaci\u00f3n en tiempo real seg\u00fan diferentes factores.\" \/>\n<meta name=\"robots\" content=\"index, follow, max-snippet:-1, max-image-preview:large, max-video-preview:-1\" \/>\n<link rel=\"canonical\" href=\"https:\/\/www.telelogos.com\/es\/soluciones\/media4display\/activacion-automatica-api\/\" \/>\n<meta name=\"twitter:label1\" content=\"Est. reading time\" \/>\n\t<meta name=\"twitter:data1\" content=\"2 minutes\" \/>\n<script type=\"application\/ld+json\" class=\"yoast-schema-graph\">{\"@context\":\"https:\\\/\\\/schema.org\",\"@graph\":[{\"@type\":\"WebPage\",\"@id\":\"https:\\\/\\\/www.telelogos.com\\\/es\\\/soluciones\\\/media4display\\\/activacion-automatica-api\\\/\",\"url\":\"https:\\\/\\\/www.telelogos.com\\\/es\\\/soluciones\\\/media4display\\\/activacion-automatica-api\\\/\",\"name\":\"Activaci\u00f3n autom\u00e1tica de contenido - API - Telelogos\",\"isPartOf\":{\"@id\":\"https:\\\/\\\/www.telelogos.com\\\/es\\\/#website\"},\"primaryImageOfPage\":{\"@id\":\"https:\\\/\\\/www.telelogos.com\\\/es\\\/soluciones\\\/media4display\\\/activacion-automatica-api\\\/#primaryimage\"},\"image\":{\"@id\":\"https:\\\/\\\/www.telelogos.com\\\/es\\\/soluciones\\\/media4display\\\/activacion-automatica-api\\\/#primaryimage\"},\"thumbnailUrl\":\"https:\\\/\\\/www.telelogos.com\\\/wp-content\\\/uploads\\\/2021\\\/02\\\/Eurostar.jpg\",\"datePublished\":\"2021-02-22T17:28:42+00:00\",\"dateModified\":\"2025-03-20T16:15:42+00:00\",\"description\":\"Conecta y automatiza la carteler\u00eda digital con APIs para adaptar la comunicaci\u00f3n en tiempo real seg\u00fan diferentes factores.\",\"breadcrumb\":{\"@id\":\"https:\\\/\\\/www.telelogos.com\\\/es\\\/soluciones\\\/media4display\\\/activacion-automatica-api\\\/#breadcrumb\"},\"inLanguage\":\"es-ES\",\"potentialAction\":[{\"@type\":\"ReadAction\",\"target\":[\"https:\\\/\\\/www.telelogos.com\\\/es\\\/soluciones\\\/media4display\\\/activacion-automatica-api\\\/\"]}]},{\"@type\":\"ImageObject\",\"inLanguage\":\"es-ES\",\"@id\":\"https:\\\/\\\/www.telelogos.com\\\/es\\\/soluciones\\\/media4display\\\/activacion-automatica-api\\\/#primaryimage\",\"url\":\"https:\\\/\\\/www.telelogos.com\\\/wp-content\\\/uploads\\\/2021\\\/02\\\/Eurostar.jpg\",\"contentUrl\":\"https:\\\/\\\/www.telelogos.com\\\/wp-content\\\/uploads\\\/2021\\\/02\\\/Eurostar.jpg\"},{\"@type\":\"BreadcrumbList\",\"@id\":\"https:\\\/\\\/www.telelogos.com\\\/es\\\/soluciones\\\/media4display\\\/activacion-automatica-api\\\/#breadcrumb\",\"itemListElement\":[{\"@type\":\"ListItem\",\"position\":1,\"name\":\"Inicio\",\"item\":\"https:\\\/\\\/www.telelogos.com\\\/es\\\/\"},{\"@type\":\"ListItem\",\"position\":2,\"name\":\"Soluciones\",\"item\":\"https:\\\/\\\/www.telelogos.com\\\/es\\\/soluciones\\\/\"},{\"@type\":\"ListItem\",\"position\":3,\"name\":\"Media4Display\",\"item\":\"https:\\\/\\\/www.telelogos.com\\\/es\\\/soluciones\\\/media4display\\\/\"},{\"@type\":\"ListItem\",\"position\":4,\"name\":\"Activaci\u00f3n autom\u00e1tica de contenido &#8211; API\"}]},{\"@type\":\"WebSite\",\"@id\":\"https:\\\/\\\/www.telelogos.com\\\/es\\\/#website\",\"url\":\"https:\\\/\\\/www.telelogos.com\\\/es\\\/\",\"name\":\"Telelogos\",\"description\":\"\",\"publisher\":{\"@id\":\"https:\\\/\\\/www.telelogos.com\\\/es\\\/#organization\"},\"potentialAction\":[{\"@type\":\"SearchAction\",\"target\":{\"@type\":\"EntryPoint\",\"urlTemplate\":\"https:\\\/\\\/www.telelogos.com\\\/es\\\/?s={search_term_string}\"},\"query-input\":{\"@type\":\"PropertyValueSpecification\",\"valueRequired\":true,\"valueName\":\"search_term_string\"}}],\"inLanguage\":\"es-ES\"},{\"@type\":\"Organization\",\"@id\":\"https:\\\/\\\/www.telelogos.com\\\/es\\\/#organization\",\"name\":\"Telelogos\",\"url\":\"https:\\\/\\\/www.telelogos.com\\\/es\\\/\",\"logo\":{\"@type\":\"ImageObject\",\"inLanguage\":\"es-ES\",\"@id\":\"https:\\\/\\\/www.telelogos.com\\\/es\\\/#\\\/schema\\\/logo\\\/image\\\/\",\"url\":\"https:\\\/\\\/www.telelogos.com\\\/wp-content\\\/uploads\\\/2022\\\/07\\\/Logo-Telelogos-e1664355618654.png\",\"contentUrl\":\"https:\\\/\\\/www.telelogos.com\\\/wp-content\\\/uploads\\\/2022\\\/07\\\/Logo-Telelogos-e1664355618654.png\",\"width\":100,\"height\":35,\"caption\":\"Telelogos\"},\"image\":{\"@id\":\"https:\\\/\\\/www.telelogos.com\\\/es\\\/#\\\/schema\\\/logo\\\/image\\\/\"},\"sameAs\":[\"https:\\\/\\\/fr.linkedin.com\\\/company\\\/telelogos\"]}]}<\/script>\n<!-- \/ Yoast SEO plugin. -->","yoast_head_json":{"title":"Activaci\u00f3n autom\u00e1tica de contenido - API - Telelogos","description":"Conecta y automatiza la carteler\u00eda digital con APIs para adaptar la comunicaci\u00f3n en tiempo real seg\u00fan diferentes factores.","robots":{"index":"index","follow":"follow","max-snippet":"max-snippet:-1","max-image-preview":"max-image-preview:large","max-video-preview":"max-video-preview:-1"},"canonical":"https:\/\/www.telelogos.com\/es\/soluciones\/media4display\/activacion-automatica-api\/","twitter_misc":{"Est. reading time":"2 minutes"},"schema":{"@context":"https:\/\/schema.org","@graph":[{"@type":"WebPage","@id":"https:\/\/www.telelogos.com\/es\/soluciones\/media4display\/activacion-automatica-api\/","url":"https:\/\/www.telelogos.com\/es\/soluciones\/media4display\/activacion-automatica-api\/","name":"Activaci\u00f3n autom\u00e1tica de contenido - API - Telelogos","isPartOf":{"@id":"https:\/\/www.telelogos.com\/es\/#website"},"primaryImageOfPage":{"@id":"https:\/\/www.telelogos.com\/es\/soluciones\/media4display\/activacion-automatica-api\/#primaryimage"},"image":{"@id":"https:\/\/www.telelogos.com\/es\/soluciones\/media4display\/activacion-automatica-api\/#primaryimage"},"thumbnailUrl":"https:\/\/www.telelogos.com\/wp-content\/uploads\/2021\/02\/Eurostar.jpg","datePublished":"2021-02-22T17:28:42+00:00","dateModified":"2025-03-20T16:15:42+00:00","description":"Conecta y automatiza la carteler\u00eda digital con APIs para adaptar la comunicaci\u00f3n en tiempo real seg\u00fan diferentes factores.","breadcrumb":{"@id":"https:\/\/www.telelogos.com\/es\/soluciones\/media4display\/activacion-automatica-api\/#breadcrumb"},"inLanguage":"es-ES","potentialAction":[{"@type":"ReadAction","target":["https:\/\/www.telelogos.com\/es\/soluciones\/media4display\/activacion-automatica-api\/"]}]},{"@type":"ImageObject","inLanguage":"es-ES","@id":"https:\/\/www.telelogos.com\/es\/soluciones\/media4display\/activacion-automatica-api\/#primaryimage","url":"https:\/\/www.telelogos.com\/wp-content\/uploads\/2021\/02\/Eurostar.jpg","contentUrl":"https:\/\/www.telelogos.com\/wp-content\/uploads\/2021\/02\/Eurostar.jpg"},{"@type":"BreadcrumbList","@id":"https:\/\/www.telelogos.com\/es\/soluciones\/media4display\/activacion-automatica-api\/#breadcrumb","itemListElement":[{"@type":"ListItem","position":1,"name":"Inicio","item":"https:\/\/www.telelogos.com\/es\/"},{"@type":"ListItem","position":2,"name":"Soluciones","item":"https:\/\/www.telelogos.com\/es\/soluciones\/"},{"@type":"ListItem","position":3,"name":"Media4Display","item":"https:\/\/www.telelogos.com\/es\/soluciones\/media4display\/"},{"@type":"ListItem","position":4,"name":"Activaci\u00f3n autom\u00e1tica de contenido &#8211; API"}]},{"@type":"WebSite","@id":"https:\/\/www.telelogos.com\/es\/#website","url":"https:\/\/www.telelogos.com\/es\/","name":"Telelogos","description":"","publisher":{"@id":"https:\/\/www.telelogos.com\/es\/#organization"},"potentialAction":[{"@type":"SearchAction","target":{"@type":"EntryPoint","urlTemplate":"https:\/\/www.telelogos.com\/es\/?s={search_term_string}"},"query-input":{"@type":"PropertyValueSpecification","valueRequired":true,"valueName":"search_term_string"}}],"inLanguage":"es-ES"},{"@type":"Organization","@id":"https:\/\/www.telelogos.com\/es\/#organization","name":"Telelogos","url":"https:\/\/www.telelogos.com\/es\/","logo":{"@type":"ImageObject","inLanguage":"es-ES","@id":"https:\/\/www.telelogos.com\/es\/#\/schema\/logo\/image\/","url":"https:\/\/www.telelogos.com\/wp-content\/uploads\/2022\/07\/Logo-Telelogos-e1664355618654.png","contentUrl":"https:\/\/www.telelogos.com\/wp-content\/uploads\/2022\/07\/Logo-Telelogos-e1664355618654.png","width":100,"height":35,"caption":"Telelogos"},"image":{"@id":"https:\/\/www.telelogos.com\/es\/#\/schema\/logo\/image\/"},"sameAs":["https:\/\/fr.linkedin.com\/company\/telelogos"]}]}},"_links":{"self":[{"href":"https:\/\/www.telelogos.com\/es\/wp-json\/wp\/v2\/pages\/22701","targetHints":{"allow":["GET"]}}],"collection":[{"href":"https:\/\/www.telelogos.com\/es\/wp-json\/wp\/v2\/pages"}],"about":[{"href":"https:\/\/www.telelogos.com\/es\/wp-json\/wp\/v2\/types\/page"}],"author":[{"embeddable":true,"href":"https:\/\/www.telelogos.com\/es\/wp-json\/wp\/v2\/users\/4"}],"replies":[{"embeddable":true,"href":"https:\/\/www.telelogos.com\/es\/wp-json\/wp\/v2\/comments?post=22701"}],"version-history":[{"count":5,"href":"https:\/\/www.telelogos.com\/es\/wp-json\/wp\/v2\/pages\/22701\/revisions"}],"predecessor-version":[{"id":58405,"href":"https:\/\/www.telelogos.com\/es\/wp-json\/wp\/v2\/pages\/22701\/revisions\/58405"}],"up":[{"embeddable":true,"href":"https:\/\/www.telelogos.com\/es\/wp-json\/wp\/v2\/pages\/22714"}],"wp:attachment":[{"href":"https:\/\/www.telelogos.com\/es\/wp-json\/wp\/v2\/media?parent=22701"}],"curies":[{"name":"wp","href":"https:\/\/api.w.org\/{rel}","templated":true}]}}