{"id":22704,"date":"2021-02-22T13:29:22","date_gmt":"2021-02-22T11:29:22","guid":{"rendered":"https:\/\/www.telelogos.com\/collectivites\/"},"modified":"2023-12-04T16:09:28","modified_gmt":"2023-12-04T14:09:28","slug":"administraciones-locales","status":"publish","type":"page","link":"https:\/\/www.telelogos.com\/es\/soluciones\/media4display\/administraciones-locales\/","title":{"rendered":"Media4Display para las administraciones locales"},"content":{"rendered":"<div id=\"pl-22704\"  class=\"panel-layout\" ><div id=\"pg-22704-0\"  class=\"panel-grid panel-no-style\" ><div id=\"pgc-22704-0-0\"  class=\"panel-grid-cell\" ><div id=\"panel-22704-0-0-0\" class=\"so-panel widget widget_sow-editor panel-first-child panel-last-child\" data-index=\"0\" ><div class=\"animation_gauche_droite panel-widget-style panel-widget-style-for-22704-0-0-0\" ><div\n\t\t\t\n\t\t\tclass=\"so-widget-sow-editor so-widget-sow-editor-base\"\n\t\t\t\n\t\t>\n<div class=\"siteorigin-widget-tinymce textwidget\">\n\t<p><img decoding=\"async\" class=\"alignnone size-full wp-image-18055\" src=\"https:\/\/www.telelogos.com\/wp-content\/uploads\/2021\/02\/Stats-Corporate2-scaled.jpg\" alt=\"\" width=\"2560\" height=\"1661\" srcset=\"https:\/\/www.telelogos.com\/wp-content\/uploads\/2021\/02\/Stats-Corporate2-scaled.jpg 2560w, https:\/\/www.telelogos.com\/wp-content\/uploads\/2021\/02\/Stats-Corporate2-300x195.jpg 300w, https:\/\/www.telelogos.com\/wp-content\/uploads\/2021\/02\/Stats-Corporate2-1024x665.jpg 1024w, https:\/\/www.telelogos.com\/wp-content\/uploads\/2021\/02\/Stats-Corporate2-1536x997.jpg 1536w, https:\/\/www.telelogos.com\/wp-content\/uploads\/2021\/02\/Stats-Corporate2-2048x1329.jpg 2048w, https:\/\/www.telelogos.com\/wp-content\/uploads\/2021\/02\/Stats-Corporate2-195x127.jpg 195w\" sizes=\"(max-width: 2560px) 100vw, 2560px\" \/><\/p>\n<p><img decoding=\"async\" class=\"alignnone wp-image-18051\" src=\"https:\/\/www.telelogos.com\/wp-content\/uploads\/2021\/02\/IMG_20180913_105515.jpg\" alt=\"\" width=\"347\" height=\"260\" srcset=\"https:\/\/www.telelogos.com\/wp-content\/uploads\/2021\/02\/IMG_20180913_105515.jpg 2000w, https:\/\/www.telelogos.com\/wp-content\/uploads\/2021\/02\/IMG_20180913_105515-300x225.jpg 300w, https:\/\/www.telelogos.com\/wp-content\/uploads\/2021\/02\/IMG_20180913_105515-1024x768.jpg 1024w, https:\/\/www.telelogos.com\/wp-content\/uploads\/2021\/02\/IMG_20180913_105515-1536x1152.jpg 1536w, https:\/\/www.telelogos.com\/wp-content\/uploads\/2021\/02\/IMG_20180913_105515-195x146.jpg 195w\" sizes=\"(max-width: 347px) 100vw, 347px\" \/> <img decoding=\"async\" class=\"alignnone wp-image-18053\" src=\"https:\/\/www.telelogos.com\/wp-content\/uploads\/2021\/02\/IMG_20181030_192626.jpg\" alt=\"\" width=\"347\" height=\"260\" srcset=\"https:\/\/www.telelogos.com\/wp-content\/uploads\/2021\/02\/IMG_20181030_192626.jpg 2000w, https:\/\/www.telelogos.com\/wp-content\/uploads\/2021\/02\/IMG_20181030_192626-300x225.jpg 300w, https:\/\/www.telelogos.com\/wp-content\/uploads\/2021\/02\/IMG_20181030_192626-1024x768.jpg 1024w, https:\/\/www.telelogos.com\/wp-content\/uploads\/2021\/02\/IMG_20181030_192626-1536x1152.jpg 1536w, https:\/\/www.telelogos.com\/wp-content\/uploads\/2021\/02\/IMG_20181030_192626-195x146.jpg 195w\" sizes=\"(max-width: 347px) 100vw, 347px\" \/><\/p>\n<\/div>\n<\/div><\/div><\/div><\/div><div id=\"pgc-22704-0-1\"  class=\"panel-grid-cell\" ><div id=\"panel-22704-0-1-0\" class=\"so-panel widget widget_sow-editor panel-first-child panel-last-child\" data-index=\"1\" ><div class=\"panel-widget-style panel-widget-style-for-22704-0-1-0\" ><div\n\t\t\t\n\t\t\tclass=\"so-widget-sow-editor so-widget-sow-editor-base\"\n\t\t\t\n\t\t>\n<div class=\"siteorigin-widget-tinymce textwidget\">\n\t<h2>La visualizaci\u00f3n din\u00e1mica en las administraciones locales<\/h2>\n<p><span data-contrast=\"auto\">Para cualquier administraci\u00f3n local, la comunicaci\u00f3n es una meta esencial. Tanto a la hora de comunicarse con los ciudadanos como con el personal. <\/span><span data-contrast=\"auto\">Media4Display permite comunicar informaci\u00f3n f\u00e1cilmente y en tiempo real <\/span><span data-contrast=\"auto\">tanto dentro de los diferentes edificios y espacios p\u00fablicos como fuera de estos o en la v\u00eda p\u00fablica.<\/span><span data-ccp-props=\"{&quot;201341983&quot;:0,&quot;335559739&quot;:160,&quot;335559740&quot;:259}\"> <\/span><\/p>\n<ul>\n<li><span data-contrast=\"auto\">Simplifique la gesti\u00f3n de los anuncios reglamentarios<\/span><span data-ccp-props=\"{&quot;201341983&quot;:0,&quot;335559739&quot;:160,&quot;335559740&quot;:259}\"> <\/span><\/li>\n<li><span data-contrast=\"auto\">Brinde informaci\u00f3n \u00fatil en tiempo real: horarios, acontecimientos, anuncios y ofertas de empleo<\/span><span data-ccp-props=\"{&quot;201341983&quot;:0,&quot;335559739&quot;:160,&quot;335559740&quot;:259}\"> <\/span><\/li>\n<li><span data-contrast=\"auto\">Dinamice la econom\u00eda local y genere nuevos ingresos permitiendo la visualizaci\u00f3n de informaci\u00f3n de patrocinadores<\/span><span data-ccp-props=\"{&quot;201341983&quot;:0,&quot;335559739&quot;:160,&quot;335559740&quot;:259}\"> <\/span><\/li>\n<li><span data-contrast=\"auto\">Congregue a todo el personal y agentes de todos los establecimientos<\/span><span data-ccp-props=\"{&quot;201341983&quot;:0,&quot;335559739&quot;:160,&quot;335559740&quot;:259}\"> <\/span><\/li>\n<\/ul>\n<div><\/div>\n<\/div>\n<\/div><\/div><\/div><\/div><\/div><div id=\"pg-22704-1\"  class=\"panel-grid panel-has-style\" ><div class=\"siteorigin-panels-stretch panel-row-style panel-row-style-for-22704-1\" data-stretch-type=\"full\" ><div id=\"pgc-22704-1-0\"  class=\"panel-grid-cell\" ><div id=\"panel-22704-1-0-0\" class=\"so-panel widget widget_sow-editor panel-first-child\" data-index=\"2\" ><div class=\"panel-widget-style panel-widget-style-for-22704-1-0-0\" ><div\n\t\t\t\n\t\t\tclass=\"so-widget-sow-editor so-widget-sow-editor-base\"\n\t\t\t\n\t\t>\n<div class=\"siteorigin-widget-tinymce textwidget\">\n\t<h2 style=\"text-align: center;\">Objetivos principales<\/h2>\n<\/div>\n<\/div><\/div><\/div><div id=\"panel-22704-1-0-1\" class=\"so-panel widget widget_siteorigin-panels-builder panel-last-child\" data-index=\"3\" ><div class=\"animation_apparition panel-widget-style panel-widget-style-for-22704-1-0-1\" ><div id=\"pl-w69e7723c03573\"  class=\"panel-layout\" ><div id=\"pg-w69e7723c03573-0\"  class=\"panel-grid panel-has-style\" ><div class=\"bloc_picto panel-row-style panel-row-style-for-w69e7723c03573-0\" ><div id=\"pgc-w69e7723c03573-0-0\"  class=\"panel-grid-cell\" ><div id=\"panel-w69e7723c03573-0-0-0\" class=\"so-panel widget widget_sow-editor panel-first-child\" data-index=\"0\" ><div class=\"image panel-widget-style panel-widget-style-for-w69e7723c03573-0-0-0\" ><div\n\t\t\t\n\t\t\tclass=\"so-widget-sow-editor so-widget-sow-editor-base\"\n\t\t\t\n\t\t>\n<div class=\"siteorigin-widget-tinymce textwidget\">\n\t<p><img decoding=\"async\" class=\"alignnone size-full wp-image-17549\" src=\"https:\/\/www.telelogos.com\/wp-content\/uploads\/2021\/02\/tap.png\" alt=\"\" width=\"77\" height=\"61\"><\/p>\n<\/div>\n<\/div><\/div><\/div><div id=\"panel-w69e7723c03573-0-0-1\" class=\"so-panel widget widget_sow-editor\" data-index=\"1\" ><div class=\"titre panel-widget-style panel-widget-style-for-w69e7723c03573-0-0-1\" ><div\n\t\t\t\n\t\t\tclass=\"so-widget-sow-editor so-widget-sow-editor-base\"\n\t\t\t\n\t\t>\n<div class=\"siteorigin-widget-tinymce textwidget\">\n\t<p>Dinamizar<\/p>\n<\/div>\n<\/div><\/div><\/div><div id=\"panel-w69e7723c03573-0-0-2\" class=\"so-panel widget widget_sow-editor panel-last-child\" data-index=\"2\" ><div\n\t\t\t\n\t\t\tclass=\"so-widget-sow-editor so-widget-sow-editor-base\"\n\t\t\t\n\t\t>\n<div class=\"siteorigin-widget-tinymce textwidget\">\n\t<p><span class=\"TextRun SCXW238989029 BCX0\" lang=\"es-419\" xml:lang=\"es-419\" data-contrast=\"auto\"><span class=\"NormalTextRun SCXW238989029 BCX0\">Dinamice la imagen de su ciudad, departamento, regi\u00f3n, etc.<\/span><\/span><span class=\"TextRun SCXW238989029 BCX0\" lang=\"es-419\" xml:lang=\"es-419\" data-contrast=\"auto\"><span class=\"NormalTextRun SCXW238989029 BCX0\"> y difunda sus eventos y datos de actualidad local.<\/span><\/span><span class=\"EOP SCXW238989029 BCX0\" data-ccp-props=\"{&quot;201341983&quot;:0,&quot;335559739&quot;:160,&quot;335559740&quot;:259}\"> <\/span><\/p>\n<\/div>\n<\/div><\/div><\/div><div id=\"pgc-w69e7723c03573-0-1\"  class=\"panel-grid-cell\" ><div id=\"panel-w69e7723c03573-0-1-0\" class=\"so-panel widget widget_sow-editor panel-first-child\" data-index=\"3\" ><div class=\"image panel-widget-style panel-widget-style-for-w69e7723c03573-0-1-0\" ><div\n\t\t\t\n\t\t\tclass=\"so-widget-sow-editor so-widget-sow-editor-base\"\n\t\t\t\n\t\t>\n<div class=\"siteorigin-widget-tinymce textwidget\">\n\t<p><img decoding=\"async\" class=\"alignnone size-full wp-image-17547\" src=\"https:\/\/www.telelogos.com\/wp-content\/uploads\/2021\/02\/Groupe-2484.png\" alt=\"\" width=\"61\" height=\"61\"><\/p>\n<\/div>\n<\/div><\/div><\/div><div id=\"panel-w69e7723c03573-0-1-1\" class=\"so-panel widget widget_sow-editor\" data-index=\"4\" ><div class=\"titre panel-widget-style panel-widget-style-for-w69e7723c03573-0-1-1\" ><div\n\t\t\t\n\t\t\tclass=\"so-widget-sow-editor so-widget-sow-editor-base\"\n\t\t\t\n\t\t>\n<div class=\"siteorigin-widget-tinymce textwidget\">\n\t<p>Informar<\/p>\n<\/div>\n<\/div><\/div><\/div><div id=\"panel-w69e7723c03573-0-1-2\" class=\"so-panel widget widget_sow-editor panel-last-child\" data-index=\"5\" ><div\n\t\t\t\n\t\t\tclass=\"so-widget-sow-editor so-widget-sow-editor-base\"\n\t\t\t\n\t\t>\n<div class=\"siteorigin-widget-tinymce textwidget\">\n\t<p>Los anuncios reglamentarios totalmente digitalizados en pantallas para facilitar su difusi\u00f3n y actualizaci\u00f3n.<\/p>\n<\/div>\n<\/div><\/div><\/div><div id=\"pgc-w69e7723c03573-0-2\"  class=\"panel-grid-cell\" ><div id=\"panel-w69e7723c03573-0-2-0\" class=\"so-panel widget widget_sow-editor panel-first-child\" data-index=\"6\" ><div class=\"image panel-widget-style panel-widget-style-for-w69e7723c03573-0-2-0\" ><div\n\t\t\t\n\t\t\tclass=\"so-widget-sow-editor so-widget-sow-editor-base\"\n\t\t\t\n\t\t>\n<div class=\"siteorigin-widget-tinymce textwidget\">\n\t<p><img decoding=\"async\" class=\"alignnone size-full wp-image-17545\" src=\"https:\/\/www.telelogos.com\/wp-content\/uploads\/2021\/02\/remote-control.png\" alt=\"\" width=\"61\" height=\"61\"><\/p>\n<\/div>\n<\/div><\/div><\/div><div id=\"panel-w69e7723c03573-0-2-1\" class=\"so-panel widget widget_sow-editor\" data-index=\"7\" ><div class=\"titre panel-widget-style panel-widget-style-for-w69e7723c03573-0-2-1\" ><div\n\t\t\t\n\t\t\tclass=\"so-widget-sow-editor so-widget-sow-editor-base\"\n\t\t\t\n\t\t>\n<div class=\"siteorigin-widget-tinymce textwidget\">\n\t<p>Congregar<\/p>\n<\/div>\n<\/div><\/div><\/div><div id=\"panel-w69e7723c03573-0-2-2\" class=\"so-panel widget widget_sow-editor panel-last-child\" data-index=\"8\" ><div\n\t\t\t\n\t\t\tclass=\"so-widget-sow-editor so-widget-sow-editor-base\"\n\t\t\t\n\t\t>\n<div class=\"siteorigin-widget-tinymce textwidget\">\n\t<p><span class=\"TextRun SCXW256654990 BCX0\" lang=\"es-419\" xml:lang=\"es-419\" data-contrast=\"auto\"><span class=\"NormalTextRun SCXW256654990 BCX0\">Su personal y agentes est\u00e1n distribuidos en diferentes establecimientos; mant\u00e9ngalos informados<\/span><\/span><span class=\"TextRun SCXW256654990 BCX0\" lang=\"es-419\" xml:lang=\"es-419\" data-contrast=\"auto\"><span class=\"NormalTextRun SCXW256654990 BCX0\">\u202fy transmita eficazmente sus mensajes.<\/span><\/span><span class=\"EOP SCXW256654990 BCX0\" data-ccp-props=\"{&quot;201341983&quot;:0,&quot;335559739&quot;:160,&quot;335559740&quot;:259}\"> <\/span><\/p>\n<\/div>\n<\/div><\/div><\/div><\/div><\/div><\/div><\/div><\/div><\/div><\/div><\/div><div id=\"pg-22704-2\"  class=\"panel-grid panel-has-style\" ><div class=\"panel-row-style panel-row-style-for-22704-2\" ><div id=\"pgc-22704-2-0\"  class=\"panel-grid-cell\" ><div id=\"panel-22704-2-0-0\" class=\"so-panel widget widget_sow-editor panel-first-child panel-last-child\" data-index=\"4\" ><div class=\"panel-widget-style panel-widget-style-for-22704-2-0-0\" ><div\n\t\t\t\n\t\t\tclass=\"so-widget-sow-editor so-widget-sow-editor-base\"\n\t\t\t\n\t\t>\n<div class=\"siteorigin-widget-tinymce textwidget\">\n\t<div class=\"h3-like\">Caracter\u00edsticas<\/div>\n<p>&nbsp;<\/p>\n<ul>\n<li><span data-contrast=\"auto\">Distribuir contenido multimedia a una red de pantallas distribuidas en diferentes lugares<\/span><\/li>\n<li><span data-contrast=\"auto\">Personalizar el contenido seg\u00fan los lugares de difusi\u00f3n<\/span><span data-ccp-props=\"{&quot;201341983&quot;:0,&quot;335559739&quot;:160,&quot;335559740&quot;:259}\"> <\/span><\/li>\n<li><span data-contrast=\"auto\">Control de todo tipo de material: pantallas, paneles, terminales, tabletas, etc.<\/span><span data-ccp-props=\"{&quot;201341983&quot;:0,&quot;335559739&quot;:160,&quot;335559740&quot;:259}\"> <\/span><\/li>\n<li><span data-contrast=\"auto\">Conexi\u00f3n con las soluciones de fila de espera y gesti\u00f3n de recepci\u00f3n<\/span><span data-ccp-props=\"{&quot;201341983&quot;:0,&quot;335559739&quot;:160,&quot;335559740&quot;:259}\"> <\/span><\/li>\n<\/ul>\n<\/div>\n<\/div><\/div><\/div><\/div><div id=\"pgc-22704-2-1\"  class=\"panel-grid-cell\" ><div id=\"panel-22704-2-1-0\" class=\"so-panel widget widget_sow-editor panel-first-child panel-last-child\" data-index=\"5\" ><div\n\t\t\t\n\t\t\tclass=\"so-widget-sow-editor so-widget-sow-editor-base\"\n\t\t\t\n\t\t>\n<div class=\"siteorigin-widget-tinymce textwidget\">\n\t<div class=\"h3-like\">Usos pr\u00e1cticos<\/div>\n<p>&nbsp;<\/p>\n<ul>\n<li><span data-contrast=\"auto\">Informar a los ciudadanos destacando los eventos de su ciudad<\/span><span data-ccp-props=\"{&quot;201341983&quot;:0,&quot;335559739&quot;:160,&quot;335559740&quot;:259}\"> <\/span><\/li>\n<li><span data-contrast=\"auto\">Sensibilizar a los usuarios difundiendo mensajes sobre el medio ambiente, la seguridad, etc.<\/span><span data-ccp-props=\"{&quot;201341983&quot;:0,&quot;335559739&quot;:160,&quot;335559740&quot;:259}\"> <\/span><\/li>\n<li><span data-contrast=\"auto\">Visualizaci\u00f3n reglamentaria de todas las publicaciones de su ciudad<\/span><span data-ccp-props=\"{&quot;201341983&quot;:0,&quot;335559739&quot;:160,&quot;335559740&quot;:259}\"> <\/span><\/li>\n<li><span data-contrast=\"auto\">Orientar a los ciudadanos y turistas<\/span><span data-contrast=\"auto\">:<\/span><span data-contrast=\"auto\"> indicar los lugares clave de su ciudad (plano de acceso, mapa interactivo, etc.).<\/span><span data-ccp-props=\"{&quot;201341983&quot;:0,&quot;335559739&quot;:160,&quot;335559740&quot;:259}\"> <\/span><\/li>\n<li><span data-contrast=\"auto\">Difundir alertas en tiempo real<\/span><span data-contrast=\"auto\">: secuestros, <\/span><span data-contrast=\"auto\">evacuaciones, <\/span><span data-contrast=\"auto\">tr\u00e1fico, clima, etc.<\/span><span data-ccp-props=\"{&quot;201341983&quot;:0,&quot;335559739&quot;:160,&quot;335559740&quot;:259}\"> <\/span><\/li>\n<\/ul>\n<\/div>\n<\/div><\/div><\/div><\/div><\/div><div id=\"pg-22704-3\"  class=\"panel-grid panel-no-style\" ><div id=\"pgc-22704-3-0\"  class=\"panel-grid-cell\" ><div id=\"panel-22704-3-0-0\" class=\"widget_text so-panel widget widget_custom_html panel-first-child panel-last-child\" data-index=\"6\" ><div class=\"textwidget custom-html-widget\"><div class=\"so-iframe-wrapper <?php if (!wp_is_mobile()) { echo 'no-padding'; } ?>\">\n<iframe src=\"https:\/\/business.telelogos.com\/form-m4d-es\">height=\"825px\" width=\"1200px\"style=\"border:0px #ffffff none;\" <\/iframe>\n<\/div><\/div><\/div><\/div><\/div><\/div>","protected":false},"excerpt":{"rendered":"<p>La visualizaci\u00f3n din\u00e1mica en las administraciones locales Para cualquier administraci\u00f3n local, la comunicaci\u00f3n es una meta esencial. Tanto a la hora de comunicarse con los ciudadanos como con el [&hellip;]<\/p>\n","protected":false},"author":4,"featured_media":0,"parent":22714,"menu_order":425,"comment_status":"closed","ping_status":"closed","template":"page-solution.php","meta":{"footnotes":""},"class_list":["post-22704","page","type-page","status-publish","hentry"],"yoast_head":"<!-- This site is optimized with the Yoast SEO plugin v27.4 - https:\/\/yoast.com\/product\/yoast-seo-wordpress\/ -->\n<title>Media4Display para las administraciones locales - software Media4Display<\/title>\n<meta name=\"description\" content=\"Media4Display te permite montar y distribuir contenidos multimedia a una red de pantallas instaladas en las calles de tu ciudad, edificios p\u00fablicos, edificios administrativos, el ayuntamiento...\" \/>\n<meta name=\"robots\" content=\"index, follow, max-snippet:-1, max-image-preview:large, max-video-preview:-1\" \/>\n<link rel=\"canonical\" href=\"https:\/\/www.telelogos.com\/es\/soluciones\/media4display\/administraciones-locales\/\" \/>\n<meta name=\"twitter:label1\" content=\"Est. reading time\" \/>\n\t<meta name=\"twitter:data1\" content=\"3 minutes\" \/>\n<script type=\"application\/ld+json\" class=\"yoast-schema-graph\">{\"@context\":\"https:\\\/\\\/schema.org\",\"@graph\":[{\"@type\":\"WebPage\",\"@id\":\"https:\\\/\\\/www.telelogos.com\\\/es\\\/soluciones\\\/media4display\\\/administraciones-locales\\\/\",\"url\":\"https:\\\/\\\/www.telelogos.com\\\/es\\\/soluciones\\\/media4display\\\/administraciones-locales\\\/\",\"name\":\"Media4Display para las administraciones locales - software Media4Display\",\"isPartOf\":{\"@id\":\"https:\\\/\\\/www.telelogos.com\\\/es\\\/#website\"},\"primaryImageOfPage\":{\"@id\":\"https:\\\/\\\/www.telelogos.com\\\/es\\\/soluciones\\\/media4display\\\/administraciones-locales\\\/#primaryimage\"},\"image\":{\"@id\":\"https:\\\/\\\/www.telelogos.com\\\/es\\\/soluciones\\\/media4display\\\/administraciones-locales\\\/#primaryimage\"},\"thumbnailUrl\":\"https:\\\/\\\/www.telelogos.com\\\/wp-content\\\/uploads\\\/2021\\\/02\\\/Stats-Corporate2-scaled.jpg\",\"datePublished\":\"2021-02-22T11:29:22+00:00\",\"dateModified\":\"2023-12-04T14:09:28+00:00\",\"description\":\"Media4Display te permite montar y distribuir contenidos multimedia a una red de pantallas instaladas en las calles de tu ciudad, edificios p\u00fablicos, edificios administrativos, el ayuntamiento...\",\"breadcrumb\":{\"@id\":\"https:\\\/\\\/www.telelogos.com\\\/es\\\/soluciones\\\/media4display\\\/administraciones-locales\\\/#breadcrumb\"},\"inLanguage\":\"es-ES\",\"potentialAction\":[{\"@type\":\"ReadAction\",\"target\":[\"https:\\\/\\\/www.telelogos.com\\\/es\\\/soluciones\\\/media4display\\\/administraciones-locales\\\/\"]}]},{\"@type\":\"ImageObject\",\"inLanguage\":\"es-ES\",\"@id\":\"https:\\\/\\\/www.telelogos.com\\\/es\\\/soluciones\\\/media4display\\\/administraciones-locales\\\/#primaryimage\",\"url\":\"https:\\\/\\\/www.telelogos.com\\\/wp-content\\\/uploads\\\/2021\\\/02\\\/Stats-Corporate2-scaled.jpg\",\"contentUrl\":\"https:\\\/\\\/www.telelogos.com\\\/wp-content\\\/uploads\\\/2021\\\/02\\\/Stats-Corporate2-scaled.jpg\"},{\"@type\":\"BreadcrumbList\",\"@id\":\"https:\\\/\\\/www.telelogos.com\\\/es\\\/soluciones\\\/media4display\\\/administraciones-locales\\\/#breadcrumb\",\"itemListElement\":[{\"@type\":\"ListItem\",\"position\":1,\"name\":\"Inicio\",\"item\":\"https:\\\/\\\/www.telelogos.com\\\/es\\\/\"},{\"@type\":\"ListItem\",\"position\":2,\"name\":\"Soluciones\",\"item\":\"https:\\\/\\\/www.telelogos.com\\\/es\\\/soluciones\\\/\"},{\"@type\":\"ListItem\",\"position\":3,\"name\":\"Media4Display\",\"item\":\"https:\\\/\\\/www.telelogos.com\\\/es\\\/soluciones\\\/media4display\\\/\"},{\"@type\":\"ListItem\",\"position\":4,\"name\":\"Media4Display para las administraciones locales\"}]},{\"@type\":\"WebSite\",\"@id\":\"https:\\\/\\\/www.telelogos.com\\\/es\\\/#website\",\"url\":\"https:\\\/\\\/www.telelogos.com\\\/es\\\/\",\"name\":\"Telelogos\",\"description\":\"\",\"publisher\":{\"@id\":\"https:\\\/\\\/www.telelogos.com\\\/es\\\/#organization\"},\"potentialAction\":[{\"@type\":\"SearchAction\",\"target\":{\"@type\":\"EntryPoint\",\"urlTemplate\":\"https:\\\/\\\/www.telelogos.com\\\/es\\\/?s={search_term_string}\"},\"query-input\":{\"@type\":\"PropertyValueSpecification\",\"valueRequired\":true,\"valueName\":\"search_term_string\"}}],\"inLanguage\":\"es-ES\"},{\"@type\":\"Organization\",\"@id\":\"https:\\\/\\\/www.telelogos.com\\\/es\\\/#organization\",\"name\":\"Telelogos\",\"url\":\"https:\\\/\\\/www.telelogos.com\\\/es\\\/\",\"logo\":{\"@type\":\"ImageObject\",\"inLanguage\":\"es-ES\",\"@id\":\"https:\\\/\\\/www.telelogos.com\\\/es\\\/#\\\/schema\\\/logo\\\/image\\\/\",\"url\":\"https:\\\/\\\/www.telelogos.com\\\/wp-content\\\/uploads\\\/2022\\\/07\\\/Logo-Telelogos-e1664355618654.png\",\"contentUrl\":\"https:\\\/\\\/www.telelogos.com\\\/wp-content\\\/uploads\\\/2022\\\/07\\\/Logo-Telelogos-e1664355618654.png\",\"width\":100,\"height\":35,\"caption\":\"Telelogos\"},\"image\":{\"@id\":\"https:\\\/\\\/www.telelogos.com\\\/es\\\/#\\\/schema\\\/logo\\\/image\\\/\"},\"sameAs\":[\"https:\\\/\\\/fr.linkedin.com\\\/company\\\/telelogos\"]}]}<\/script>\n<!-- \/ Yoast SEO plugin. -->","yoast_head_json":{"title":"Media4Display para las administraciones locales - software Media4Display","description":"Media4Display te permite montar y distribuir contenidos multimedia a una red de pantallas instaladas en las calles de tu ciudad, edificios p\u00fablicos, edificios administrativos, el ayuntamiento...","robots":{"index":"index","follow":"follow","max-snippet":"max-snippet:-1","max-image-preview":"max-image-preview:large","max-video-preview":"max-video-preview:-1"},"canonical":"https:\/\/www.telelogos.com\/es\/soluciones\/media4display\/administraciones-locales\/","twitter_misc":{"Est. reading time":"3 minutes"},"schema":{"@context":"https:\/\/schema.org","@graph":[{"@type":"WebPage","@id":"https:\/\/www.telelogos.com\/es\/soluciones\/media4display\/administraciones-locales\/","url":"https:\/\/www.telelogos.com\/es\/soluciones\/media4display\/administraciones-locales\/","name":"Media4Display para las administraciones locales - software Media4Display","isPartOf":{"@id":"https:\/\/www.telelogos.com\/es\/#website"},"primaryImageOfPage":{"@id":"https:\/\/www.telelogos.com\/es\/soluciones\/media4display\/administraciones-locales\/#primaryimage"},"image":{"@id":"https:\/\/www.telelogos.com\/es\/soluciones\/media4display\/administraciones-locales\/#primaryimage"},"thumbnailUrl":"https:\/\/www.telelogos.com\/wp-content\/uploads\/2021\/02\/Stats-Corporate2-scaled.jpg","datePublished":"2021-02-22T11:29:22+00:00","dateModified":"2023-12-04T14:09:28+00:00","description":"Media4Display te permite montar y distribuir contenidos multimedia a una red de pantallas instaladas en las calles de tu ciudad, edificios p\u00fablicos, edificios administrativos, el ayuntamiento...","breadcrumb":{"@id":"https:\/\/www.telelogos.com\/es\/soluciones\/media4display\/administraciones-locales\/#breadcrumb"},"inLanguage":"es-ES","potentialAction":[{"@type":"ReadAction","target":["https:\/\/www.telelogos.com\/es\/soluciones\/media4display\/administraciones-locales\/"]}]},{"@type":"ImageObject","inLanguage":"es-ES","@id":"https:\/\/www.telelogos.com\/es\/soluciones\/media4display\/administraciones-locales\/#primaryimage","url":"https:\/\/www.telelogos.com\/wp-content\/uploads\/2021\/02\/Stats-Corporate2-scaled.jpg","contentUrl":"https:\/\/www.telelogos.com\/wp-content\/uploads\/2021\/02\/Stats-Corporate2-scaled.jpg"},{"@type":"BreadcrumbList","@id":"https:\/\/www.telelogos.com\/es\/soluciones\/media4display\/administraciones-locales\/#breadcrumb","itemListElement":[{"@type":"ListItem","position":1,"name":"Inicio","item":"https:\/\/www.telelogos.com\/es\/"},{"@type":"ListItem","position":2,"name":"Soluciones","item":"https:\/\/www.telelogos.com\/es\/soluciones\/"},{"@type":"ListItem","position":3,"name":"Media4Display","item":"https:\/\/www.telelogos.com\/es\/soluciones\/media4display\/"},{"@type":"ListItem","position":4,"name":"Media4Display para las administraciones locales"}]},{"@type":"WebSite","@id":"https:\/\/www.telelogos.com\/es\/#website","url":"https:\/\/www.telelogos.com\/es\/","name":"Telelogos","description":"","publisher":{"@id":"https:\/\/www.telelogos.com\/es\/#organization"},"potentialAction":[{"@type":"SearchAction","target":{"@type":"EntryPoint","urlTemplate":"https:\/\/www.telelogos.com\/es\/?s={search_term_string}"},"query-input":{"@type":"PropertyValueSpecification","valueRequired":true,"valueName":"search_term_string"}}],"inLanguage":"es-ES"},{"@type":"Organization","@id":"https:\/\/www.telelogos.com\/es\/#organization","name":"Telelogos","url":"https:\/\/www.telelogos.com\/es\/","logo":{"@type":"ImageObject","inLanguage":"es-ES","@id":"https:\/\/www.telelogos.com\/es\/#\/schema\/logo\/image\/","url":"https:\/\/www.telelogos.com\/wp-content\/uploads\/2022\/07\/Logo-Telelogos-e1664355618654.png","contentUrl":"https:\/\/www.telelogos.com\/wp-content\/uploads\/2022\/07\/Logo-Telelogos-e1664355618654.png","width":100,"height":35,"caption":"Telelogos"},"image":{"@id":"https:\/\/www.telelogos.com\/es\/#\/schema\/logo\/image\/"},"sameAs":["https:\/\/fr.linkedin.com\/company\/telelogos"]}]}},"_links":{"self":[{"href":"https:\/\/www.telelogos.com\/es\/wp-json\/wp\/v2\/pages\/22704","targetHints":{"allow":["GET"]}}],"collection":[{"href":"https:\/\/www.telelogos.com\/es\/wp-json\/wp\/v2\/pages"}],"about":[{"href":"https:\/\/www.telelogos.com\/es\/wp-json\/wp\/v2\/types\/page"}],"author":[{"embeddable":true,"href":"https:\/\/www.telelogos.com\/es\/wp-json\/wp\/v2\/users\/4"}],"replies":[{"embeddable":true,"href":"https:\/\/www.telelogos.com\/es\/wp-json\/wp\/v2\/comments?post=22704"}],"version-history":[{"count":5,"href":"https:\/\/www.telelogos.com\/es\/wp-json\/wp\/v2\/pages\/22704\/revisions"}],"predecessor-version":[{"id":41810,"href":"https:\/\/www.telelogos.com\/es\/wp-json\/wp\/v2\/pages\/22704\/revisions\/41810"}],"up":[{"embeddable":true,"href":"https:\/\/www.telelogos.com\/es\/wp-json\/wp\/v2\/pages\/22714"}],"wp:attachment":[{"href":"https:\/\/www.telelogos.com\/es\/wp-json\/wp\/v2\/media?parent=22704"}],"curies":[{"name":"wp","href":"https:\/\/api.w.org\/{rel}","templated":true}]}}