{"id":22708,"date":"2021-02-22T12:48:19","date_gmt":"2021-02-22T10:48:19","guid":{"rendered":"https:\/\/www.telelogos.com\/lieux-publics\/"},"modified":"2023-12-04T16:09:28","modified_gmt":"2023-12-04T14:09:28","slug":"espacios-publicos","status":"publish","type":"page","link":"https:\/\/www.telelogos.com\/es\/soluciones\/media4display\/espacios-publicos\/","title":{"rendered":"Media4Display para los espacios p\u00fablicos"},"content":{"rendered":"<div id=\"pl-22708\"  class=\"panel-layout\" ><div id=\"pg-22708-0\"  class=\"panel-grid panel-no-style\" ><div id=\"pgc-22708-0-0\"  class=\"panel-grid-cell\" ><div id=\"panel-22708-0-0-0\" class=\"so-panel widget widget_sow-editor panel-first-child panel-last-child\" data-index=\"0\" ><div\n\t\t\t\n\t\t\tclass=\"so-widget-sow-editor so-widget-sow-editor-base\"\n\t\t\t\n\t\t>\n<div class=\"siteorigin-widget-tinymce textwidget\">\n\t<p><img decoding=\"async\" class=\"alignnone wp-image-17996\" src=\"https:\/\/www.telelogos.com\/wp-content\/uploads\/2021\/02\/Eurostar-1024x635.jpg\" alt=\"\" width=\"650\" height=\"403\" srcset=\"https:\/\/www.telelogos.com\/wp-content\/uploads\/2021\/02\/Eurostar-1024x635.jpg 1024w, https:\/\/www.telelogos.com\/wp-content\/uploads\/2021\/02\/Eurostar-300x186.jpg 300w, https:\/\/www.telelogos.com\/wp-content\/uploads\/2021\/02\/Eurostar-1536x952.jpg 1536w, https:\/\/www.telelogos.com\/wp-content\/uploads\/2021\/02\/Eurostar-2048x1270.jpg 2048w, https:\/\/www.telelogos.com\/wp-content\/uploads\/2021\/02\/Eurostar-195x121.jpg 195w\" sizes=\"(max-width: 650px) 100vw, 650px\" \/><\/p>\n<p><img decoding=\"async\" class=\"alignnone wp-image-17994\" src=\"https:\/\/www.telelogos.com\/wp-content\/uploads\/2021\/02\/contenu_de_laffichage_dynamique_au_chateau_de_versailles-300x225.jpg\" alt=\"\" width=\"287\" height=\"215\" srcset=\"https:\/\/www.telelogos.com\/wp-content\/uploads\/2021\/02\/contenu_de_laffichage_dynamique_au_chateau_de_versailles-300x225.jpg 300w, https:\/\/www.telelogos.com\/wp-content\/uploads\/2021\/02\/contenu_de_laffichage_dynamique_au_chateau_de_versailles-195x146.jpg 195w, https:\/\/www.telelogos.com\/wp-content\/uploads\/2021\/02\/contenu_de_laffichage_dynamique_au_chateau_de_versailles.jpg 867w\" sizes=\"(max-width: 287px) 100vw, 287px\" \/> <img decoding=\"async\" class=\"alignnone wp-image-17992 size-full\" src=\"https:\/\/www.telelogos.com\/wp-content\/uploads\/2021\/02\/affichage-dynamique-Puy-du-fou-1-e1613990739970.jpg\" alt=\"\" width=\"347\" height=\"215\" srcset=\"https:\/\/www.telelogos.com\/wp-content\/uploads\/2021\/02\/affichage-dynamique-Puy-du-fou-1-e1613990739970.jpg 347w, https:\/\/www.telelogos.com\/wp-content\/uploads\/2021\/02\/affichage-dynamique-Puy-du-fou-1-e1613990739970-300x186.jpg 300w, https:\/\/www.telelogos.com\/wp-content\/uploads\/2021\/02\/affichage-dynamique-Puy-du-fou-1-e1613990739970-195x121.jpg 195w\" sizes=\"(max-width: 347px) 100vw, 347px\" \/><\/p>\n<\/div>\n<\/div><\/div><\/div><div id=\"pgc-22708-0-1\"  class=\"panel-grid-cell\" ><div id=\"panel-22708-0-1-0\" class=\"so-panel widget widget_sow-editor panel-first-child panel-last-child\" data-index=\"1\" ><div class=\"panel-widget-style panel-widget-style-for-22708-0-1-0\" ><div\n\t\t\t\n\t\t\tclass=\"so-widget-sow-editor so-widget-sow-editor-base\"\n\t\t\t\n\t\t>\n<div class=\"siteorigin-widget-tinymce textwidget\">\n\t<h2>La visualizaci\u00f3n din\u00e1mica en los Espacios P\u00fablicos<\/h2>\n<p>Las pantallas y paneles digitales enriquecen <span data-contrast=\"auto\">c<\/span><span data-contrast=\"auto\">alles, estaciones, aeropuertos, parques de atracciones<\/span><span data-contrast=\"auto\"> y otros espacios p\u00fablicos para <\/span><span data-contrast=\"auto\">informar, guiar, sugerir y orientar en tiempo real<\/span><span data-contrast=\"auto\"> al p\u00fablico. Se han vuelto indispensables para informar eficazmente a las personas o grupos considerables de gente.<\/span><span data-ccp-props=\"{&quot;201341983&quot;:0,&quot;335559739&quot;:160,&quot;335559740&quot;:259}\"> <\/span><\/p>\n<p><span data-contrast=\"auto\">M<\/span><span data-contrast=\"auto\">edia4Display permite controlar a distancia y en tiempo real contenidos <\/span><span data-contrast=\"auto\">textuales o multimedia en los espacios p\u00fablicos. <\/span><span data-contrast=\"auto\">Difunda contenido din\u00e1mico<\/span><span data-contrast=\"auto\">: horario de atenci\u00f3n, tiempo de espera, direcciones, oferta de servicios, eventos pr\u00f3ximos, etc. Media4Display <\/span><span data-contrast=\"auto\">automatiza la conexi\u00f3n de esas transmisiones conect\u00e1ndose a los sistemas de informaci\u00f3n.<\/span><span data-ccp-props=\"{&quot;201341983&quot;:0,&quot;335559739&quot;:160,&quot;335559740&quot;:259}\"> <\/span><\/p>\n<div><\/div>\n<\/div>\n<\/div><\/div><\/div><\/div><\/div><div id=\"pg-22708-1\"  class=\"panel-grid panel-has-style\" ><div class=\"siteorigin-panels-stretch panel-row-style panel-row-style-for-22708-1\" data-stretch-type=\"full\" ><div id=\"pgc-22708-1-0\"  class=\"panel-grid-cell\" ><div id=\"panel-22708-1-0-0\" class=\"so-panel widget widget_sow-editor panel-first-child\" data-index=\"2\" ><div class=\"panel-widget-style panel-widget-style-for-22708-1-0-0\" ><div\n\t\t\t\n\t\t\tclass=\"so-widget-sow-editor so-widget-sow-editor-base\"\n\t\t\t\n\t\t>\n<div class=\"siteorigin-widget-tinymce textwidget\">\n\t<h2 style=\"text-align: center;\">Objetivos principales<\/h2>\n<\/div>\n<\/div><\/div><\/div><div id=\"panel-22708-1-0-1\" class=\"so-panel widget widget_siteorigin-panels-builder panel-last-child\" data-index=\"3\" ><div class=\"animation_apparition panel-widget-style panel-widget-style-for-22708-1-0-1\" ><div id=\"pl-w69f462200d5f5\"  class=\"panel-layout\" ><div id=\"pg-w69f462200d5f5-0\"  class=\"panel-grid panel-has-style\" ><div class=\"bloc_picto panel-row-style panel-row-style-for-w69f462200d5f5-0\" ><div id=\"pgc-w69f462200d5f5-0-0\"  class=\"panel-grid-cell\" ><div id=\"panel-w69f462200d5f5-0-0-0\" class=\"so-panel widget widget_sow-editor panel-first-child\" data-index=\"0\" ><div class=\"image panel-widget-style panel-widget-style-for-w69f462200d5f5-0-0-0\" ><div\n\t\t\t\n\t\t\tclass=\"so-widget-sow-editor so-widget-sow-editor-base\"\n\t\t\t\n\t\t>\n<div class=\"siteorigin-widget-tinymce textwidget\">\n\t<p><img decoding=\"async\" class=\"alignnone size-full wp-image-17549\" src=\"https:\/\/www.telelogos.com\/wp-content\/uploads\/2021\/02\/tap.png\" alt=\"\" width=\"77\" height=\"61\"><\/p>\n<\/div>\n<\/div><\/div><\/div><div id=\"panel-w69f462200d5f5-0-0-1\" class=\"so-panel widget widget_sow-editor\" data-index=\"1\" ><div class=\"titre panel-widget-style panel-widget-style-for-w69f462200d5f5-0-0-1\" ><div\n\t\t\t\n\t\t\tclass=\"so-widget-sow-editor so-widget-sow-editor-base\"\n\t\t\t\n\t\t>\n<div class=\"siteorigin-widget-tinymce textwidget\">\n\t<p>Informar y orientar<\/p>\n<\/div>\n<\/div><\/div><\/div><div id=\"panel-w69f462200d5f5-0-0-2\" class=\"so-panel widget widget_sow-editor panel-last-child\" data-index=\"2\" ><div\n\t\t\t\n\t\t\tclass=\"so-widget-sow-editor so-widget-sow-editor-base\"\n\t\t\t\n\t\t>\n<div class=\"siteorigin-widget-tinymce textwidget\">\n\t<p>Utilizar Media4Display para informar, guiar, sugerir, orientar en tiempo real, etc.<\/p>\n<\/div>\n<\/div><\/div><\/div><div id=\"pgc-w69f462200d5f5-0-1\"  class=\"panel-grid-cell\" ><div id=\"panel-w69f462200d5f5-0-1-0\" class=\"so-panel widget widget_sow-editor panel-first-child\" data-index=\"3\" ><div class=\"image panel-widget-style panel-widget-style-for-w69f462200d5f5-0-1-0\" ><div\n\t\t\t\n\t\t\tclass=\"so-widget-sow-editor so-widget-sow-editor-base\"\n\t\t\t\n\t\t>\n<div class=\"siteorigin-widget-tinymce textwidget\">\n\t<p><img decoding=\"async\" class=\"alignnone size-full wp-image-17547\" src=\"https:\/\/www.telelogos.com\/wp-content\/uploads\/2021\/02\/Groupe-2484.png\" alt=\"\" width=\"61\" height=\"61\"><\/p>\n<\/div>\n<\/div><\/div><\/div><div id=\"panel-w69f462200d5f5-0-1-1\" class=\"so-panel widget widget_sow-editor\" data-index=\"4\" ><div class=\"titre panel-widget-style panel-widget-style-for-w69f462200d5f5-0-1-1\" ><div\n\t\t\t\n\t\t\tclass=\"so-widget-sow-editor so-widget-sow-editor-base\"\n\t\t\t\n\t\t>\n<div class=\"siteorigin-widget-tinymce textwidget\">\n\t<p>Entretener<\/p>\n<\/div>\n<\/div><\/div><\/div><div id=\"panel-w69f462200d5f5-0-1-2\" class=\"so-panel widget widget_sow-editor panel-last-child\" data-index=\"5\" ><div\n\t\t\t\n\t\t\tclass=\"so-widget-sow-editor so-widget-sow-editor-base\"\n\t\t\t\n\t\t>\n<div class=\"siteorigin-widget-tinymce textwidget\">\n\t<p>Transmitir contenido din\u00e1mico y reducir la sensaci\u00f3n de espera<\/p>\n<\/div>\n<\/div><\/div><\/div><div id=\"pgc-w69f462200d5f5-0-2\"  class=\"panel-grid-cell\" ><div id=\"panel-w69f462200d5f5-0-2-0\" class=\"so-panel widget widget_sow-editor panel-first-child\" data-index=\"6\" ><div class=\"image panel-widget-style panel-widget-style-for-w69f462200d5f5-0-2-0\" ><div\n\t\t\t\n\t\t\tclass=\"so-widget-sow-editor so-widget-sow-editor-base\"\n\t\t\t\n\t\t>\n<div class=\"siteorigin-widget-tinymce textwidget\">\n\t<p><img decoding=\"async\" class=\"alignnone size-full wp-image-17545\" src=\"https:\/\/www.telelogos.com\/wp-content\/uploads\/2021\/02\/remote-control.png\" alt=\"\" width=\"61\" height=\"61\"><\/p>\n<\/div>\n<\/div><\/div><\/div><div id=\"panel-w69f462200d5f5-0-2-1\" class=\"so-panel widget widget_sow-editor\" data-index=\"7\" ><div class=\"titre panel-widget-style panel-widget-style-for-w69f462200d5f5-0-2-1\" ><div\n\t\t\t\n\t\t\tclass=\"so-widget-sow-editor so-widget-sow-editor-base\"\n\t\t\t\n\t\t>\n<div class=\"siteorigin-widget-tinymce textwidget\">\n\t<p>Publicidad digital<\/p>\n<\/div>\n<\/div><\/div><\/div><div id=\"panel-w69f462200d5f5-0-2-2\" class=\"so-panel widget widget_sow-editor panel-last-child\" data-index=\"8\" ><div\n\t\t\t\n\t\t\tclass=\"so-widget-sow-editor so-widget-sow-editor-base\"\n\t\t\t\n\t\t>\n<div class=\"siteorigin-widget-tinymce textwidget\">\n\t<p>Promocionar sus servicios y los de sus asociados<\/p>\n<\/div>\n<\/div><\/div><\/div><\/div><\/div><\/div><\/div><\/div><\/div><\/div><\/div><div id=\"pg-22708-2\"  class=\"panel-grid panel-has-style\" ><div class=\"panel-row-style panel-row-style-for-22708-2\" ><div id=\"pgc-22708-2-0\"  class=\"panel-grid-cell\" ><div id=\"panel-22708-2-0-0\" class=\"so-panel widget widget_sow-editor panel-first-child panel-last-child\" data-index=\"4\" ><div class=\"panel-widget-style panel-widget-style-for-22708-2-0-0\" ><div\n\t\t\t\n\t\t\tclass=\"so-widget-sow-editor so-widget-sow-editor-base\"\n\t\t\t\n\t\t>\n<div class=\"siteorigin-widget-tinymce textwidget\">\n\t<div class=\"h3-like\">Caracter\u00edsticas<\/div>\n<p>&nbsp;<\/p>\n<ul>\n<li><span data-contrast=\"auto\">Difundir contenido en todo tipo de pantallas<\/span><span data-contrast=\"auto\"> o paneles<\/span><span data-ccp-props=\"{&quot;201341983&quot;:0,&quot;335559739&quot;:160,&quot;335559740&quot;:259}\"> <\/span><\/li>\n<li>Transmitir contenido id\u00e9ntico <span style=\"font-size: 1em;\" data-contrast=\"auto\">o personalizarlo <\/span><span style=\"font-size: 1em;\" data-contrast=\"auto\">en una gran cantidad de pantallas<\/span><span style=\"font-size: 1em;\" data-ccp-props=\"{&quot;201341983&quot;:0,&quot;335559739&quot;:160,&quot;335559740&quot;:259}\"> <\/span><\/li>\n<li><span data-contrast=\"auto\">Transmitir diferentes mensajes seg\u00fan la \u00e9poca y el lugar<\/span><\/li>\n<li><span data-contrast=\"auto\">Simplifique su instalaci\u00f3n y conecte sus pantallas exteriores a 4G<\/span><span data-ccp-props=\"{&quot;201341983&quot;:0,&quot;335559739&quot;:160,&quot;335559740&quot;:259}\"> <\/span><\/li>\n<\/ul>\n<\/div>\n<\/div><\/div><\/div><\/div><div id=\"pgc-22708-2-1\"  class=\"panel-grid-cell\" ><div id=\"panel-22708-2-1-0\" class=\"so-panel widget widget_sow-editor panel-first-child panel-last-child\" data-index=\"5\" ><div\n\t\t\t\n\t\t\tclass=\"so-widget-sow-editor so-widget-sow-editor-base\"\n\t\t\t\n\t\t>\n<div class=\"siteorigin-widget-tinymce textwidget\">\n\t<div class=\"h3-like\">Usos pr\u00e1cticos<\/div>\n<p>&nbsp;<\/p>\n<ul>\n<li><span data-contrast=\"auto\">Informar a los viajeros los horarios, el estado de la red, tiempos de espera, etc.<\/span><span data-ccp-props=\"{&quot;201341983&quot;:0,&quot;335559739&quot;:160,&quot;335559740&quot;:259}\"> <\/span><\/li>\n<li>Indicar la cantidad de plazas disponibles en un estacionamiento<span style=\"font-size: 1em;\" data-ccp-props=\"{&quot;201341983&quot;:0,&quot;335559739&quot;:160,&quot;335559740&quot;:259}\"> <\/span><\/li>\n<li><span data-contrast=\"auto\">Mostrar publicidad en un estadio o sala de deportes<\/span><span data-ccp-props=\"{&quot;201341983&quot;:0,&quot;335559739&quot;:160,&quot;335559740&quot;:259}\"> <\/span><\/li>\n<li><span data-contrast=\"auto\">Reducir la sensaci\u00f3n de espera en las filas de acceso a las atracciones de un parque de diversiones<\/span><span data-ccp-props=\"{&quot;201341983&quot;:0,&quot;335559739&quot;:160,&quot;335559740&quot;:259}\"> <\/span><\/li>\n<li><span data-contrast=\"auto\">Transmitir mensajes de alerta en situaciones cr\u00edticas<\/span><span data-ccp-props=\"{&quot;201341983&quot;:0,&quot;335559739&quot;:160,&quot;335559740&quot;:259}\"> <\/span><\/li>\n<\/ul>\n<\/div>\n<\/div><\/div><\/div><\/div><\/div><div id=\"pg-22708-3\"  class=\"panel-grid panel-no-style\" ><div id=\"pgc-22708-3-0\"  class=\"panel-grid-cell\" ><div id=\"panel-22708-3-0-0\" class=\"widget_text so-panel widget widget_custom_html panel-first-child panel-last-child\" data-index=\"6\" ><div class=\"textwidget custom-html-widget\"><div class=\"so-iframe-wrapper <?php if (!wp_is_mobile()) { echo 'no-padding'; } ?>\">\n<iframe src=\"https:\/\/business.telelogos.com\/form-m4d-es\">height=\"825px\" width=\"1200px\"style=\"border:0px #ffffff none;\" <\/iframe>\n<\/div>\n<\/div><\/div><\/div><\/div><\/div>","protected":false},"excerpt":{"rendered":"<p>La visualizaci\u00f3n din\u00e1mica en los Espacios P\u00fablicos Las pantallas y paneles digitales enriquecen calles, estaciones, aeropuertos, parques de atracciones y otros espacios p\u00fablicos para informar, guiar, sugerir y orientar [&hellip;]<\/p>\n","protected":false},"author":4,"featured_media":0,"parent":22714,"menu_order":430,"comment_status":"closed","ping_status":"closed","template":"page-solution.php","meta":{"footnotes":""},"class_list":["post-22708","page","type-page","status-publish","hentry"],"yoast_head":"<!-- This site is optimized with the Yoast SEO plugin v27.5 - https:\/\/yoast.com\/product\/yoast-seo-wordpress\/ -->\n<title>Media4Display para los espacios p\u00fablicos<\/title>\n<meta name=\"description\" content=\"Calles, estaciones de tren, aeropuertos, parques de atracciones... las pantallas digitales y las vallas publicitarias han enriquecido los espacios p\u00fablicos para informar, guiar, sugerir y dirigir al p\u00fablico en tiempo real.\" \/>\n<meta name=\"robots\" content=\"index, follow, max-snippet:-1, max-image-preview:large, max-video-preview:-1\" \/>\n<link rel=\"canonical\" href=\"https:\/\/www.telelogos.com\/es\/soluciones\/media4display\/espacios-publicos\/\" \/>\n<meta name=\"twitter:label1\" content=\"Est. reading time\" \/>\n\t<meta name=\"twitter:data1\" content=\"3 minutes\" \/>\n<script type=\"application\/ld+json\" class=\"yoast-schema-graph\">{\"@context\":\"https:\\\/\\\/schema.org\",\"@graph\":[{\"@type\":\"WebPage\",\"@id\":\"https:\\\/\\\/www.telelogos.com\\\/es\\\/soluciones\\\/media4display\\\/espacios-publicos\\\/\",\"url\":\"https:\\\/\\\/www.telelogos.com\\\/es\\\/soluciones\\\/media4display\\\/espacios-publicos\\\/\",\"name\":\"Media4Display para los espacios p\u00fablicos\",\"isPartOf\":{\"@id\":\"https:\\\/\\\/www.telelogos.com\\\/es\\\/#website\"},\"primaryImageOfPage\":{\"@id\":\"https:\\\/\\\/www.telelogos.com\\\/es\\\/soluciones\\\/media4display\\\/espacios-publicos\\\/#primaryimage\"},\"image\":{\"@id\":\"https:\\\/\\\/www.telelogos.com\\\/es\\\/soluciones\\\/media4display\\\/espacios-publicos\\\/#primaryimage\"},\"thumbnailUrl\":\"https:\\\/\\\/www.telelogos.com\\\/wp-content\\\/uploads\\\/2021\\\/02\\\/Eurostar-1024x635.jpg\",\"datePublished\":\"2021-02-22T10:48:19+00:00\",\"dateModified\":\"2023-12-04T14:09:28+00:00\",\"description\":\"Calles, estaciones de tren, aeropuertos, parques de atracciones... las pantallas digitales y las vallas publicitarias han enriquecido los espacios p\u00fablicos para informar, guiar, sugerir y dirigir al p\u00fablico en tiempo real.\",\"breadcrumb\":{\"@id\":\"https:\\\/\\\/www.telelogos.com\\\/es\\\/soluciones\\\/media4display\\\/espacios-publicos\\\/#breadcrumb\"},\"inLanguage\":\"es-ES\",\"potentialAction\":[{\"@type\":\"ReadAction\",\"target\":[\"https:\\\/\\\/www.telelogos.com\\\/es\\\/soluciones\\\/media4display\\\/espacios-publicos\\\/\"]}]},{\"@type\":\"ImageObject\",\"inLanguage\":\"es-ES\",\"@id\":\"https:\\\/\\\/www.telelogos.com\\\/es\\\/soluciones\\\/media4display\\\/espacios-publicos\\\/#primaryimage\",\"url\":\"https:\\\/\\\/www.telelogos.com\\\/wp-content\\\/uploads\\\/2021\\\/02\\\/Eurostar-1024x635.jpg\",\"contentUrl\":\"https:\\\/\\\/www.telelogos.com\\\/wp-content\\\/uploads\\\/2021\\\/02\\\/Eurostar-1024x635.jpg\"},{\"@type\":\"BreadcrumbList\",\"@id\":\"https:\\\/\\\/www.telelogos.com\\\/es\\\/soluciones\\\/media4display\\\/espacios-publicos\\\/#breadcrumb\",\"itemListElement\":[{\"@type\":\"ListItem\",\"position\":1,\"name\":\"Inicio\",\"item\":\"https:\\\/\\\/www.telelogos.com\\\/es\\\/\"},{\"@type\":\"ListItem\",\"position\":2,\"name\":\"Soluciones\",\"item\":\"https:\\\/\\\/www.telelogos.com\\\/es\\\/soluciones\\\/\"},{\"@type\":\"ListItem\",\"position\":3,\"name\":\"Media4Display\",\"item\":\"https:\\\/\\\/www.telelogos.com\\\/es\\\/soluciones\\\/media4display\\\/\"},{\"@type\":\"ListItem\",\"position\":4,\"name\":\"Media4Display para los espacios p\u00fablicos\"}]},{\"@type\":\"WebSite\",\"@id\":\"https:\\\/\\\/www.telelogos.com\\\/es\\\/#website\",\"url\":\"https:\\\/\\\/www.telelogos.com\\\/es\\\/\",\"name\":\"Telelogos\",\"description\":\"\",\"publisher\":{\"@id\":\"https:\\\/\\\/www.telelogos.com\\\/es\\\/#organization\"},\"potentialAction\":[{\"@type\":\"SearchAction\",\"target\":{\"@type\":\"EntryPoint\",\"urlTemplate\":\"https:\\\/\\\/www.telelogos.com\\\/es\\\/?s={search_term_string}\"},\"query-input\":{\"@type\":\"PropertyValueSpecification\",\"valueRequired\":true,\"valueName\":\"search_term_string\"}}],\"inLanguage\":\"es-ES\"},{\"@type\":\"Organization\",\"@id\":\"https:\\\/\\\/www.telelogos.com\\\/es\\\/#organization\",\"name\":\"Telelogos\",\"url\":\"https:\\\/\\\/www.telelogos.com\\\/es\\\/\",\"logo\":{\"@type\":\"ImageObject\",\"inLanguage\":\"es-ES\",\"@id\":\"https:\\\/\\\/www.telelogos.com\\\/es\\\/#\\\/schema\\\/logo\\\/image\\\/\",\"url\":\"https:\\\/\\\/www.telelogos.com\\\/wp-content\\\/uploads\\\/2022\\\/07\\\/Logo-Telelogos-e1664355618654.png\",\"contentUrl\":\"https:\\\/\\\/www.telelogos.com\\\/wp-content\\\/uploads\\\/2022\\\/07\\\/Logo-Telelogos-e1664355618654.png\",\"width\":100,\"height\":35,\"caption\":\"Telelogos\"},\"image\":{\"@id\":\"https:\\\/\\\/www.telelogos.com\\\/es\\\/#\\\/schema\\\/logo\\\/image\\\/\"},\"sameAs\":[\"https:\\\/\\\/fr.linkedin.com\\\/company\\\/telelogos\"]}]}<\/script>\n<!-- \/ Yoast SEO plugin. -->","yoast_head_json":{"title":"Media4Display para los espacios p\u00fablicos","description":"Calles, estaciones de tren, aeropuertos, parques de atracciones... las pantallas digitales y las vallas publicitarias han enriquecido los espacios p\u00fablicos para informar, guiar, sugerir y dirigir al p\u00fablico en tiempo real.","robots":{"index":"index","follow":"follow","max-snippet":"max-snippet:-1","max-image-preview":"max-image-preview:large","max-video-preview":"max-video-preview:-1"},"canonical":"https:\/\/www.telelogos.com\/es\/soluciones\/media4display\/espacios-publicos\/","twitter_misc":{"Est. reading time":"3 minutes"},"schema":{"@context":"https:\/\/schema.org","@graph":[{"@type":"WebPage","@id":"https:\/\/www.telelogos.com\/es\/soluciones\/media4display\/espacios-publicos\/","url":"https:\/\/www.telelogos.com\/es\/soluciones\/media4display\/espacios-publicos\/","name":"Media4Display para los espacios p\u00fablicos","isPartOf":{"@id":"https:\/\/www.telelogos.com\/es\/#website"},"primaryImageOfPage":{"@id":"https:\/\/www.telelogos.com\/es\/soluciones\/media4display\/espacios-publicos\/#primaryimage"},"image":{"@id":"https:\/\/www.telelogos.com\/es\/soluciones\/media4display\/espacios-publicos\/#primaryimage"},"thumbnailUrl":"https:\/\/www.telelogos.com\/wp-content\/uploads\/2021\/02\/Eurostar-1024x635.jpg","datePublished":"2021-02-22T10:48:19+00:00","dateModified":"2023-12-04T14:09:28+00:00","description":"Calles, estaciones de tren, aeropuertos, parques de atracciones... las pantallas digitales y las vallas publicitarias han enriquecido los espacios p\u00fablicos para informar, guiar, sugerir y dirigir al p\u00fablico en tiempo real.","breadcrumb":{"@id":"https:\/\/www.telelogos.com\/es\/soluciones\/media4display\/espacios-publicos\/#breadcrumb"},"inLanguage":"es-ES","potentialAction":[{"@type":"ReadAction","target":["https:\/\/www.telelogos.com\/es\/soluciones\/media4display\/espacios-publicos\/"]}]},{"@type":"ImageObject","inLanguage":"es-ES","@id":"https:\/\/www.telelogos.com\/es\/soluciones\/media4display\/espacios-publicos\/#primaryimage","url":"https:\/\/www.telelogos.com\/wp-content\/uploads\/2021\/02\/Eurostar-1024x635.jpg","contentUrl":"https:\/\/www.telelogos.com\/wp-content\/uploads\/2021\/02\/Eurostar-1024x635.jpg"},{"@type":"BreadcrumbList","@id":"https:\/\/www.telelogos.com\/es\/soluciones\/media4display\/espacios-publicos\/#breadcrumb","itemListElement":[{"@type":"ListItem","position":1,"name":"Inicio","item":"https:\/\/www.telelogos.com\/es\/"},{"@type":"ListItem","position":2,"name":"Soluciones","item":"https:\/\/www.telelogos.com\/es\/soluciones\/"},{"@type":"ListItem","position":3,"name":"Media4Display","item":"https:\/\/www.telelogos.com\/es\/soluciones\/media4display\/"},{"@type":"ListItem","position":4,"name":"Media4Display para los espacios p\u00fablicos"}]},{"@type":"WebSite","@id":"https:\/\/www.telelogos.com\/es\/#website","url":"https:\/\/www.telelogos.com\/es\/","name":"Telelogos","description":"","publisher":{"@id":"https:\/\/www.telelogos.com\/es\/#organization"},"potentialAction":[{"@type":"SearchAction","target":{"@type":"EntryPoint","urlTemplate":"https:\/\/www.telelogos.com\/es\/?s={search_term_string}"},"query-input":{"@type":"PropertyValueSpecification","valueRequired":true,"valueName":"search_term_string"}}],"inLanguage":"es-ES"},{"@type":"Organization","@id":"https:\/\/www.telelogos.com\/es\/#organization","name":"Telelogos","url":"https:\/\/www.telelogos.com\/es\/","logo":{"@type":"ImageObject","inLanguage":"es-ES","@id":"https:\/\/www.telelogos.com\/es\/#\/schema\/logo\/image\/","url":"https:\/\/www.telelogos.com\/wp-content\/uploads\/2022\/07\/Logo-Telelogos-e1664355618654.png","contentUrl":"https:\/\/www.telelogos.com\/wp-content\/uploads\/2022\/07\/Logo-Telelogos-e1664355618654.png","width":100,"height":35,"caption":"Telelogos"},"image":{"@id":"https:\/\/www.telelogos.com\/es\/#\/schema\/logo\/image\/"},"sameAs":["https:\/\/fr.linkedin.com\/company\/telelogos"]}]}},"_links":{"self":[{"href":"https:\/\/www.telelogos.com\/es\/wp-json\/wp\/v2\/pages\/22708","targetHints":{"allow":["GET"]}}],"collection":[{"href":"https:\/\/www.telelogos.com\/es\/wp-json\/wp\/v2\/pages"}],"about":[{"href":"https:\/\/www.telelogos.com\/es\/wp-json\/wp\/v2\/types\/page"}],"author":[{"embeddable":true,"href":"https:\/\/www.telelogos.com\/es\/wp-json\/wp\/v2\/users\/4"}],"replies":[{"embeddable":true,"href":"https:\/\/www.telelogos.com\/es\/wp-json\/wp\/v2\/comments?post=22708"}],"version-history":[{"count":5,"href":"https:\/\/www.telelogos.com\/es\/wp-json\/wp\/v2\/pages\/22708\/revisions"}],"predecessor-version":[{"id":41819,"href":"https:\/\/www.telelogos.com\/es\/wp-json\/wp\/v2\/pages\/22708\/revisions\/41819"}],"up":[{"embeddable":true,"href":"https:\/\/www.telelogos.com\/es\/wp-json\/wp\/v2\/pages\/22714"}],"wp:attachment":[{"href":"https:\/\/www.telelogos.com\/es\/wp-json\/wp\/v2\/media?parent=22708"}],"curies":[{"name":"wp","href":"https:\/\/api.w.org\/{rel}","templated":true}]}}