{"id":22720,"date":"2021-01-25T17:06:35","date_gmt":"2021-01-25T15:06:35","guid":{"rendered":"https:\/\/www.telelogos.com\/solutions\/"},"modified":"2023-12-04T16:10:31","modified_gmt":"2023-12-04T14:10:31","slug":"soluciones","status":"publish","type":"page","link":"https:\/\/www.telelogos.com\/es\/soluciones\/","title":{"rendered":"Soluciones"},"content":{"rendered":"<div id=\"pl-22720\"  class=\"panel-layout\" ><div id=\"pg-22720-0\"  class=\"panel-grid panel-no-style\" ><div id=\"pgc-22720-0-0\"  class=\"panel-grid-cell\" ><div id=\"panel-22720-0-0-0\" class=\"so-panel widget widget_sow-editor panel-first-child\" data-index=\"0\" ><div\n\t\t\t\n\t\t\tclass=\"so-widget-sow-editor so-widget-sow-editor-base\"\n\t\t\t\n\t\t>\n<div class=\"siteorigin-widget-tinymce textwidget\">\n\t<p><img decoding=\"async\" class=\"alignleft wp-image-19137 size-full\" src=\"https:\/\/www.telelogos.com\/wp-content\/uploads\/2021\/03\/channels350.png\" alt=\"\" width=\"361\" height=\"61\" srcset=\"https:\/\/www.telelogos.com\/wp-content\/uploads\/2021\/03\/channels350.png 361w, https:\/\/www.telelogos.com\/wp-content\/uploads\/2021\/03\/channels350-300x51.png 300w, https:\/\/www.telelogos.com\/wp-content\/uploads\/2021\/03\/channels350-195x33.png 195w, https:\/\/www.telelogos.com\/wp-content\/uploads\/2021\/03\/channels350-357x61.png 357w\" sizes=\"(max-width: 361px) 100vw, 361px\" \/><\/p>\n<\/div>\n<\/div><\/div><div id=\"panel-22720-0-0-1\" class=\"so-panel widget widget_sow-editor panel-last-child\" data-index=\"1\" ><div\n\t\t\t\n\t\t\tclass=\"so-widget-sow-editor so-widget-sow-editor-base\"\n\t\t\t\n\t\t>\n<div class=\"siteorigin-widget-tinymce textwidget\">\n\t<p>&nbsp;<\/p>\n<div class=\"h3-like\">Soluci\u00f3n de comunicaci\u00f3n interna<\/div>\n<ul>\n<li>Channels transforma los puestos de trabajo de sus empleados en canales de <strong>comunicaci\u00f3n interna<\/strong>.<\/li>\n<li>Channels le brinda la posibilidad de comunicar la informaci\u00f3n esencial o urgente a los empleados, directamente en sus puestos inform\u00e1ticos, <strong>sin modificar sus h\u00e1bitos laborales<\/strong> ni tener que agregar una herramienta adicional.<\/li>\n<li>Permite comunicar informaci\u00f3n a trav\u00e9s de <strong>varios canales<\/strong> en el puesto de trabajo y, en especial, mediante notificaciones autom\u00e1ticas, el bloqueo de pantalla y el fondo de pantalla.<\/li>\n<\/ul>\n<p>&nbsp;<\/p>\n<div class=\"btn_bleu\"><a href=\"https:\/\/www.telelogos.com\/es\/soluciones\/channels-software-de-comunicacion-interna\/\">Descubra Channels<\/a><\/div>\n<\/div>\n<\/div><\/div><\/div><div id=\"pgc-22720-0-1\"  class=\"panel-grid-cell\" ><div id=\"panel-22720-0-1-0\" class=\"so-panel widget widget_sow-image panel-first-child panel-last-child\" data-index=\"2\" ><div\n\t\t\t\n\t\t\tclass=\"so-widget-sow-image so-widget-sow-image-default-8b5b6f678277-22720\"\n\t\t\t\n\t\t>\n<div class=\"sow-image-container\">\n\t\t<img \n\tsrc=\"https:\/\/www.telelogos.com\/wp-content\/uploads\/2021\/02\/postes-travail.jpg\" width=\"607\" height=\"350\" srcset=\"https:\/\/www.telelogos.com\/wp-content\/uploads\/2021\/02\/postes-travail.jpg 607w, https:\/\/www.telelogos.com\/wp-content\/uploads\/2021\/02\/postes-travail-300x173.jpg 300w, https:\/\/www.telelogos.com\/wp-content\/uploads\/2021\/02\/postes-travail-195x112.jpg 195w\" sizes=\"(max-width: 607px) 100vw, 607px\" alt=\"\" \t\tclass=\"so-widget-image\"\/>\n\t<\/div>\n\n<\/div><\/div><\/div><\/div><div id=\"pg-22720-1\"  class=\"panel-grid panel-no-style\" ><div id=\"pgc-22720-1-0\"  class=\"panel-grid-cell\" ><div id=\"panel-22720-1-0-0\" class=\"so-panel widget widget_sow-image panel-first-child panel-last-child\" data-index=\"3\" ><div\n\t\t\t\n\t\t\tclass=\"so-widget-sow-image so-widget-sow-image-default-8b5b6f678277-22720\"\n\t\t\t\n\t\t>\n<div class=\"sow-image-container\">\n\t\t<img \n\tsrc=\"https:\/\/www.telelogos.com\/wp-content\/uploads\/2021\/05\/M4D-SOLUTIONS.jpg\" width=\"414\" height=\"281\" srcset=\"https:\/\/www.telelogos.com\/wp-content\/uploads\/2021\/05\/M4D-SOLUTIONS.jpg 414w, https:\/\/www.telelogos.com\/wp-content\/uploads\/2021\/05\/M4D-SOLUTIONS-300x204.jpg 300w, https:\/\/www.telelogos.com\/wp-content\/uploads\/2021\/05\/M4D-SOLUTIONS-195x132.jpg 195w\" sizes=\"(max-width: 414px) 100vw, 414px\" alt=\"\" \t\tclass=\"so-widget-image\"\/>\n\t<\/div>\n\n<\/div><\/div><\/div><div id=\"pgc-22720-1-1\"  class=\"panel-grid-cell\" ><div id=\"panel-22720-1-1-0\" class=\"so-panel widget widget_sow-editor panel-first-child\" data-index=\"4\" ><div\n\t\t\t\n\t\t\tclass=\"so-widget-sow-editor so-widget-sow-editor-base\"\n\t\t\t\n\t\t>\n<div class=\"siteorigin-widget-tinymce textwidget\">\n\t<p><img decoding=\"async\" class=\"wp-image-19141 alignleft\" src=\"https:\/\/www.telelogos.com\/wp-content\/uploads\/2021\/03\/logo-media4display_4.png\" alt=\"\" width=\"361\" height=\"63\" srcset=\"https:\/\/www.telelogos.com\/wp-content\/uploads\/2021\/03\/logo-media4display_4.png 640w, https:\/\/www.telelogos.com\/wp-content\/uploads\/2021\/03\/logo-media4display_4-300x53.png 300w, https:\/\/www.telelogos.com\/wp-content\/uploads\/2021\/03\/logo-media4display_4-195x34.png 195w\" sizes=\"(max-width: 361px) 100vw, 361px\" \/><\/p>\n<\/div>\n<\/div><\/div><div id=\"panel-22720-1-1-1\" class=\"so-panel widget widget_sow-editor panel-last-child\" data-index=\"5\" ><div\n\t\t\t\n\t\t\tclass=\"so-widget-sow-editor so-widget-sow-editor-base\"\n\t\t\t\n\t\t>\n<div class=\"siteorigin-widget-tinymce textwidget\">\n\t<p>&nbsp;<\/p>\n<h3><\/h3>\n<h3 style=\"text-align: left;\">Visualizaci\u00f3n din\u00e1mica<\/h3>\n<ul style=\"text-align: left;\">\n<li style=\"text-align: left;\">Media4Display es un software de visualizaci\u00f3n din\u00e1mica que permite, desde un navegador web, planificar la <strong>comunicaci\u00f3n digital<\/strong> las 24 h.<\/li>\n<li style=\"text-align: left;\">La soluci\u00f3n permite que se difunda contenido multimedia en<strong> redes de pantallas distantes<\/strong> instaladas en puntos de venta, sucursales, plantas industriales, espacios p\u00fablicos, empresas, calles, etc.<\/li>\n<\/ul>\n<div class=\"btn_bleu\" style=\"text-align: left;\"><a href=\"https:\/\/www.telelogos.com\/es\/soluciones\/media4display\/\">Descubra media4display<\/a><\/div>\n<\/div>\n<\/div><\/div><\/div><\/div><div id=\"pg-22720-2\"  class=\"panel-grid panel-no-style\" ><div id=\"pgc-22720-2-0\"  class=\"panel-grid-cell\" ><div id=\"panel-22720-2-0-0\" class=\"so-panel widget widget_sow-editor panel-first-child\" data-index=\"6\" ><div\n\t\t\t\n\t\t\tclass=\"so-widget-sow-editor so-widget-sow-editor-base\"\n\t\t\t\n\t\t>\n<div class=\"siteorigin-widget-tinymce textwidget\">\n\t<p><img decoding=\"async\" class=\"alignleft wp-image-19143\" src=\"https:\/\/www.telelogos.com\/wp-content\/uploads\/2021\/03\/meeting4display-logo.png\" alt=\"\" width=\"361\" height=\"66\" srcset=\"https:\/\/www.telelogos.com\/wp-content\/uploads\/2021\/03\/meeting4display-logo.png 1200w, https:\/\/www.telelogos.com\/wp-content\/uploads\/2021\/03\/meeting4display-logo-300x55.png 300w, https:\/\/www.telelogos.com\/wp-content\/uploads\/2021\/03\/meeting4display-logo-1024x189.png 1024w, https:\/\/www.telelogos.com\/wp-content\/uploads\/2021\/03\/meeting4display-logo-195x36.png 195w\" sizes=\"(max-width: 361px) 100vw, 361px\" \/><\/p>\n<\/div>\n<\/div><\/div><div id=\"panel-22720-2-0-1\" class=\"so-panel widget widget_sow-editor panel-last-child\" data-index=\"7\" ><div\n\t\t\t\n\t\t\tclass=\"so-widget-sow-editor so-widget-sow-editor-base\"\n\t\t\t\n\t\t>\n<div class=\"siteorigin-widget-tinymce textwidget\">\n\t<p>&nbsp;<\/p>\n<h3>Workspace Management<\/h3>\n<p>&nbsp;<\/p>\n<ul>\n<li>Meeting4Display es un software de gesti\u00f3n y reserva de espacios de trabajo: <strong>salas de reuniones<\/strong>, oficinas en <strong>flex office<\/strong>, huddle rooms, open spaces, etc.<\/li>\n<li>Puede acceder desde su <strong>smartphone<\/strong>, desde una <strong>pantalla de reserva<\/strong> o a trav\u00e9s de su sistema de <strong>mensajer\u00eda<\/strong>, Meeting4Display le permite reservar su espacio de trabajo f\u00e1cil y sencillamente.<\/li>\n<\/ul>\n<p>&nbsp;<\/p>\n<div class=\"btn_bleu\"><a href=\"https:\/\/www.telelogos.com\/es\/soluciones\/meeting4display-solucion-de-gestion-de-espacios-de-trabajo\/\">Descubra MEETING4DISPLAY<\/a><\/div>\n<\/div>\n<\/div><\/div><\/div><div id=\"pgc-22720-2-1\"  class=\"panel-grid-cell\" ><div id=\"panel-22720-2-1-0\" class=\"so-panel widget widget_sow-image panel-first-child panel-last-child\" data-index=\"8\" ><div\n\t\t\t\n\t\t\tclass=\"so-widget-sow-image so-widget-sow-image-default-8b5b6f678277-22720\"\n\t\t\t\n\t\t>\n<div class=\"sow-image-container\">\n\t\t<img \n\tsrc=\"https:\/\/www.telelogos.com\/wp-content\/uploads\/2021\/02\/visuel2_disponible_jusqua_-_copie.jpg\" width=\"1200\" height=\"800\" srcset=\"https:\/\/www.telelogos.com\/wp-content\/uploads\/2021\/02\/visuel2_disponible_jusqua_-_copie.jpg 1200w, https:\/\/www.telelogos.com\/wp-content\/uploads\/2021\/02\/visuel2_disponible_jusqua_-_copie-300x200.jpg 300w, https:\/\/www.telelogos.com\/wp-content\/uploads\/2021\/02\/visuel2_disponible_jusqua_-_copie-1024x683.jpg 1024w, https:\/\/www.telelogos.com\/wp-content\/uploads\/2021\/02\/visuel2_disponible_jusqua_-_copie-195x130.jpg 195w, https:\/\/www.telelogos.com\/wp-content\/uploads\/2021\/02\/visuel2_disponible_jusqua_-_copie-272x182.jpg 272w\" sizes=\"(max-width: 1200px) 100vw, 1200px\" alt=\"\" \t\tclass=\"so-widget-image\"\/>\n\t<\/div>\n\n<\/div><\/div><\/div><\/div><div id=\"pg-22720-3\"  class=\"panel-grid panel-no-style\" ><div id=\"pgc-22720-3-0\"  class=\"panel-grid-cell\" ><div id=\"panel-22720-3-0-0\" class=\"so-panel widget widget_sow-image panel-first-child panel-last-child\" data-index=\"9\" ><div\n\t\t\t\n\t\t\tclass=\"so-widget-sow-image so-widget-sow-image-default-8b5b6f678277-22720\"\n\t\t\t\n\t\t>\n<div class=\"sow-image-container\">\n\t\t<img \n\tsrc=\"https:\/\/www.telelogos.com\/wp-content\/uploads\/2021\/02\/CLYD-Gestion-Tablettes-Smartphones.jpg\" width=\"700\" height=\"467\" srcset=\"https:\/\/www.telelogos.com\/wp-content\/uploads\/2021\/02\/CLYD-Gestion-Tablettes-Smartphones.jpg 700w, https:\/\/www.telelogos.com\/wp-content\/uploads\/2021\/02\/CLYD-Gestion-Tablettes-Smartphones-300x200.jpg 300w, https:\/\/www.telelogos.com\/wp-content\/uploads\/2021\/02\/CLYD-Gestion-Tablettes-Smartphones-195x130.jpg 195w, https:\/\/www.telelogos.com\/wp-content\/uploads\/2021\/02\/CLYD-Gestion-Tablettes-Smartphones-272x182.jpg 272w\" sizes=\"(max-width: 700px) 100vw, 700px\" alt=\"CLYD Gestion Tablettes Smartphones\" \t\tclass=\"so-widget-image\"\/>\n\t<\/div>\n\n<\/div><\/div><\/div><div id=\"pgc-22720-3-1\"  class=\"panel-grid-cell\" ><div id=\"panel-22720-3-1-0\" class=\"so-panel widget widget_sow-editor panel-first-child\" data-index=\"10\" ><div\n\t\t\t\n\t\t\tclass=\"so-widget-sow-editor so-widget-sow-editor-base\"\n\t\t\t\n\t\t>\n<div class=\"siteorigin-widget-tinymce textwidget\">\n\t<p><img decoding=\"async\" class=\"wp-image-19139 alignright\" src=\"https:\/\/www.telelogos.com\/wp-content\/uploads\/2021\/03\/logo_clyd-bleu_495.png\" alt=\"\" width=\"361\" height=\"110\" srcset=\"https:\/\/www.telelogos.com\/wp-content\/uploads\/2021\/03\/logo_clyd-bleu_495.png 495w, https:\/\/www.telelogos.com\/wp-content\/uploads\/2021\/03\/logo_clyd-bleu_495-300x92.png 300w, https:\/\/www.telelogos.com\/wp-content\/uploads\/2021\/03\/logo_clyd-bleu_495-195x59.png 195w\" sizes=\"(max-width: 361px) 100vw, 361px\" \/><\/p>\n<\/div>\n<\/div><\/div><div id=\"panel-22720-3-1-1\" class=\"so-panel widget widget_sow-editor panel-last-child\" data-index=\"11\" ><div\n\t\t\t\n\t\t\tclass=\"so-widget-sow-editor so-widget-sow-editor-base\"\n\t\t\t\n\t\t>\n<div class=\"siteorigin-widget-tinymce textwidget\">\n\t<p>&nbsp;<\/p>\n<h3 style=\"text-align: left;\">Mobile Device Management<\/h3>\n<ul>\n<li style=\"text-align: left;\">El software de Mobile Device Management CLYD garantiza la gesti\u00f3n y segurizaci\u00f3n de los <strong>dispositivos m\u00f3viles en la empresa<\/strong>.<\/li>\n<li style=\"text-align: left;\">CLYD brinda funciones de <strong>gesti\u00f3n remota<\/strong> y centralizada de las aplicaciones m\u00f3viles, de <strong>segurizaci\u00f3n<\/strong> de las terminales y de control en forma remota.<\/li>\n<li style=\"text-align: left;\">A trav\u00e9s de su interfaz simple e intuitiva en la nube, el software permite una gesti\u00f3n sencilla de su <strong>flota de smartphones y tabletas<\/strong> a diario.<\/li>\n<\/ul>\n<div class=\"btn_bleu\" style=\"text-align: left;\"><a href=\"https:\/\/www.telelogos.com\/es\/soluciones\/clyd-mobile-device-management\/\">Descubra CLYD<\/a><\/div>\n<div style=\"text-align: left;\"><\/div>\n<\/div>\n<\/div><\/div><\/div><\/div><div id=\"pg-22720-4\"  class=\"panel-grid panel-no-style\" ><div id=\"pgc-22720-4-0\"  class=\"panel-grid-cell\" ><div id=\"panel-22720-4-0-0\" class=\"so-panel widget widget_sow-editor panel-first-child\" data-index=\"12\" ><div\n\t\t\t\n\t\t\tclass=\"so-widget-sow-editor so-widget-sow-editor-base\"\n\t\t\t\n\t\t>\n<div class=\"siteorigin-widget-tinymce textwidget\">\n\t<p><img decoding=\"async\" class=\"alignnone wp-image-19561 size-full\" src=\"https:\/\/www.telelogos.com\/wp-content\/uploads\/2021\/03\/media-contact-transfer.png\" alt=\"\" width=\"400\" height=\"54\" srcset=\"https:\/\/www.telelogos.com\/wp-content\/uploads\/2021\/03\/media-contact-transfer.png 400w, https:\/\/www.telelogos.com\/wp-content\/uploads\/2021\/03\/media-contact-transfer-300x41.png 300w, https:\/\/www.telelogos.com\/wp-content\/uploads\/2021\/03\/media-contact-transfer-392x54.png 392w, https:\/\/www.telelogos.com\/wp-content\/uploads\/2021\/03\/media-contact-transfer-195x26.png 195w\" sizes=\"(max-width: 400px) 100vw, 400px\" \/><\/p>\n<\/div>\n<\/div><\/div><div id=\"panel-22720-4-0-1\" class=\"so-panel widget widget_sow-editor panel-last-child\" data-index=\"13\" ><div\n\t\t\t\n\t\t\tclass=\"so-widget-sow-editor so-widget-sow-editor-base\"\n\t\t\t\n\t\t>\n<div class=\"siteorigin-widget-tinymce textwidget\">\n\t<p>&nbsp;<\/p>\n<h3>Gesti\u00f3n de terminales y sincronizaci\u00f3n de datos<\/h3>\n<p>&nbsp;<\/p>\n<ul>\n<li>MediaContact y MediaTransfer le permiten administrar en forma local o remota los <strong>equipos<\/strong> (terminales, pantallas, computadoras, impresoras, cajas registradoras, etc.) as\u00ed como su <strong>software<\/strong> correspondiente.<\/li>\n<li>Con MediaContact y MediaTransfer conoce en tiempo real su <strong>estado operativo<\/strong>, realiza intervenciones de<strong> reanudaci\u00f3n de funcionamiento<\/strong>, automatiza las tareas de <strong>mantenimiento<\/strong>.<\/li>\n<\/ul>\n<p>&nbsp;<\/p>\n<div class=\"btn_bleu\"><a href=\"https:\/\/www.telelogos.com\/es\/soluciones\/mediacontact-mediatransfer-gestion-de-redes-de-puestos-fijos-transferencia-y-sincronizacion-de-datos\/\">Descubra MEDIACONTACT y MEDIATRANSFER<\/a><\/div>\n<\/div>\n<\/div><\/div><\/div><div id=\"pgc-22720-4-1\"  class=\"panel-grid-cell\" ><div id=\"panel-22720-4-1-0\" class=\"so-panel widget widget_sow-image panel-first-child panel-last-child\" data-index=\"14\" ><div\n\t\t\t\n\t\t\tclass=\"so-widget-sow-image so-widget-sow-image-default-8b5b6f678277-22720\"\n\t\t\t\n\t\t>\n<div class=\"sow-image-container\">\n\t\t<img \n\tsrc=\"https:\/\/www.telelogos.com\/wp-content\/uploads\/2021\/05\/EV-Store-03-scaled.jpg\" width=\"2560\" height=\"1707\" srcset=\"https:\/\/www.telelogos.com\/wp-content\/uploads\/2021\/05\/EV-Store-03-scaled.jpg 2560w, https:\/\/www.telelogos.com\/wp-content\/uploads\/2021\/05\/EV-Store-03-300x200.jpg 300w, https:\/\/www.telelogos.com\/wp-content\/uploads\/2021\/05\/EV-Store-03-1024x683.jpg 1024w, https:\/\/www.telelogos.com\/wp-content\/uploads\/2021\/05\/EV-Store-03-1536x1024.jpg 1536w, https:\/\/www.telelogos.com\/wp-content\/uploads\/2021\/05\/EV-Store-03-2048x1365.jpg 2048w, https:\/\/www.telelogos.com\/wp-content\/uploads\/2021\/05\/EV-Store-03-195x130.jpg 195w, https:\/\/www.telelogos.com\/wp-content\/uploads\/2021\/05\/EV-Store-03-272x182.jpg 272w\" sizes=\"(max-width: 2560px) 100vw, 2560px\" title=\"EV Store 03\" alt=\"Renault\" \t\tclass=\"so-widget-image\"\/>\n\t<\/div>\n\n<\/div><\/div><\/div><\/div><\/div>","protected":false},"excerpt":{"rendered":"<p>&nbsp; Soluci\u00f3n de comunicaci\u00f3n interna Channels transforma los puestos de trabajo de sus empleados en canales de comunicaci\u00f3n interna. Channels le brinda la posibilidad de comunicar la informaci\u00f3n esencial [&hellip;]<\/p>\n","protected":false},"author":4,"featured_media":0,"parent":0,"menu_order":171,"comment_status":"closed","ping_status":"closed","template":"","meta":{"footnotes":""},"class_list":["post-22720","page","type-page","status-publish","hentry"],"yoast_head":"<!-- This site is optimized with the Yoast SEO plugin v27.3 - https:\/\/yoast.com\/product\/yoast-seo-wordpress\/ -->\n<title>Descubra las soluciones de software de Telelogos<\/title>\n<meta name=\"description\" content=\"Visualizaci\u00f3n din\u00e1mica, gesti\u00f3n de dispositivos m\u00f3viles, gesti\u00f3n del espacio de trabajo, gesti\u00f3n de puntos finales y sincronizaci\u00f3n de datos, comunicaci\u00f3n interna\" \/>\n<meta name=\"robots\" content=\"index, follow, max-snippet:-1, max-image-preview:large, max-video-preview:-1\" \/>\n<link rel=\"canonical\" href=\"https:\/\/www.telelogos.com\/es\/soluciones\/\" \/>\n<meta name=\"twitter:label1\" content=\"Est. reading time\" \/>\n\t<meta name=\"twitter:data1\" content=\"3 minutes\" \/>\n<script type=\"application\/ld+json\" class=\"yoast-schema-graph\">{\"@context\":\"https:\\\/\\\/schema.org\",\"@graph\":[{\"@type\":\"WebPage\",\"@id\":\"https:\\\/\\\/www.telelogos.com\\\/es\\\/soluciones\\\/\",\"url\":\"https:\\\/\\\/www.telelogos.com\\\/es\\\/soluciones\\\/\",\"name\":\"Descubra las soluciones de software de Telelogos\",\"isPartOf\":{\"@id\":\"https:\\\/\\\/www.telelogos.com\\\/es\\\/#website\"},\"primaryImageOfPage\":{\"@id\":\"https:\\\/\\\/www.telelogos.com\\\/es\\\/soluciones\\\/#primaryimage\"},\"image\":{\"@id\":\"https:\\\/\\\/www.telelogos.com\\\/es\\\/soluciones\\\/#primaryimage\"},\"thumbnailUrl\":\"https:\\\/\\\/www.telelogos.com\\\/wp-content\\\/uploads\\\/2021\\\/03\\\/channels350.png\",\"datePublished\":\"2021-01-25T15:06:35+00:00\",\"dateModified\":\"2023-12-04T14:10:31+00:00\",\"description\":\"Visualizaci\u00f3n din\u00e1mica, gesti\u00f3n de dispositivos m\u00f3viles, gesti\u00f3n del espacio de trabajo, gesti\u00f3n de puntos finales y sincronizaci\u00f3n de datos, comunicaci\u00f3n interna\",\"breadcrumb\":{\"@id\":\"https:\\\/\\\/www.telelogos.com\\\/es\\\/soluciones\\\/#breadcrumb\"},\"inLanguage\":\"es-ES\",\"potentialAction\":[{\"@type\":\"ReadAction\",\"target\":[\"https:\\\/\\\/www.telelogos.com\\\/es\\\/soluciones\\\/\"]}]},{\"@type\":\"ImageObject\",\"inLanguage\":\"es-ES\",\"@id\":\"https:\\\/\\\/www.telelogos.com\\\/es\\\/soluciones\\\/#primaryimage\",\"url\":\"https:\\\/\\\/www.telelogos.com\\\/wp-content\\\/uploads\\\/2021\\\/03\\\/channels350.png\",\"contentUrl\":\"https:\\\/\\\/www.telelogos.com\\\/wp-content\\\/uploads\\\/2021\\\/03\\\/channels350.png\"},{\"@type\":\"BreadcrumbList\",\"@id\":\"https:\\\/\\\/www.telelogos.com\\\/es\\\/soluciones\\\/#breadcrumb\",\"itemListElement\":[{\"@type\":\"ListItem\",\"position\":1,\"name\":\"Inicio\",\"item\":\"https:\\\/\\\/www.telelogos.com\\\/es\\\/\"},{\"@type\":\"ListItem\",\"position\":2,\"name\":\"Soluciones\"}]},{\"@type\":\"WebSite\",\"@id\":\"https:\\\/\\\/www.telelogos.com\\\/es\\\/#website\",\"url\":\"https:\\\/\\\/www.telelogos.com\\\/es\\\/\",\"name\":\"Telelogos\",\"description\":\"\",\"publisher\":{\"@id\":\"https:\\\/\\\/www.telelogos.com\\\/es\\\/#organization\"},\"potentialAction\":[{\"@type\":\"SearchAction\",\"target\":{\"@type\":\"EntryPoint\",\"urlTemplate\":\"https:\\\/\\\/www.telelogos.com\\\/es\\\/?s={search_term_string}\"},\"query-input\":{\"@type\":\"PropertyValueSpecification\",\"valueRequired\":true,\"valueName\":\"search_term_string\"}}],\"inLanguage\":\"es-ES\"},{\"@type\":\"Organization\",\"@id\":\"https:\\\/\\\/www.telelogos.com\\\/es\\\/#organization\",\"name\":\"Telelogos\",\"url\":\"https:\\\/\\\/www.telelogos.com\\\/es\\\/\",\"logo\":{\"@type\":\"ImageObject\",\"inLanguage\":\"es-ES\",\"@id\":\"https:\\\/\\\/www.telelogos.com\\\/es\\\/#\\\/schema\\\/logo\\\/image\\\/\",\"url\":\"https:\\\/\\\/www.telelogos.com\\\/wp-content\\\/uploads\\\/2022\\\/07\\\/Logo-Telelogos-e1664355618654.png\",\"contentUrl\":\"https:\\\/\\\/www.telelogos.com\\\/wp-content\\\/uploads\\\/2022\\\/07\\\/Logo-Telelogos-e1664355618654.png\",\"width\":100,\"height\":35,\"caption\":\"Telelogos\"},\"image\":{\"@id\":\"https:\\\/\\\/www.telelogos.com\\\/es\\\/#\\\/schema\\\/logo\\\/image\\\/\"},\"sameAs\":[\"https:\\\/\\\/fr.linkedin.com\\\/company\\\/telelogos\"]}]}<\/script>\n<!-- \/ Yoast SEO plugin. -->","yoast_head_json":{"title":"Descubra las soluciones de software de Telelogos","description":"Visualizaci\u00f3n din\u00e1mica, gesti\u00f3n de dispositivos m\u00f3viles, gesti\u00f3n del espacio de trabajo, gesti\u00f3n de puntos finales y sincronizaci\u00f3n de datos, comunicaci\u00f3n interna","robots":{"index":"index","follow":"follow","max-snippet":"max-snippet:-1","max-image-preview":"max-image-preview:large","max-video-preview":"max-video-preview:-1"},"canonical":"https:\/\/www.telelogos.com\/es\/soluciones\/","twitter_misc":{"Est. reading time":"3 minutes"},"schema":{"@context":"https:\/\/schema.org","@graph":[{"@type":"WebPage","@id":"https:\/\/www.telelogos.com\/es\/soluciones\/","url":"https:\/\/www.telelogos.com\/es\/soluciones\/","name":"Descubra las soluciones de software de Telelogos","isPartOf":{"@id":"https:\/\/www.telelogos.com\/es\/#website"},"primaryImageOfPage":{"@id":"https:\/\/www.telelogos.com\/es\/soluciones\/#primaryimage"},"image":{"@id":"https:\/\/www.telelogos.com\/es\/soluciones\/#primaryimage"},"thumbnailUrl":"https:\/\/www.telelogos.com\/wp-content\/uploads\/2021\/03\/channels350.png","datePublished":"2021-01-25T15:06:35+00:00","dateModified":"2023-12-04T14:10:31+00:00","description":"Visualizaci\u00f3n din\u00e1mica, gesti\u00f3n de dispositivos m\u00f3viles, gesti\u00f3n del espacio de trabajo, gesti\u00f3n de puntos finales y sincronizaci\u00f3n de datos, comunicaci\u00f3n interna","breadcrumb":{"@id":"https:\/\/www.telelogos.com\/es\/soluciones\/#breadcrumb"},"inLanguage":"es-ES","potentialAction":[{"@type":"ReadAction","target":["https:\/\/www.telelogos.com\/es\/soluciones\/"]}]},{"@type":"ImageObject","inLanguage":"es-ES","@id":"https:\/\/www.telelogos.com\/es\/soluciones\/#primaryimage","url":"https:\/\/www.telelogos.com\/wp-content\/uploads\/2021\/03\/channels350.png","contentUrl":"https:\/\/www.telelogos.com\/wp-content\/uploads\/2021\/03\/channels350.png"},{"@type":"BreadcrumbList","@id":"https:\/\/www.telelogos.com\/es\/soluciones\/#breadcrumb","itemListElement":[{"@type":"ListItem","position":1,"name":"Inicio","item":"https:\/\/www.telelogos.com\/es\/"},{"@type":"ListItem","position":2,"name":"Soluciones"}]},{"@type":"WebSite","@id":"https:\/\/www.telelogos.com\/es\/#website","url":"https:\/\/www.telelogos.com\/es\/","name":"Telelogos","description":"","publisher":{"@id":"https:\/\/www.telelogos.com\/es\/#organization"},"potentialAction":[{"@type":"SearchAction","target":{"@type":"EntryPoint","urlTemplate":"https:\/\/www.telelogos.com\/es\/?s={search_term_string}"},"query-input":{"@type":"PropertyValueSpecification","valueRequired":true,"valueName":"search_term_string"}}],"inLanguage":"es-ES"},{"@type":"Organization","@id":"https:\/\/www.telelogos.com\/es\/#organization","name":"Telelogos","url":"https:\/\/www.telelogos.com\/es\/","logo":{"@type":"ImageObject","inLanguage":"es-ES","@id":"https:\/\/www.telelogos.com\/es\/#\/schema\/logo\/image\/","url":"https:\/\/www.telelogos.com\/wp-content\/uploads\/2022\/07\/Logo-Telelogos-e1664355618654.png","contentUrl":"https:\/\/www.telelogos.com\/wp-content\/uploads\/2022\/07\/Logo-Telelogos-e1664355618654.png","width":100,"height":35,"caption":"Telelogos"},"image":{"@id":"https:\/\/www.telelogos.com\/es\/#\/schema\/logo\/image\/"},"sameAs":["https:\/\/fr.linkedin.com\/company\/telelogos"]}]}},"_links":{"self":[{"href":"https:\/\/www.telelogos.com\/es\/wp-json\/wp\/v2\/pages\/22720","targetHints":{"allow":["GET"]}}],"collection":[{"href":"https:\/\/www.telelogos.com\/es\/wp-json\/wp\/v2\/pages"}],"about":[{"href":"https:\/\/www.telelogos.com\/es\/wp-json\/wp\/v2\/types\/page"}],"author":[{"embeddable":true,"href":"https:\/\/www.telelogos.com\/es\/wp-json\/wp\/v2\/users\/4"}],"replies":[{"embeddable":true,"href":"https:\/\/www.telelogos.com\/es\/wp-json\/wp\/v2\/comments?post=22720"}],"version-history":[{"count":5,"href":"https:\/\/www.telelogos.com\/es\/wp-json\/wp\/v2\/pages\/22720\/revisions"}],"predecessor-version":[{"id":25881,"href":"https:\/\/www.telelogos.com\/es\/wp-json\/wp\/v2\/pages\/22720\/revisions\/25881"}],"wp:attachment":[{"href":"https:\/\/www.telelogos.com\/es\/wp-json\/wp\/v2\/media?parent=22720"}],"curies":[{"name":"wp","href":"https:\/\/api.w.org\/{rel}","templated":true}]}}