{"id":22729,"date":"2016-03-08T15:30:28","date_gmt":"2016-03-08T13:30:28","guid":{"rendered":"https:\/\/www.telelogos.com\/plan-du-site\/"},"modified":"2025-03-19T18:38:41","modified_gmt":"2025-03-19T16:38:41","slug":"mapa-del-sitio","status":"publish","type":"page","link":"https:\/\/www.telelogos.com\/es\/mapa-del-sitio\/","title":{"rendered":"Mapa del sitio"},"content":{"rendered":"<div id=\"pl-22729\"  class=\"panel-layout\" ><div id=\"pg-22729-0\"  class=\"panel-grid panel-no-style\" ><div id=\"pgc-22729-0-0\"  class=\"panel-grid-cell\" ><div id=\"panel-22729-0-0-0\" class=\"so-panel widget widget_sow-editor panel-first-child panel-last-child\" data-index=\"0\" ><div\n\t\t\t\n\t\t\tclass=\"so-widget-sow-editor so-widget-sow-editor-base\"\n\t\t\t\n\t\t>\n<div class=\"siteorigin-widget-tinymce textwidget\">\n\t<div class=\"wsp-container\"><h2 class=\"wsp-pages-title\">Pages<\/h2>\n<ul class=\"wsp-pages-list\">\n<li class=\"page_item page-item-58863\"><a href=\"https:\/\/www.telelogos.com\/es\/comparta-su-opinion\/\">\u00a1Comparta su opini\u00f3n!<\/a><\/li>\n<li class=\"page_item page-item-56349\"><a href=\"https:\/\/www.telelogos.com\/es\/descargas\/\">Descargas<\/a><\/li>\n<li class=\"page_item page-item-55210\"><a href=\"https:\/\/www.telelogos.com\/es\/test-odoo-v17-form\/\">test-odoo-v17-form<\/a><\/li>\n<li class=\"page_item page-item-55213\"><a href=\"https:\/\/www.telelogos.com\/es\/test-odoo-v15-form\/\">test-odoo-v15-form<\/a><\/li>\n<li class=\"page_item page-item-42181\"><a href=\"https:\/\/www.telelogos.com\/es\/confirmation-actualite-es\/\">confirmation-actualite-es<\/a><\/li>\n<li class=\"page_item page-item-42202\"><a href=\"https:\/\/www.telelogos.com\/es\/confirmation-success-es\/\">confirmation-success-es<\/a><\/li>\n<li class=\"page_item page-item-42176\"><a href=\"https:\/\/www.telelogos.com\/es\/confirmation-m4d-es\/\">confirmation-m4d-es<\/a><\/li>\n<li class=\"page_item page-item-42206\"><a href=\"https:\/\/www.telelogos.com\/es\/confirmation-contact-es\/\">confirmation-contact-es<\/a><\/li>\n<li class=\"page_item page-item-42187\"><a href=\"https:\/\/www.telelogos.com\/es\/confirmation-clyd-es\/\">confirmation-clyd-es<\/a><\/li>\n<li class=\"page_item page-item-42191\"><a href=\"https:\/\/www.telelogos.com\/es\/confirmation-channels-es\/\">confirmation-channels-es<\/a><\/li>\n<li class=\"page_item page-item-42198\"><a href=\"https:\/\/www.telelogos.com\/es\/confirmation-mt4d-es\/\">confirmation-mt4d-es<\/a><\/li>\n<li class=\"page_item page-item-22497\"><a href=\"https:\/\/www.telelogos.com\/es\/legal\/\">Legal<\/a><\/li>\n<li class=\"page_item page-item-22669\"><a href=\"https:\/\/www.telelogos.com\/es\/confirmacion-de-su-mensaje\/\">Confirmaci\u00f3n de su mensaje<\/a><\/li>\n<li class=\"page_item page-item-32979\"><a href=\"https:\/\/www.telelogos.com\/es\/confirmacion-de-su-mensaje-para-actualidad\/\">Confirmaci\u00f3n de su mensaje para actualidad<\/a><\/li>\n<li class=\"page_item page-item-32969\"><a href=\"https:\/\/www.telelogos.com\/es\/confirmacion-de-su-mensaje-para-casos-de-exito\/\">Confirmaci\u00f3n de su mensaje para casos de \u00e9xito<\/a><\/li>\n<li class=\"page_item page-item-22658\"><a href=\"https:\/\/www.telelogos.com\/es\/confirmacion-de-su-mensaje-para-el-sector-transporte-y-logistica\/\">Confirmaci\u00f3n de su mensaje para el sector Transporte y Log\u00edstica<\/a><\/li>\n<li class=\"page_item page-item-22661\"><a href=\"https:\/\/www.telelogos.com\/es\/confirmacion-de-su-mensaje-para-el-sector-manufactura\/\">Confirmaci\u00f3n de su mensaje para el sector Manufactura<\/a><\/li>\n<li class=\"page_item page-item-22659\"><a href=\"https:\/\/www.telelogos.com\/es\/confirmacion-de-su-mensaje-para-el-sector-salud\/\">Confirmaci\u00f3n de su mensaje para el sector Salud<\/a><\/li>\n<li class=\"page_item page-item-22660\"><a href=\"https:\/\/www.telelogos.com\/es\/confirmacion-de-su-mensaje-para-el-comercio-minorista\/\">Confirmaci\u00f3n de su mensaje para el comercio minorista<\/a><\/li>\n<li class=\"page_item page-item-23127\"><a href=\"https:\/\/www.telelogos.com\/es\/confirmacion-de-su-mensaje-para-el-sector-dooh\/\">Confirmaci\u00f3n de su mensaje para el sector DOOH<\/a><\/li>\n<li class=\"page_item page-item-22662\"><a href=\"https:\/\/www.telelogos.com\/es\/confirmacion-de-su-mensaje-para-el-sector-espacios-publicos\/\">Confirmaci\u00f3n de su mensaje para el sector Espacios p\u00fablicos<\/a><\/li>\n<li class=\"page_item page-item-22713\"><a href=\"https:\/\/www.telelogos.com\/es\/clyd-descargas\/\">Descargas CLYD<\/a><\/li>\n<li class=\"page_item page-item-22663\"><a href=\"https:\/\/www.telelogos.com\/es\/confirmacion-de-su-mensaje-para-el-sector-educativo\/\">Confirmaci\u00f3n de su mensaje para el sector Educativo<\/a><\/li>\n<li class=\"page_item page-item-22664\"><a href=\"https:\/\/www.telelogos.com\/es\/confirmacion-de-su-mensaje-para-el-sector-administraciones-locales\/\">Confirmaci\u00f3n de su mensaje para el sector Administraciones locales<\/a><\/li>\n<li class=\"page_item page-item-22712\"><a href=\"https:\/\/www.telelogos.com\/es\/descargas-meeting4display\/\">Descargas Meeting4Display<\/a><\/li>\n<li class=\"page_item page-item-22666\"><a href=\"https:\/\/www.telelogos.com\/es\/confirmacion-de-su-mensaje-para-el-sector-corporativo\/\">Confirmaci\u00f3n de su mensaje para el sector Corporativo<\/a><\/li>\n<li class=\"page_item page-item-22715 page_item_has_children\"><a href=\"https:\/\/www.telelogos.com\/es\/asistencia\/\">Asistencia<\/a>\n<ul class='children'>\n\t<li class=\"page_item page-item-22670\"><a href=\"https:\/\/www.telelogos.com\/es\/asistencia\/confirmacion-de-su-mensaje\/\">Confirmaci\u00f3n de su mensaje Asistencia<\/a><\/li>\n<\/ul>\n<\/li>\n<li class=\"page_item page-item-22665\"><a href=\"https:\/\/www.telelogos.com\/es\/confirmacion-de-su-mensaje-para-el-sector-bancario-y-seguros\/\">Confirmaci\u00f3n de su mensaje para el sector Bancario y seguros<\/a><\/li>\n<li class=\"page_item page-item-22648\"><a href=\"https:\/\/www.telelogos.com\/es\/descargas-channels\/\">Descargas Channels<\/a><\/li>\n<li class=\"page_item page-item-22717 page_item_has_children\"><a href=\"https:\/\/www.telelogos.com\/es\/sectores\/\">Sectores<\/a>\n<ul class='children'>\n\t<li class=\"page_item page-item-22700\"><a href=\"https:\/\/www.telelogos.com\/es\/sectores\/dooh\/\">DOOH &#8211; Digital Out Of Home<\/a><\/li>\n<\/ul>\n<\/li>\n<li class=\"page_item page-item-22719\"><a href=\"https:\/\/www.telelogos.com\/es\/casos-de-exito\/\">Casos de \u00e9xito<\/a><\/li>\n<li class=\"page_item page-item-22716\"><a href=\"https:\/\/www.telelogos.com\/es\/media4display-descargas\/\">Descargas Media4Display<\/a><\/li>\n<li class=\"page_item page-item-22720 page_item_has_children\"><a href=\"https:\/\/www.telelogos.com\/es\/soluciones\/\">Soluciones<\/a>\n<ul class='children'>\n\t<li class=\"page_item page-item-22683 page_item_has_children\"><a href=\"https:\/\/www.telelogos.com\/es\/soluciones\/mediacontact-mediatransfer-gestion-de-redes-de-puestos-fijos-transferencia-y-sincronizacion-de-datos\/\">MediaContact \/ MediaTransfer<\/a>\n\t<ul class='children'>\n\t\t<li class=\"page_item page-item-22676\"><a href=\"https:\/\/www.telelogos.com\/es\/soluciones\/mediacontact-mediatransfer-gestion-de-redes-de-puestos-fijos-transferencia-y-sincronizacion-de-datos\/confirmacion-de-su-mensaje\/\">Confirmaci\u00f3n de su mensaje MediaContact\/MediaTransfer<\/a><\/li>\n\t\t<li class=\"page_item page-item-22649\"><a href=\"https:\/\/www.telelogos.com\/es\/soluciones\/mediacontact-mediatransfer-gestion-de-redes-de-puestos-fijos-transferencia-y-sincronizacion-de-datos\/visualizacion-dinamica\/\">Gesti\u00f3n de players y pantallas de visualizaci\u00f3n din\u00e1mica<\/a><\/li>\n\t\t<li class=\"page_item page-item-22681\"><a href=\"https:\/\/www.telelogos.com\/es\/soluciones\/mediacontact-mediatransfer-gestion-de-redes-de-puestos-fijos-transferencia-y-sincronizacion-de-datos\/gestion-de-los-sistemas-integrados\/\">Gesti\u00f3n de los sistemas integrados<\/a><\/li>\n\t\t<li class=\"page_item page-item-22650\"><a href=\"https:\/\/www.telelogos.com\/es\/soluciones\/mediacontact-mediatransfer-gestion-de-redes-de-puestos-fijos-transferencia-y-sincronizacion-de-datos\/comercio-minorista\/\">El comercio minorista<\/a><\/li>\n\t\t<li class=\"page_item page-item-22682\"><a href=\"https:\/\/www.telelogos.com\/es\/soluciones\/mediacontact-mediatransfer-gestion-de-redes-de-puestos-fijos-transferencia-y-sincronizacion-de-datos\/fuerza-de-ventas-y-movilidad-sobre-el-terreno\/\">Fuerza de ventas y Movilidad sobre el terreno<\/a><\/li>\n\t<\/ul>\n<\/li>\n\t<li class=\"page_item page-item-22679 page_item_has_children\"><a href=\"https:\/\/www.telelogos.com\/es\/soluciones\/meeting4display-solucion-de-gestion-de-espacios-de-trabajo\/\">Meeting4Display<\/a>\n\t<ul class='children'>\n\t\t<li class=\"page_item page-item-50663\"><a href=\"https:\/\/www.telelogos.com\/es\/soluciones\/meeting4display-solucion-de-gestion-de-espacios-de-trabajo\/orientacion-en-la-oficina\/\">#50663 (no title)<\/a><\/li>\n\t\t<li class=\"page_item page-item-50997\"><a href=\"https:\/\/www.telelogos.com\/es\/soluciones\/meeting4display-solucion-de-gestion-de-espacios-de-trabajo\/calendario-sistema-mensajeria\/\">#50997 (no title)<\/a><\/li>\n\t\t<li class=\"page_item page-item-50385\"><a href=\"https:\/\/www.telelogos.com\/es\/soluciones\/meeting4display-solucion-de-gestion-de-espacios-de-trabajo\/tabletas-de-reserva\/\">#50385 (no title)<\/a><\/li>\n\t\t<li class=\"page_item page-item-50560\"><a href=\"https:\/\/www.telelogos.com\/es\/soluciones\/meeting4display-solucion-de-gestion-de-espacios-de-trabajo\/codigos-qr\/\">#50560 (no title)<\/a><\/li>\n\t\t<li class=\"page_item page-item-50250\"><a href=\"https:\/\/www.telelogos.com\/es\/soluciones\/meeting4display-solucion-de-gestion-de-espacios-de-trabajo\/aplicacion-movil\/\">#50250 (no title)<\/a><\/li>\n\t\t<li class=\"page_item page-item-22677\"><a href=\"https:\/\/www.telelogos.com\/es\/soluciones\/meeting4display-solucion-de-gestion-de-espacios-de-trabajo\/confirmacion-de-su-mensaje\/\">Confirmaci\u00f3n de su mensaje Meeting4Display<\/a><\/li>\n\t\t<li class=\"page_item page-item-22678\"><a href=\"https:\/\/www.telelogos.com\/es\/soluciones\/meeting4display-solucion-de-gestion-de-espacios-de-trabajo\/smart-building\/\">Smart building<\/a><\/li>\n\t<\/ul>\n<\/li>\n\t<li class=\"page_item page-item-42800\"><a href=\"https:\/\/www.telelogos.com\/es\/soluciones\/software-de-alerta-channels\/\">Channels<\/a><\/li>\n\t<li class=\"page_item page-item-43393\"><a href=\"https:\/\/www.telelogos.com\/es\/soluciones\/potenciando-participacion-de-los-empleados\/\">Channels<\/a><\/li>\n\t<li class=\"page_item page-item-22692 page_item_has_children\"><a href=\"https:\/\/www.telelogos.com\/es\/soluciones\/channels-software-de-comunicacion-interna\/\">Channels<\/a>\n\t<ul class='children'>\n\t\t<li class=\"page_item page-item-22675\"><a href=\"https:\/\/www.telelogos.com\/es\/soluciones\/channels-software-de-comunicacion-interna\/confirmacion-de-su-mensaje\/\">Confirmaci\u00f3n de su mensaje Channels<\/a><\/li>\n\t\t<li class=\"page_item page-item-22691\"><a href=\"https:\/\/www.telelogos.com\/es\/soluciones\/channels-software-de-comunicacion-interna\/channels-para-las-empresas\/\">Channels para las empresas<\/a><\/li>\n\t<\/ul>\n<\/li>\n\t<li class=\"page_item page-item-22690 page_item_has_children\"><a href=\"https:\/\/www.telelogos.com\/es\/soluciones\/gestion-dispositivos-moviles-clyd\/\">CLYD<\/a>\n\t<ul class='children'>\n\t\t<li class=\"page_item page-item-22674\"><a href=\"https:\/\/www.telelogos.com\/es\/soluciones\/gestion-dispositivos-moviles-clyd\/confirmacion-de-su-mensaje\/\">Confirmaci\u00f3n de su mensaje Clyd<\/a><\/li>\n\t\t<li class=\"page_item page-item-22684\"><a href=\"https:\/\/www.telelogos.com\/es\/soluciones\/gestion-dispositivos-moviles-clyd\/android-enterprise\/\">Android Enterprise<\/a><\/li>\n\t\t<li class=\"page_item page-item-59921\"><a href=\"https:\/\/www.telelogos.com\/es\/soluciones\/gestion-dispositivos-moviles-clyd\/industria\/\">#59921 (no title)<\/a><\/li>\n\t\t<li class=\"page_item page-item-22687\"><a href=\"https:\/\/www.telelogos.com\/es\/soluciones\/gestion-dispositivos-moviles-clyd\/clyd-para-el-comercio-minorista\/\">#22687 (no title)<\/a><\/li>\n\t\t<li class=\"page_item page-item-22685\"><a href=\"https:\/\/www.telelogos.com\/es\/soluciones\/gestion-dispositivos-moviles-clyd\/clyd-para-los-servicios-fuerza-de-ventas\/\">CLYD para los servicios y Fuerza de ventas<\/a><\/li>\n\t\t<li class=\"page_item page-item-22686\"><a href=\"https:\/\/www.telelogos.com\/es\/soluciones\/gestion-dispositivos-moviles-clyd\/clyd-para-el-transporte-la-logistica\/\">#22686 (no title)<\/a><\/li>\n\t\t<li class=\"page_item page-item-22689\"><a href=\"https:\/\/www.telelogos.com\/es\/soluciones\/gestion-dispositivos-moviles-clyd\/clyd-para-la-ensenanza\/\">CLYD para la ense\u00f1anza<\/a><\/li>\n\t\t<li class=\"page_item page-item-22688\"><a href=\"https:\/\/www.telelogos.com\/es\/soluciones\/gestion-dispositivos-moviles-clyd\/clyd-para-la-salud\/\">#22688 (no title)<\/a><\/li>\n\t<\/ul>\n<\/li>\n\t<li class=\"page_item page-item-22714 page_item_has_children\"><a href=\"https:\/\/www.telelogos.com\/es\/soluciones\/media4display\/\">Media4Display<\/a>\n\t<ul class='children'>\n\t\t<li class=\"page_item page-item-24337\"><a href=\"https:\/\/www.telelogos.com\/es\/soluciones\/media4display\/comercio-minorista\/\">#24337 (no title)<\/a><\/li>\n\t\t<li class=\"page_item page-item-22673\"><a href=\"https:\/\/www.telelogos.com\/es\/soluciones\/media4display\/confirmacion-de-su-mensaje\/\">Confirmaci\u00f3n de su mensaje Media4Display<\/a><\/li>\n\t\t<li class=\"page_item page-item-22693\"><a href=\"https:\/\/www.telelogos.com\/es\/soluciones\/media4display\/tableros-de-control-kpi\/\">Tableros de control y KPI<\/a><\/li>\n\t\t<li class=\"page_item page-item-22695\"><a href=\"https:\/\/www.telelogos.com\/es\/soluciones\/media4display\/orientacion\/\">Orientaci\u00f3n<\/a><\/li>\n\t\t<li class=\"page_item page-item-22694\"><a href=\"https:\/\/www.telelogos.com\/es\/soluciones\/media4display\/redes-sociales\/\">Redes sociales<\/a><\/li>\n\t\t<li class=\"page_item page-item-22696\"><a href=\"https:\/\/www.telelogos.com\/es\/soluciones\/media4display\/pantallas-murales\/\">Pantallas murales<\/a><\/li>\n\t\t<li class=\"page_item page-item-22698\"><a href=\"https:\/\/www.telelogos.com\/es\/soluciones\/media4display\/pantallas-interactivas\/\">Pantallas interactivas<\/a><\/li>\n\t\t<li class=\"page_item page-item-22697\"><a href=\"https:\/\/www.telelogos.com\/es\/soluciones\/media4display\/paneles-de-menu\/\">#22697 (no title)<\/a><\/li>\n\t\t<li class=\"page_item page-item-22699\"><a href=\"https:\/\/www.telelogos.com\/es\/soluciones\/media4display\/pantallas-vitrina\/\">Pantallas en vitrina<\/a><\/li>\n\t\t<li class=\"page_item page-item-22701\"><a href=\"https:\/\/www.telelogos.com\/es\/soluciones\/media4display\/activacion-automatica-api\/\">Activaci\u00f3n autom\u00e1tica de contenido &#8211; API<\/a><\/li>\n\t\t<li class=\"page_item page-item-22702\"><a href=\"https:\/\/www.telelogos.com\/es\/soluciones\/media4display\/comunicacion-interna\/\">Carteler\u00eda digital para la comunicaci\u00f3n interna<\/a><\/li>\n\t\t<li class=\"page_item page-item-22651\"><a href=\"https:\/\/www.telelogos.com\/es\/soluciones\/media4display\/dooh-digital-out-of-home\/\">#22651 (no title)<\/a><\/li>\n\t\t<li class=\"page_item page-item-22704\"><a href=\"https:\/\/www.telelogos.com\/es\/soluciones\/media4display\/administraciones-locales\/\">Media4Display para las administraciones locales<\/a><\/li>\n\t\t<li class=\"page_item page-item-22707\"><a href=\"https:\/\/www.telelogos.com\/es\/soluciones\/media4display\/salud\/\">#22707 (no title)<\/a><\/li>\n\t\t<li class=\"page_item page-item-22708\"><a href=\"https:\/\/www.telelogos.com\/es\/soluciones\/media4display\/espacios-publicos\/\">Media4Display para los espacios p\u00fablicos<\/a><\/li>\n\t\t<li class=\"page_item page-item-22710\"><a href=\"https:\/\/www.telelogos.com\/es\/soluciones\/media4display\/restaurantes\/\">#22710 (no title)<\/a><\/li>\n\t\t<li class=\"page_item page-item-22709\"><a href=\"https:\/\/www.telelogos.com\/es\/soluciones\/media4display\/carteleria-digital-industria\/\">#22709 (no title)<\/a><\/li>\n\t\t<li class=\"page_item page-item-22706\"><a href=\"https:\/\/www.telelogos.com\/es\/soluciones\/media4display\/ensenanza\/\">#22706 (no title)<\/a><\/li>\n\t\t<li class=\"page_item page-item-22703\"><a href=\"https:\/\/www.telelogos.com\/es\/soluciones\/media4display\/bancos\/\">#22703 (no title)<\/a><\/li>\n\t\t<li class=\"page_item page-item-22705\"><a href=\"https:\/\/www.telelogos.com\/es\/soluciones\/media4display\/empresas\/\">#22705 (no title)<\/a><\/li>\n\t\t<li class=\"page_item page-item-53808\"><a href=\"https:\/\/www.telelogos.com\/es\/soluciones\/media4display\/dynamic-puntos-de-venta\/\">#53808 (no title)<\/a><\/li>\n\t\t<li class=\"page_item page-item-22711\"><a href=\"https:\/\/www.telelogos.com\/es\/soluciones\/media4display\/transporte-logistica\/\">#22711 (no title)<\/a><\/li>\n\t<\/ul>\n<\/li>\n<\/ul>\n<\/li>\n<li class=\"page_item page-item-47364\"><a href=\"https:\/\/www.telelogos.com\/es\/medidas-preventivas-communicacion-interna\/\">#47364 (no title)<\/a><\/li>\n<li class=\"page_item page-item-22722\"><a href=\"https:\/\/www.telelogos.com\/es\/equipo-liderazgo\/\">Equipo y Liderazgo<\/a><\/li>\n<li class=\"page_item page-item-22724 page_item_has_children\"><a href=\"https:\/\/www.telelogos.com\/es\/contacto\/\">Cont\u00e1ctenos<\/a>\n<ul class='children'>\n\t<li class=\"page_item page-item-22671\"><a href=\"https:\/\/www.telelogos.com\/es\/contacto\/confirmacion-de-su-mensaje\/\">Confirmaci\u00f3n de su mensaje Contactenos<\/a><\/li>\n<\/ul>\n<\/li>\n<li class=\"page_item page-item-22668 page_item_has_children\"><a href=\"https:\/\/www.telelogos.com\/es\/sobre-nosotros\/\">Sobre nosotros<\/a>\n<ul class='children'>\n\t<li class=\"page_item page-item-22667\"><a href=\"https:\/\/www.telelogos.com\/es\/sobre-nosotros\/responsabilidad-social-empresa\/\">Responsabilidad Social de Empresa<\/a><\/li>\n\t<li class=\"page_item page-item-22657\"><a href=\"https:\/\/www.telelogos.com\/es\/sobre-nosotros\/vision-mision-historia\/\">Visi\u00f3n, Misi\u00f3n e Historia<\/a><\/li>\n<\/ul>\n<\/li>\n<li class=\"page_item page-item-22721\"><a href=\"https:\/\/www.telelogos.com\/es\/socios\/\">Socios<\/a><\/li>\n<li class=\"page_item page-item-22656\"><a href=\"https:\/\/www.telelogos.com\/es\/unirse-a-nosotros\/\">Unirse a nosotros<\/a><\/li>\n<li class=\"page_item page-item-22652 page_item_has_children\"><a href=\"https:\/\/www.telelogos.com\/es\/nuestros-socios\/\">Nuestros socios<\/a>\n<ul class='children'>\n\t<li class=\"page_item page-item-22653\"><a href=\"https:\/\/www.telelogos.com\/es\/nuestros-socios\/socios-tecnologicos\/\">Nuestros socios tecnol\u00f3gicos<\/a><\/li>\n\t<li class=\"page_item page-item-22654\"><a href=\"https:\/\/www.telelogos.com\/es\/nuestros-socios\/socios-revendedores\/\">Socios Revendedores e Integradores<\/a><\/li>\n<\/ul>\n<\/li>\n<li class=\"page_item page-item-22728\"><a href=\"https:\/\/www.telelogos.com\/es\/aviso-legal\/\">Aviso legal<\/a><\/li>\n<li class=\"page_item page-item-22729\"><a href=\"https:\/\/www.telelogos.com\/es\/mapa-del-sitio\/\">Mapa del sitio<\/a><\/li>\n<li class=\"page_item page-item-22727\"><a href=\"https:\/\/www.telelogos.com\/es\/politica-de-confidencialidad\/\">Pol\u00edtica de confidencialidad<\/a><\/li>\n<li class=\"page_item page-item-22730\"><a href=\"https:\/\/www.telelogos.com\/es\/\">Inicio<\/a><\/li>\n<\/ul>\n<\/div>\n<\/div>\n<\/div><\/div><\/div><\/div><\/div>","protected":false},"excerpt":{"rendered":"<p>Pages \u00a1Comparta su opini\u00f3n! Descargas test-odoo-v17-form test-odoo-v15-form confirmation-actualite-es confirmation-success-es confirmation-m4d-es confirmation-contact-es confirmation-clyd-es confirmation-channels-es confirmation-mt4d-es Legal Confirmaci\u00f3n de su mensaje Confirmaci\u00f3n de su mensaje para actualidad Confirmaci\u00f3n de su mensaje [&hellip;]<\/p>\n","protected":false},"author":4,"featured_media":0,"parent":0,"menu_order":566,"comment_status":"closed","ping_status":"closed","template":"","meta":{"footnotes":""},"class_list":["post-22729","page","type-page","status-publish","hentry"],"yoast_head":"<!-- This site is optimized with the Yoast SEO plugin v27.3 - https:\/\/yoast.com\/product\/yoast-seo-wordpress\/ -->\n<title>Mapa del sitio - Telelogos<\/title>\n<meta name=\"description\" content=\"Navegue f\u00e1cilmente por nuestro sitio web con nuestro mapa del sitio. Encuentre r\u00e1pidamente informaci\u00f3n sobre nuestras soluciones.\" \/>\n<meta name=\"robots\" content=\"index, follow, max-snippet:-1, max-image-preview:large, max-video-preview:-1\" \/>\n<link rel=\"canonical\" href=\"https:\/\/www.telelogos.com\/es\/mapa-del-sitio\/\" \/>\n<meta name=\"twitter:label1\" content=\"Est. reading time\" \/>\n\t<meta name=\"twitter:data1\" content=\"2 minutes\" \/>\n<script type=\"application\/ld+json\" class=\"yoast-schema-graph\">{\"@context\":\"https:\\\/\\\/schema.org\",\"@graph\":[{\"@type\":\"WebPage\",\"@id\":\"https:\\\/\\\/www.telelogos.com\\\/es\\\/mapa-del-sitio\\\/\",\"url\":\"https:\\\/\\\/www.telelogos.com\\\/es\\\/mapa-del-sitio\\\/\",\"name\":\"Mapa del sitio - Telelogos\",\"isPartOf\":{\"@id\":\"https:\\\/\\\/www.telelogos.com\\\/es\\\/#website\"},\"datePublished\":\"2016-03-08T13:30:28+00:00\",\"dateModified\":\"2025-03-19T16:38:41+00:00\",\"description\":\"Navegue f\u00e1cilmente por nuestro sitio web con nuestro mapa del sitio. Encuentre r\u00e1pidamente informaci\u00f3n sobre nuestras soluciones.\",\"breadcrumb\":{\"@id\":\"https:\\\/\\\/www.telelogos.com\\\/es\\\/mapa-del-sitio\\\/#breadcrumb\"},\"inLanguage\":\"es-ES\",\"potentialAction\":[{\"@type\":\"ReadAction\",\"target\":[\"https:\\\/\\\/www.telelogos.com\\\/es\\\/mapa-del-sitio\\\/\"]}]},{\"@type\":\"BreadcrumbList\",\"@id\":\"https:\\\/\\\/www.telelogos.com\\\/es\\\/mapa-del-sitio\\\/#breadcrumb\",\"itemListElement\":[{\"@type\":\"ListItem\",\"position\":1,\"name\":\"Inicio\",\"item\":\"https:\\\/\\\/www.telelogos.com\\\/es\\\/\"},{\"@type\":\"ListItem\",\"position\":2,\"name\":\"Mapa del sitio\"}]},{\"@type\":\"WebSite\",\"@id\":\"https:\\\/\\\/www.telelogos.com\\\/es\\\/#website\",\"url\":\"https:\\\/\\\/www.telelogos.com\\\/es\\\/\",\"name\":\"Telelogos\",\"description\":\"\",\"publisher\":{\"@id\":\"https:\\\/\\\/www.telelogos.com\\\/es\\\/#organization\"},\"potentialAction\":[{\"@type\":\"SearchAction\",\"target\":{\"@type\":\"EntryPoint\",\"urlTemplate\":\"https:\\\/\\\/www.telelogos.com\\\/es\\\/?s={search_term_string}\"},\"query-input\":{\"@type\":\"PropertyValueSpecification\",\"valueRequired\":true,\"valueName\":\"search_term_string\"}}],\"inLanguage\":\"es-ES\"},{\"@type\":\"Organization\",\"@id\":\"https:\\\/\\\/www.telelogos.com\\\/es\\\/#organization\",\"name\":\"Telelogos\",\"url\":\"https:\\\/\\\/www.telelogos.com\\\/es\\\/\",\"logo\":{\"@type\":\"ImageObject\",\"inLanguage\":\"es-ES\",\"@id\":\"https:\\\/\\\/www.telelogos.com\\\/es\\\/#\\\/schema\\\/logo\\\/image\\\/\",\"url\":\"https:\\\/\\\/www.telelogos.com\\\/wp-content\\\/uploads\\\/2022\\\/07\\\/Logo-Telelogos-e1664355618654.png\",\"contentUrl\":\"https:\\\/\\\/www.telelogos.com\\\/wp-content\\\/uploads\\\/2022\\\/07\\\/Logo-Telelogos-e1664355618654.png\",\"width\":100,\"height\":35,\"caption\":\"Telelogos\"},\"image\":{\"@id\":\"https:\\\/\\\/www.telelogos.com\\\/es\\\/#\\\/schema\\\/logo\\\/image\\\/\"},\"sameAs\":[\"https:\\\/\\\/fr.linkedin.com\\\/company\\\/telelogos\"]}]}<\/script>\n<!-- \/ Yoast SEO plugin. -->","yoast_head_json":{"title":"Mapa del sitio - Telelogos","description":"Navegue f\u00e1cilmente por nuestro sitio web con nuestro mapa del sitio. Encuentre r\u00e1pidamente informaci\u00f3n sobre nuestras soluciones.","robots":{"index":"index","follow":"follow","max-snippet":"max-snippet:-1","max-image-preview":"max-image-preview:large","max-video-preview":"max-video-preview:-1"},"canonical":"https:\/\/www.telelogos.com\/es\/mapa-del-sitio\/","twitter_misc":{"Est. reading time":"2 minutes"},"schema":{"@context":"https:\/\/schema.org","@graph":[{"@type":"WebPage","@id":"https:\/\/www.telelogos.com\/es\/mapa-del-sitio\/","url":"https:\/\/www.telelogos.com\/es\/mapa-del-sitio\/","name":"Mapa del sitio - Telelogos","isPartOf":{"@id":"https:\/\/www.telelogos.com\/es\/#website"},"datePublished":"2016-03-08T13:30:28+00:00","dateModified":"2025-03-19T16:38:41+00:00","description":"Navegue f\u00e1cilmente por nuestro sitio web con nuestro mapa del sitio. Encuentre r\u00e1pidamente informaci\u00f3n sobre nuestras soluciones.","breadcrumb":{"@id":"https:\/\/www.telelogos.com\/es\/mapa-del-sitio\/#breadcrumb"},"inLanguage":"es-ES","potentialAction":[{"@type":"ReadAction","target":["https:\/\/www.telelogos.com\/es\/mapa-del-sitio\/"]}]},{"@type":"BreadcrumbList","@id":"https:\/\/www.telelogos.com\/es\/mapa-del-sitio\/#breadcrumb","itemListElement":[{"@type":"ListItem","position":1,"name":"Inicio","item":"https:\/\/www.telelogos.com\/es\/"},{"@type":"ListItem","position":2,"name":"Mapa del sitio"}]},{"@type":"WebSite","@id":"https:\/\/www.telelogos.com\/es\/#website","url":"https:\/\/www.telelogos.com\/es\/","name":"Telelogos","description":"","publisher":{"@id":"https:\/\/www.telelogos.com\/es\/#organization"},"potentialAction":[{"@type":"SearchAction","target":{"@type":"EntryPoint","urlTemplate":"https:\/\/www.telelogos.com\/es\/?s={search_term_string}"},"query-input":{"@type":"PropertyValueSpecification","valueRequired":true,"valueName":"search_term_string"}}],"inLanguage":"es-ES"},{"@type":"Organization","@id":"https:\/\/www.telelogos.com\/es\/#organization","name":"Telelogos","url":"https:\/\/www.telelogos.com\/es\/","logo":{"@type":"ImageObject","inLanguage":"es-ES","@id":"https:\/\/www.telelogos.com\/es\/#\/schema\/logo\/image\/","url":"https:\/\/www.telelogos.com\/wp-content\/uploads\/2022\/07\/Logo-Telelogos-e1664355618654.png","contentUrl":"https:\/\/www.telelogos.com\/wp-content\/uploads\/2022\/07\/Logo-Telelogos-e1664355618654.png","width":100,"height":35,"caption":"Telelogos"},"image":{"@id":"https:\/\/www.telelogos.com\/es\/#\/schema\/logo\/image\/"},"sameAs":["https:\/\/fr.linkedin.com\/company\/telelogos"]}]}},"_links":{"self":[{"href":"https:\/\/www.telelogos.com\/es\/wp-json\/wp\/v2\/pages\/22729","targetHints":{"allow":["GET"]}}],"collection":[{"href":"https:\/\/www.telelogos.com\/es\/wp-json\/wp\/v2\/pages"}],"about":[{"href":"https:\/\/www.telelogos.com\/es\/wp-json\/wp\/v2\/types\/page"}],"author":[{"embeddable":true,"href":"https:\/\/www.telelogos.com\/es\/wp-json\/wp\/v2\/users\/4"}],"replies":[{"embeddable":true,"href":"https:\/\/www.telelogos.com\/es\/wp-json\/wp\/v2\/comments?post=22729"}],"version-history":[{"count":4,"href":"https:\/\/www.telelogos.com\/es\/wp-json\/wp\/v2\/pages\/22729\/revisions"}],"predecessor-version":[{"id":58398,"href":"https:\/\/www.telelogos.com\/es\/wp-json\/wp\/v2\/pages\/22729\/revisions\/58398"}],"wp:attachment":[{"href":"https:\/\/www.telelogos.com\/es\/wp-json\/wp\/v2\/media?parent=22729"}],"curies":[{"name":"wp","href":"https:\/\/api.w.org\/{rel}","templated":true}]}}