{"id":58863,"date":"2025-06-05T12:01:44","date_gmt":"2025-06-05T10:01:44","guid":{"rendered":"https:\/\/www.telelogos.com\/?page_id=58863"},"modified":"2025-06-05T12:01:44","modified_gmt":"2025-06-05T10:01:44","slug":"comparta-su-opinion","status":"publish","type":"page","link":"https:\/\/www.telelogos.com\/es\/comparta-su-opinion\/","title":{"rendered":"\u00a1Comparta su opini\u00f3n!"},"content":{"rendered":"<div id=\"pl-58863\"  class=\"panel-layout\" ><div id=\"pg-58863-0\"  class=\"panel-grid panel-no-style\" ><div id=\"pgc-58863-0-0\"  class=\"panel-grid-cell\" ><div id=\"panel-58863-0-0-0\" class=\"so-panel widget widget_sow-editor panel-first-child panel-last-child\" data-index=\"0\" ><div\n\t\t\t\n\t\t\tclass=\"so-widget-sow-editor so-widget-sow-editor-base\"\n\t\t\t\n\t\t>\n<div class=\"siteorigin-widget-tinymce textwidget\">\n\t<div class=\"h3-like h2-like\" style=\"text-align: center;\"><span style=\"font-size: 20px; color: #000000;\">\u00a1D\u00e9 su opini\u00f3n sobre nuestros programas inform\u00e1ticos!<\/span><\/div>\n<p>&nbsp;<\/p>\n<p><img decoding=\"async\" class=\"aligncenter wp-image-57552\" style=\"margin-bottom: 0.5em;\" src=\"https:\/\/www.telelogos.com\/wp-content\/uploads\/2025\/01\/logo-a9b3b18653bd44e574e5108c22ab4d3c.png\" alt=\"\" width=\"217\" height=\"50\" srcset=\"https:\/\/www.telelogos.com\/wp-content\/uploads\/2025\/01\/logo-a9b3b18653bd44e574e5108c22ab4d3c.png 1500w, https:\/\/www.telelogos.com\/wp-content\/uploads\/2025\/01\/logo-a9b3b18653bd44e574e5108c22ab4d3c-300x69.png 300w, https:\/\/www.telelogos.com\/wp-content\/uploads\/2025\/01\/logo-a9b3b18653bd44e574e5108c22ab4d3c-1024x236.png 1024w, https:\/\/www.telelogos.com\/wp-content\/uploads\/2025\/01\/logo-a9b3b18653bd44e574e5108c22ab4d3c-195x45.png 195w, https:\/\/www.telelogos.com\/wp-content\/uploads\/2025\/01\/logo-a9b3b18653bd44e574e5108c22ab4d3c-28x6.png 28w, https:\/\/www.telelogos.com\/wp-content\/uploads\/2025\/01\/logo-a9b3b18653bd44e574e5108c22ab4d3c-36x8.png 36w, https:\/\/www.telelogos.com\/wp-content\/uploads\/2025\/01\/logo-a9b3b18653bd44e574e5108c22ab4d3c-48x11.png 48w\" sizes=\"(max-width: 217px) 100vw, 217px\" \/><\/p>\n<p>&nbsp;<\/p>\n<p style=\"text-align: center;\">Su opini\u00f3n es importante para nosotros. Si est\u00e1 satisfecho con nuestros programas o si tiene sugerencias para mejorarlos, este es el lugar ideal para compartir su experiencia. Simplemente haga clic en el bot\u00f3n correspondiente al producto que utiliza para dejar una rese\u00f1a en Capterra. Sus comentarios nos ayudan a evolucionar y a satisfacer mejor sus necesidades.<\/p>\n<p>&nbsp;<\/p>\n<p style=\"text-align: center;\"><em>\u00a1Gracias por su apoyo!<\/em><\/p>\n<\/div>\n<\/div><\/div><\/div><\/div><div id=\"pg-58863-1\"  class=\"panel-grid panel-no-style\" ><div id=\"pgc-58863-1-0\"  class=\"panel-grid-cell\" ><div id=\"panel-58863-1-0-0\" class=\"so-panel widget widget_sow-button panel-first-child panel-last-child\" data-index=\"1\" ><div\n\t\t\t\n\t\t\tclass=\"so-widget-sow-button so-widget-sow-button-flat-f8e06acfd453-58863\"\n\t\t\t\n\t\t><div class=\"ow-button-base ow-button-align-center\"\n>\n\t\t\t<a\n\t\t\t\t\thref=\"https:\/\/reviews.capterra.com\/products\/new\/6f451335-821e-48a9-9bac-aa37006e60ec\/?utm_source=vp&#038;utm_campaign=vendor_request&#038;lang=es\"\n\t\t\t\t\tclass=\"sowb-button ow-icon-placement-left ow-button-hover\" target=\"_blank\" rel=\"noopener noreferrer\" \t>\n\t\t<span>\n\t\t\t\n\t\t\tMedia4Display, nuestro software de carteleria digital\t\t<\/span>\n\t\t\t<\/a>\n\t<\/div>\n<\/div><\/div><\/div><div id=\"pgc-58863-1-1\"  class=\"panel-grid-cell\" ><div id=\"panel-58863-1-1-0\" class=\"so-panel widget widget_sow-button panel-first-child panel-last-child\" data-index=\"2\" ><div\n\t\t\t\n\t\t\tclass=\"so-widget-sow-button so-widget-sow-button-flat-8d930b8a8005-58863\"\n\t\t\t\n\t\t><div class=\"ow-button-base ow-button-align-center\"\n>\n\t\t\t<a\n\t\t\t\t\thref=\"https:\/\/reviews.capterra.com\/products\/new\/eb6e8044-a3ef-4ec2-a1a1-aa390095b73f\/?utm_source=vp&#038;utm_campaign=vendor_request&#038;lang=es\"\n\t\t\t\t\tclass=\"sowb-button ow-icon-placement-left ow-button-hover\" target=\"_blank\" rel=\"noopener noreferrer\" \t>\n\t\t<span>\n\t\t\t\n\t\t\tMeeting4Display, nuestro software de reserva de salas de reuniones\t\t<\/span>\n\t\t\t<\/a>\n\t<\/div>\n<\/div><\/div><\/div><\/div><div id=\"pg-58863-2\"  class=\"panel-grid panel-no-style\" ><div id=\"pgc-58863-2-0\"  class=\"panel-grid-cell\" ><div id=\"panel-58863-2-0-0\" class=\"so-panel widget widget_sow-button panel-first-child panel-last-child\" data-index=\"3\" ><div\n\t\t\t\n\t\t\tclass=\"so-widget-sow-button so-widget-sow-button-flat-d7daaeb7017d-58863\"\n\t\t\t\n\t\t><div class=\"ow-button-base ow-button-align-center\"\n>\n\t\t\t<a\n\t\t\t\t\thref=\"https:\/\/reviews.capterra.com\/products\/new\/6f85c826-3fce-4ec8-8a2a-aa39009392a4\/?utm_source=vp&#038;utm_campaign=vendor_request&#038;lang=es\"\n\t\t\t\t\tclass=\"sowb-button ow-icon-placement-left ow-button-hover\" target=\"_blank\" rel=\"noopener noreferrer\" \t>\n\t\t<span>\n\t\t\t\n\t\t\tClyd, nuestro software de gesti\u00f3n de dispositivos m\u00f3viles\t\t<\/span>\n\t\t\t<\/a>\n\t<\/div>\n<\/div><\/div><\/div><div id=\"pgc-58863-2-1\"  class=\"panel-grid-cell\" ><div id=\"panel-58863-2-1-0\" class=\"so-panel widget widget_sow-button panel-first-child panel-last-child\" data-index=\"4\" ><div\n\t\t\t\n\t\t\tclass=\"so-widget-sow-button so-widget-sow-button-flat-3497db5593d5-58863\"\n\t\t\t\n\t\t><div class=\"ow-button-base ow-button-align-center\"\n>\n\t\t\t<a\n\t\t\t\t\thref=\"https:\/\/reviews.capterra.com\/products\/new\/d317d235-2973-4959-b62e-905ef0af2691\/?utm_source=vp&#038;utm_campaign=vendor_request&#038;lang=es\"\n\t\t\t\t\tclass=\"sowb-button ow-icon-placement-left ow-button-hover\" target=\"_blank\" rel=\"noopener noreferrer\" \t>\n\t\t<span>\n\t\t\t\n\t\t\tChannels, nuestro software de alertas y comunicaci\u00f3n push\t\t<\/span>\n\t\t\t<\/a>\n\t<\/div>\n<\/div><\/div><\/div><\/div><div id=\"pg-58863-3\"  class=\"panel-grid panel-no-style\" ><div id=\"pgc-58863-3-0\"  class=\"panel-grid-cell\" ><div id=\"panel-58863-3-0-0\" class=\"so-panel widget widget_sow-editor panel-first-child panel-last-child\" data-index=\"5\" ><div\n\t\t\t\n\t\t\tclass=\"so-widget-sow-editor so-widget-sow-editor-base\"\n\t\t\t\n\t\t>\n<div class=\"siteorigin-widget-tinymce textwidget\">\n\t<p style=\"text-align: center;\">Y para mantenerse informado sobre las \u00faltimas novedades y noticias de Telelogos, as\u00ed como para descubrir consejos y buenas pr\u00e1cticas, haga clic aqu\u00ed para seguirnos en LinkedIn:<\/p>\n<p>&nbsp;<\/p>\n<p><a href=\"https:\/\/www.linkedin.com\/company\/telelogos\/posts?lipi=urn%3Ali%3Apage%3Aorganization_admin_admin_dashboard_index%3B1bc73464-3d48-415a-b36a-206d4401ad2b\"><img decoding=\"async\" class=\"aligncenter wp-image-58857\" src=\"https:\/\/www.telelogos.com\/wp-content\/uploads\/2025\/06\/DTv09YTWsAEUBQi.png\" alt=\"\" width=\"452\" height=\"150\" srcset=\"https:\/\/www.telelogos.com\/wp-content\/uploads\/2025\/06\/DTv09YTWsAEUBQi.png 729w, https:\/\/www.telelogos.com\/wp-content\/uploads\/2025\/06\/DTv09YTWsAEUBQi-300x100.png 300w, https:\/\/www.telelogos.com\/wp-content\/uploads\/2025\/06\/DTv09YTWsAEUBQi-195x65.png 195w, https:\/\/www.telelogos.com\/wp-content\/uploads\/2025\/06\/DTv09YTWsAEUBQi-28x9.png 28w, https:\/\/www.telelogos.com\/wp-content\/uploads\/2025\/06\/DTv09YTWsAEUBQi-36x12.png 36w, https:\/\/www.telelogos.com\/wp-content\/uploads\/2025\/06\/DTv09YTWsAEUBQi-48x16.png 48w\" sizes=\"(max-width: 452px) 100vw, 452px\" \/><\/a><\/p>\n<\/div>\n<\/div><\/div><\/div><\/div><\/div>","protected":false},"excerpt":{"rendered":"<p>\u00a1D\u00e9 su opini\u00f3n sobre nuestros programas inform\u00e1ticos! &nbsp; &nbsp; Su opini\u00f3n es importante para nosotros. Si est\u00e1 satisfecho con nuestros programas o si tiene sugerencias para mejorarlos, este es [&hellip;]<\/p>\n","protected":false},"author":21,"featured_media":0,"parent":0,"menu_order":6,"comment_status":"closed","ping_status":"closed","template":"","meta":{"footnotes":""},"class_list":["post-58863","page","type-page","status-publish","hentry"],"yoast_head":"<!-- This site is optimized with the Yoast SEO plugin v27.3 - https:\/\/yoast.com\/product\/yoast-seo-wordpress\/ -->\n<title>\u00a1Comparta su opini\u00f3n! - Telelogos<\/title>\n<meta name=\"robots\" content=\"noindex, nofollow\" \/>\n<meta name=\"twitter:label1\" content=\"Est. reading time\" \/>\n\t<meta name=\"twitter:data1\" content=\"2 minutes\" \/>\n<script type=\"application\/ld+json\" class=\"yoast-schema-graph\">{\"@context\":\"https:\\\/\\\/schema.org\",\"@graph\":[{\"@type\":\"WebPage\",\"@id\":\"https:\\\/\\\/www.telelogos.com\\\/es\\\/comparta-su-opinion\\\/\",\"url\":\"https:\\\/\\\/www.telelogos.com\\\/es\\\/comparta-su-opinion\\\/\",\"name\":\"\u00a1Comparta su opini\u00f3n! - Telelogos\",\"isPartOf\":{\"@id\":\"https:\\\/\\\/www.telelogos.com\\\/es\\\/#website\"},\"primaryImageOfPage\":{\"@id\":\"https:\\\/\\\/www.telelogos.com\\\/es\\\/comparta-su-opinion\\\/#primaryimage\"},\"image\":{\"@id\":\"https:\\\/\\\/www.telelogos.com\\\/es\\\/comparta-su-opinion\\\/#primaryimage\"},\"thumbnailUrl\":\"https:\\\/\\\/www.telelogos.com\\\/wp-content\\\/uploads\\\/2025\\\/01\\\/logo-a9b3b18653bd44e574e5108c22ab4d3c.png\",\"datePublished\":\"2025-06-05T10:01:44+00:00\",\"breadcrumb\":{\"@id\":\"https:\\\/\\\/www.telelogos.com\\\/es\\\/comparta-su-opinion\\\/#breadcrumb\"},\"inLanguage\":\"es-ES\",\"potentialAction\":[{\"@type\":\"ReadAction\",\"target\":[\"https:\\\/\\\/www.telelogos.com\\\/es\\\/comparta-su-opinion\\\/\"]}]},{\"@type\":\"ImageObject\",\"inLanguage\":\"es-ES\",\"@id\":\"https:\\\/\\\/www.telelogos.com\\\/es\\\/comparta-su-opinion\\\/#primaryimage\",\"url\":\"https:\\\/\\\/www.telelogos.com\\\/wp-content\\\/uploads\\\/2025\\\/01\\\/logo-a9b3b18653bd44e574e5108c22ab4d3c.png\",\"contentUrl\":\"https:\\\/\\\/www.telelogos.com\\\/wp-content\\\/uploads\\\/2025\\\/01\\\/logo-a9b3b18653bd44e574e5108c22ab4d3c.png\"},{\"@type\":\"BreadcrumbList\",\"@id\":\"https:\\\/\\\/www.telelogos.com\\\/es\\\/comparta-su-opinion\\\/#breadcrumb\",\"itemListElement\":[{\"@type\":\"ListItem\",\"position\":1,\"name\":\"Inicio\",\"item\":\"https:\\\/\\\/www.telelogos.com\\\/es\\\/\"},{\"@type\":\"ListItem\",\"position\":2,\"name\":\"\u00a1Comparta su opini\u00f3n!\"}]},{\"@type\":\"WebSite\",\"@id\":\"https:\\\/\\\/www.telelogos.com\\\/es\\\/#website\",\"url\":\"https:\\\/\\\/www.telelogos.com\\\/es\\\/\",\"name\":\"Telelogos\",\"description\":\"\",\"publisher\":{\"@id\":\"https:\\\/\\\/www.telelogos.com\\\/es\\\/#organization\"},\"potentialAction\":[{\"@type\":\"SearchAction\",\"target\":{\"@type\":\"EntryPoint\",\"urlTemplate\":\"https:\\\/\\\/www.telelogos.com\\\/es\\\/?s={search_term_string}\"},\"query-input\":{\"@type\":\"PropertyValueSpecification\",\"valueRequired\":true,\"valueName\":\"search_term_string\"}}],\"inLanguage\":\"es-ES\"},{\"@type\":\"Organization\",\"@id\":\"https:\\\/\\\/www.telelogos.com\\\/es\\\/#organization\",\"name\":\"Telelogos\",\"url\":\"https:\\\/\\\/www.telelogos.com\\\/es\\\/\",\"logo\":{\"@type\":\"ImageObject\",\"inLanguage\":\"es-ES\",\"@id\":\"https:\\\/\\\/www.telelogos.com\\\/es\\\/#\\\/schema\\\/logo\\\/image\\\/\",\"url\":\"https:\\\/\\\/www.telelogos.com\\\/wp-content\\\/uploads\\\/2022\\\/07\\\/Logo-Telelogos-e1664355618654.png\",\"contentUrl\":\"https:\\\/\\\/www.telelogos.com\\\/wp-content\\\/uploads\\\/2022\\\/07\\\/Logo-Telelogos-e1664355618654.png\",\"width\":100,\"height\":35,\"caption\":\"Telelogos\"},\"image\":{\"@id\":\"https:\\\/\\\/www.telelogos.com\\\/es\\\/#\\\/schema\\\/logo\\\/image\\\/\"},\"sameAs\":[\"https:\\\/\\\/fr.linkedin.com\\\/company\\\/telelogos\"]}]}<\/script>\n<!-- \/ Yoast SEO plugin. -->","yoast_head_json":{"title":"\u00a1Comparta su opini\u00f3n! - Telelogos","robots":{"index":"noindex","follow":"nofollow"},"twitter_misc":{"Est. reading time":"2 minutes"},"schema":{"@context":"https:\/\/schema.org","@graph":[{"@type":"WebPage","@id":"https:\/\/www.telelogos.com\/es\/comparta-su-opinion\/","url":"https:\/\/www.telelogos.com\/es\/comparta-su-opinion\/","name":"\u00a1Comparta su opini\u00f3n! - Telelogos","isPartOf":{"@id":"https:\/\/www.telelogos.com\/es\/#website"},"primaryImageOfPage":{"@id":"https:\/\/www.telelogos.com\/es\/comparta-su-opinion\/#primaryimage"},"image":{"@id":"https:\/\/www.telelogos.com\/es\/comparta-su-opinion\/#primaryimage"},"thumbnailUrl":"https:\/\/www.telelogos.com\/wp-content\/uploads\/2025\/01\/logo-a9b3b18653bd44e574e5108c22ab4d3c.png","datePublished":"2025-06-05T10:01:44+00:00","breadcrumb":{"@id":"https:\/\/www.telelogos.com\/es\/comparta-su-opinion\/#breadcrumb"},"inLanguage":"es-ES","potentialAction":[{"@type":"ReadAction","target":["https:\/\/www.telelogos.com\/es\/comparta-su-opinion\/"]}]},{"@type":"ImageObject","inLanguage":"es-ES","@id":"https:\/\/www.telelogos.com\/es\/comparta-su-opinion\/#primaryimage","url":"https:\/\/www.telelogos.com\/wp-content\/uploads\/2025\/01\/logo-a9b3b18653bd44e574e5108c22ab4d3c.png","contentUrl":"https:\/\/www.telelogos.com\/wp-content\/uploads\/2025\/01\/logo-a9b3b18653bd44e574e5108c22ab4d3c.png"},{"@type":"BreadcrumbList","@id":"https:\/\/www.telelogos.com\/es\/comparta-su-opinion\/#breadcrumb","itemListElement":[{"@type":"ListItem","position":1,"name":"Inicio","item":"https:\/\/www.telelogos.com\/es\/"},{"@type":"ListItem","position":2,"name":"\u00a1Comparta su opini\u00f3n!"}]},{"@type":"WebSite","@id":"https:\/\/www.telelogos.com\/es\/#website","url":"https:\/\/www.telelogos.com\/es\/","name":"Telelogos","description":"","publisher":{"@id":"https:\/\/www.telelogos.com\/es\/#organization"},"potentialAction":[{"@type":"SearchAction","target":{"@type":"EntryPoint","urlTemplate":"https:\/\/www.telelogos.com\/es\/?s={search_term_string}"},"query-input":{"@type":"PropertyValueSpecification","valueRequired":true,"valueName":"search_term_string"}}],"inLanguage":"es-ES"},{"@type":"Organization","@id":"https:\/\/www.telelogos.com\/es\/#organization","name":"Telelogos","url":"https:\/\/www.telelogos.com\/es\/","logo":{"@type":"ImageObject","inLanguage":"es-ES","@id":"https:\/\/www.telelogos.com\/es\/#\/schema\/logo\/image\/","url":"https:\/\/www.telelogos.com\/wp-content\/uploads\/2022\/07\/Logo-Telelogos-e1664355618654.png","contentUrl":"https:\/\/www.telelogos.com\/wp-content\/uploads\/2022\/07\/Logo-Telelogos-e1664355618654.png","width":100,"height":35,"caption":"Telelogos"},"image":{"@id":"https:\/\/www.telelogos.com\/es\/#\/schema\/logo\/image\/"},"sameAs":["https:\/\/fr.linkedin.com\/company\/telelogos"]}]}},"_links":{"self":[{"href":"https:\/\/www.telelogos.com\/es\/wp-json\/wp\/v2\/pages\/58863","targetHints":{"allow":["GET"]}}],"collection":[{"href":"https:\/\/www.telelogos.com\/es\/wp-json\/wp\/v2\/pages"}],"about":[{"href":"https:\/\/www.telelogos.com\/es\/wp-json\/wp\/v2\/types\/page"}],"author":[{"embeddable":true,"href":"https:\/\/www.telelogos.com\/es\/wp-json\/wp\/v2\/users\/21"}],"replies":[{"embeddable":true,"href":"https:\/\/www.telelogos.com\/es\/wp-json\/wp\/v2\/comments?post=58863"}],"version-history":[{"count":2,"href":"https:\/\/www.telelogos.com\/es\/wp-json\/wp\/v2\/pages\/58863\/revisions"}],"predecessor-version":[{"id":58865,"href":"https:\/\/www.telelogos.com\/es\/wp-json\/wp\/v2\/pages\/58863\/revisions\/58865"}],"wp:attachment":[{"href":"https:\/\/www.telelogos.com\/es\/wp-json\/wp\/v2\/media?parent=58863"}],"curies":[{"name":"wp","href":"https:\/\/api.w.org\/{rel}","templated":true}]}}